{"id":2157,"date":"2023-04-06T09:15:09","date_gmt":"2023-04-06T09:15:09","guid":{"rendered":"https:\/\/educatehub.eu\/?page_id=2157"},"modified":"2023-11-11T17:42:06","modified_gmt":"2023-11-11T16:42:06","slug":"certification","status":"publish","type":"page","link":"https:\/\/educatehub.eu\/hu\/certification\/","title":{"rendered":"EDUCATE Min\u0151s\u00e9gi Tan\u00fas\u00edtv\u00e1ny"},"content":{"rendered":"<div data-elementor-type=\"wp-page\" data-elementor-id=\"2157\" class=\"elementor elementor-2157\" data-elementor-post-type=\"page\">\n\t\t\t\t\t\t<section class=\"elementor-section elementor-top-section elementor-element elementor-element-1176b2f0 elementor-section-boxed elementor-section-height-default elementor-section-height-default\" data-id=\"1176b2f0\" data-element_type=\"section\" data-settings=\"{&quot;background_background&quot;:&quot;classic&quot;}\">\n\t\t\t\t\t\t<div class=\"elementor-container elementor-column-gap-default\">\n\t\t\t\t\t<div class=\"elementor-column elementor-col-100 elementor-top-column elementor-element elementor-element-6e54f680\" data-id=\"6e54f680\" data-element_type=\"column\" data-settings=\"{&quot;background_background&quot;:&quot;classic&quot;}\">\n\t\t\t<div class=\"elementor-widget-wrap elementor-element-populated\">\n\t\t\t\t\t\t<section class=\"elementor-section elementor-inner-section elementor-element elementor-element-57713767 elementor-section-content-middle elementor-section-boxed elementor-section-height-default elementor-section-height-default\" data-id=\"57713767\" data-element_type=\"section\">\n\t\t\t\t\t\t<div class=\"elementor-container elementor-column-gap-default\">\n\t\t\t\t\t<div class=\"elementor-column elementor-col-100 elementor-inner-column elementor-element elementor-element-5586aa4e\" data-id=\"5586aa4e\" data-element_type=\"column\">\n\t\t\t<div class=\"elementor-widget-wrap elementor-element-populated\">\n\t\t\t\t\t\t<div class=\"elementor-element elementor-element-6c6cf44a elementor-widget elementor-widget-text-editor\" data-id=\"6c6cf44a\" data-element_type=\"widget\" data-widget_type=\"text-editor.default\">\n\t\t\t\t<div class=\"elementor-widget-container\">\n\t\t\t\t\t\t\t\t\t<p>Az EDUCATE interakt\u00edv k\u00f6zpont egy olyan szekci\u00f3t integr\u00e1lt, amely a feln\u0151ttoktat\u00e1s legjobb gyakorlatainak \u00e9s szervezeteinek tan\u00fas\u00edt\u00e1s\u00e1val foglalkozik, k\u00fcl\u00f6n\u00f6s tekintettel a digitaliz\u00e1ci\u00f3 \u00e9s az inkluzivit\u00e1s ter\u00fclet\u00e9re. A projekt l\u00e9trehozta az EDUCATE Min\u0151s\u00e9gi Tan\u00fas\u00edtv\u00e1nyt, amely elismeri \u00e9s d\u00edjazza a feln\u0151tt tanul\u00f3k digit\u00e1lis kompetenci\u00e1inak oktat\u00e1s\u00e1ban r\u00e9szt vev\u0151 szervezetek m\u00f3dszertan\u00e1t \u00e9s legjobb munkam\u00f3dszereit. Ez az elismer\u00e9s nagyobb platformot \u00e9s lehet\u0151s\u00e9get k\u00edn\u00e1lt a szervezeteknek a gyakorlatok megism\u00e9tl\u00e9s\u00e9re \u00e9s megsokszoroz\u00e1s\u00e1ra.<\/p>\n<p>Az EDUCATE Certification kidolgozta azokat a krit\u00e9riumokat, amelyeknek a szervezeteknek meg kellett felelni\u00fck a tan\u00fas\u00edt\u00e1shoz, \u00e9s l\u00e9trehozta a partnerek \u00e1ltal a legjobb gyakorlatok \u00e9rt\u00e9kel\u00e9s\u00e9re haszn\u00e1lt tan\u00fas\u00edt\u00e1si m\u00f3dszertant.A tan\u00fas\u00edt\u00e1si folyamat eredm\u00e9nyei \u00e9s \u00fatmutat\u00f3ja az EDUCATE Interakt\u00edv Hubon el\u00e9rhet\u0151 lesz a szervezetek sz\u00e1m\u00e1ra, hozz\u00e1j\u00e1rulva ezzel a folyamat \u00e1tl\u00e1that\u00f3s\u00e1g\u00e1hoz.<\/p>\n<p>Az EDUCATE tan\u00fas\u00edtv\u00e1ny \u00e1tl\u00e1that\u00f3 \u00e9s k\u00f6nnyen hozz\u00e1f\u00e9rhet\u0151 eszk\u00f6zt biztos\u00edt a feln\u0151ttoktat\u00e1s legjobb gyakorlatainak tan\u00fas\u00edt\u00e1s\u00e1ra.V\u00e9grehajt\u00e1s\u00e1val a szervezetek bizony\u00edtott m\u00f3dszerekhez jutnak hozz\u00e1 saj\u00e1t gyakorlatuk jav\u00edt\u00e1s\u00e1hoz vagy tev\u00e9kenys\u00e9geik b\u0151v\u00edt\u00e9s\u00e9hez. Ez a rendszer lehet\u0151v\u00e9 teszi, hogy az oktat\u00e1si \u00e1gazat legjobb gyakorlatai sz\u00e9lesebb k\u00f6z\u00f6ns\u00e9ghez jussanak el, \u00e9s k\u00f6z\u00f6s alapot biztos\u00edt az egy\u00fcttm\u0171k\u00f6d\u00e9shez \u00e9s a n\u00f6veked\u00e9shez.<\/p>\n<p>Most arra k\u00e9rj\u00fck az \u00d6n szervezet\u00e9t, hogy vegyen r\u00e9szt ebben a folyamatos fejleszt\u00e9si folyamatban. Kezdem\u00e9nyezzen \u00f6n\u00e9rt\u00e9kel\u00e9st, \u00e9rt\u00e9kelje gyakorlat\u00e1t az \u00e1ltalunk kidolgozott krit\u00e9riumok alapj\u00e1n, \u00e9s csatlakozzon az oktat\u00e1si szolg\u00e1ltat\u00f3k k\u00f6z\u00f6ss\u00e9g\u00e9hez, akik a feln\u0151ttoktat\u00e1sban a digit\u00e1lis kompetencia m\u00e9rc\u00e9j\u00e9t \u00e1ll\u00edtj\u00e1k fel.&nbsp;<\/p>\n<p><b>Ne hagyja ki a lehet\u0151s\u00e9get, hogy fejl\u0151dj\u00f6n, megossza \u00e9s tanuljon a legjobbakt\u00f3l - csatlakozzon az EDUCATE k\u00f6z\u00f6ss\u00e9ghez most!<\/b><\/p>\t\t\t\t\t\t\t\t<\/div>\n\t\t\t\t<\/div>\n\t\t\t\t<div class=\"elementor-element elementor-element-a22510a elementor-widget elementor-widget-heading\" data-id=\"a22510a\" data-element_type=\"widget\" data-widget_type=\"heading.default\">\n\t\t\t\t<div class=\"elementor-widget-container\">\n\t\t\t\t\t<h2 class=\"elementor-heading-title elementor-size-default\"><a href=\"https:\/\/educatehub.eu\/wp-content\/uploads\/2023\/10\/IO2_Methodology_Updated_HUNGARIAN.pdf\" target=\"_blank\">Methodology &amp; Criteria for Organisations<\/a><\/h2>\t\t\t\t<\/div>\n\t\t\t\t<\/div>\n\t\t\t\t<div class=\"elementor-element elementor-element-2d8588d elementor-widget elementor-widget-heading\" data-id=\"2d8588d\" data-element_type=\"widget\" data-widget_type=\"heading.default\">\n\t\t\t\t<div class=\"elementor-widget-container\">\n\t\t\t\t\t<h2 class=\"elementor-heading-title elementor-size-default\"><a href=\"https:\/\/educatehub.eu\/wp-content\/uploads\/2023\/07\/IO2_Methodology_Updated-Annex-I.pdf\" target=\"_blank\">I. mell\u00e9klet<\/a><\/h2>\t\t\t\t<\/div>\n\t\t\t\t<\/div>\n\t\t\t\t<div class=\"elementor-element elementor-element-8b9f0da elementor-widget elementor-widget-heading\" data-id=\"8b9f0da\" data-element_type=\"widget\" data-widget_type=\"heading.default\">\n\t\t\t\t<div class=\"elementor-widget-container\">\n\t\t\t\t\t<h2 class=\"elementor-heading-title elementor-size-default\"><a href=\"https:\/\/educatehub.eu\/wp-content\/uploads\/2023\/07\/IO2_Methodology_Updated-Annex-II.pdf\" target=\"_blank\">II. mell\u00e9klet<\/a><\/h2>\t\t\t\t<\/div>\n\t\t\t\t<\/div>\n\t\t\t\t\t<\/div>\n\t\t<\/div>\n\t\t\t\t\t<\/div>\n\t\t<\/section>\n\t\t\t\t\t<\/div>\n\t\t<\/div>\n\t\t\t\t\t<\/div>\n\t\t<\/section>\n\t\t\t\t<section class=\"elementor-section elementor-top-section elementor-element elementor-element-5d17541 elementor-section-boxed elementor-section-height-default elementor-section-height-default\" data-id=\"5d17541\" data-element_type=\"section\">\n\t\t\t\t\t\t<div class=\"elementor-container elementor-column-gap-default\">\n\t\t\t\t\t<div class=\"elementor-column elementor-col-25 elementor-top-column elementor-element elementor-element-7b68cd2\" data-id=\"7b68cd2\" data-element_type=\"column\">\n\t\t\t<div class=\"elementor-widget-wrap\">\n\t\t\t\t\t\t\t<\/div>\n\t\t<\/div>\n\t\t\t\t<div class=\"elementor-column elementor-col-25 elementor-top-column elementor-element elementor-element-960ffc3\" data-id=\"960ffc3\" data-element_type=\"column\">\n\t\t\t<div class=\"elementor-widget-wrap elementor-element-populated\">\n\t\t\t\t\t\t<div class=\"elementor-element elementor-element-b05bc4b elementor-widget__width-initial elementor-widget elementor-widget-image\" data-id=\"b05bc4b\" data-element_type=\"widget\" data-widget_type=\"image.default\">\n\t\t\t\t<div class=\"elementor-widget-container\">\n\t\t\t\t\t\t\t\t\t\t\t\t\t\t\t<img fetchpriority=\"high\" decoding=\"async\" width=\"800\" height=\"2000\" src=\"https:\/\/educatehub.eu\/wp-content\/uploads\/2023\/11\/1.png\" class=\"attachment-full size-full wp-image-2752\" alt=\"\" srcset=\"https:\/\/educatehub.eu\/wp-content\/uploads\/2023\/11\/1.png 800w, https:\/\/educatehub.eu\/wp-content\/uploads\/2023\/11\/1-120x300.png 120w, https:\/\/educatehub.eu\/wp-content\/uploads\/2023\/11\/1-410x1024.png 410w, https:\/\/educatehub.eu\/wp-content\/uploads\/2023\/11\/1-768x1920.png 768w, https:\/\/educatehub.eu\/wp-content\/uploads\/2023\/11\/1-614x1536.png 614w, https:\/\/educatehub.eu\/wp-content\/uploads\/2023\/11\/1-5x12.png 5w, https:\/\/educatehub.eu\/wp-content\/uploads\/2023\/11\/1-624x1560.png 624w\" sizes=\"(max-width: 800px) 100vw, 800px\" \/>\t\t\t\t\t\t\t\t\t\t\t\t\t\t\t<\/div>\n\t\t\t\t<\/div>\n\t\t\t\t\t<\/div>\n\t\t<\/div>\n\t\t\t\t<div class=\"elementor-column elementor-col-25 elementor-top-column elementor-element elementor-element-8cdaf60\" data-id=\"8cdaf60\" data-element_type=\"column\">\n\t\t\t<div class=\"elementor-widget-wrap elementor-element-populated\">\n\t\t\t\t\t\t<div class=\"elementor-element elementor-element-b00f914 elementor-widget elementor-widget-image\" data-id=\"b00f914\" data-element_type=\"widget\" data-widget_type=\"image.default\">\n\t\t\t\t<div class=\"elementor-widget-container\">\n\t\t\t\t\t\t\t\t\t\t\t\t\t\t\t<img decoding=\"async\" width=\"800\" height=\"2000\" src=\"https:\/\/educatehub.eu\/wp-content\/uploads\/2023\/11\/2.png\" class=\"attachment-full size-full wp-image-2753\" alt=\"\" srcset=\"https:\/\/educatehub.eu\/wp-content\/uploads\/2023\/11\/2.png 800w, https:\/\/educatehub.eu\/wp-content\/uploads\/2023\/11\/2-120x300.png 120w, https:\/\/educatehub.eu\/wp-content\/uploads\/2023\/11\/2-410x1024.png 410w, https:\/\/educatehub.eu\/wp-content\/uploads\/2023\/11\/2-768x1920.png 768w, https:\/\/educatehub.eu\/wp-content\/uploads\/2023\/11\/2-614x1536.png 614w, https:\/\/educatehub.eu\/wp-content\/uploads\/2023\/11\/2-5x12.png 5w, https:\/\/educatehub.eu\/wp-content\/uploads\/2023\/11\/2-624x1560.png 624w\" sizes=\"(max-width: 800px) 100vw, 800px\" \/>\t\t\t\t\t\t\t\t\t\t\t\t\t\t\t<\/div>\n\t\t\t\t<\/div>\n\t\t\t\t\t<\/div>\n\t\t<\/div>\n\t\t\t\t<div class=\"elementor-column elementor-col-25 elementor-top-column elementor-element elementor-element-e39d444\" data-id=\"e39d444\" data-element_type=\"column\">\n\t\t\t<div class=\"elementor-widget-wrap\">\n\t\t\t\t\t\t\t<\/div>\n\t\t<\/div>\n\t\t\t\t\t<\/div>\n\t\t<\/section>\n\t\t\t\t<section class=\"elementor-section elementor-top-section elementor-element elementor-element-11d4e1c8 elementor-section-boxed elementor-section-height-default elementor-section-height-default\" data-id=\"11d4e1c8\" data-element_type=\"section\">\n\t\t\t\t\t\t<div class=\"elementor-container elementor-column-gap-default\">\n\t\t\t\t\t<div class=\"elementor-column elementor-col-50 elementor-top-column elementor-element elementor-element-561aa894\" data-id=\"561aa894\" data-element_type=\"column\">\n\t\t\t<div class=\"elementor-widget-wrap elementor-element-populated\">\n\t\t\t\t\t\t<div class=\"elementor-element elementor-element-1f251c59 elementor-cta--layout-image-above elementor-cta--skin-classic elementor-animated-content elementor-bg-transform elementor-bg-transform-zoom-in elementor-widget elementor-widget-call-to-action\" data-id=\"1f251c59\" data-element_type=\"widget\" data-widget_type=\"call-to-action.default\">\n\t\t\t\t<div class=\"elementor-widget-container\">\n\t\t\t\t\t\t\t<a class=\"elementor-cta\" href=\"\/hu\/certification-for-organisations\/\">\n\t\t\t\t\t<div class=\"elementor-cta__bg-wrapper\">\n\t\t\t\t<div class=\"elementor-cta__bg elementor-bg\" style=\"background-image: url(https:\/\/educatehub.eu\/wp-content\/uploads\/2023\/06\/Educate-certificate_web-1024x724.png);\" role=\"img\" aria-label=\"Educate cert\u0131f\u0131cate_web\"><\/div>\n\t\t\t\t<div class=\"elementor-cta__bg-overlay\"><\/div>\n\t\t\t<\/div>\n\t\t\t\t\t\t\t<div class=\"elementor-cta__content\">\n\t\t\t\t\n\t\t\t\t\t\t\t\t\t<h2 class=\"elementor-cta__title elementor-cta__content-item elementor-content-item\">\n\t\t\t\t\t\tTan\u00fas\u00edt\u00e1s szervezetek sz\u00e1m\u00e1ra\t\t\t\t\t<\/h2>\n\t\t\t\t\n\t\t\t\t\n\t\t\t\t\t\t\t<\/div>\n\t\t\t\t\t\t<\/a>\n\t\t\t\t\t\t<\/div>\n\t\t\t\t<\/div>\n\t\t\t\t\t<\/div>\n\t\t<\/div>\n\t\t\t\t<div class=\"elementor-column elementor-col-50 elementor-top-column elementor-element elementor-element-4e0999e\" data-id=\"4e0999e\" data-element_type=\"column\">\n\t\t\t<div class=\"elementor-widget-wrap elementor-element-populated\">\n\t\t\t\t\t\t<div class=\"elementor-element elementor-element-6e80382a elementor-cta--skin-classic elementor-animated-content elementor-bg-transform elementor-bg-transform-zoom-in elementor-widget elementor-widget-call-to-action\" data-id=\"6e80382a\" data-element_type=\"widget\" data-widget_type=\"call-to-action.default\">\n\t\t\t\t<div class=\"elementor-widget-container\">\n\t\t\t\t\t\t\t<a class=\"elementor-cta\" href=\"\/hu\/certification-for-best-practices\/\">\n\t\t\t\t\t<div class=\"elementor-cta__bg-wrapper\">\n\t\t\t\t<div class=\"elementor-cta__bg elementor-bg\" style=\"background-image: url(https:\/\/educatehub.eu\/wp-content\/uploads\/2023\/06\/Educate_badge_BP-1024x724.png);\" role=\"img\" aria-label=\"Educate_badge_BP\"><\/div>\n\t\t\t\t<div class=\"elementor-cta__bg-overlay\"><\/div>\n\t\t\t<\/div>\n\t\t\t\t\t\t\t<div class=\"elementor-cta__content\">\n\t\t\t\t\n\t\t\t\t\t\t\t\t\t<h2 class=\"elementor-cta__title elementor-cta__content-item elementor-content-item\">\n\t\t\t\t\t\tJ\u00f3 Gyakorlatok tan\u00fas\u00edt\u00e1sa\t\t\t\t\t<\/h2>\n\t\t\t\t\n\t\t\t\t\n\t\t\t\t\t\t\t<\/div>\n\t\t\t\t\t\t<\/a>\n\t\t\t\t\t\t<\/div>\n\t\t\t\t<\/div>\n\t\t\t\t\t<\/div>\n\t\t<\/div>\n\t\t\t\t\t<\/div>\n\t\t<\/section>\n\t\t\t\t<\/div>","protected":false},"excerpt":{"rendered":"<p>The EDUCATE Interactive Hub had integrated a section dedicated to the certification of best practices and organisations in adult education, with special focus on the&hellip;<\/p>","protected":false},"author":1,"featured_media":0,"parent":0,"menu_order":0,"comment_status":"closed","ping_status":"closed","template":"","meta":{"footnotes":""},"class_list":["post-2157","page","type-page","status-publish","hentry"],"_links":{"self":[{"href":"https:\/\/educatehub.eu\/hu\/wp-json\/wp\/v2\/pages\/2157","targetHints":{"allow":["GET"]}}],"collection":[{"href":"https:\/\/educatehub.eu\/hu\/wp-json\/wp\/v2\/pages"}],"about":[{"href":"https:\/\/educatehub.eu\/hu\/wp-json\/wp\/v2\/types\/page"}],"author":[{"embeddable":true,"href":"https:\/\/educatehub.eu\/hu\/wp-json\/wp\/v2\/users\/1"}],"replies":[{"embeddable":true,"href":"https:\/\/educatehub.eu\/hu\/wp-json\/wp\/v2\/comments?post=2157"}],"version-history":[{"count":33,"href":"https:\/\/educatehub.eu\/hu\/wp-json\/wp\/v2\/pages\/2157\/revisions"}],"predecessor-version":[{"id":2756,"href":"https:\/\/educatehub.eu\/hu\/wp-json\/wp\/v2\/pages\/2157\/revisions\/2756"}],"wp:attachment":[{"href":"https:\/\/educatehub.eu\/hu\/wp-json\/wp\/v2\/media?parent=2157"}],"curies":[{"name":"wp","href":"https:\/\/api.w.org\/{rel}","templated":true}]}}