{"id":313,"date":"2022-10-21T11:32:44","date_gmt":"2022-10-21T11:32:44","guid":{"rendered":"https:\/\/educatehub.eu\/?page_id=313"},"modified":"2023-01-08T19:31:17","modified_gmt":"2023-01-08T19:31:17","slug":"how-to-use-this-site","status":"publish","type":"page","link":"https:\/\/educatehub.eu\/hu\/how-to-use-this-site\/","title":{"rendered":"Hogyan haszn\u00e1ld az oldalt?"},"content":{"rendered":"<div data-elementor-type=\"wp-page\" data-elementor-id=\"313\" class=\"elementor elementor-313\" data-elementor-post-type=\"page\">\n\t\t\t\t\t\t<section class=\"elementor-section elementor-top-section elementor-element elementor-element-645f42af elementor-section-boxed elementor-section-height-default elementor-section-height-default\" data-id=\"645f42af\" data-element_type=\"section\">\n\t\t\t\t\t\t<div class=\"elementor-container elementor-column-gap-default\">\n\t\t\t\t\t<div class=\"elementor-column elementor-col-50 elementor-top-column elementor-element elementor-element-5c3a2730\" data-id=\"5c3a2730\" data-element_type=\"column\">\n\t\t\t<div class=\"elementor-widget-wrap elementor-element-populated\">\n\t\t\t\t\t\t<div class=\"elementor-element elementor-element-5635484f elementor-widget elementor-widget-text-editor\" data-id=\"5635484f\" data-element_type=\"widget\" data-widget_type=\"text-editor.default\">\n\t\t\t\t<div class=\"elementor-widget-container\">\n\t\t\t\t\t<div class=\"bb-theme-elementor-wrap bb-elementor-custom-family\">\t\t\t\t<p class=\"translation-block\">\u00d6n a nemzetk\u00f6zi online k\u00f6z\u00f6ss\u00e9gi platformunk <em><strong>nyilv\u00e1nos<\/strong><\/em> r\u00e9sz\u00e9n van. Ebben a r\u00e9szben a projektr\u0151l, a partners\u00e9gr\u0151l \u00e9s az online k\u00f6z\u00f6ss\u00e9gi platformr\u00f3l sz\u00f3l\u00f3 h\u00edreket \u00e9s inform\u00e1ci\u00f3kat tal\u00e1lja. <strong>Az oldal 7 nyelven \u00e9rhet\u0151 el (angol, g\u00f6r\u00f6g, olasz, lett, litv\u00e1n, t\u00f6r\u00f6k, magyar).<\/strong><\/p>\t\t\t\t<\/div>\t\t\t\t<\/div>\n\t\t\t\t<\/div>\n\t\t\t\t<div class=\"elementor-element elementor-element-3264ebe0 elementor-widget elementor-widget-text-editor\" data-id=\"3264ebe0\" data-element_type=\"widget\" data-widget_type=\"text-editor.default\">\n\t\t\t\t<div class=\"elementor-widget-container\">\n\t\t\t\t\t<div class=\"bb-theme-elementor-wrap bb-elementor-custom-family\">\t\t\t\t<p class=\"translation-block\">A kezd\u0151lap <em><strong>fejl\u00e9c\u00e9ben<\/strong><\/em> 4 men\u00fcpont k\u00f6z\u00fcl v\u00e1laszthat: h\u00edrek, j\u00f3 gyakorlatok z\u00f3n\u00e1ja, kapcsolat \u00e9s az oldal haszn\u00e1lata.<\/p>\t\t\t\t<\/div>\t\t\t\t<\/div>\n\t\t\t\t<\/div>\n\t\t\t\t<div class=\"elementor-element elementor-element-1f684826 elementor-widget elementor-widget-text-editor\" data-id=\"1f684826\" data-element_type=\"widget\" data-widget_type=\"text-editor.default\">\n\t\t\t\t<div class=\"elementor-widget-container\">\n\t\t\t\t\t<div class=\"bb-theme-elementor-wrap bb-elementor-custom-family\">\t\t\t\t<p class=\"translation-block\">A HUB \u00f6sszes funkci\u00f3j\u00e1nak el\u00e9r\u00e9s\u00e9hez <em><strong>regisztr\u00e1ci\u00f3<\/strong><\/em> sz\u00fcks\u00e9ges. A regisztr\u00e1ci\u00f3hoz kattintson a fejl\u00e9c jobb fels\u0151 sark\u00e1ban tal\u00e1lhat\u00f3 regisztr\u00e1ci\u00f3 gombra. Az oldal felhaszn\u00e1l\u00e1si felt\u00e9teleir\u0151l b\u0151vebben a Felhaszn\u00e1l\u00e1si felt\u00e9telek dokumentumban olvashat.<\/p>\t\t\t\t<\/div>\t\t\t\t<\/div>\n\t\t\t\t<\/div>\n\t\t\t\t<div class=\"elementor-element elementor-element-1bf8279a elementor-widget elementor-widget-text-editor\" data-id=\"1bf8279a\" data-element_type=\"widget\" data-widget_type=\"text-editor.default\">\n\t\t\t\t<div class=\"elementor-widget-container\">\n\t\t\t\t\t<div class=\"bb-theme-elementor-wrap bb-elementor-custom-family\">\t\t\t\t<p class=\"translation-block\">A <em><strong>kapcsolat<\/strong><\/em> men\u00fcben tal\u00e1lhat\u00f3 kapcsolatfelv\u00e9teli \u0171rlapon kereszt\u00fcl k\u00fcldhet nek\u00fcnk \u00fczenetet, de a projektet fejleszt\u0151 partners\u00e9g k\u00f6zvetlen el\u00e9rhet\u0151s\u00e9g\u00e9t is megtal\u00e1lhatja.<\/p>\t\t\t\t<\/div>\t\t\t\t<\/div>\n\t\t\t\t<\/div>\n\t\t\t\t<div class=\"elementor-element elementor-element-26bd9414 elementor-widget elementor-widget-text-editor\" data-id=\"26bd9414\" data-element_type=\"widget\" data-widget_type=\"text-editor.default\">\n\t\t\t\t<div class=\"elementor-widget-container\">\n\t\t\t\t\t<div class=\"bb-theme-elementor-wrap bb-elementor-custom-family\">\t\t\t\t<p class=\"translation-block\">A f\u0151oldal alj\u00e1n <em><strong>feliratkozhat<\/strong><\/em> h\u00edrlevel\u00fcnkre, \u00e9s k\u00f6vethet minket a <em><strong>k\u00f6z\u00f6ss\u00e9gi oldalainkon<\/strong><\/em>.<\/p>\t\t\t\t<\/div>\t\t\t\t<\/div>\n\t\t\t\t<\/div>\n\t\t\t\t\t<\/div>\n\t\t<\/div>\n\t\t\t\t<div class=\"elementor-column elementor-col-50 elementor-top-column elementor-element elementor-element-78a182ff\" data-id=\"78a182ff\" data-element_type=\"column\">\n\t\t\t<div class=\"elementor-widget-wrap elementor-element-populated\">\n\t\t\t\t\t\t<div class=\"elementor-element elementor-element-23910f3c elementor-widget elementor-widget-image\" data-id=\"23910f3c\" data-element_type=\"widget\" data-widget_type=\"image.default\">\n\t\t\t\t<div class=\"elementor-widget-container\">\n\t\t\t\t\t\t\t\t\t\t\t\t\t\t\t<img fetchpriority=\"high\" decoding=\"async\" width=\"640\" height=\"640\" src=\"https:\/\/educatehub.eu\/wp-content\/uploads\/2022\/10\/1-1024x1024.png\" class=\"attachment-large size-large wp-image-510\" alt=\"\" srcset=\"https:\/\/educatehub.eu\/wp-content\/uploads\/2022\/10\/1-1024x1024.png 1024w, https:\/\/educatehub.eu\/wp-content\/uploads\/2022\/10\/1-300x300.png 300w, https:\/\/educatehub.eu\/wp-content\/uploads\/2022\/10\/1-150x150.png 150w, https:\/\/educatehub.eu\/wp-content\/uploads\/2022\/10\/1-768x768.png 768w, https:\/\/educatehub.eu\/wp-content\/uploads\/2022\/10\/1-624x624.png 624w, https:\/\/educatehub.eu\/wp-content\/uploads\/2022\/10\/1.png 1080w\" sizes=\"(max-width: 640px) 100vw, 640px\" \/>\t\t\t\t\t\t\t\t\t\t\t\t\t\t\t<\/div>\n\t\t\t\t<\/div>\n\t\t\t\t\t<\/div>\n\t\t<\/div>\n\t\t\t\t\t<\/div>\n\t\t<\/section>\n\t\t\t\t<section class=\"elementor-section elementor-top-section elementor-element elementor-element-207e4d7b elementor-section-boxed elementor-section-height-default elementor-section-height-default\" data-id=\"207e4d7b\" data-element_type=\"section\">\n\t\t\t\t\t\t<div class=\"elementor-container elementor-column-gap-default\">\n\t\t\t\t\t<div class=\"elementor-column elementor-col-33 elementor-top-column elementor-element elementor-element-331517a3\" data-id=\"331517a3\" data-element_type=\"column\">\n\t\t\t<div class=\"elementor-widget-wrap elementor-element-populated\">\n\t\t\t\t\t\t<div class=\"elementor-element elementor-element-622edac elementor-widget elementor-widget-image\" data-id=\"622edac\" data-element_type=\"widget\" data-widget_type=\"image.default\">\n\t\t\t\t<div class=\"elementor-widget-container\">\n\t\t\t\t\t\t\t\t\t\t\t\t\t\t\t<img decoding=\"async\" width=\"640\" height=\"640\" src=\"https:\/\/educatehub.eu\/wp-content\/uploads\/2022\/10\/2-1024x1024.png\" class=\"attachment-large size-large wp-image-511\" alt=\"\" srcset=\"https:\/\/educatehub.eu\/wp-content\/uploads\/2022\/10\/2-1024x1024.png 1024w, https:\/\/educatehub.eu\/wp-content\/uploads\/2022\/10\/2-300x300.png 300w, https:\/\/educatehub.eu\/wp-content\/uploads\/2022\/10\/2-150x150.png 150w, https:\/\/educatehub.eu\/wp-content\/uploads\/2022\/10\/2-768x768.png 768w, https:\/\/educatehub.eu\/wp-content\/uploads\/2022\/10\/2-624x624.png 624w, https:\/\/educatehub.eu\/wp-content\/uploads\/2022\/10\/2.png 1080w\" sizes=\"(max-width: 640px) 100vw, 640px\" \/>\t\t\t\t\t\t\t\t\t\t\t\t\t\t\t<\/div>\n\t\t\t\t<\/div>\n\t\t\t\t\t<\/div>\n\t\t<\/div>\n\t\t\t\t<div class=\"elementor-column elementor-col-66 elementor-top-column elementor-element elementor-element-59c0c76e\" data-id=\"59c0c76e\" data-element_type=\"column\">\n\t\t\t<div class=\"elementor-widget-wrap elementor-element-populated\">\n\t\t\t\t\t\t<div class=\"elementor-element elementor-element-4c51145f elementor-widget elementor-widget-text-editor\" data-id=\"4c51145f\" data-element_type=\"widget\" data-widget_type=\"text-editor.default\">\n\t\t\t\t<div class=\"elementor-widget-container\">\n\t\t\t\t\t\t\t\t\t<p class=\"translation-block\">A <em><strong>regisztr\u00e1ci\u00f3s oldalon<\/strong><\/em> meg kell adnia nev\u00e9t, e-mail c\u00edm\u00e9t \u00e9s azt az orsz\u00e1got, ahol \u00e9l, dolgozik vagy tanul.<\/p>\t\t\t\t\t\t\t\t<\/div>\n\t\t\t\t<\/div>\n\t\t\t\t<div class=\"elementor-element elementor-element-40c8fa9b elementor-widget elementor-widget-text-editor\" data-id=\"40c8fa9b\" data-element_type=\"widget\" data-widget_type=\"text-editor.default\">\n\t\t\t\t<div class=\"elementor-widget-container\">\n\t\t\t\t\t\t\t\t\t<p class=\"translation-block\">Miut\u00e1n az \u0171rlapot helyesen kit\u00f6lt\u00f6tte \u00e9s elk\u00fcldte, a megadott e-mail c\u00edmre egy e-mailt fog kapni. Az \u00fczenetben tal\u00e1lhat\u00f3 linkre kattintva <em><strong>aktiv\u00e1lhatja fi\u00f3kj\u00e1t.<\/strong><\/em><\/p>\t\t\t\t\t\t\t\t<\/div>\n\t\t\t\t<\/div>\n\t\t\t\t<div class=\"elementor-element elementor-element-77051986 elementor-widget elementor-widget-text-editor\" data-id=\"77051986\" data-element_type=\"widget\" data-widget_type=\"text-editor.default\">\n\t\t\t\t<div class=\"elementor-widget-container\">\n\t\t\t\t\t\t\t\t\t<p class=\"translation-block\">A sikeres aktiv\u00e1l\u00e1s ut\u00e1n a fejl\u00e9c jobb oldal\u00e1n tal\u00e1lhat\u00f3 <em><strong>bejelentkez\u00e9s<\/strong><\/em> gombra kattintva bejelentkezhet a HUB-ba.<\/p>\t\t\t\t\t\t\t\t<\/div>\n\t\t\t\t<\/div>\n\t\t\t\t\t<\/div>\n\t\t<\/div>\n\t\t\t\t\t<\/div>\n\t\t<\/section>\n\t\t\t\t<section class=\"elementor-section elementor-top-section elementor-element elementor-element-67eee848 elementor-section-boxed elementor-section-height-default elementor-section-height-default\" data-id=\"67eee848\" data-element_type=\"section\">\n\t\t\t\t\t\t<div class=\"elementor-container elementor-column-gap-default\">\n\t\t\t\t\t<div class=\"elementor-column elementor-col-50 elementor-top-column elementor-element elementor-element-24f30e27\" data-id=\"24f30e27\" data-element_type=\"column\">\n\t\t\t<div class=\"elementor-widget-wrap elementor-element-populated\">\n\t\t\t\t\t\t<div class=\"elementor-element elementor-element-564b5496 elementor-widget elementor-widget-text-editor\" data-id=\"564b5496\" data-element_type=\"widget\" data-widget_type=\"text-editor.default\">\n\t\t\t\t<div class=\"elementor-widget-container\">\n\t\t\t\t\t<div class=\"bb-theme-elementor-wrap bb-elementor-custom-family\">\t\t\t\t<p class=\"translation-block\">A bejelentkez\u00e9s ut\u00e1n megjelenik a HUB <em><strong>ir\u00e1ny\u00edt\u00f3pultja<\/strong><\/em>. Ez a HUB k\u00f6zponti r\u00e9sze, ahonnan minden funkci\u00f3 k\u00f6nnyen el\u00e9rhet\u0151.<\/p>\t\t\t\t<\/div>\t\t\t\t<\/div>\n\t\t\t\t<\/div>\n\t\t\t\t<div class=\"elementor-element elementor-element-7c005a9b elementor-widget elementor-widget-text-editor\" data-id=\"7c005a9b\" data-element_type=\"widget\" data-widget_type=\"text-editor.default\">\n\t\t\t\t<div class=\"elementor-widget-container\">\n\t\t\t\t\t<div class=\"bb-theme-elementor-wrap bb-elementor-custom-family bb-elementor-custom-size\">\t\t\t\t<p class=\"translation-block\"><strong>Mivel platformunk f\u0151 c\u00e9lja, hogy megk\u00f6nny\u00edtse a nemzetk\u00f6zi egy\u00fcttm\u0171k\u00f6d\u00e9st az eur\u00f3pai feln\u0151ttoktat\u00f3k \u00e9s feln\u0151tt tanul\u00f3k k\u00f6z\u00f6tt, k\u00e9rj\u00fck, hogy angolul kommunik\u00e1ljon a hubon!<\/strong><\/p>\t\t\t\t<\/div>\t\t\t\t<\/div>\n\t\t\t\t<\/div>\n\t\t\t\t<div class=\"elementor-element elementor-element-7ed2d5d2 elementor-widget elementor-widget-text-editor\" data-id=\"7ed2d5d2\" data-element_type=\"widget\" data-widget_type=\"text-editor.default\">\n\t\t\t\t<div class=\"elementor-widget-container\">\n\t\t\t\t\t<div class=\"bb-theme-elementor-wrap bb-elementor-custom-family\">\t\t\t\t<p class=\"translation-block\">A <em><strong>h\u00edrfolyam<\/strong><\/em> r\u00e9szben a k\u00f6z\u00f6ss\u00e9gi oldalakhoz hasonl\u00f3an a felhaszn\u00e1l\u00f3k l\u00e1thatj\u00e1k a legfrissebb tev\u00e9kenys\u00e9geket, \u00e9s megoszthatj\u00e1k a h\u00edreket, inform\u00e1ci\u00f3kat \u00e9s m\u00e9diatartalmakat.<\/p>\t\t\t\t<\/div>\t\t\t\t<\/div>\n\t\t\t\t<\/div>\n\t\t\t\t<div class=\"elementor-element elementor-element-258a935b elementor-widget elementor-widget-text-editor\" data-id=\"258a935b\" data-element_type=\"widget\" data-widget_type=\"text-editor.default\">\n\t\t\t\t<div class=\"elementor-widget-container\">\n\t\t\t\t\t<div class=\"bb-theme-elementor-wrap bb-elementor-custom-family\">\t\t\t\t<p class=\"translation-block\">A <strong>Profil<\/strong> r\u00e9szben felt\u00f6ltheti profilj\u00e1t \u00e9s bor\u00edt\u00f3k\u00e9p\u00e9t, szerkesztheti profilj\u00e1t \u00e9s megtekintheti m\u00e1s tagok profilj\u00e1t. A HUB-ban a tagok l\u00e1thatj\u00e1k egym\u00e1st, k\u00f6vethetik \u00e9s bar\u00e1tkozhatnak egym\u00e1ssal. A tagok hozz\u00e1sz\u00f3l\u00e1sokat \u00edrhatnak \u00e9s priv\u00e1t \u00fczeneteket is k\u00fcldhetnek egy tagnak vagy egy csoportnak.<\/p>\t\t\t\t<\/div>\t\t\t\t<\/div>\n\t\t\t\t<\/div>\n\t\t\t\t\t<\/div>\n\t\t<\/div>\n\t\t\t\t<div class=\"elementor-column elementor-col-50 elementor-top-column elementor-element elementor-element-40220603\" data-id=\"40220603\" data-element_type=\"column\">\n\t\t\t<div class=\"elementor-widget-wrap elementor-element-populated\">\n\t\t\t\t\t\t<div class=\"elementor-element elementor-element-79105a62 elementor-widget elementor-widget-image\" data-id=\"79105a62\" data-element_type=\"widget\" data-widget_type=\"image.default\">\n\t\t\t\t<div class=\"elementor-widget-container\">\n\t\t\t\t\t\t\t\t\t\t\t\t\t\t\t<img decoding=\"async\" width=\"640\" height=\"427\" src=\"https:\/\/educatehub.eu\/wp-content\/uploads\/2022\/09\/EDUCATE_mockup_web2-1024x683.png\" class=\"attachment-large size-large wp-image-185\" alt=\"\" srcset=\"https:\/\/educatehub.eu\/wp-content\/uploads\/2022\/09\/EDUCATE_mockup_web2-1024x683.png 1024w, https:\/\/educatehub.eu\/wp-content\/uploads\/2022\/09\/EDUCATE_mockup_web2-300x200.png 300w, https:\/\/educatehub.eu\/wp-content\/uploads\/2022\/09\/EDUCATE_mockup_web2-768x512.png 768w, https:\/\/educatehub.eu\/wp-content\/uploads\/2022\/09\/EDUCATE_mockup_web2-1536x1024.png 1536w, https:\/\/educatehub.eu\/wp-content\/uploads\/2022\/09\/EDUCATE_mockup_web2-624x416.png 624w, https:\/\/educatehub.eu\/wp-content\/uploads\/2022\/09\/EDUCATE_mockup_web2.png 1920w\" sizes=\"(max-width: 640px) 100vw, 640px\" \/>\t\t\t\t\t\t\t\t\t\t\t\t\t\t\t<\/div>\n\t\t\t\t<\/div>\n\t\t\t\t<div class=\"elementor-element elementor-element-9b2fb59 elementor-align-center elementor-invisible elementor-widget elementor-widget-button\" data-id=\"9b2fb59\" data-element_type=\"widget\" data-settings=\"{&quot;_animation&quot;:&quot;tada&quot;}\" data-widget_type=\"button.default\">\n\t\t\t\t<div class=\"elementor-widget-container\">\n\t\t\t\t\t\t\t\t\t<div class=\"elementor-button-wrapper\">\n\t\t\t\t\t<a class=\"elementor-button elementor-button-link elementor-size-xl\" href=\"https:\/\/educatehub.eu\/hu\/register\/\">\n\t\t\t\t\t\t<span class=\"elementor-button-content-wrapper\">\n\t\t\t\t\t\t\t\t\t<span class=\"elementor-button-text\">SIGN UP NOW &amp; JOIN THE COMMUNITY<\/span>\n\t\t\t\t\t<\/span>\n\t\t\t\t\t<\/a>\n\t\t\t\t<\/div>\n\t\t\t\t\t\t\t\t<\/div>\n\t\t\t\t<\/div>\n\t\t\t\t<div class=\"elementor-element elementor-element-4a4f4aed elementor-widget elementor-widget-text-editor\" data-id=\"4a4f4aed\" data-element_type=\"widget\" data-widget_type=\"text-editor.default\">\n\t\t\t\t<div class=\"elementor-widget-container\">\n\t\t\t\t\t<div class=\"bb-theme-elementor-wrap bb-elementor-custom-family\">\t\t\t\t<p><em>Ezt az online platformot \u00fagy alak\u00edtottuk ki, hogy megfeleljen a vonatkoz\u00f3 adatv\u00e9delmi k\u00f6vetelm\u00e9nyeknek, amelyekr\u0151l b\u0151vebben az adatv\u00e9delmi szab\u00e1lyzatunkban olvashat.<\/em><\/p>\t\t\t\t<\/div>\t\t\t\t<\/div>\n\t\t\t\t<\/div>\n\t\t\t\t\t<\/div>\n\t\t<\/div>\n\t\t\t\t\t<\/div>\n\t\t<\/section>\n\t\t\t\t<\/div>","protected":false},"excerpt":{"rendered":"<p>You are on the public section of our international online community hub. In this section you can find some news and information about the project,&hellip;<\/p>","protected":false},"author":1,"featured_media":0,"parent":0,"menu_order":0,"comment_status":"closed","ping_status":"closed","template":"","meta":{"footnotes":""},"class_list":["post-313","page","type-page","status-publish","hentry"],"_links":{"self":[{"href":"https:\/\/educatehub.eu\/hu\/wp-json\/wp\/v2\/pages\/313","targetHints":{"allow":["GET"]}}],"collection":[{"href":"https:\/\/educatehub.eu\/hu\/wp-json\/wp\/v2\/pages"}],"about":[{"href":"https:\/\/educatehub.eu\/hu\/wp-json\/wp\/v2\/types\/page"}],"author":[{"embeddable":true,"href":"https:\/\/educatehub.eu\/hu\/wp-json\/wp\/v2\/users\/1"}],"replies":[{"embeddable":true,"href":"https:\/\/educatehub.eu\/hu\/wp-json\/wp\/v2\/comments?post=313"}],"version-history":[{"count":40,"href":"https:\/\/educatehub.eu\/hu\/wp-json\/wp\/v2\/pages\/313\/revisions"}],"predecessor-version":[{"id":863,"href":"https:\/\/educatehub.eu\/hu\/wp-json\/wp\/v2\/pages\/313\/revisions\/863"}],"wp:attachment":[{"href":"https:\/\/educatehub.eu\/hu\/wp-json\/wp\/v2\/media?parent=313"}],"curies":[{"name":"wp","href":"https:\/\/api.w.org\/{rel}","templated":true}]}}