{"id":673,"date":"2023-01-07T22:04:22","date_gmt":"2023-01-07T22:04:22","guid":{"rendered":"https:\/\/educatehub.eu\/?page_id=673"},"modified":"2023-10-12T16:22:47","modified_gmt":"2023-10-12T14:22:47","slug":"best-practices-digital-literacy","status":"publish","type":"page","link":"https:\/\/educatehub.eu\/hu\/best-practices-digital-literacy\/","title":{"rendered":"Best Practices &#8211; Digital Literacy and Skills Development"},"content":{"rendered":"<div data-elementor-type=\"wp-page\" data-elementor-id=\"673\" class=\"elementor elementor-673\" data-elementor-post-type=\"page\">\n\t\t\t\t\t\t<section class=\"elementor-section elementor-top-section elementor-element elementor-element-18d0ed55 elementor-section-boxed elementor-section-height-default elementor-section-height-default\" data-id=\"18d0ed55\" data-element_type=\"section\">\n\t\t\t\t\t\t<div class=\"elementor-container elementor-column-gap-default\">\n\t\t\t\t\t<div class=\"elementor-column elementor-col-50 elementor-top-column elementor-element elementor-element-598a12a7\" data-id=\"598a12a7\" data-element_type=\"column\">\n\t\t\t<div class=\"elementor-widget-wrap elementor-element-populated\">\n\t\t\t\t\t\t<div class=\"elementor-element elementor-element-15560516 elementor-widget elementor-widget-text-editor\" data-id=\"15560516\" data-element_type=\"widget\" data-widget_type=\"text-editor.default\">\n\t\t\t\t<div class=\"elementor-widget-container\">\n\t\t\t\t\t<div class=\"bb-theme-elementor-wrap bb-elementor-custom-family\">\t\t\t\t<h3><strong>\"A digit\u00e1lis kompetencia fejleszt\u00e9se a feln\u0151ttek k\u00f6r\u00e9ben\"<\/strong><\/h3>\t\t\t\t<\/div>\t\t\t\t<\/div>\n\t\t\t\t<\/div>\n\t\t\t\t<div class=\"elementor-element elementor-element-6f9dc63c elementor-widget elementor-widget-text-editor\" data-id=\"6f9dc63c\" data-element_type=\"widget\" data-widget_type=\"text-editor.default\">\n\t\t\t\t<div class=\"elementor-widget-container\">\n\t\t\t\t\t<div class=\"bb-theme-elementor-wrap bb-elementor-custom-family\">\t\t\t\t<p>A projekt \u00e1tfog\u00f3 c\u00e9lja, hogy a szem\u00e9ly k\u00e9pes legyen a technol\u00f3giai eszk\u00f6z\u00f6ket a val\u00f3s probl\u00e9m\u00e1k hat\u00e9kony megold\u00e1s\u00e1ra, valamint az \u00faj inform\u00e1ci\u00f3forr\u00e1sok \u00e9rt\u00e9kel\u00e9s\u00e9re \u00e9s kiv\u00e1laszt\u00e1s\u00e1ra, kritikus hozz\u00e1\u00e1ll\u00e1ssal, az igazs\u00e1g \u00e9s a biztons\u00e1g tiszteletben tart\u00e1s\u00e1val.<\/p>\t\t\t\t<\/div>\t\t\t\t<\/div>\n\t\t\t\t<\/div>\n\t\t\t\t<div class=\"elementor-element elementor-element-1158dacb elementor-widget elementor-widget-text-editor\" data-id=\"1158dacb\" data-element_type=\"widget\" data-widget_type=\"text-editor.default\">\n\t\t\t\t<div class=\"elementor-widget-container\">\n\t\t\t\t\t<div class=\"bb-theme-elementor-wrap bb-elementor-custom-family\">\t\t\t\t<p>A projekt f\u0151 tev\u00e9kenys\u00e9gei:<\/p><ul><li>Az alacsony iskolai v\u00e9gzetts\u00e9g\u0171, munkan\u00e9lk\u00fcli, foglalkoztatott, bev\u00e1ndorl\u00f3 stb. feln\u0151ttek digit\u00e1lis k\u00e9szs\u00e9geinek \u00e9rt\u00e9kel\u00e9se.<\/li><li>K\u00e9pz\u00e9si tablett\u00e1k kidolgoz\u00e1sa a digit\u00e1lis kompetencia \u00e9s a matematikai kompetencia alapk\u00e9szs\u00e9geir\u0151l, valamint a term\u00e9szettudom\u00e1nyos \u00e9s technol\u00f3giai alapkompetenci\u00e1kr\u00f3l \u00e9s az anyanyelvi kommunik\u00e1ci\u00f3r\u00f3l a digit\u00e1lis kompetenci\u00e1val \u00f6sszef\u00fcgg\u00e9sben.<\/li><li>Eszk\u00f6z\u00f6k \u00e9s forr\u00e1sok biztos\u00edt\u00e1sa a feln\u0151tt emberek sz\u00e1m\u00e1ra azzal a c\u00e9llal, hogy seg\u00edts\u00e9k \u0151ket tud\u00e1suk fejleszt\u00e9s\u00e9ben.<\/li><li>A digit\u00e1lis kompetenci\u00e1k fejleszt\u00e9s\u00e9t szolg\u00e1l\u00f3 anyagokat, eszk\u00f6z\u00f6ket \u00e9s forr\u00e1sokat tartalmaz\u00f3 e-t\u00e1r l\u00e9trehoz\u00e1sa.<\/li><\/ul>\t\t\t\t<\/div>\t\t\t\t<\/div>\n\t\t\t\t<\/div>\n\t\t\t\t\t<\/div>\n\t\t<\/div>\n\t\t\t\t<div class=\"elementor-column elementor-col-50 elementor-top-column elementor-element elementor-element-10e68ccb\" data-id=\"10e68ccb\" data-element_type=\"column\">\n\t\t\t<div class=\"elementor-widget-wrap elementor-element-populated\">\n\t\t\t\t\t\t<div class=\"elementor-element elementor-element-761ae4c9 elementor-widget elementor-widget-image\" data-id=\"761ae4c9\" data-element_type=\"widget\" data-widget_type=\"image.default\">\n\t\t\t\t<div class=\"elementor-widget-container\">\n\t\t\t\t\t\t\t\t\t\t\t\t\t\t\t<img fetchpriority=\"high\" decoding=\"async\" width=\"640\" height=\"960\" src=\"https:\/\/educatehub.eu\/wp-content\/uploads\/2023\/01\/linkedin-sales-solutions-wS73LE0GnKs-unsplash-683x1024.jpg\" class=\"attachment-large size-large wp-image-773\" alt=\"\" srcset=\"https:\/\/educatehub.eu\/wp-content\/uploads\/2023\/01\/linkedin-sales-solutions-wS73LE0GnKs-unsplash-683x1024.jpg 683w, https:\/\/educatehub.eu\/wp-content\/uploads\/2023\/01\/linkedin-sales-solutions-wS73LE0GnKs-unsplash-200x300.jpg 200w, https:\/\/educatehub.eu\/wp-content\/uploads\/2023\/01\/linkedin-sales-solutions-wS73LE0GnKs-unsplash-768x1152.jpg 768w, https:\/\/educatehub.eu\/wp-content\/uploads\/2023\/01\/linkedin-sales-solutions-wS73LE0GnKs-unsplash-1024x1536.jpg 1024w, https:\/\/educatehub.eu\/wp-content\/uploads\/2023\/01\/linkedin-sales-solutions-wS73LE0GnKs-unsplash-1365x2048.jpg 1365w, https:\/\/educatehub.eu\/wp-content\/uploads\/2023\/01\/linkedin-sales-solutions-wS73LE0GnKs-unsplash-8x12.jpg 8w, https:\/\/educatehub.eu\/wp-content\/uploads\/2023\/01\/linkedin-sales-solutions-wS73LE0GnKs-unsplash-624x936.jpg 624w, https:\/\/educatehub.eu\/wp-content\/uploads\/2023\/01\/linkedin-sales-solutions-wS73LE0GnKs-unsplash-scaled.jpg 1707w\" sizes=\"(max-width: 640px) 100vw, 640px\" \/>\t\t\t\t\t\t\t\t\t\t\t\t\t\t\t<\/div>\n\t\t\t\t<\/div>\n\t\t\t\t\t<\/div>\n\t\t<\/div>\n\t\t\t\t\t<\/div>\n\t\t<\/section>\n\t\t\t\t<section class=\"elementor-section elementor-top-section elementor-element elementor-element-865cd78 elementor-section-boxed elementor-section-height-default elementor-section-height-default\" data-id=\"865cd78\" data-element_type=\"section\">\n\t\t\t\t\t\t<div class=\"elementor-container elementor-column-gap-default\">\n\t\t\t\t\t<div class=\"elementor-column elementor-col-100 elementor-top-column elementor-element elementor-element-127186f\" data-id=\"127186f\" data-element_type=\"column\">\n\t\t\t<div class=\"elementor-widget-wrap elementor-element-populated\">\n\t\t\t\t\t\t<div class=\"elementor-element elementor-element-e8833ca elementor-widget-divider--view-line elementor-widget elementor-widget-divider\" data-id=\"e8833ca\" data-element_type=\"widget\" data-widget_type=\"divider.default\">\n\t\t\t\t<div class=\"elementor-widget-container\">\n\t\t\t\t\t\t\t<div class=\"elementor-divider\">\n\t\t\t<span class=\"elementor-divider-separator\">\n\t\t\t\t\t\t<\/span>\n\t\t<\/div>\n\t\t\t\t\t\t<\/div>\n\t\t\t\t<\/div>\n\t\t\t\t\t<\/div>\n\t\t<\/div>\n\t\t\t\t\t<\/div>\n\t\t<\/section>\n\t\t\t\t<section class=\"elementor-section elementor-top-section elementor-element elementor-element-767851a1 elementor-section-boxed elementor-section-height-default elementor-section-height-default\" data-id=\"767851a1\" data-element_type=\"section\">\n\t\t\t\t\t\t<div class=\"elementor-container elementor-column-gap-default\">\n\t\t\t\t\t<div class=\"elementor-column elementor-col-50 elementor-top-column elementor-element elementor-element-30422441\" data-id=\"30422441\" data-element_type=\"column\">\n\t\t\t<div class=\"elementor-widget-wrap elementor-element-populated\">\n\t\t\t\t\t\t<div class=\"elementor-element elementor-element-2bf6b7d9 elementor-widget elementor-widget-image\" data-id=\"2bf6b7d9\" data-element_type=\"widget\" data-widget_type=\"image.default\">\n\t\t\t\t<div class=\"elementor-widget-container\">\n\t\t\t\t\t\t\t\t\t\t\t\t\t\t\t<img decoding=\"async\" width=\"640\" height=\"960\" src=\"https:\/\/educatehub.eu\/wp-content\/uploads\/2023\/01\/linkedin-sales-solutions-hrhjn6ZTgrM-unsplash-683x1024.jpg\" class=\"attachment-large size-large wp-image-850\" alt=\"\" srcset=\"https:\/\/educatehub.eu\/wp-content\/uploads\/2023\/01\/linkedin-sales-solutions-hrhjn6ZTgrM-unsplash-683x1024.jpg 683w, https:\/\/educatehub.eu\/wp-content\/uploads\/2023\/01\/linkedin-sales-solutions-hrhjn6ZTgrM-unsplash-200x300.jpg 200w, https:\/\/educatehub.eu\/wp-content\/uploads\/2023\/01\/linkedin-sales-solutions-hrhjn6ZTgrM-unsplash-768x1152.jpg 768w, https:\/\/educatehub.eu\/wp-content\/uploads\/2023\/01\/linkedin-sales-solutions-hrhjn6ZTgrM-unsplash-1024x1536.jpg 1024w, https:\/\/educatehub.eu\/wp-content\/uploads\/2023\/01\/linkedin-sales-solutions-hrhjn6ZTgrM-unsplash-1365x2048.jpg 1365w, https:\/\/educatehub.eu\/wp-content\/uploads\/2023\/01\/linkedin-sales-solutions-hrhjn6ZTgrM-unsplash-8x12.jpg 8w, https:\/\/educatehub.eu\/wp-content\/uploads\/2023\/01\/linkedin-sales-solutions-hrhjn6ZTgrM-unsplash-624x936.jpg 624w, https:\/\/educatehub.eu\/wp-content\/uploads\/2023\/01\/linkedin-sales-solutions-hrhjn6ZTgrM-unsplash-scaled.jpg 1707w\" sizes=\"(max-width: 640px) 100vw, 640px\" \/>\t\t\t\t\t\t\t\t\t\t\t\t\t\t\t<\/div>\n\t\t\t\t<\/div>\n\t\t\t\t\t<\/div>\n\t\t<\/div>\n\t\t\t\t<div class=\"elementor-column elementor-col-50 elementor-top-column elementor-element elementor-element-7422725b\" data-id=\"7422725b\" data-element_type=\"column\">\n\t\t\t<div class=\"elementor-widget-wrap elementor-element-populated\">\n\t\t\t\t\t\t<div class=\"elementor-element elementor-element-4b2a42ea elementor-widget elementor-widget-text-editor\" data-id=\"4b2a42ea\" data-element_type=\"widget\" data-widget_type=\"text-editor.default\">\n\t\t\t\t<div class=\"elementor-widget-container\">\n\t\t\t\t\t<div class=\"bb-theme-elementor-wrap bb-elementor-custom-family\">\t\t\t\t<h3><strong>IKT a mindennapi \u00e9letben \u00e9s az e-tanul\u00e1s a feln\u0151ttoktat\u00e1sban<\/strong><\/h3>\t\t\t\t<\/div>\t\t\t\t<\/div>\n\t\t\t\t<\/div>\n\t\t\t\t<div class=\"elementor-element elementor-element-6bab71e8 elementor-widget elementor-widget-text-editor\" data-id=\"6bab71e8\" data-element_type=\"widget\" data-widget_type=\"text-editor.default\">\n\t\t\t\t<div class=\"elementor-widget-container\">\n\t\t\t\t\t\t\t\t\t<p>A projektben az Eur\u00f3pai Uni\u00f3 k\u00fcl\u00f6nb\u00f6z\u0151 t\u00edpus\u00fa szervezetei egy\u00fcttm\u0171k\u00f6dtek a digit\u00e1lis \u00edr\u00e1studatlans\u00e1g elleni k\u00fczdelemben azon feln\u0151ttek \u00e9s fiatalok k\u00f6r\u00e9ben, akik nem tudj\u00e1k vagy nem ismerik az IKT-t a mindennapi \u00e9letben, \u00e9s akik olyan kiszolg\u00e1ltatott t\u00e1rsadalmi csoportokhoz tartoznak, mint az iskol\u00e1b\u00f3l kimarad\u00f3k, bev\u00e1ndorl\u00f3k \u00e9s n\u0151k, annak \u00e9rdek\u00e9ben, hogy elsaj\u00e1t\u00edts\u00e1k a digit\u00e1lis technol\u00f3gia haszn\u00e1lat\u00e1hoz sz\u00fcks\u00e9ges k\u00e9szs\u00e9geket.<\/p>\t\t\t\t\t\t\t\t<\/div>\n\t\t\t\t<\/div>\n\t\t\t\t\t<\/div>\n\t\t<\/div>\n\t\t\t\t\t<\/div>\n\t\t<\/section>\n\t\t\t\t<section class=\"elementor-section elementor-top-section elementor-element elementor-element-23101cf elementor-section-boxed elementor-section-height-default elementor-section-height-default\" data-id=\"23101cf\" data-element_type=\"section\">\n\t\t\t\t\t\t<div class=\"elementor-container elementor-column-gap-default\">\n\t\t\t\t\t<div class=\"elementor-column elementor-col-100 elementor-top-column elementor-element elementor-element-71a07e4\" data-id=\"71a07e4\" data-element_type=\"column\">\n\t\t\t<div class=\"elementor-widget-wrap elementor-element-populated\">\n\t\t\t\t\t\t<div class=\"elementor-element elementor-element-43f3ea2 elementor-widget-divider--view-line elementor-widget elementor-widget-divider\" data-id=\"43f3ea2\" data-element_type=\"widget\" data-widget_type=\"divider.default\">\n\t\t\t\t<div class=\"elementor-widget-container\">\n\t\t\t\t\t\t\t<div class=\"elementor-divider\">\n\t\t\t<span class=\"elementor-divider-separator\">\n\t\t\t\t\t\t<\/span>\n\t\t<\/div>\n\t\t\t\t\t\t<\/div>\n\t\t\t\t<\/div>\n\t\t\t\t\t<\/div>\n\t\t<\/div>\n\t\t\t\t\t<\/div>\n\t\t<\/section>\n\t\t\t\t<section class=\"elementor-section elementor-top-section elementor-element elementor-element-eed5d84 elementor-section-boxed elementor-section-height-default elementor-section-height-default\" data-id=\"eed5d84\" data-element_type=\"section\">\n\t\t\t\t\t\t<div class=\"elementor-container elementor-column-gap-default\">\n\t\t\t\t\t<div class=\"elementor-column elementor-col-50 elementor-top-column elementor-element elementor-element-951bedd\" data-id=\"951bedd\" data-element_type=\"column\">\n\t\t\t<div class=\"elementor-widget-wrap elementor-element-populated\">\n\t\t\t\t\t\t<div class=\"elementor-element elementor-element-aee873a elementor-widget elementor-widget-text-editor\" data-id=\"aee873a\" data-element_type=\"widget\" data-widget_type=\"text-editor.default\">\n\t\t\t\t<div class=\"elementor-widget-container\">\n\t\t\t\t\t<div class=\"bb-theme-elementor-wrap bb-elementor-custom-family\">\t\t\t\t<h3><strong>FLIP-IDEAL - ford\u00edtott tanul\u00e1s a feln\u0151ttoktat\u00e1sban<\/strong><\/h3>\t\t\t\t<\/div>\t\t\t\t<\/div>\n\t\t\t\t<\/div>\n\t\t\t\t<div class=\"elementor-element elementor-element-f358699 elementor-widget elementor-widget-text-editor\" data-id=\"f358699\" data-element_type=\"widget\" data-widget_type=\"text-editor.default\">\n\t\t\t\t<div class=\"elementor-widget-container\">\n\t\t\t\t\t<div class=\"bb-theme-elementor-wrap bb-elementor-custom-family\">\t\t\t\t<p>Az \u00e1tford\u00edtott (fejjel lefel\u00e9 ford\u00edtott) oszt\u00e1lytermi modell tanul\u00f3k\u00f6zpont\u00fa, \u00e9s lehet\u0151v\u00e9 teszi sz\u00e1mukra, hogy saj\u00e1t temp\u00f3jukban dolgozz\u00e1k fel az inform\u00e1ci\u00f3kat, \u00e9s \u00edgy megfelel a differenci\u00e1lt tanul\u00e1snak. A di\u00e1kok \u00e1tism\u00e9telhetik az elvesztett vagy nem teljesen meg\u00e9rtett tartalmakat, \u00e9s gyakorolhatj\u00e1k az \u00faj t\u00e9m\u00e1t az oszt\u00e1lyteremben, ahol a tan\u00e1r \u00e9s az oszt\u00e1lyt\u00e1rsaik t\u00e1mogatj\u00e1k \u0151ket. A ford\u00edtott oszt\u00e1lytermi megk\u00f6zel\u00edt\u00e9s el\u0151seg\u00edti a kooperat\u00edv tanul\u00e1st, \u00e9s lehet\u0151v\u00e9 teszi, hogy t\u00f6bb id\u0151t t\u00f6ltsenek egy\u00fcttm\u0171k\u00f6d\u00e9ssel, probl\u00e9mamegold\u00e1ssal, csapatmunk\u00e1val \u00e9s a tud\u00e1s megszil\u00e1rd\u00edt\u00e1s\u00e1val.<\/p><p>A feln\u0151ttk\u00e9pz\u00e9si alapprogramokban gyakran figyelmen k\u00edv\u00fcl hagyott szempont az online tanul\u00e1shoz \u00e9s a digit\u00e1lis k\u00e9szs\u00e9gek megval\u00f3s\u00edt\u00e1s\u00e1hoz sz\u00fcks\u00e9ges k\u00e9szs\u00e9gek. Ezeket a k\u00e9szs\u00e9geket a flipped classroom megk\u00f6zel\u00edt\u00e9ssel lehet elsaj\u00e1t\u00edtani. Az online \u00e9s digit\u00e1lis elem bevezet\u00e9se egy kurzusba lehet\u0151s\u00e9get ad a tanul\u00f3knak a digit\u00e1lis k\u00e9szs\u00e9gek fejleszt\u00e9s\u00e9re.<\/p><p>Ez az innovat\u00edv tanul\u00e1si m\u00f3dszereket \u00e9s a digit\u00e1lis eszk\u00f6z\u00f6ket \u00f6tv\u00f6z\u0151 gyakorlat egyike azoknak az ir\u00e1nyvonalaknak, amelyeket a feln\u0151ttoktat\u00e1sban a nemzeti (olasz) digit\u00e1lis oktat\u00e1si terv szerint v\u00e9gre kell hajtani.<\/p>\t\t\t\t<\/div>\t\t\t\t<\/div>\n\t\t\t\t<\/div>\n\t\t\t\t\t<\/div>\n\t\t<\/div>\n\t\t\t\t<div class=\"elementor-column elementor-col-50 elementor-top-column elementor-element elementor-element-b1b15fd\" data-id=\"b1b15fd\" data-element_type=\"column\">\n\t\t\t<div class=\"elementor-widget-wrap elementor-element-populated\">\n\t\t\t\t\t\t<div class=\"elementor-element elementor-element-9c68f9b elementor-widget elementor-widget-image\" data-id=\"9c68f9b\" data-element_type=\"widget\" data-widget_type=\"image.default\">\n\t\t\t\t<div class=\"elementor-widget-container\">\n\t\t\t\t\t\t\t\t\t\t\t\t\t\t\t<img decoding=\"async\" width=\"640\" height=\"960\" src=\"https:\/\/educatehub.eu\/wp-content\/uploads\/2023\/01\/ben-moreland-GkWP64truqg-unsplash-683x1024.jpg\" class=\"attachment-large size-large wp-image-697\" alt=\"\" srcset=\"https:\/\/educatehub.eu\/wp-content\/uploads\/2023\/01\/ben-moreland-GkWP64truqg-unsplash-683x1024.jpg 683w, https:\/\/educatehub.eu\/wp-content\/uploads\/2023\/01\/ben-moreland-GkWP64truqg-unsplash-200x300.jpg 200w, https:\/\/educatehub.eu\/wp-content\/uploads\/2023\/01\/ben-moreland-GkWP64truqg-unsplash-768x1152.jpg 768w, https:\/\/educatehub.eu\/wp-content\/uploads\/2023\/01\/ben-moreland-GkWP64truqg-unsplash-1024x1536.jpg 1024w, https:\/\/educatehub.eu\/wp-content\/uploads\/2023\/01\/ben-moreland-GkWP64truqg-unsplash-1365x2048.jpg 1365w, https:\/\/educatehub.eu\/wp-content\/uploads\/2023\/01\/ben-moreland-GkWP64truqg-unsplash-8x12.jpg 8w, https:\/\/educatehub.eu\/wp-content\/uploads\/2023\/01\/ben-moreland-GkWP64truqg-unsplash-624x936.jpg 624w, https:\/\/educatehub.eu\/wp-content\/uploads\/2023\/01\/ben-moreland-GkWP64truqg-unsplash-scaled.jpg 1707w\" sizes=\"(max-width: 640px) 100vw, 640px\" \/>\t\t\t\t\t\t\t\t\t\t\t\t\t\t\t<\/div>\n\t\t\t\t<\/div>\n\t\t\t\t\t<\/div>\n\t\t<\/div>\n\t\t\t\t\t<\/div>\n\t\t<\/section>\n\t\t\t\t<section class=\"elementor-section elementor-top-section elementor-element elementor-element-a851006 elementor-section-boxed elementor-section-height-default elementor-section-height-default\" data-id=\"a851006\" data-element_type=\"section\">\n\t\t\t\t\t\t<div class=\"elementor-container elementor-column-gap-default\">\n\t\t\t\t\t<div class=\"elementor-column elementor-col-100 elementor-top-column elementor-element elementor-element-54c767a\" data-id=\"54c767a\" data-element_type=\"column\">\n\t\t\t<div class=\"elementor-widget-wrap\">\n\t\t\t\t\t\t\t<\/div>\n\t\t<\/div>\n\t\t\t\t\t<\/div>\n\t\t<\/section>\n\t\t\t\t<section class=\"elementor-section elementor-top-section elementor-element elementor-element-53484e14 elementor-section-boxed elementor-section-height-default elementor-section-height-default\" data-id=\"53484e14\" data-element_type=\"section\" data-settings=\"{&quot;background_background&quot;:&quot;classic&quot;}\">\n\t\t\t\t\t\t<div class=\"elementor-container elementor-column-gap-default\">\n\t\t\t\t\t<div class=\"elementor-column elementor-col-100 elementor-top-column elementor-element elementor-element-215b6955\" data-id=\"215b6955\" data-element_type=\"column\" data-settings=\"{&quot;background_background&quot;:&quot;classic&quot;}\">\n\t\t\t<div class=\"elementor-widget-wrap elementor-element-populated\">\n\t\t\t\t\t\t<section class=\"elementor-section elementor-inner-section elementor-element elementor-element-78ad5945 elementor-section-content-middle elementor-section-boxed elementor-section-height-default elementor-section-height-default\" data-id=\"78ad5945\" data-element_type=\"section\">\n\t\t\t\t\t\t<div class=\"elementor-container elementor-column-gap-default\">\n\t\t\t\t\t<div class=\"elementor-column elementor-col-50 elementor-inner-column elementor-element elementor-element-fa4d62b\" data-id=\"fa4d62b\" data-element_type=\"column\">\n\t\t\t<div class=\"elementor-widget-wrap elementor-element-populated\">\n\t\t\t\t\t\t<div class=\"elementor-element elementor-element-31256953 elementor-widget elementor-widget-heading\" data-id=\"31256953\" data-element_type=\"widget\" data-widget_type=\"heading.default\">\n\t\t\t\t<div class=\"elementor-widget-container\">\n\t\t\t\t\t<h3 class=\"elementor-heading-title elementor-size-default\">\u00c9rdekelnek a tov\u00e1bbi r\u00e9szletek?<\/h3>\t\t\t\t<\/div>\n\t\t\t\t<\/div>\n\t\t\t\t<div class=\"elementor-element elementor-element-8904f6c elementor-widget elementor-widget-text-editor\" data-id=\"8904f6c\" data-element_type=\"widget\" data-widget_type=\"text-editor.default\">\n\t\t\t\t<div class=\"elementor-widget-container\">\n\t\t\t\t\t\t\t\t\t<p>Regisztr\u00e1lj INGYENESEN \u00e9s olvasd el a 6 orsz\u00e1g legjobb gyakorlatainak r\u00e9szletes le\u00edr\u00e1s\u00e1t!\u00a0<\/p>\t\t\t\t\t\t\t\t<\/div>\n\t\t\t\t<\/div>\n\t\t\t\t\t<\/div>\n\t\t<\/div>\n\t\t\t\t<div class=\"elementor-column elementor-col-50 elementor-inner-column elementor-element elementor-element-43135700\" data-id=\"43135700\" data-element_type=\"column\">\n\t\t\t<div class=\"elementor-widget-wrap elementor-element-populated\">\n\t\t\t\t\t\t<div class=\"elementor-element elementor-element-700076e9 elementor-align-center elementor-tablet-align-center elementor-widget elementor-widget-button\" data-id=\"700076e9\" data-element_type=\"widget\" data-widget_type=\"button.default\">\n\t\t\t\t<div class=\"elementor-widget-container\">\n\t\t\t\t\t\t\t\t\t<div class=\"elementor-button-wrapper\">\n\t\t\t\t\t<a class=\"elementor-button elementor-button-link elementor-size-sm elementor-animation-float\" href=\"\/hu\/register\/\">\n\t\t\t\t\t\t<span class=\"elementor-button-content-wrapper\">\n\t\t\t\t\t\t\t\t\t<span class=\"elementor-button-text\">REGISZTR\u00c1CI\u00d3<\/span>\n\t\t\t\t\t<\/span>\n\t\t\t\t\t<\/a>\n\t\t\t\t<\/div>\n\t\t\t\t\t\t\t\t<\/div>\n\t\t\t\t<\/div>\n\t\t\t\t\t<\/div>\n\t\t<\/div>\n\t\t\t\t\t<\/div>\n\t\t<\/section>\n\t\t\t\t\t<\/div>\n\t\t<\/div>\n\t\t\t\t\t<\/div>\n\t\t<\/section>\n\t\t\t\t<\/div>","protected":false},"excerpt":{"rendered":"<p>\u201cImprove Digital Competence in Adult people\u201d Overall objective of this project is that the person will be able to use technological resources in order to&hellip;<\/p>","protected":false},"author":1,"featured_media":0,"parent":0,"menu_order":0,"comment_status":"closed","ping_status":"closed","template":"","meta":{"footnotes":""},"class_list":["post-673","page","type-page","status-publish","hentry"],"_links":{"self":[{"href":"https:\/\/educatehub.eu\/hu\/wp-json\/wp\/v2\/pages\/673","targetHints":{"allow":["GET"]}}],"collection":[{"href":"https:\/\/educatehub.eu\/hu\/wp-json\/wp\/v2\/pages"}],"about":[{"href":"https:\/\/educatehub.eu\/hu\/wp-json\/wp\/v2\/types\/page"}],"author":[{"embeddable":true,"href":"https:\/\/educatehub.eu\/hu\/wp-json\/wp\/v2\/users\/1"}],"replies":[{"embeddable":true,"href":"https:\/\/educatehub.eu\/hu\/wp-json\/wp\/v2\/comments?post=673"}],"version-history":[{"count":38,"href":"https:\/\/educatehub.eu\/hu\/wp-json\/wp\/v2\/pages\/673\/revisions"}],"predecessor-version":[{"id":2413,"href":"https:\/\/educatehub.eu\/hu\/wp-json\/wp\/v2\/pages\/673\/revisions\/2413"}],"wp:attachment":[{"href":"https:\/\/educatehub.eu\/hu\/wp-json\/wp\/v2\/media?parent=673"}],"curies":[{"name":"wp","href":"https:\/\/api.w.org\/{rel}","templated":true}]}}