{"id":715,"date":"2023-01-08T15:48:36","date_gmt":"2023-01-08T15:48:36","guid":{"rendered":"https:\/\/educatehub.eu\/?page_id=715"},"modified":"2023-10-12T16:14:17","modified_gmt":"2023-10-12T14:14:17","slug":"best-practices-inclusive-educational-technology","status":"publish","type":"page","link":"https:\/\/educatehub.eu\/hu\/best-practices-inclusive-educational-technology\/","title":{"rendered":"Best Practices &#8211; Inclusive Educational Technology"},"content":{"rendered":"<div data-elementor-type=\"wp-page\" data-elementor-id=\"715\" class=\"elementor elementor-715\" data-elementor-post-type=\"page\">\n\t\t\t\t\t\t<section class=\"elementor-section elementor-top-section elementor-element elementor-element-616b88f elementor-section-boxed elementor-section-height-default elementor-section-height-default\" data-id=\"616b88f\" data-element_type=\"section\">\n\t\t\t\t\t\t<div class=\"elementor-container elementor-column-gap-default\">\n\t\t\t\t\t<div class=\"elementor-column elementor-col-50 elementor-top-column elementor-element elementor-element-21efb499\" data-id=\"21efb499\" data-element_type=\"column\">\n\t\t\t<div class=\"elementor-widget-wrap elementor-element-populated\">\n\t\t\t\t\t\t<div class=\"elementor-element elementor-element-64eef3b3 elementor-widget elementor-widget-text-editor\" data-id=\"64eef3b3\" data-element_type=\"widget\" data-widget_type=\"text-editor.default\">\n\t\t\t\t<div class=\"elementor-widget-container\">\n\t\t\t\t\t<div class=\"bb-theme-elementor-wrap bb-elementor-custom-family\">\t\t\t\t<h3><strong>A \"Digit\u00e1lis t\u00f6rt\u00e9netmes\u00e9l\u00e9s az \u00e9rtelmi fogyat\u00e9koss\u00e1ggal \u00e9l\u0151 tanul\u00f3k k\u00e9pzetts\u00e9g\u00e9nek n\u00f6vel\u00e9s\u00e9\u00e9rt \u00e9s meger\u0151s\u00edt\u00e9s\u00e9\u00e9rt\" c\u00edm\u0171 projekt<\/strong><\/h3>\t\t\t\t<\/div>\t\t\t\t<\/div>\n\t\t\t\t<\/div>\n\t\t\t\t<div class=\"elementor-element elementor-element-44edf956 elementor-widget elementor-widget-text-editor\" data-id=\"44edf956\" data-element_type=\"widget\" data-widget_type=\"text-editor.default\">\n\t\t\t\t<div class=\"elementor-widget-container\">\n\t\t\t\t\t<div class=\"bb-theme-elementor-wrap bb-elementor-custom-family\">\t\t\t\t<p>A projekt c\u00e9lja egy innovat\u00edv tanul\u00e1si megk\u00f6zel\u00edt\u00e9s - az \u00e9rtelmi fogyat\u00e9kkal \u00e9l\u0151kre szabott digit\u00e1lis t\u00f6rt\u00e9netmes\u00e9l\u00e9s - kifejleszt\u00e9se azzal a c\u00e9llal, hogy az \u00e9rtelmi fogyat\u00e9kkal \u00e9l\u0151kkel dolgoz\u00f3 tan\u00e1rok\/facilit\u00e1torok sz\u00e1m\u00e1ra egy innovat\u00edv, er\u0151s\u00edt\u0151 \u00e9s sz\u00f3rakoztat\u00f3 eszk\u00f6zt biztos\u00edtson, amely seg\u00edt nekik az \u00e9rtelmi fogyat\u00e9kkal \u00e9l\u0151k k\u00e9pzetts\u00e9g\u00e9nek n\u00f6vel\u00e9s\u00e9ben, meg\u00e9rt\u00e9s\u00e9ben \u00e9s meger\u0151s\u00edt\u00e9s\u00e9ben.<\/p><p>Projekt-specifikus c\u00e9lkit\u0171z\u00e9sek:<\/p><ul><li>az \u00e9rtelmi fogyat\u00e9kosokkal dolgoz\u00f3 seg\u00edt\u0151k\/tan\u00e1rok tov\u00e1bbk\u00e9pz\u00e9se az \u00e9rtelmi fogyat\u00e9kosokhoz igaz\u00edtott digit\u00e1lis t\u00f6rt\u00e9netmes\u00e9l\u00e9si m\u00f3dszer haszn\u00e1lat\u00e1ra, \u00e9s ez\u00e1ltal az \u00e9rtelmi fogyat\u00e9kos emberek k\u00fcl\u00f6nb\u00f6z\u0151 \u00e9letvezet\u00e9si k\u00e9szs\u00e9gek - \u00edr\u00e1stud\u00e1s, digit\u00e1lis k\u00e9szs\u00e9gek, szoci\u00e1lis k\u00e9szs\u00e9gek stb. - elsaj\u00e1t\u00edt\u00e1s\u00e1nak fokoz\u00e1sa.<\/li><li>az \u00e9rtelmi fogyat\u00e9kosok oktat\u00e1si lehet\u0151s\u00e9geinek n\u00f6vel\u00e9se a t\u00e1rsadalomban val\u00f3 teljes k\u00f6r\u0171 r\u00e9szv\u00e9tel \u00e9s a munkaer\u0151piacon val\u00f3 sikeres \u00e1tmenet \u00e9rdek\u00e9ben.<\/li><li>az \u00e9rtelmi fogyat\u00e9koss\u00e1ggal \u00e9l\u0151 emberek alapvet\u0151 k\u00e9szs\u00e9geinek (\u00edrni-olvasni tud\u00e1s \u00e9s digit\u00e1lis k\u00e9szs\u00e9gek) fejleszt\u00e9se, a t\u00e1rsadalomban val\u00f3 r\u00e9szv\u00e9tel\u00fck lehet\u0151v\u00e9 t\u00e9tele, \u00e9s ez\u00e1ltal t\u00e1rsadalmi befogad\u00e1suk fokoz\u00e1sa<\/li><\/ul>\t\t\t\t<\/div>\t\t\t\t<\/div>\n\t\t\t\t<\/div>\n\t\t\t\t\t<\/div>\n\t\t<\/div>\n\t\t\t\t<div class=\"elementor-column elementor-col-50 elementor-top-column elementor-element elementor-element-79945cfc\" data-id=\"79945cfc\" data-element_type=\"column\">\n\t\t\t<div class=\"elementor-widget-wrap elementor-element-populated\">\n\t\t\t\t\t\t<div class=\"elementor-element elementor-element-57db3f98 elementor-widget elementor-widget-image\" data-id=\"57db3f98\" data-element_type=\"widget\" data-widget_type=\"image.default\">\n\t\t\t\t<div class=\"elementor-widget-container\">\n\t\t\t\t\t\t\t\t\t\t\t\t\t\t\t<img fetchpriority=\"high\" decoding=\"async\" width=\"640\" height=\"960\" src=\"https:\/\/educatehub.eu\/wp-content\/uploads\/2023\/01\/linkedin-sales-solutions-0QvTyp0gH3A-unsplash-683x1024.jpg\" class=\"attachment-large size-large wp-image-731\" alt=\"\" srcset=\"https:\/\/educatehub.eu\/wp-content\/uploads\/2023\/01\/linkedin-sales-solutions-0QvTyp0gH3A-unsplash-683x1024.jpg 683w, https:\/\/educatehub.eu\/wp-content\/uploads\/2023\/01\/linkedin-sales-solutions-0QvTyp0gH3A-unsplash-200x300.jpg 200w, https:\/\/educatehub.eu\/wp-content\/uploads\/2023\/01\/linkedin-sales-solutions-0QvTyp0gH3A-unsplash-768x1152.jpg 768w, https:\/\/educatehub.eu\/wp-content\/uploads\/2023\/01\/linkedin-sales-solutions-0QvTyp0gH3A-unsplash-1024x1536.jpg 1024w, https:\/\/educatehub.eu\/wp-content\/uploads\/2023\/01\/linkedin-sales-solutions-0QvTyp0gH3A-unsplash-1365x2048.jpg 1365w, https:\/\/educatehub.eu\/wp-content\/uploads\/2023\/01\/linkedin-sales-solutions-0QvTyp0gH3A-unsplash-8x12.jpg 8w, https:\/\/educatehub.eu\/wp-content\/uploads\/2023\/01\/linkedin-sales-solutions-0QvTyp0gH3A-unsplash-624x936.jpg 624w, https:\/\/educatehub.eu\/wp-content\/uploads\/2023\/01\/linkedin-sales-solutions-0QvTyp0gH3A-unsplash-scaled.jpg 1707w\" sizes=\"(max-width: 640px) 100vw, 640px\" \/>\t\t\t\t\t\t\t\t\t\t\t\t\t\t\t<\/div>\n\t\t\t\t<\/div>\n\t\t\t\t\t<\/div>\n\t\t<\/div>\n\t\t\t\t\t<\/div>\n\t\t<\/section>\n\t\t\t\t<section class=\"elementor-section elementor-top-section elementor-element elementor-element-19d7d992 elementor-section-boxed elementor-section-height-default elementor-section-height-default\" data-id=\"19d7d992\" data-element_type=\"section\">\n\t\t\t\t\t\t<div class=\"elementor-container elementor-column-gap-default\">\n\t\t\t\t\t<div class=\"elementor-column elementor-col-100 elementor-top-column elementor-element elementor-element-6ced8262\" data-id=\"6ced8262\" data-element_type=\"column\">\n\t\t\t<div class=\"elementor-widget-wrap elementor-element-populated\">\n\t\t\t\t\t\t<div class=\"elementor-element elementor-element-1fadd596 elementor-widget-divider--view-line elementor-widget elementor-widget-divider\" data-id=\"1fadd596\" data-element_type=\"widget\" data-widget_type=\"divider.default\">\n\t\t\t\t<div class=\"elementor-widget-container\">\n\t\t\t\t\t\t\t<div class=\"elementor-divider\">\n\t\t\t<span class=\"elementor-divider-separator\">\n\t\t\t\t\t\t<\/span>\n\t\t<\/div>\n\t\t\t\t\t\t<\/div>\n\t\t\t\t<\/div>\n\t\t\t\t\t<\/div>\n\t\t<\/div>\n\t\t\t\t\t<\/div>\n\t\t<\/section>\n\t\t\t\t<section class=\"elementor-section elementor-top-section elementor-element elementor-element-4265844c elementor-section-boxed elementor-section-height-default elementor-section-height-default\" data-id=\"4265844c\" data-element_type=\"section\">\n\t\t\t\t\t\t<div class=\"elementor-container elementor-column-gap-default\">\n\t\t\t\t\t<div class=\"elementor-column elementor-col-50 elementor-top-column elementor-element elementor-element-3350934f\" data-id=\"3350934f\" data-element_type=\"column\">\n\t\t\t<div class=\"elementor-widget-wrap elementor-element-populated\">\n\t\t\t\t\t\t<div class=\"elementor-element elementor-element-25d86ade elementor-widget elementor-widget-image\" data-id=\"25d86ade\" data-element_type=\"widget\" data-widget_type=\"image.default\">\n\t\t\t\t<div class=\"elementor-widget-container\">\n\t\t\t\t\t\t\t\t\t\t\t\t\t\t\t<img decoding=\"async\" width=\"640\" height=\"960\" src=\"https:\/\/educatehub.eu\/wp-content\/uploads\/2023\/01\/kajetan-sumila-1RWaxoDoASo-unsplash-683x1024.jpg\" class=\"attachment-large size-large wp-image-751\" alt=\"\" srcset=\"https:\/\/educatehub.eu\/wp-content\/uploads\/2023\/01\/kajetan-sumila-1RWaxoDoASo-unsplash-683x1024.jpg 683w, https:\/\/educatehub.eu\/wp-content\/uploads\/2023\/01\/kajetan-sumila-1RWaxoDoASo-unsplash-200x300.jpg 200w, https:\/\/educatehub.eu\/wp-content\/uploads\/2023\/01\/kajetan-sumila-1RWaxoDoASo-unsplash-768x1152.jpg 768w, https:\/\/educatehub.eu\/wp-content\/uploads\/2023\/01\/kajetan-sumila-1RWaxoDoASo-unsplash-1024x1536.jpg 1024w, https:\/\/educatehub.eu\/wp-content\/uploads\/2023\/01\/kajetan-sumila-1RWaxoDoASo-unsplash-1365x2048.jpg 1365w, https:\/\/educatehub.eu\/wp-content\/uploads\/2023\/01\/kajetan-sumila-1RWaxoDoASo-unsplash-8x12.jpg 8w, https:\/\/educatehub.eu\/wp-content\/uploads\/2023\/01\/kajetan-sumila-1RWaxoDoASo-unsplash-624x936.jpg 624w, https:\/\/educatehub.eu\/wp-content\/uploads\/2023\/01\/kajetan-sumila-1RWaxoDoASo-unsplash-scaled.jpg 1707w\" sizes=\"(max-width: 640px) 100vw, 640px\" \/>\t\t\t\t\t\t\t\t\t\t\t\t\t\t\t<\/div>\n\t\t\t\t<\/div>\n\t\t\t\t\t<\/div>\n\t\t<\/div>\n\t\t\t\t<div class=\"elementor-column elementor-col-50 elementor-top-column elementor-element elementor-element-749aefc7\" data-id=\"749aefc7\" data-element_type=\"column\">\n\t\t\t<div class=\"elementor-widget-wrap elementor-element-populated\">\n\t\t\t\t\t\t<div class=\"elementor-element elementor-element-730d5e7d elementor-widget elementor-widget-text-editor\" data-id=\"730d5e7d\" data-element_type=\"widget\" data-widget_type=\"text-editor.default\">\n\t\t\t\t<div class=\"elementor-widget-container\">\n\t\t\t\t\t<div class=\"bb-theme-elementor-wrap bb-elementor-custom-family\">\t\t\t\t<h3><strong>Microsoft Immersive Reader<\/strong><\/h3>\t\t\t\t<\/div>\t\t\t\t<\/div>\n\t\t\t\t<\/div>\n\t\t\t\t<div class=\"elementor-element elementor-element-4222373a elementor-widget elementor-widget-text-editor\" data-id=\"4222373a\" data-element_type=\"widget\" data-widget_type=\"text-editor.default\">\n\t\t\t\t<div class=\"elementor-widget-container\">\n\t\t\t\t\t\t\t\t\t<p>A Microsoft Immersive Reader egy ingyenes eszk\u00f6z, amely seg\u00edti az olvas\u00e1st \u00e9s a sz\u00f6veg\u00e9rt\u00e9st. Teljes k\u00e9perny\u0151s olvas\u00e1si \u00e9lm\u00e9nyt ny\u00fajt, \u00e9s a bet\u0171m\u00e9ret \u00e9s -st\u00edlus, a sz\u00f6veg- \u00e9s sort\u00e1vols\u00e1g, valamint a h\u00e1tt\u00e9rsz\u00edn megv\u00e1ltoztat\u00e1s\u00e1val jav\u00edtja a sz\u00f6vegre val\u00f3 \u00f6sszpontos\u00edt\u00e1st. \u00dagy tervezt\u00e9k, hogy a Microsoft-alkalmaz\u00e1sokban a sz\u00f6veg olvashat\u00f3s\u00e1g\u00e1t n\u00f6velje a nyomtat\u00e1si fogyat\u00e9koss\u00e1ggal, p\u00e9ld\u00e1ul diszlexi\u00e1val, diszgr\u00e1fi\u00e1val \u00e9s l\u00e1t\u00e1ss\u00e9r\u00fcl\u00e9ssel k\u00fczd\u0151 emberek sz\u00e1m\u00e1ra a seg\u00e9dtechnol\u00f3gi\u00e1k alkalmaz\u00e1s\u00e1val. Ez egy interakt\u00edv olvas\u00e1si eszk\u00f6z, amelyet arra terveztek, hogy seg\u00edtsen a tanul\u00f3knak jav\u00edtani olvas\u00e1si, sz\u00f6veg\u00e9rt\u00e9si \u00e9s nyelvtani k\u00e9szs\u00e9geiket. Emellett a sz\u00f6vegeket hozz\u00e1f\u00e9rhet\u0151bb\u00e9 teszi a tanul\u00f3k sz\u00e1m\u00e1ra b\u00e1rmilyen szinten. Az Immersive Reader az Accessibility Checkerrel egy\u00fctt haszn\u00e1lhat\u00f3 a dokumentumok elrendez\u00e9s\u00e9nek jav\u00edt\u00e1s\u00e1ra, vagy a dokumentum tov\u00e1bbi szerkeszt\u00e9se n\u00e9lk\u00fcl is haszn\u00e1lhat\u00f3 egy dokumentum hozz\u00e1f\u00e9rhet\u0151bb\u00e9 t\u00e9tel\u00e9re.<\/p>\t\t\t\t\t\t\t\t<\/div>\n\t\t\t\t<\/div>\n\t\t\t\t<div class=\"elementor-element elementor-element-2335375b elementor-widget elementor-widget-text-editor\" data-id=\"2335375b\" data-element_type=\"widget\" data-widget_type=\"text-editor.default\">\n\t\t\t\t<div class=\"elementor-widget-container\">\n\t\t\t\t\t<div class=\"bb-theme-elementor-wrap bb-elementor-custom-family\">\t\t\t\t<p>Immersive Reading m\u0171k\u00f6d\u00e9se: hangosan felolvassa a di\u00e1koknak a sz\u00f6vegeket, mik\u00f6zben egyidej\u0171leg kiemeli az olvasott sz\u00f3t. Ez lehet\u0151v\u00e9 teszi, hogy a sz\u00f6veg a k\u00fcl\u00f6nb\u00f6z\u0151 kor\u00fa \u00e9s k\u00e9pess\u00e9g\u0171 tanul\u00f3k sz\u00e1m\u00e1ra is hozz\u00e1f\u00e9rhet\u0151v\u00e9 v\u00e1ljon, \u00e9s seg\u00edti a kezd\u0151 olvas\u00f3kat az \u00faj szavak felismer\u00e9s\u00e9nek elsaj\u00e1t\u00edt\u00e1s\u00e1ban. A seg\u00edts\u00e9g\u00e9vel lehet\u0151s\u00e9g van k\u00fcl\u00f6nb\u00f6z\u0151 narr\u00e1ci\u00f3s sebess\u00e9gek \u00e9s hangok kiv\u00e1laszt\u00e1s\u00e1ra. A felhaszn\u00e1l\u00f3k be\u00e1ll\u00edthatj\u00e1k a szavak k\u00f6z\u00f6tti t\u00e1vols\u00e1got \u00e9s a bet\u0171m\u00e9retet is; kiemelhetnek bizonyos besz\u00e9dr\u00e9szeket, p\u00e9ld\u00e1ul f\u0151neveket, ig\u00e9ket, mell\u00e9kneveket \u00e9s hat\u00e1roz\u00f3szavakat; sz\u00f3tagokra bonthatj\u00e1k a szavak sz\u00f6veg\u00e9t; k\u00fcl\u00f6nb\u00f6z\u0151 nyelveken besz\u00e9lt szavak hangfelv\u00e9teleit hallgathatj\u00e1k meg; leford\u00edthatj\u00e1k a sz\u00f6veget, \u00e9s k\u00e9pk\u00e9nt \u00e1br\u00e1zolt szavakat l\u00e1thatnak.<\/p>\t\t\t\t<\/div>\t\t\t\t<\/div>\n\t\t\t\t<\/div>\n\t\t\t\t\t<\/div>\n\t\t<\/div>\n\t\t\t\t\t<\/div>\n\t\t<\/section>\n\t\t\t\t<section class=\"elementor-section elementor-top-section elementor-element elementor-element-1aab1dd8 elementor-section-boxed elementor-section-height-default elementor-section-height-default\" data-id=\"1aab1dd8\" data-element_type=\"section\">\n\t\t\t\t\t\t<div class=\"elementor-container elementor-column-gap-default\">\n\t\t\t\t\t<div class=\"elementor-column elementor-col-100 elementor-top-column elementor-element elementor-element-49dadf59\" data-id=\"49dadf59\" data-element_type=\"column\">\n\t\t\t<div class=\"elementor-widget-wrap\">\n\t\t\t\t\t\t\t<\/div>\n\t\t<\/div>\n\t\t\t\t\t<\/div>\n\t\t<\/section>\n\t\t\t\t<section class=\"elementor-section elementor-top-section elementor-element elementor-element-4c703911 elementor-section-boxed elementor-section-height-default elementor-section-height-default\" data-id=\"4c703911\" data-element_type=\"section\" data-settings=\"{&quot;background_background&quot;:&quot;classic&quot;}\">\n\t\t\t\t\t\t<div class=\"elementor-container elementor-column-gap-default\">\n\t\t\t\t\t<div class=\"elementor-column elementor-col-100 elementor-top-column elementor-element elementor-element-64befee9\" data-id=\"64befee9\" data-element_type=\"column\" data-settings=\"{&quot;background_background&quot;:&quot;classic&quot;}\">\n\t\t\t<div class=\"elementor-widget-wrap elementor-element-populated\">\n\t\t\t\t\t\t<section class=\"elementor-section elementor-inner-section elementor-element elementor-element-4213aa0d elementor-section-content-middle elementor-section-boxed elementor-section-height-default elementor-section-height-default\" data-id=\"4213aa0d\" data-element_type=\"section\">\n\t\t\t\t\t\t<div class=\"elementor-container elementor-column-gap-default\">\n\t\t\t\t\t<div class=\"elementor-column elementor-col-50 elementor-inner-column elementor-element elementor-element-6aa59664\" data-id=\"6aa59664\" data-element_type=\"column\">\n\t\t\t<div class=\"elementor-widget-wrap elementor-element-populated\">\n\t\t\t\t\t\t<div class=\"elementor-element elementor-element-13dd3704 elementor-widget elementor-widget-heading\" data-id=\"13dd3704\" data-element_type=\"widget\" data-widget_type=\"heading.default\">\n\t\t\t\t<div class=\"elementor-widget-container\">\n\t\t\t\t\t<h3 class=\"elementor-heading-title elementor-size-default\">\u00c9rdekelnek a tov\u00e1bbi r\u00e9szletek?<\/h3>\t\t\t\t<\/div>\n\t\t\t\t<\/div>\n\t\t\t\t<div class=\"elementor-element elementor-element-7875c90e elementor-widget elementor-widget-text-editor\" data-id=\"7875c90e\" data-element_type=\"widget\" data-widget_type=\"text-editor.default\">\n\t\t\t\t<div class=\"elementor-widget-container\">\n\t\t\t\t\t\t\t\t\t<p>Regisztr\u00e1lj INGYENESEN \u00e9s olvasd el a 6 orsz\u00e1g legjobb gyakorlatainak r\u00e9szletes le\u00edr\u00e1s\u00e1t!\u00a0<\/p>\t\t\t\t\t\t\t\t<\/div>\n\t\t\t\t<\/div>\n\t\t\t\t\t<\/div>\n\t\t<\/div>\n\t\t\t\t<div class=\"elementor-column elementor-col-50 elementor-inner-column elementor-element elementor-element-14a6965e\" data-id=\"14a6965e\" data-element_type=\"column\">\n\t\t\t<div class=\"elementor-widget-wrap elementor-element-populated\">\n\t\t\t\t\t\t<div class=\"elementor-element elementor-element-2aa6a8ba elementor-align-center elementor-tablet-align-center elementor-widget elementor-widget-button\" data-id=\"2aa6a8ba\" data-element_type=\"widget\" data-widget_type=\"button.default\">\n\t\t\t\t<div class=\"elementor-widget-container\">\n\t\t\t\t\t\t\t\t\t<div class=\"elementor-button-wrapper\">\n\t\t\t\t\t<a class=\"elementor-button elementor-button-link elementor-size-sm elementor-animation-float\" href=\"\/hu\/register\/\">\n\t\t\t\t\t\t<span class=\"elementor-button-content-wrapper\">\n\t\t\t\t\t\t\t\t\t<span class=\"elementor-button-text\">REGISZTR\u00c1CI\u00d3<\/span>\n\t\t\t\t\t<\/span>\n\t\t\t\t\t<\/a>\n\t\t\t\t<\/div>\n\t\t\t\t\t\t\t\t<\/div>\n\t\t\t\t<\/div>\n\t\t\t\t\t<\/div>\n\t\t<\/div>\n\t\t\t\t\t<\/div>\n\t\t<\/section>\n\t\t\t\t\t<\/div>\n\t\t<\/div>\n\t\t\t\t\t<\/div>\n\t\t<\/section>\n\t\t\t\t<\/div>","protected":false},"excerpt":{"rendered":"<p>The project \u201cDigital Storytelling for up-skilling and empowerment of learners with intellectual disabilities\u201d The aim of the project is to develop an innovative learning approach&hellip;<\/p>","protected":false},"author":1,"featured_media":0,"parent":0,"menu_order":0,"comment_status":"closed","ping_status":"closed","template":"","meta":{"footnotes":""},"class_list":["post-715","page","type-page","status-publish","hentry"],"_links":{"self":[{"href":"https:\/\/educatehub.eu\/hu\/wp-json\/wp\/v2\/pages\/715","targetHints":{"allow":["GET"]}}],"collection":[{"href":"https:\/\/educatehub.eu\/hu\/wp-json\/wp\/v2\/pages"}],"about":[{"href":"https:\/\/educatehub.eu\/hu\/wp-json\/wp\/v2\/types\/page"}],"author":[{"embeddable":true,"href":"https:\/\/educatehub.eu\/hu\/wp-json\/wp\/v2\/users\/1"}],"replies":[{"embeddable":true,"href":"https:\/\/educatehub.eu\/hu\/wp-json\/wp\/v2\/comments?post=715"}],"version-history":[{"count":23,"href":"https:\/\/educatehub.eu\/hu\/wp-json\/wp\/v2\/pages\/715\/revisions"}],"predecessor-version":[{"id":2391,"href":"https:\/\/educatehub.eu\/hu\/wp-json\/wp\/v2\/pages\/715\/revisions\/2391"}],"wp:attachment":[{"href":"https:\/\/educatehub.eu\/hu\/wp-json\/wp\/v2\/media?parent=715"}],"curies":[{"name":"wp","href":"https:\/\/api.w.org\/{rel}","templated":true}]}}