{"id":741,"date":"2023-01-08T18:17:40","date_gmt":"2023-01-08T18:17:40","guid":{"rendered":"https:\/\/educatehub.eu\/?page_id=741"},"modified":"2023-10-12T16:33:10","modified_gmt":"2023-10-12T14:33:10","slug":"best-practices-educators","status":"publish","type":"page","link":"https:\/\/educatehub.eu\/hu\/best-practices-educators\/","title":{"rendered":"Best Practices &#8211; Professional Development For Educators"},"content":{"rendered":"<div data-elementor-type=\"wp-page\" data-elementor-id=\"741\" class=\"elementor elementor-741\" data-elementor-post-type=\"page\">\n\t\t\t\t\t\t<section class=\"elementor-section elementor-top-section elementor-element elementor-element-76ee3949 elementor-section-boxed elementor-section-height-default elementor-section-height-default\" data-id=\"76ee3949\" data-element_type=\"section\">\n\t\t\t\t\t\t<div class=\"elementor-container elementor-column-gap-default\">\n\t\t\t\t\t<div class=\"elementor-column elementor-col-50 elementor-top-column elementor-element elementor-element-2f57c6dd\" data-id=\"2f57c6dd\" data-element_type=\"column\">\n\t\t\t<div class=\"elementor-widget-wrap elementor-element-populated\">\n\t\t\t\t\t\t<div class=\"elementor-element elementor-element-795903e2 elementor-widget elementor-widget-image\" data-id=\"795903e2\" data-element_type=\"widget\" data-widget_type=\"image.default\">\n\t\t\t\t<div class=\"elementor-widget-container\">\n\t\t\t\t\t\t\t\t\t\t\t\t\t\t\t<img fetchpriority=\"high\" decoding=\"async\" width=\"640\" height=\"960\" src=\"https:\/\/educatehub.eu\/wp-content\/uploads\/2023\/01\/artem-maltsev-0CvHQ62gwY8-unsplash-683x1024.jpg\" class=\"attachment-large size-large wp-image-726\" alt=\"\" srcset=\"https:\/\/educatehub.eu\/wp-content\/uploads\/2023\/01\/artem-maltsev-0CvHQ62gwY8-unsplash-683x1024.jpg 683w, https:\/\/educatehub.eu\/wp-content\/uploads\/2023\/01\/artem-maltsev-0CvHQ62gwY8-unsplash-200x300.jpg 200w, https:\/\/educatehub.eu\/wp-content\/uploads\/2023\/01\/artem-maltsev-0CvHQ62gwY8-unsplash-768x1152.jpg 768w, https:\/\/educatehub.eu\/wp-content\/uploads\/2023\/01\/artem-maltsev-0CvHQ62gwY8-unsplash-1024x1536.jpg 1024w, https:\/\/educatehub.eu\/wp-content\/uploads\/2023\/01\/artem-maltsev-0CvHQ62gwY8-unsplash-1365x2048.jpg 1365w, https:\/\/educatehub.eu\/wp-content\/uploads\/2023\/01\/artem-maltsev-0CvHQ62gwY8-unsplash-8x12.jpg 8w, https:\/\/educatehub.eu\/wp-content\/uploads\/2023\/01\/artem-maltsev-0CvHQ62gwY8-unsplash-624x936.jpg 624w, https:\/\/educatehub.eu\/wp-content\/uploads\/2023\/01\/artem-maltsev-0CvHQ62gwY8-unsplash-scaled.jpg 1707w\" sizes=\"(max-width: 640px) 100vw, 640px\" \/>\t\t\t\t\t\t\t\t\t\t\t\t\t\t\t<\/div>\n\t\t\t\t<\/div>\n\t\t\t\t\t<\/div>\n\t\t<\/div>\n\t\t\t\t<div class=\"elementor-column elementor-col-50 elementor-top-column elementor-element elementor-element-3e30b707\" data-id=\"3e30b707\" data-element_type=\"column\">\n\t\t\t<div class=\"elementor-widget-wrap elementor-element-populated\">\n\t\t\t\t\t\t<div class=\"elementor-element elementor-element-37772a3d elementor-widget elementor-widget-text-editor\" data-id=\"37772a3d\" data-element_type=\"widget\" data-widget_type=\"text-editor.default\">\n\t\t\t\t<div class=\"elementor-widget-container\">\n\t\t\t\t\t<div class=\"bb-theme-elementor-wrap bb-elementor-custom-family\">\t\t\t\t<h3><strong>A \"Feln\u0151ttoktat\u00f3i k\u00fcldet\u00e9s: sz\u00e1rnyakat adni a tanul\u00f3nak\" projekt<\/strong><\/h3>\t\t\t\t<\/div>\t\t\t\t<\/div>\n\t\t\t\t<\/div>\n\t\t\t\t<div class=\"elementor-element elementor-element-47f348eb elementor-widget elementor-widget-text-editor\" data-id=\"47f348eb\" data-element_type=\"widget\" data-widget_type=\"text-editor.default\">\n\t\t\t\t<div class=\"elementor-widget-container\">\n\t\t\t\t\t\t\t\t\t<p>A \"Feln\u0151ttoktat\u00f3i k\u00fcldet\u00e9s: adjunk sz\u00e1rnyakat a tanul\u00f3nak\" c\u00edm\u0171 projektet \u00f6t feln\u0151ttk\u00e9pz\u0151 int\u00e9zm\u00e9ny konzorciuma k\u00e9sz\u00edti el\u0151: Feln\u0151ttk\u00e9pz\u00e9si Sz\u00f6vets\u00e9g (LS\u0160A), Kaunas Region\u00e1lis Oktat\u00e1si K\u00f6zpont, Panevezys ker\u00fcleti Oktat\u00e1si K\u00f6zpont, \u00c9let \u00e9s Hit Int\u00e9zet \u00e9s Raseiniai ker\u00fcleti Oktat\u00e1si Seg\u00edt\u0151szolg\u00e1lat.<\/p>\t\t\t\t\t\t\t\t<\/div>\n\t\t\t\t<\/div>\n\t\t\t\t<div class=\"elementor-element elementor-element-61a81052 elementor-widget elementor-widget-text-editor\" data-id=\"61a81052\" data-element_type=\"widget\" data-widget_type=\"text-editor.default\">\n\t\t\t\t<div class=\"elementor-widget-container\">\n\t\t\t\t\t<div class=\"bb-theme-elementor-wrap bb-elementor-custom-family\">\t\t\t\t<p>A projekt az EU \u00e9s Litv\u00e1nia oktat\u00e1spolitik\u00e1j\u00e1ra vonatkoz\u00f3 strat\u00e9giai dokumentumokban le\u00edrt, a mai feln\u0151ttoktat\u00f3val (andrag\u00f3g) szemben t\u00e1masztott k\u00f6vetelm\u00e9nyekre v\u00e1laszul k\u00e9sz\u00fclt. <\/p>\t\t\t\t<\/div>\t\t\t\t<\/div>\n\t\t\t\t<\/div>\n\t\t\t\t<div class=\"elementor-element elementor-element-727e4d5d elementor-widget elementor-widget-text-editor\" data-id=\"727e4d5d\" data-element_type=\"widget\" data-widget_type=\"text-editor.default\">\n\t\t\t\t<div class=\"elementor-widget-container\">\n\t\t\t\t\t<div class=\"bb-theme-elementor-wrap bb-elementor-custom-family\">\t\t\t\t<p>A konzorcium \u00e1ltal biztos\u00edtott mobilit\u00e1s c\u00e9lja a feln\u0151tt tanul\u00f3k tan\u00edt\u00e1s\u00e1nak \u00e9s tanul\u00e1s\u00e1nak min\u0151s\u00e9g\u00e9nek jav\u00edt\u00e1sa a konzorcium tagjai szem\u00e9lyzet\u00e9nek kompetenci\u00e1inak n\u00f6vel\u00e9s\u00e9vel h\u00e1rom ter\u00fcleten:<\/p><ul><li>A feln\u0151tt tanul\u00f3k k\u00e9pess\u00e9 t\u00e9tele \u00e9s az \u00f6n\u00e1ll\u00f3 tanul\u00e1si k\u00e9pess\u00e9g\u00fck n\u00f6vel\u00e9se.<\/li><li>A k\u00fcl\u00f6nb\u00f6z\u0151 tanul\u00e1si ig\u00e9nyekkel, motiv\u00e1ci\u00f3val \u00e9s kor\u00e1bbi tanul\u00e1si tapasztalatokkal rendelkez\u0151 feln\u0151tt tanul\u00f3k tan\u00edt\u00e1s\u00e1nak m\u00f3dszerei \u00e9s form\u00e1i.7<\/li><li>Tan\u00e1csad\u00e1s a karrierfejleszt\u00e9ssel, \u00e9letp\u00e1ly\u00e1val, tov\u00e1bbtanul\u00e1ssal \u00e9s szakmai seg\u00edts\u00e9gny\u00fajt\u00e1ssal kapcsolatban.<\/li><\/ul><p>A projekt \u00f6tlet\u00e9t, megval\u00f3s\u00edt\u00e1s\u00e1t \u00e9s eredm\u00e9ny\u00e9t az LS\u0160A weboldal\u00e1n \u00e9s az LS\u0160A Facebook oldal\u00e1n, a konzorciumi partnerek weboldalain \u00e9s Facebookon oldalain kereszt\u00fcl, valamint a helyi, region\u00e1lis \u00e9s orsz\u00e1gos m\u00e9di\u00e1ban \u00e9s az EPALE-ben terjesztik.<\/p>\t\t\t\t<\/div>\t\t\t\t<\/div>\n\t\t\t\t<\/div>\n\t\t\t\t\t<\/div>\n\t\t<\/div>\n\t\t\t\t\t<\/div>\n\t\t<\/section>\n\t\t\t\t<section class=\"elementor-section elementor-top-section elementor-element elementor-element-62183769 elementor-section-boxed elementor-section-height-default elementor-section-height-default\" data-id=\"62183769\" data-element_type=\"section\">\n\t\t\t\t\t\t<div class=\"elementor-container elementor-column-gap-default\">\n\t\t\t\t\t<div class=\"elementor-column elementor-col-100 elementor-top-column elementor-element elementor-element-7c6a0626\" data-id=\"7c6a0626\" data-element_type=\"column\">\n\t\t\t<div class=\"elementor-widget-wrap elementor-element-populated\">\n\t\t\t\t\t\t<div class=\"elementor-element elementor-element-89e048a elementor-widget-divider--view-line elementor-widget elementor-widget-divider\" data-id=\"89e048a\" data-element_type=\"widget\" data-widget_type=\"divider.default\">\n\t\t\t\t<div class=\"elementor-widget-container\">\n\t\t\t\t\t\t\t<div class=\"elementor-divider\">\n\t\t\t<span class=\"elementor-divider-separator\">\n\t\t\t\t\t\t<\/span>\n\t\t<\/div>\n\t\t\t\t\t\t<\/div>\n\t\t\t\t<\/div>\n\t\t\t\t\t<\/div>\n\t\t<\/div>\n\t\t\t\t\t<\/div>\n\t\t<\/section>\n\t\t\t\t<section class=\"elementor-section elementor-top-section elementor-element elementor-element-11bf499c elementor-section-boxed elementor-section-height-default elementor-section-height-default\" data-id=\"11bf499c\" data-element_type=\"section\">\n\t\t\t\t\t\t<div class=\"elementor-container elementor-column-gap-default\">\n\t\t\t\t\t<div class=\"elementor-column elementor-col-50 elementor-top-column elementor-element elementor-element-dcd45b7\" data-id=\"dcd45b7\" data-element_type=\"column\">\n\t\t\t<div class=\"elementor-widget-wrap elementor-element-populated\">\n\t\t\t\t\t\t<div class=\"elementor-element elementor-element-249f79cc elementor-widget elementor-widget-text-editor\" data-id=\"249f79cc\" data-element_type=\"widget\" data-widget_type=\"text-editor.default\">\n\t\t\t\t<div class=\"elementor-widget-container\">\n\t\t\t\t\t<div class=\"bb-theme-elementor-wrap bb-elementor-custom-family\">\t\t\t\t<h3><strong>K\u00e9pzett oktat\u00f3k, er\u0151sebb sz\u00f6vetkezetek Strat\u00e9giai partners\u00e9gek<\/strong><\/h3>\t\t\t\t<\/div>\t\t\t\t<\/div>\n\t\t\t\t<\/div>\n\t\t\t\t<div class=\"elementor-element elementor-element-1f19b63e elementor-widget elementor-widget-text-editor\" data-id=\"1f19b63e\" data-element_type=\"widget\" data-widget_type=\"text-editor.default\">\n\t\t\t\t<div class=\"elementor-widget-container\">\n\t\t\t\t\t<div class=\"bb-theme-elementor-wrap bb-elementor-custom-family\">\t\t\t\t<p>A projekt j\u00f3 p\u00e9lda a feln\u0151ttoktat\u00e1sra, annak minden ter\u00fclet\u00e9n. Els\u0151sorban a nyilv\u00e1noss\u00e1got \u00e9s sz\u00e1mos egyes\u00fcletet vonnak be. M\u00e1sodszor, a projekt f\u0151 c\u00e9lja a feln\u0151ttk\u00e9pz\u00e9shez kapcsol\u00f3dik. Emellett a projekt eredm\u00e9nyei is a feln\u0151ttk\u00e9pz\u00e9sr\u0151l sz\u00f3lnak.<\/p>\t\t\t\t<\/div>\t\t\t\t<\/div>\n\t\t\t\t<\/div>\n\t\t\t\t\t<\/div>\n\t\t<\/div>\n\t\t\t\t<div class=\"elementor-column elementor-col-50 elementor-top-column elementor-element elementor-element-3d924050\" data-id=\"3d924050\" data-element_type=\"column\">\n\t\t\t<div class=\"elementor-widget-wrap elementor-element-populated\">\n\t\t\t\t\t\t<div class=\"elementor-element elementor-element-63f091d8 elementor-widget elementor-widget-image\" data-id=\"63f091d8\" data-element_type=\"widget\" data-widget_type=\"image.default\">\n\t\t\t\t<div class=\"elementor-widget-container\">\n\t\t\t\t\t\t\t\t\t\t\t\t\t\t\t<img decoding=\"async\" width=\"640\" height=\"480\" src=\"https:\/\/educatehub.eu\/wp-content\/uploads\/2023\/01\/sebastien-bonneval-UIpFY1Umamw-unsplash-1024x768.jpg\" class=\"attachment-large size-large wp-image-838\" alt=\"\" srcset=\"https:\/\/educatehub.eu\/wp-content\/uploads\/2023\/01\/sebastien-bonneval-UIpFY1Umamw-unsplash-1024x768.jpg 1024w, https:\/\/educatehub.eu\/wp-content\/uploads\/2023\/01\/sebastien-bonneval-UIpFY1Umamw-unsplash-300x225.jpg 300w, https:\/\/educatehub.eu\/wp-content\/uploads\/2023\/01\/sebastien-bonneval-UIpFY1Umamw-unsplash-768x576.jpg 768w, https:\/\/educatehub.eu\/wp-content\/uploads\/2023\/01\/sebastien-bonneval-UIpFY1Umamw-unsplash-1536x1152.jpg 1536w, https:\/\/educatehub.eu\/wp-content\/uploads\/2023\/01\/sebastien-bonneval-UIpFY1Umamw-unsplash-16x12.jpg 16w, https:\/\/educatehub.eu\/wp-content\/uploads\/2023\/01\/sebastien-bonneval-UIpFY1Umamw-unsplash-624x468.jpg 624w, https:\/\/educatehub.eu\/wp-content\/uploads\/2023\/01\/sebastien-bonneval-UIpFY1Umamw-unsplash.jpg 1920w\" sizes=\"(max-width: 640px) 100vw, 640px\" \/>\t\t\t\t\t\t\t\t\t\t\t\t\t\t\t<\/div>\n\t\t\t\t<\/div>\n\t\t\t\t\t<\/div>\n\t\t<\/div>\n\t\t\t\t\t<\/div>\n\t\t<\/section>\n\t\t\t\t<section class=\"elementor-section elementor-top-section elementor-element elementor-element-16aa61f3 elementor-section-boxed elementor-section-height-default elementor-section-height-default\" data-id=\"16aa61f3\" data-element_type=\"section\">\n\t\t\t\t\t\t<div class=\"elementor-container elementor-column-gap-default\">\n\t\t\t\t\t<div class=\"elementor-column elementor-col-100 elementor-top-column elementor-element elementor-element-1c109caf\" data-id=\"1c109caf\" data-element_type=\"column\">\n\t\t\t<div class=\"elementor-widget-wrap elementor-element-populated\">\n\t\t\t\t\t\t<div class=\"elementor-element elementor-element-73904ca9 elementor-widget-divider--view-line elementor-widget elementor-widget-divider\" data-id=\"73904ca9\" data-element_type=\"widget\" data-widget_type=\"divider.default\">\n\t\t\t\t<div class=\"elementor-widget-container\">\n\t\t\t\t\t\t\t<div class=\"elementor-divider\">\n\t\t\t<span class=\"elementor-divider-separator\">\n\t\t\t\t\t\t<\/span>\n\t\t<\/div>\n\t\t\t\t\t\t<\/div>\n\t\t\t\t<\/div>\n\t\t\t\t\t<\/div>\n\t\t<\/div>\n\t\t\t\t\t<\/div>\n\t\t<\/section>\n\t\t\t\t<section class=\"elementor-section elementor-top-section elementor-element elementor-element-43993832 elementor-section-boxed elementor-section-height-default elementor-section-height-default\" data-id=\"43993832\" data-element_type=\"section\">\n\t\t\t\t\t\t<div class=\"elementor-container elementor-column-gap-default\">\n\t\t\t\t\t<div class=\"elementor-column elementor-col-50 elementor-top-column elementor-element elementor-element-1820ec4d\" data-id=\"1820ec4d\" data-element_type=\"column\">\n\t\t\t<div class=\"elementor-widget-wrap elementor-element-populated\">\n\t\t\t\t\t\t<div class=\"elementor-element elementor-element-2ac42278 elementor-widget elementor-widget-image\" data-id=\"2ac42278\" data-element_type=\"widget\" data-widget_type=\"image.default\">\n\t\t\t\t<div class=\"elementor-widget-container\">\n\t\t\t\t\t\t\t\t\t\t\t\t\t\t\t<img decoding=\"async\" width=\"640\" height=\"960\" src=\"https:\/\/educatehub.eu\/wp-content\/uploads\/2023\/01\/kelly-sikkema-K5dAn1gOFEc-unsplash-683x1024.jpg\" class=\"attachment-large size-large wp-image-724\" alt=\"\" srcset=\"https:\/\/educatehub.eu\/wp-content\/uploads\/2023\/01\/kelly-sikkema-K5dAn1gOFEc-unsplash-683x1024.jpg 683w, https:\/\/educatehub.eu\/wp-content\/uploads\/2023\/01\/kelly-sikkema-K5dAn1gOFEc-unsplash-200x300.jpg 200w, https:\/\/educatehub.eu\/wp-content\/uploads\/2023\/01\/kelly-sikkema-K5dAn1gOFEc-unsplash-768x1152.jpg 768w, https:\/\/educatehub.eu\/wp-content\/uploads\/2023\/01\/kelly-sikkema-K5dAn1gOFEc-unsplash-1024x1536.jpg 1024w, https:\/\/educatehub.eu\/wp-content\/uploads\/2023\/01\/kelly-sikkema-K5dAn1gOFEc-unsplash-1365x2048.jpg 1365w, https:\/\/educatehub.eu\/wp-content\/uploads\/2023\/01\/kelly-sikkema-K5dAn1gOFEc-unsplash-8x12.jpg 8w, https:\/\/educatehub.eu\/wp-content\/uploads\/2023\/01\/kelly-sikkema-K5dAn1gOFEc-unsplash-624x936.jpg 624w, https:\/\/educatehub.eu\/wp-content\/uploads\/2023\/01\/kelly-sikkema-K5dAn1gOFEc-unsplash-scaled.jpg 1707w\" sizes=\"(max-width: 640px) 100vw, 640px\" \/>\t\t\t\t\t\t\t\t\t\t\t\t\t\t\t<\/div>\n\t\t\t\t<\/div>\n\t\t\t\t\t<\/div>\n\t\t<\/div>\n\t\t\t\t<div class=\"elementor-column elementor-col-50 elementor-top-column elementor-element elementor-element-2b2bc700\" data-id=\"2b2bc700\" data-element_type=\"column\">\n\t\t\t<div class=\"elementor-widget-wrap elementor-element-populated\">\n\t\t\t\t\t\t<div class=\"elementor-element elementor-element-29b4b024 elementor-widget elementor-widget-text-editor\" data-id=\"29b4b024\" data-element_type=\"widget\" data-widget_type=\"text-editor.default\">\n\t\t\t\t<div class=\"elementor-widget-container\">\n\t\t\t\t\t<div class=\"bb-theme-elementor-wrap bb-elementor-custom-family\">\t\t\t\t<h3><strong>\"Min\u0151s\u00e9gbiztos\u00edt\u00e1s a feln\u0151ttoktat\u00e1sban\" projekt<\/strong><\/h3><p>A Nordplus projekt c\u00e9lja a nem form\u00e1lis feln\u0151ttoktat\u00e1sban r\u00e9szt vev\u0151 szolg\u00e1ltat\u00f3k sz\u00e1m\u00e1ra az EQM (European Quality Mark) min\u0151s\u00e9gi akkredit\u00e1ci\u00f3s rendszer jav\u00edt\u00e1sa \u00e9s fejleszt\u00e9se. Sz\u00e1nd\u00e9kunkban \u00e1ll tov\u00e1bb\u00e1 fel\u00fclvizsg\u00e1lni \u00e9s jav\u00edtani a szabv\u00e1nyokat, krit\u00e9riumokat \u00e9s az akkredit\u00e1ci\u00f3s folyamatot, hogy az EQM eg\u00e9sze naprak\u00e9sz legyen a feln\u0151ttkori tanul\u00e1s min\u0151s\u00e9g\u00e9r\u0151l sz\u00f3l\u00f3 \u00faj aj\u00e1nl\u00e1si keretrendszerrel, amelyet 2013 okt\u00f3ber\u00e9ben ind\u00edtott el az EU Bizotts\u00e1g megb\u00edz\u00e1s\u00e1b\u00f3l m\u0171k\u00f6d\u0151, a feln\u0151ttkori tanul\u00e1s min\u0151s\u00e9g\u00e9vel foglalkoz\u00f3 tematikus munkacsoport.<\/p>\t\t\t\t<\/div>\t\t\t\t<\/div>\n\t\t\t\t<\/div>\n\t\t\t\t<div class=\"elementor-element elementor-element-35164d04 elementor-widget elementor-widget-text-editor\" data-id=\"35164d04\" data-element_type=\"widget\" data-widget_type=\"text-editor.default\">\n\t\t\t\t<div class=\"elementor-widget-container\">\n\t\t\t\t\t<div class=\"bb-theme-elementor-wrap bb-elementor-custom-family\">\t\t\t\t<p>A fejleszt\u00e9s r\u00e9sze lesz a k\u00fcls\u0151 \u00e9rt\u00e9kel\u0151k\/tr\u00e9nerek sz\u00e1m\u00e1ra szervezett k\u00e9pz\u00e9s, mivel az \u0151 feladatuk nem csup\u00e1n az, hogy az EQM szabv\u00e1nyai \u00e9s krit\u00e9riumai alapj\u00e1n \u00e9rt\u00e9kelj\u00e9k a tanul\u00e1si k\u00edn\u00e1latot, hanem az is, hogy t\u00e1mogass\u00e1k a tanul\u00e1si szolg\u00e1ltat\u00f3kat munk\u00e1juk min\u0151s\u00e9g\u00e9nek jav\u00edt\u00e1s\u00e1ban, \u00e9s fenntarthat\u00f3 min\u0151s\u00e9gi kult\u00far\u00e1t \u00e9p\u00edtsenek ki a tanul\u00e1si szolg\u00e1ltat\u00f3 szervezet\u00e9n bel\u00fcl.<\/p>\t\t\t\t<\/div>\t\t\t\t<\/div>\n\t\t\t\t<\/div>\n\t\t\t\t\t<\/div>\n\t\t<\/div>\n\t\t\t\t\t<\/div>\n\t\t<\/section>\n\t\t\t\t<section class=\"elementor-section elementor-top-section elementor-element elementor-element-20cf5f6e elementor-section-boxed elementor-section-height-default elementor-section-height-default\" data-id=\"20cf5f6e\" data-element_type=\"section\">\n\t\t\t\t\t\t<div class=\"elementor-container elementor-column-gap-default\">\n\t\t\t\t\t<div class=\"elementor-column elementor-col-100 elementor-top-column elementor-element elementor-element-58777ffc\" data-id=\"58777ffc\" data-element_type=\"column\">\n\t\t\t<div class=\"elementor-widget-wrap\">\n\t\t\t\t\t\t\t<\/div>\n\t\t<\/div>\n\t\t\t\t\t<\/div>\n\t\t<\/section>\n\t\t\t\t<section class=\"elementor-section elementor-top-section elementor-element elementor-element-594ff4d7 elementor-section-boxed elementor-section-height-default elementor-section-height-default\" data-id=\"594ff4d7\" data-element_type=\"section\" data-settings=\"{&quot;background_background&quot;:&quot;classic&quot;}\">\n\t\t\t\t\t\t<div class=\"elementor-container elementor-column-gap-default\">\n\t\t\t\t\t<div class=\"elementor-column elementor-col-100 elementor-top-column elementor-element elementor-element-25668fe8\" data-id=\"25668fe8\" data-element_type=\"column\" data-settings=\"{&quot;background_background&quot;:&quot;classic&quot;}\">\n\t\t\t<div class=\"elementor-widget-wrap elementor-element-populated\">\n\t\t\t\t\t\t<section class=\"elementor-section elementor-inner-section elementor-element elementor-element-5900f228 elementor-section-content-middle elementor-section-boxed elementor-section-height-default elementor-section-height-default\" data-id=\"5900f228\" data-element_type=\"section\">\n\t\t\t\t\t\t<div class=\"elementor-container elementor-column-gap-default\">\n\t\t\t\t\t<div class=\"elementor-column elementor-col-50 elementor-inner-column elementor-element elementor-element-557ac0b9\" data-id=\"557ac0b9\" data-element_type=\"column\">\n\t\t\t<div class=\"elementor-widget-wrap elementor-element-populated\">\n\t\t\t\t\t\t<div class=\"elementor-element elementor-element-210cb97e elementor-widget elementor-widget-heading\" data-id=\"210cb97e\" data-element_type=\"widget\" data-widget_type=\"heading.default\">\n\t\t\t\t<div class=\"elementor-widget-container\">\n\t\t\t\t\t<h3 class=\"elementor-heading-title elementor-size-default\">\u00c9rdekelnek a tov\u00e1bbi r\u00e9szletek?<\/h3>\t\t\t\t<\/div>\n\t\t\t\t<\/div>\n\t\t\t\t<div class=\"elementor-element elementor-element-2db7215d elementor-widget elementor-widget-text-editor\" data-id=\"2db7215d\" data-element_type=\"widget\" data-widget_type=\"text-editor.default\">\n\t\t\t\t<div class=\"elementor-widget-container\">\n\t\t\t\t\t\t\t\t\t<p>Regisztr\u00e1lj INGYENESEN \u00e9s olvasd el a 6 orsz\u00e1g legjobb gyakorlatainak r\u00e9szletes le\u00edr\u00e1s\u00e1t!\u00a0<\/p>\t\t\t\t\t\t\t\t<\/div>\n\t\t\t\t<\/div>\n\t\t\t\t\t<\/div>\n\t\t<\/div>\n\t\t\t\t<div class=\"elementor-column elementor-col-50 elementor-inner-column elementor-element elementor-element-711bb2eb\" data-id=\"711bb2eb\" data-element_type=\"column\">\n\t\t\t<div class=\"elementor-widget-wrap elementor-element-populated\">\n\t\t\t\t\t\t<div class=\"elementor-element elementor-element-62a356c elementor-align-center elementor-tablet-align-center elementor-widget elementor-widget-button\" data-id=\"62a356c\" data-element_type=\"widget\" data-widget_type=\"button.default\">\n\t\t\t\t<div class=\"elementor-widget-container\">\n\t\t\t\t\t\t\t\t\t<div class=\"elementor-button-wrapper\">\n\t\t\t\t\t<a class=\"elementor-button elementor-button-link elementor-size-sm elementor-animation-float\" href=\"\/hu\/register\/\">\n\t\t\t\t\t\t<span class=\"elementor-button-content-wrapper\">\n\t\t\t\t\t\t\t\t\t<span class=\"elementor-button-text\">REGISZTR\u00c1CI\u00d3<\/span>\n\t\t\t\t\t<\/span>\n\t\t\t\t\t<\/a>\n\t\t\t\t<\/div>\n\t\t\t\t\t\t\t\t<\/div>\n\t\t\t\t<\/div>\n\t\t\t\t\t<\/div>\n\t\t<\/div>\n\t\t\t\t\t<\/div>\n\t\t<\/section>\n\t\t\t\t\t<\/div>\n\t\t<\/div>\n\t\t\t\t\t<\/div>\n\t\t<\/section>\n\t\t\t\t<\/div>","protected":false},"excerpt":{"rendered":"<p>The project \u201cAdult educator\u2019s mission: give the learner wings\u201d The project \u201cAdult educator\u2019s mission: give the learner wings\u201d is prepared by the consortium of five&hellip;<\/p>","protected":false},"author":1,"featured_media":0,"parent":0,"menu_order":0,"comment_status":"closed","ping_status":"closed","template":"","meta":{"footnotes":""},"class_list":["post-741","page","type-page","status-publish","hentry"],"_links":{"self":[{"href":"https:\/\/educatehub.eu\/hu\/wp-json\/wp\/v2\/pages\/741","targetHints":{"allow":["GET"]}}],"collection":[{"href":"https:\/\/educatehub.eu\/hu\/wp-json\/wp\/v2\/pages"}],"about":[{"href":"https:\/\/educatehub.eu\/hu\/wp-json\/wp\/v2\/types\/page"}],"author":[{"embeddable":true,"href":"https:\/\/educatehub.eu\/hu\/wp-json\/wp\/v2\/users\/1"}],"replies":[{"embeddable":true,"href":"https:\/\/educatehub.eu\/hu\/wp-json\/wp\/v2\/comments?post=741"}],"version-history":[{"count":26,"href":"https:\/\/educatehub.eu\/hu\/wp-json\/wp\/v2\/pages\/741\/revisions"}],"predecessor-version":[{"id":2432,"href":"https:\/\/educatehub.eu\/hu\/wp-json\/wp\/v2\/pages\/741\/revisions\/2432"}],"wp:attachment":[{"href":"https:\/\/educatehub.eu\/hu\/wp-json\/wp\/v2\/media?parent=741"}],"curies":[{"name":"wp","href":"https:\/\/api.w.org\/{rel}","templated":true}]}}