{"id":822,"date":"2023-01-08T18:53:44","date_gmt":"2023-01-08T18:53:44","guid":{"rendered":"https:\/\/educatehub.eu\/?page_id=822"},"modified":"2023-10-12T16:24:55","modified_gmt":"2023-10-12T14:24:55","slug":"best-practices-community","status":"publish","type":"page","link":"https:\/\/educatehub.eu\/hu\/best-practices-community\/","title":{"rendered":"Best Practices &#8211; Community Engagement and Economic Development"},"content":{"rendered":"<div data-elementor-type=\"wp-page\" data-elementor-id=\"822\" class=\"elementor elementor-822\" data-elementor-post-type=\"page\">\n\t\t\t\t\t\t<section class=\"elementor-section elementor-top-section elementor-element elementor-element-2b381a4b elementor-section-boxed elementor-section-height-default elementor-section-height-default\" data-id=\"2b381a4b\" data-element_type=\"section\">\n\t\t\t\t\t\t<div class=\"elementor-container elementor-column-gap-default\">\n\t\t\t\t\t<div class=\"elementor-column elementor-col-50 elementor-top-column elementor-element elementor-element-1c2d3993\" data-id=\"1c2d3993\" data-element_type=\"column\">\n\t\t\t<div class=\"elementor-widget-wrap elementor-element-populated\">\n\t\t\t\t\t\t<div class=\"elementor-element elementor-element-37aa20be elementor-widget elementor-widget-image\" data-id=\"37aa20be\" data-element_type=\"widget\" data-widget_type=\"image.default\">\n\t\t\t\t<div class=\"elementor-widget-container\">\n\t\t\t\t\t\t\t\t\t\t\t\t\t\t\t<img fetchpriority=\"high\" decoding=\"async\" width=\"640\" height=\"960\" src=\"https:\/\/educatehub.eu\/wp-content\/uploads\/2023\/01\/annie-spratt-MChSQHxGZrQ-unsplash-683x1024.jpg\" class=\"attachment-large size-large wp-image-783\" alt=\"\" srcset=\"https:\/\/educatehub.eu\/wp-content\/uploads\/2023\/01\/annie-spratt-MChSQHxGZrQ-unsplash-683x1024.jpg 683w, https:\/\/educatehub.eu\/wp-content\/uploads\/2023\/01\/annie-spratt-MChSQHxGZrQ-unsplash-200x300.jpg 200w, https:\/\/educatehub.eu\/wp-content\/uploads\/2023\/01\/annie-spratt-MChSQHxGZrQ-unsplash-768x1152.jpg 768w, https:\/\/educatehub.eu\/wp-content\/uploads\/2023\/01\/annie-spratt-MChSQHxGZrQ-unsplash-1024x1536.jpg 1024w, https:\/\/educatehub.eu\/wp-content\/uploads\/2023\/01\/annie-spratt-MChSQHxGZrQ-unsplash-1366x2048.jpg 1366w, https:\/\/educatehub.eu\/wp-content\/uploads\/2023\/01\/annie-spratt-MChSQHxGZrQ-unsplash-8x12.jpg 8w, https:\/\/educatehub.eu\/wp-content\/uploads\/2023\/01\/annie-spratt-MChSQHxGZrQ-unsplash-624x936.jpg 624w, https:\/\/educatehub.eu\/wp-content\/uploads\/2023\/01\/annie-spratt-MChSQHxGZrQ-unsplash-scaled.jpg 1707w\" sizes=\"(max-width: 640px) 100vw, 640px\" \/>\t\t\t\t\t\t\t\t\t\t\t\t\t\t\t<\/div>\n\t\t\t\t<\/div>\n\t\t\t\t<div class=\"elementor-element elementor-element-270afc1d elementor-widget elementor-widget-text-editor\" data-id=\"270afc1d\" data-element_type=\"widget\" data-widget_type=\"text-editor.default\">\n\t\t\t\t<div class=\"elementor-widget-container\">\n\t\t\t\t\t<div class=\"bb-theme-elementor-wrap bb-elementor-custom-family\">\t\t\t\t<p>T\u00f6bb mint 50 k\u00e9pz\u00e9st dolgoztak ki \u00e9s biztos\u00edtottak a c\u00e9lcsoport sz\u00e1m\u00e1ra, a fent eml\u00edtett tanfolyamok olyan t\u00e9mak\u00f6r\u00f6kh\u00f6z kapcsol\u00f3dnak, mint: adatfeldolgoz\u00e1s, adatelemz\u00e9s, szem\u00e9lyes adatok v\u00e9delme, k\u00e9pszerkeszt\u00e9s grafikai eszk\u00f6zei, Facebook-os lehet\u0151s\u00e9gek az \u00fczleti tev\u00e9kenys\u00e9g el\u0151mozd\u00edt\u00e1s\u00e1ra, IKT-megold\u00e1sok a v\u00e1llalkoz\u00e1s p\u00e9nz\u00fcgyi ir\u00e1ny\u00edt\u00e1s\u00e1hoz, weboldal-fejleszt\u00e9s, marketingkamp\u00e1nyok, k\u00f6z\u00f6ss\u00e9gi h\u00e1l\u00f3zati marketing, IKT-biztons\u00e1g, sz\u00e1m\u00edt\u00f3g\u00e9pes k\u00f6nyvel\u00e9s, felh\u0151alap\u00fa megold\u00e1sok, e-kereskedelem, multim\u00e9di\u00e1s eszk\u00f6z\u00f6k, piacelemz\u00e9s, projektmenedzsment \u00e9s sz\u00e1mos m\u00e1s.<\/p>\t\t\t\t<\/div>\t\t\t\t<\/div>\n\t\t\t\t<\/div>\n\t\t\t\t\t<\/div>\n\t\t<\/div>\n\t\t\t\t<div class=\"elementor-column elementor-col-50 elementor-top-column elementor-element elementor-element-1a527e0d\" data-id=\"1a527e0d\" data-element_type=\"column\">\n\t\t\t<div class=\"elementor-widget-wrap elementor-element-populated\">\n\t\t\t\t\t\t<div class=\"elementor-element elementor-element-7c1b921a elementor-widget elementor-widget-text-editor\" data-id=\"7c1b921a\" data-element_type=\"widget\" data-widget_type=\"text-editor.default\">\n\t\t\t\t<div class=\"elementor-widget-container\">\n\t\t\t\t\t<div class=\"bb-theme-elementor-wrap bb-elementor-custom-family\">\t\t\t\t<h3><strong>\"Kis- \u00e9s mikrov\u00e1llalkoz\u00e1sok k\u00e9pz\u00e9se az innov\u00e1ci\u00f3 \u00e9s a digit\u00e1lis technol\u00f3gia fejleszt\u00e9se \u00e9rdek\u00e9ben Lettorsz\u00e1gban\"<\/strong><\/h3>\t\t\t\t<\/div>\t\t\t\t<\/div>\n\t\t\t\t<\/div>\n\t\t\t\t<div class=\"elementor-element elementor-element-24dd7651 elementor-widget elementor-widget-text-editor\" data-id=\"24dd7651\" data-element_type=\"widget\" data-widget_type=\"text-editor.default\">\n\t\t\t\t<div class=\"elementor-widget-container\">\n\t\t\t\t\t\t\t\t\t<p>A projekt f\u0151 tev\u00e9kenys\u00e9gei, a m\u00f3dszertan l\u00e9p\u00e9seinek tartalma:<\/p><ul><li>A c\u00e9lcsoport k\u00e9pz\u00e9si sz\u00fcks\u00e9gletelemz\u00e9se a LIKTA-val (Inform\u00e1ci\u00f3s \u00e9s Kommunik\u00e1ci\u00f3s Technol\u00f3giai Sz\u00f6vets\u00e9g) \u00e9s az IKT-\u00e1gazat \u00e9rdekelt feleivel egy\u00fcttm\u0171k\u00f6dve, a k\u00e9pz\u00e9si tantervek relevanci\u00e1j\u00e1nak, a konkr\u00e9t tanul\u00e1si \u00fatvonalaknak \u00e9s a meghat\u00e1rozott tanul\u00e1si eredm\u00e9nyeknek a biztos\u00edt\u00e1sa \u00e9rdek\u00e9ben;<\/li><li>K\u00e9pz\u00e9si tantervek kidolgoz\u00e1sa az IKT, az innovat\u00edv technol\u00f3gi\u00e1k \u00e9s az \u00fczletfejleszt\u00e9s t\u00e9mak\u00f6r\u00e9ben;<\/li><li>Kompetencia\u00e9rt\u00e9kel\u0151 tesztek kidolgoz\u00e1sa;<\/li><li>K\u00e9pz\u00e9s ny\u00fajt\u00e1sa kis- \u00e9s mikrov\u00e1llalkoz\u00e1sok alkalmazottainak, saj\u00e1t maguknak;<\/li><li>A k\u00e9pz\u00e9s \u00e9rt\u00e9kel\u00e9se, bele\u00e9rtve a k\u00e9pz\u00e9sben r\u00e9sztvev\u0151k k\u00e9rd\u0151\u00edv\u00e9t (a k\u00e9pz\u00e9s \u00e1ltal\u00e1nos szervez\u00e9s\u00e9nek, a k\u00e9pz\u00e9s megval\u00f3s\u00edt\u00e1s\u00e1nak, a k\u00e9pz\u00e9s relevanci\u00e1j\u00e1nak, az el\u0151ad\u00f3k kompetenci\u00e1j\u00e1nak \u00e9rt\u00e9kel\u00e9se), valamint a k\u00e9pz\u00e9si eredm\u00e9nyek m\u00e9r\u00e9se \u00e9s \u00e9rt\u00e9kel\u00e9se egy forgat\u00f3k\u00f6nyv-alap\u00fa sz\u00e1m\u00edt\u00f3g\u00e9pes kompetencia\u00e9rt\u00e9kel\u0151 teszt seg\u00edts\u00e9g\u00e9vel.<\/li><\/ul>\t\t\t\t\t\t\t\t<\/div>\n\t\t\t\t<\/div>\n\t\t\t\t<div class=\"elementor-element elementor-element-5cf069ae elementor-widget elementor-widget-text-editor\" data-id=\"5cf069ae\" data-element_type=\"widget\" data-widget_type=\"text-editor.default\">\n\t\t\t\t<div class=\"elementor-widget-container\">\n\t\t\t\t\t<div class=\"bb-theme-elementor-wrap bb-elementor-custom-family\">\t\t\t\t<p>Valamennyi k\u00e9pz\u00e9s a digit\u00e1lis technol\u00f3gi\u00e1khoz, eszk\u00f6z\u00f6kh\u00f6z \u00e9s egy\u00e9b IKT-megold\u00e1sokhoz, digitaliz\u00e1ci\u00f3s folyamatokhoz kapcsol\u00f3dik a feladatok hat\u00e9kony elv\u00e9gz\u00e9se vagy a folyamatok megszervez\u00e9se \u00e9s ir\u00e1ny\u00edt\u00e1sa \u00e9rdek\u00e9ben, amelyek az el\u0151bb eml\u00edtett (\u00e9s sok m\u00e1s) t\u00e9mak\u00f6r\u00f6kh\u00f6z kapcsol\u00f3dnak. A k\u00e9pz\u00e9seket szemt\u0151l szemben vagy t\u00e1volr\u00f3l, MS Teams seg\u00edts\u00e9g\u00e9vel tartj\u00e1k, tov\u00e1bb\u00e1 hozz\u00e1f\u00e9r\u00e9st biztos\u00edtanak egy tanul\u00e1smenedzsment-rendszerhez is a tov\u00e1bbi e-learning anyagok el\u00e9r\u00e9s\u00e9hez.<\/p>\t\t\t\t<\/div>\t\t\t\t<\/div>\n\t\t\t\t<\/div>\n\t\t\t\t\t<\/div>\n\t\t<\/div>\n\t\t\t\t\t<\/div>\n\t\t<\/section>\n\t\t\t\t<section class=\"elementor-section elementor-top-section elementor-element elementor-element-3f4ce0b3 elementor-section-boxed elementor-section-height-default elementor-section-height-default\" data-id=\"3f4ce0b3\" data-element_type=\"section\">\n\t\t\t\t\t\t<div class=\"elementor-container elementor-column-gap-default\">\n\t\t\t\t\t<div class=\"elementor-column elementor-col-100 elementor-top-column elementor-element elementor-element-48395fc9\" data-id=\"48395fc9\" data-element_type=\"column\">\n\t\t\t<div class=\"elementor-widget-wrap elementor-element-populated\">\n\t\t\t\t\t\t<div class=\"elementor-element elementor-element-7f2c2d1a elementor-widget-divider--view-line elementor-widget elementor-widget-divider\" data-id=\"7f2c2d1a\" data-element_type=\"widget\" data-widget_type=\"divider.default\">\n\t\t\t\t<div class=\"elementor-widget-container\">\n\t\t\t\t\t\t\t<div class=\"elementor-divider\">\n\t\t\t<span class=\"elementor-divider-separator\">\n\t\t\t\t\t\t<\/span>\n\t\t<\/div>\n\t\t\t\t\t\t<\/div>\n\t\t\t\t<\/div>\n\t\t\t\t\t<\/div>\n\t\t<\/div>\n\t\t\t\t\t<\/div>\n\t\t<\/section>\n\t\t\t\t<section class=\"elementor-section elementor-top-section elementor-element elementor-element-1ed2edd2 elementor-section-boxed elementor-section-height-default elementor-section-height-default\" data-id=\"1ed2edd2\" data-element_type=\"section\">\n\t\t\t\t\t\t<div class=\"elementor-container elementor-column-gap-default\">\n\t\t\t\t\t<div class=\"elementor-column elementor-col-50 elementor-top-column elementor-element elementor-element-23cdee19\" data-id=\"23cdee19\" data-element_type=\"column\">\n\t\t\t<div class=\"elementor-widget-wrap elementor-element-populated\">\n\t\t\t\t\t\t<div class=\"elementor-element elementor-element-39793db1 elementor-widget elementor-widget-text-editor\" data-id=\"39793db1\" data-element_type=\"widget\" data-widget_type=\"text-editor.default\">\n\t\t\t\t<div class=\"elementor-widget-container\">\n\t\t\t\t\t<div class=\"bb-theme-elementor-wrap bb-elementor-custom-family\">\t\t\t\t<h3><strong>EW4RD - Meger\u0151s\u00edtett n\u0151k a vid\u00e9kfejleszt\u00e9s\u00e9rt<\/strong><\/h3>\t\t\t\t<\/div>\t\t\t\t<\/div>\n\t\t\t\t<\/div>\n\t\t\t\t<div class=\"elementor-element elementor-element-5c759fc elementor-widget elementor-widget-text-editor\" data-id=\"5c759fc\" data-element_type=\"widget\" data-widget_type=\"text-editor.default\">\n\t\t\t\t<div class=\"elementor-widget-container\">\n\t\t\t\t\t<div class=\"bb-theme-elementor-wrap bb-elementor-custom-family\">\t\t\t\t<p>A projekt c\u00e9lja az elszigetelt \u00e9s vid\u00e9ki ter\u00fcletek oktat\u00f3inak k\u00e9pz\u00e9se \u00e9s vezet\u0151i k\u00e9pess\u00e9gekkel \u00e9s ismeretekkel val\u00f3 felv\u00e9rtez\u00e9se volt az ottani alacsony gazdas\u00e1gi \u00e9s fejleszt\u00e9si aktivit\u00e1s kezel\u00e9se \u00e9rdek\u00e9ben; a partnerorsz\u00e1gok j\u00f3 gyakorlatainak megismertet\u00e9se a gazdas\u00e1gi tev\u00e9kenys\u00e9gek fejleszt\u00e9s\u00e9nek \u00e9s fenntart\u00e1s\u00e1nak \u00f6kol\u00f3giai, p\u00e9nz\u00fcgyi \u00e9s egy\u00e9b er\u0151forr\u00e1sokkal val\u00f3 megismer\u00e9se \u00e9rdek\u00e9ben. Ezt 2 tanfolyam (plusz tanulm\u00e1nyi l\u00e1togat\u00e1sok), transznacion\u00e1lis tal\u00e1lkoz\u00f3k \u00e9s egy k\u00e9pz\u00e9si form\u00e1tum kidolgoz\u00e1sa r\u00e9v\u00e9n val\u00f3s\u00edtott\u00e1k meg, amelyet bros\u00fara form\u00e1j\u00e1ban terjesztettek.<\/p>\t\t\t\t<\/div>\t\t\t\t<\/div>\n\t\t\t\t<\/div>\n\t\t\t\t\t<\/div>\n\t\t<\/div>\n\t\t\t\t<div class=\"elementor-column elementor-col-50 elementor-top-column elementor-element elementor-element-5d260a99\" data-id=\"5d260a99\" data-element_type=\"column\">\n\t\t\t<div class=\"elementor-widget-wrap elementor-element-populated\">\n\t\t\t\t\t\t<div class=\"elementor-element elementor-element-135efa21 elementor-widget elementor-widget-image\" data-id=\"135efa21\" data-element_type=\"widget\" data-widget_type=\"image.default\">\n\t\t\t\t<div class=\"elementor-widget-container\">\n\t\t\t\t\t\t\t\t\t\t\t\t\t\t\t<img decoding=\"async\" width=\"640\" height=\"427\" src=\"https:\/\/educatehub.eu\/wp-content\/uploads\/2023\/01\/priscilla-du-preez-gYdjZzXNWlg-unsplash_small-1024x683.jpg\" class=\"attachment-large size-large wp-image-831\" alt=\"\" srcset=\"https:\/\/educatehub.eu\/wp-content\/uploads\/2023\/01\/priscilla-du-preez-gYdjZzXNWlg-unsplash_small-1024x683.jpg 1024w, https:\/\/educatehub.eu\/wp-content\/uploads\/2023\/01\/priscilla-du-preez-gYdjZzXNWlg-unsplash_small-300x200.jpg 300w, https:\/\/educatehub.eu\/wp-content\/uploads\/2023\/01\/priscilla-du-preez-gYdjZzXNWlg-unsplash_small-768x512.jpg 768w, https:\/\/educatehub.eu\/wp-content\/uploads\/2023\/01\/priscilla-du-preez-gYdjZzXNWlg-unsplash_small-18x12.jpg 18w, https:\/\/educatehub.eu\/wp-content\/uploads\/2023\/01\/priscilla-du-preez-gYdjZzXNWlg-unsplash_small-624x416.jpg 624w, https:\/\/educatehub.eu\/wp-content\/uploads\/2023\/01\/priscilla-du-preez-gYdjZzXNWlg-unsplash_small.jpg 1200w\" sizes=\"(max-width: 640px) 100vw, 640px\" \/>\t\t\t\t\t\t\t\t\t\t\t\t\t\t\t<\/div>\n\t\t\t\t<\/div>\n\t\t\t\t\t<\/div>\n\t\t<\/div>\n\t\t\t\t\t<\/div>\n\t\t<\/section>\n\t\t\t\t<section class=\"elementor-section elementor-top-section elementor-element elementor-element-762b79eb elementor-section-boxed elementor-section-height-default elementor-section-height-default\" data-id=\"762b79eb\" data-element_type=\"section\">\n\t\t\t\t\t\t<div class=\"elementor-container elementor-column-gap-default\">\n\t\t\t\t\t<div class=\"elementor-column elementor-col-100 elementor-top-column elementor-element elementor-element-55d8e13c\" data-id=\"55d8e13c\" data-element_type=\"column\">\n\t\t\t<div class=\"elementor-widget-wrap\">\n\t\t\t\t\t\t\t<\/div>\n\t\t<\/div>\n\t\t\t\t\t<\/div>\n\t\t<\/section>\n\t\t\t\t<section class=\"elementor-section elementor-top-section elementor-element elementor-element-45bff3c2 elementor-section-boxed elementor-section-height-default elementor-section-height-default\" data-id=\"45bff3c2\" data-element_type=\"section\" data-settings=\"{&quot;background_background&quot;:&quot;classic&quot;}\">\n\t\t\t\t\t\t<div class=\"elementor-container elementor-column-gap-default\">\n\t\t\t\t\t<div class=\"elementor-column elementor-col-100 elementor-top-column elementor-element elementor-element-17e9ba29\" data-id=\"17e9ba29\" data-element_type=\"column\" data-settings=\"{&quot;background_background&quot;:&quot;classic&quot;}\">\n\t\t\t<div class=\"elementor-widget-wrap elementor-element-populated\">\n\t\t\t\t\t\t<section class=\"elementor-section elementor-inner-section elementor-element elementor-element-11401930 elementor-section-content-middle elementor-section-boxed elementor-section-height-default elementor-section-height-default\" data-id=\"11401930\" data-element_type=\"section\">\n\t\t\t\t\t\t<div class=\"elementor-container elementor-column-gap-default\">\n\t\t\t\t\t<div class=\"elementor-column elementor-col-50 elementor-inner-column elementor-element elementor-element-24b51132\" data-id=\"24b51132\" data-element_type=\"column\">\n\t\t\t<div class=\"elementor-widget-wrap elementor-element-populated\">\n\t\t\t\t\t\t<div class=\"elementor-element elementor-element-737b61ff elementor-widget elementor-widget-heading\" data-id=\"737b61ff\" data-element_type=\"widget\" data-widget_type=\"heading.default\">\n\t\t\t\t<div class=\"elementor-widget-container\">\n\t\t\t\t\t<h3 class=\"elementor-heading-title elementor-size-default\">\u00c9rdekelnek a tov\u00e1bbi r\u00e9szletek?<\/h3>\t\t\t\t<\/div>\n\t\t\t\t<\/div>\n\t\t\t\t<div class=\"elementor-element elementor-element-127ee991 elementor-widget elementor-widget-text-editor\" data-id=\"127ee991\" data-element_type=\"widget\" data-widget_type=\"text-editor.default\">\n\t\t\t\t<div class=\"elementor-widget-container\">\n\t\t\t\t\t\t\t\t\t<p>Regisztr\u00e1lj INGYENESEN \u00e9s olvasd el a 6 orsz\u00e1g legjobb gyakorlatainak r\u00e9szletes le\u00edr\u00e1s\u00e1t!\u00a0<\/p>\t\t\t\t\t\t\t\t<\/div>\n\t\t\t\t<\/div>\n\t\t\t\t\t<\/div>\n\t\t<\/div>\n\t\t\t\t<div class=\"elementor-column elementor-col-50 elementor-inner-column elementor-element elementor-element-587844ab\" data-id=\"587844ab\" data-element_type=\"column\">\n\t\t\t<div class=\"elementor-widget-wrap elementor-element-populated\">\n\t\t\t\t\t\t<div class=\"elementor-element elementor-element-503126c4 elementor-align-center elementor-tablet-align-center elementor-widget elementor-widget-button\" data-id=\"503126c4\" data-element_type=\"widget\" data-widget_type=\"button.default\">\n\t\t\t\t<div class=\"elementor-widget-container\">\n\t\t\t\t\t\t\t\t\t<div class=\"elementor-button-wrapper\">\n\t\t\t\t\t<a class=\"elementor-button elementor-button-link elementor-size-sm elementor-animation-float\" href=\"\/hu\/register\/\">\n\t\t\t\t\t\t<span class=\"elementor-button-content-wrapper\">\n\t\t\t\t\t\t\t\t\t<span class=\"elementor-button-text\">REGISZTR\u00c1CI\u00d3<\/span>\n\t\t\t\t\t<\/span>\n\t\t\t\t\t<\/a>\n\t\t\t\t<\/div>\n\t\t\t\t\t\t\t\t<\/div>\n\t\t\t\t<\/div>\n\t\t\t\t\t<\/div>\n\t\t<\/div>\n\t\t\t\t\t<\/div>\n\t\t<\/section>\n\t\t\t\t\t<\/div>\n\t\t<\/div>\n\t\t\t\t\t<\/div>\n\t\t<\/section>\n\t\t\t\t<\/div>","protected":false},"excerpt":{"rendered":"<p>More than 50 training courses have been developed and provided to the target group, the aforementioned courses are connected with such subjects: data processing, data&hellip;<\/p>","protected":false},"author":1,"featured_media":0,"parent":0,"menu_order":0,"comment_status":"closed","ping_status":"closed","template":"","meta":{"footnotes":""},"class_list":["post-822","page","type-page","status-publish","hentry"],"_links":{"self":[{"href":"https:\/\/educatehub.eu\/hu\/wp-json\/wp\/v2\/pages\/822","targetHints":{"allow":["GET"]}}],"collection":[{"href":"https:\/\/educatehub.eu\/hu\/wp-json\/wp\/v2\/pages"}],"about":[{"href":"https:\/\/educatehub.eu\/hu\/wp-json\/wp\/v2\/types\/page"}],"author":[{"embeddable":true,"href":"https:\/\/educatehub.eu\/hu\/wp-json\/wp\/v2\/users\/1"}],"replies":[{"embeddable":true,"href":"https:\/\/educatehub.eu\/hu\/wp-json\/wp\/v2\/comments?post=822"}],"version-history":[{"count":14,"href":"https:\/\/educatehub.eu\/hu\/wp-json\/wp\/v2\/pages\/822\/revisions"}],"predecessor-version":[{"id":2418,"href":"https:\/\/educatehub.eu\/hu\/wp-json\/wp\/v2\/pages\/822\/revisions\/2418"}],"wp:attachment":[{"href":"https:\/\/educatehub.eu\/hu\/wp-json\/wp\/v2\/media?parent=822"}],"curies":[{"name":"wp","href":"https:\/\/api.w.org\/{rel}","templated":true}]}}