{"id":715,"date":"2023-01-08T15:48:36","date_gmt":"2023-01-08T15:48:36","guid":{"rendered":"https:\/\/educatehub.eu\/?page_id=715"},"modified":"2023-10-12T16:14:17","modified_gmt":"2023-10-12T14:14:17","slug":"best-practices-inclusive-educational-technology","status":"publish","type":"page","link":"https:\/\/educatehub.eu\/it\/best-practices-inclusive-educational-technology\/","title":{"rendered":"Best Practices &#8211; Inclusive Educational Technology"},"content":{"rendered":"<div data-elementor-type=\"wp-page\" data-elementor-id=\"715\" class=\"elementor elementor-715\" data-elementor-post-type=\"page\">\n\t\t\t\t\t\t<section class=\"elementor-section elementor-top-section elementor-element elementor-element-616b88f elementor-section-boxed elementor-section-height-default elementor-section-height-default\" data-id=\"616b88f\" data-element_type=\"section\">\n\t\t\t\t\t\t<div class=\"elementor-container elementor-column-gap-default\">\n\t\t\t\t\t<div class=\"elementor-column elementor-col-50 elementor-top-column elementor-element elementor-element-21efb499\" data-id=\"21efb499\" data-element_type=\"column\">\n\t\t\t<div class=\"elementor-widget-wrap elementor-element-populated\">\n\t\t\t\t\t\t<div class=\"elementor-element elementor-element-64eef3b3 elementor-widget elementor-widget-text-editor\" data-id=\"64eef3b3\" data-element_type=\"widget\" data-widget_type=\"text-editor.default\">\n\t\t\t\t<div class=\"elementor-widget-container\">\n\t\t\t\t\t<div class=\"bb-theme-elementor-wrap bb-elementor-custom-family\">\t\t\t\t<h3><strong>Progetto \"Il Digital Storytelling per la riqualificazione e l'empowerment degli studenti con disabilit\u00e0 intellettiva\"<\/strong><\/h3>\t\t\t\t<\/div>\t\t\t\t<\/div>\n\t\t\t\t<\/div>\n\t\t\t\t<div class=\"elementor-element elementor-element-44edf956 elementor-widget elementor-widget-text-editor\" data-id=\"44edf956\" data-element_type=\"widget\" data-widget_type=\"text-editor.default\">\n\t\t\t\t<div class=\"elementor-widget-container\">\n\t\t\t\t\t<div class=\"bb-theme-elementor-wrap bb-elementor-custom-family\">\t\t\t\t<p>L'obiettivo del progetto \u00e8 quello di sviluppare un approccio innovativo all'apprendimento - la narrazione digitale adattata alle persone con disabilit\u00e0 intellettiva con l'obiettivo di fornire uno strumento innovativo, potenziante e divertente per gli insegnanti\/facilitatori che lavorano con le persone con disabilit\u00e0 intellettiva, che li aiuter\u00e0 a migliorare, comprendere e potenziare le persone con disabilit\u00e0 intellettiva.<\/p><p>Obiettivi specifici del progetto:<\/p><ul><li>aggiornare i facilitatori\/insegnanti che lavorano con i disabili intellettivi per utilizzare il metodo di narrazione digitale adattato ai disabili intellettivi e quindi aumentare l'acquisizione di diverse abilit\u00e0 di vita da parte delle persone con ID (disabilit\u00e0 intellettive): alfabetizzazione, abilit\u00e0 digitali, abilit\u00e0 sociali, ecc.<\/li><li>aumentare le opportunit\u00e0 educative per le persone con disabilit\u00e0 intellettiva per partecipare pienamente alla societ\u00e0 e gestire con successo le transizioni nel mercato del lavoro<\/li><li>migliorare le competenze di base (alfabetizzazione e competenze digitali) delle persone con disabilit\u00e0 intellettiva, consentendo la loro partecipazione alla societ\u00e0 e aumentando cos\u00ec la loro inclusione sociale<\/li><\/ul>\t\t\t\t<\/div>\t\t\t\t<\/div>\n\t\t\t\t<\/div>\n\t\t\t\t\t<\/div>\n\t\t<\/div>\n\t\t\t\t<div class=\"elementor-column elementor-col-50 elementor-top-column elementor-element elementor-element-79945cfc\" data-id=\"79945cfc\" data-element_type=\"column\">\n\t\t\t<div class=\"elementor-widget-wrap elementor-element-populated\">\n\t\t\t\t\t\t<div class=\"elementor-element elementor-element-57db3f98 elementor-widget elementor-widget-image\" data-id=\"57db3f98\" data-element_type=\"widget\" data-widget_type=\"image.default\">\n\t\t\t\t<div class=\"elementor-widget-container\">\n\t\t\t\t\t\t\t\t\t\t\t\t\t\t\t<img fetchpriority=\"high\" decoding=\"async\" width=\"640\" height=\"960\" src=\"https:\/\/educatehub.eu\/wp-content\/uploads\/2023\/01\/linkedin-sales-solutions-0QvTyp0gH3A-unsplash-683x1024.jpg\" class=\"attachment-large size-large wp-image-731\" alt=\"\" srcset=\"https:\/\/educatehub.eu\/wp-content\/uploads\/2023\/01\/linkedin-sales-solutions-0QvTyp0gH3A-unsplash-683x1024.jpg 683w, https:\/\/educatehub.eu\/wp-content\/uploads\/2023\/01\/linkedin-sales-solutions-0QvTyp0gH3A-unsplash-200x300.jpg 200w, https:\/\/educatehub.eu\/wp-content\/uploads\/2023\/01\/linkedin-sales-solutions-0QvTyp0gH3A-unsplash-768x1152.jpg 768w, https:\/\/educatehub.eu\/wp-content\/uploads\/2023\/01\/linkedin-sales-solutions-0QvTyp0gH3A-unsplash-1024x1536.jpg 1024w, https:\/\/educatehub.eu\/wp-content\/uploads\/2023\/01\/linkedin-sales-solutions-0QvTyp0gH3A-unsplash-1365x2048.jpg 1365w, https:\/\/educatehub.eu\/wp-content\/uploads\/2023\/01\/linkedin-sales-solutions-0QvTyp0gH3A-unsplash-8x12.jpg 8w, https:\/\/educatehub.eu\/wp-content\/uploads\/2023\/01\/linkedin-sales-solutions-0QvTyp0gH3A-unsplash-624x936.jpg 624w, https:\/\/educatehub.eu\/wp-content\/uploads\/2023\/01\/linkedin-sales-solutions-0QvTyp0gH3A-unsplash-scaled.jpg 1707w\" sizes=\"(max-width: 640px) 100vw, 640px\" \/>\t\t\t\t\t\t\t\t\t\t\t\t\t\t\t<\/div>\n\t\t\t\t<\/div>\n\t\t\t\t\t<\/div>\n\t\t<\/div>\n\t\t\t\t\t<\/div>\n\t\t<\/section>\n\t\t\t\t<section class=\"elementor-section elementor-top-section elementor-element elementor-element-19d7d992 elementor-section-boxed elementor-section-height-default elementor-section-height-default\" data-id=\"19d7d992\" data-element_type=\"section\">\n\t\t\t\t\t\t<div class=\"elementor-container elementor-column-gap-default\">\n\t\t\t\t\t<div class=\"elementor-column elementor-col-100 elementor-top-column elementor-element elementor-element-6ced8262\" data-id=\"6ced8262\" data-element_type=\"column\">\n\t\t\t<div class=\"elementor-widget-wrap elementor-element-populated\">\n\t\t\t\t\t\t<div class=\"elementor-element elementor-element-1fadd596 elementor-widget-divider--view-line elementor-widget elementor-widget-divider\" data-id=\"1fadd596\" data-element_type=\"widget\" data-widget_type=\"divider.default\">\n\t\t\t\t<div class=\"elementor-widget-container\">\n\t\t\t\t\t\t\t<div class=\"elementor-divider\">\n\t\t\t<span class=\"elementor-divider-separator\">\n\t\t\t\t\t\t<\/span>\n\t\t<\/div>\n\t\t\t\t\t\t<\/div>\n\t\t\t\t<\/div>\n\t\t\t\t\t<\/div>\n\t\t<\/div>\n\t\t\t\t\t<\/div>\n\t\t<\/section>\n\t\t\t\t<section class=\"elementor-section elementor-top-section elementor-element elementor-element-4265844c elementor-section-boxed elementor-section-height-default elementor-section-height-default\" data-id=\"4265844c\" data-element_type=\"section\">\n\t\t\t\t\t\t<div class=\"elementor-container elementor-column-gap-default\">\n\t\t\t\t\t<div class=\"elementor-column elementor-col-50 elementor-top-column elementor-element elementor-element-3350934f\" data-id=\"3350934f\" data-element_type=\"column\">\n\t\t\t<div class=\"elementor-widget-wrap elementor-element-populated\">\n\t\t\t\t\t\t<div class=\"elementor-element elementor-element-25d86ade elementor-widget elementor-widget-image\" data-id=\"25d86ade\" data-element_type=\"widget\" data-widget_type=\"image.default\">\n\t\t\t\t<div class=\"elementor-widget-container\">\n\t\t\t\t\t\t\t\t\t\t\t\t\t\t\t<img decoding=\"async\" width=\"640\" height=\"960\" src=\"https:\/\/educatehub.eu\/wp-content\/uploads\/2023\/01\/kajetan-sumila-1RWaxoDoASo-unsplash-683x1024.jpg\" class=\"attachment-large size-large wp-image-751\" alt=\"\" srcset=\"https:\/\/educatehub.eu\/wp-content\/uploads\/2023\/01\/kajetan-sumila-1RWaxoDoASo-unsplash-683x1024.jpg 683w, https:\/\/educatehub.eu\/wp-content\/uploads\/2023\/01\/kajetan-sumila-1RWaxoDoASo-unsplash-200x300.jpg 200w, https:\/\/educatehub.eu\/wp-content\/uploads\/2023\/01\/kajetan-sumila-1RWaxoDoASo-unsplash-768x1152.jpg 768w, https:\/\/educatehub.eu\/wp-content\/uploads\/2023\/01\/kajetan-sumila-1RWaxoDoASo-unsplash-1024x1536.jpg 1024w, https:\/\/educatehub.eu\/wp-content\/uploads\/2023\/01\/kajetan-sumila-1RWaxoDoASo-unsplash-1365x2048.jpg 1365w, https:\/\/educatehub.eu\/wp-content\/uploads\/2023\/01\/kajetan-sumila-1RWaxoDoASo-unsplash-8x12.jpg 8w, https:\/\/educatehub.eu\/wp-content\/uploads\/2023\/01\/kajetan-sumila-1RWaxoDoASo-unsplash-624x936.jpg 624w, https:\/\/educatehub.eu\/wp-content\/uploads\/2023\/01\/kajetan-sumila-1RWaxoDoASo-unsplash-scaled.jpg 1707w\" sizes=\"(max-width: 640px) 100vw, 640px\" \/>\t\t\t\t\t\t\t\t\t\t\t\t\t\t\t<\/div>\n\t\t\t\t<\/div>\n\t\t\t\t\t<\/div>\n\t\t<\/div>\n\t\t\t\t<div class=\"elementor-column elementor-col-50 elementor-top-column elementor-element elementor-element-749aefc7\" data-id=\"749aefc7\" data-element_type=\"column\">\n\t\t\t<div class=\"elementor-widget-wrap elementor-element-populated\">\n\t\t\t\t\t\t<div class=\"elementor-element elementor-element-730d5e7d elementor-widget elementor-widget-text-editor\" data-id=\"730d5e7d\" data-element_type=\"widget\" data-widget_type=\"text-editor.default\">\n\t\t\t\t<div class=\"elementor-widget-container\">\n\t\t\t\t\t<div class=\"bb-theme-elementor-wrap bb-elementor-custom-family\">\t\t\t\t<h3><strong>Microsoft Immersive Reader<\/strong><\/h3>\t\t\t\t<\/div>\t\t\t\t<\/div>\n\t\t\t\t<\/div>\n\t\t\t\t<div class=\"elementor-element elementor-element-4222373a elementor-widget elementor-widget-text-editor\" data-id=\"4222373a\" data-element_type=\"widget\" data-widget_type=\"text-editor.default\">\n\t\t\t\t<div class=\"elementor-widget-container\">\n\t\t\t\t\t\t\t\t\t<p>Immersive Reader di Microsoft \u00e8 uno strumento gratuito che aiuta la lettura e la comprensione. Offre un'esperienza di lettura a schermo intero e migliora l'attenzione sul testo modificando la dimensione e lo stile dei caratteri, l'interlinea del testo e il colore dello sfondo. \u00c8 stato progettato per aumentare la leggibilit\u00e0 del testo nelle applicazioni Microsoft attraverso l'uso di tecnologie assistive per le persone con disabilit\u00e0 di stampa come dislessia, disgrafia e disturbi della vista. \u00c8 uno strumento di lettura interattivo progettato per aiutare gli studenti a migliorare le loro capacit\u00e0 di lettura, comprensione e grammatica. Inoltre, rende i testi pi\u00f9 accessibili agli studenti di qualsiasi livello. Immersive Reader pu\u00f2 essere utilizzato insieme a Accessibility Checker per migliorare l'impaginazione dei documenti, oppure pu\u00f2 essere utilizzato per rendere un documento pi\u00f9 accessibile senza modificarlo ulteriormente.<\/p>\t\t\t\t\t\t\t\t<\/div>\n\t\t\t\t<\/div>\n\t\t\t\t<div class=\"elementor-element elementor-element-2335375b elementor-widget elementor-widget-text-editor\" data-id=\"2335375b\" data-element_type=\"widget\" data-widget_type=\"text-editor.default\">\n\t\t\t\t<div class=\"elementor-widget-container\">\n\t\t\t\t\t<div class=\"bb-theme-elementor-wrap bb-elementor-custom-family\">\t\t\t\t<p>Operazione di lettura immersiva: legge i testi ad alta voce agli studenti evidenziando contemporaneamente la parola letta. In questo modo il testo diventa accessibile a studenti di et\u00e0 e capacit\u00e0 diverse e aiuta i lettori emergenti a riconoscere nuove parole. \u00c8 possibile scegliere diverse velocit\u00e0 di narrazione e voci. Gli utenti possono anche regolare la spaziatura tra le parole e la dimensione dei caratteri; evidenziare parti specifiche del discorso, come nomi, verbi, aggettivi e avverbi; scomporre il testo delle parole in sillabe; ascoltare registrazioni audio di parole pronunciate in lingue diverse; tradurre il testo e vedere le parole rappresentate come immagini.<\/p>\t\t\t\t<\/div>\t\t\t\t<\/div>\n\t\t\t\t<\/div>\n\t\t\t\t\t<\/div>\n\t\t<\/div>\n\t\t\t\t\t<\/div>\n\t\t<\/section>\n\t\t\t\t<section class=\"elementor-section elementor-top-section elementor-element elementor-element-1aab1dd8 elementor-section-boxed elementor-section-height-default elementor-section-height-default\" data-id=\"1aab1dd8\" data-element_type=\"section\">\n\t\t\t\t\t\t<div class=\"elementor-container elementor-column-gap-default\">\n\t\t\t\t\t<div class=\"elementor-column elementor-col-100 elementor-top-column elementor-element elementor-element-49dadf59\" data-id=\"49dadf59\" data-element_type=\"column\">\n\t\t\t<div class=\"elementor-widget-wrap\">\n\t\t\t\t\t\t\t<\/div>\n\t\t<\/div>\n\t\t\t\t\t<\/div>\n\t\t<\/section>\n\t\t\t\t<section class=\"elementor-section elementor-top-section elementor-element elementor-element-4c703911 elementor-section-boxed elementor-section-height-default elementor-section-height-default\" data-id=\"4c703911\" data-element_type=\"section\" data-settings=\"{&quot;background_background&quot;:&quot;classic&quot;}\">\n\t\t\t\t\t\t<div class=\"elementor-container elementor-column-gap-default\">\n\t\t\t\t\t<div class=\"elementor-column elementor-col-100 elementor-top-column elementor-element elementor-element-64befee9\" data-id=\"64befee9\" data-element_type=\"column\" data-settings=\"{&quot;background_background&quot;:&quot;classic&quot;}\">\n\t\t\t<div class=\"elementor-widget-wrap elementor-element-populated\">\n\t\t\t\t\t\t<section class=\"elementor-section elementor-inner-section elementor-element elementor-element-4213aa0d elementor-section-content-middle elementor-section-boxed elementor-section-height-default elementor-section-height-default\" data-id=\"4213aa0d\" data-element_type=\"section\">\n\t\t\t\t\t\t<div class=\"elementor-container elementor-column-gap-default\">\n\t\t\t\t\t<div class=\"elementor-column elementor-col-50 elementor-inner-column elementor-element elementor-element-6aa59664\" data-id=\"6aa59664\" data-element_type=\"column\">\n\t\t\t<div class=\"elementor-widget-wrap elementor-element-populated\">\n\t\t\t\t\t\t<div class=\"elementor-element elementor-element-13dd3704 elementor-widget elementor-widget-heading\" data-id=\"13dd3704\" data-element_type=\"widget\" data-widget_type=\"heading.default\">\n\t\t\t\t<div class=\"elementor-widget-container\">\n\t\t\t\t\t<h3 class=\"elementor-heading-title elementor-size-default\">Siete interessati a saperne di pi\u00f9?<\/h3>\t\t\t\t<\/div>\n\t\t\t\t<\/div>\n\t\t\t\t<div class=\"elementor-element elementor-element-7875c90e elementor-widget elementor-widget-text-editor\" data-id=\"7875c90e\" data-element_type=\"widget\" data-widget_type=\"text-editor.default\">\n\t\t\t\t<div class=\"elementor-widget-container\">\n\t\t\t\t\t\t\t\t\t<p>Registrati GRATUITAMENTE e leggi le descrizioni dettagliate delle migliori pratiche di 6 paesi!\u00a0<\/p>\t\t\t\t\t\t\t\t<\/div>\n\t\t\t\t<\/div>\n\t\t\t\t\t<\/div>\n\t\t<\/div>\n\t\t\t\t<div class=\"elementor-column elementor-col-50 elementor-inner-column elementor-element elementor-element-14a6965e\" data-id=\"14a6965e\" data-element_type=\"column\">\n\t\t\t<div class=\"elementor-widget-wrap elementor-element-populated\">\n\t\t\t\t\t\t<div class=\"elementor-element elementor-element-2aa6a8ba elementor-align-center elementor-tablet-align-center elementor-widget elementor-widget-button\" data-id=\"2aa6a8ba\" data-element_type=\"widget\" data-widget_type=\"button.default\">\n\t\t\t\t<div class=\"elementor-widget-container\">\n\t\t\t\t\t\t\t\t\t<div class=\"elementor-button-wrapper\">\n\t\t\t\t\t<a class=\"elementor-button elementor-button-link elementor-size-sm elementor-animation-float\" href=\"\/it\/register\/\">\n\t\t\t\t\t\t<span class=\"elementor-button-content-wrapper\">\n\t\t\t\t\t\t\t\t\t<span class=\"elementor-button-text\">REGISTRATI<\/span>\n\t\t\t\t\t<\/span>\n\t\t\t\t\t<\/a>\n\t\t\t\t<\/div>\n\t\t\t\t\t\t\t\t<\/div>\n\t\t\t\t<\/div>\n\t\t\t\t\t<\/div>\n\t\t<\/div>\n\t\t\t\t\t<\/div>\n\t\t<\/section>\n\t\t\t\t\t<\/div>\n\t\t<\/div>\n\t\t\t\t\t<\/div>\n\t\t<\/section>\n\t\t\t\t<\/div>","protected":false},"excerpt":{"rendered":"<p>The project \u201cDigital Storytelling for up-skilling and empowerment of learners with intellectual disabilities\u201d The aim of the project is to develop an innovative learning approach&hellip;<\/p>","protected":false},"author":1,"featured_media":0,"parent":0,"menu_order":0,"comment_status":"closed","ping_status":"closed","template":"","meta":{"footnotes":""},"class_list":["post-715","page","type-page","status-publish","hentry"],"_links":{"self":[{"href":"https:\/\/educatehub.eu\/it\/wp-json\/wp\/v2\/pages\/715","targetHints":{"allow":["GET"]}}],"collection":[{"href":"https:\/\/educatehub.eu\/it\/wp-json\/wp\/v2\/pages"}],"about":[{"href":"https:\/\/educatehub.eu\/it\/wp-json\/wp\/v2\/types\/page"}],"author":[{"embeddable":true,"href":"https:\/\/educatehub.eu\/it\/wp-json\/wp\/v2\/users\/1"}],"replies":[{"embeddable":true,"href":"https:\/\/educatehub.eu\/it\/wp-json\/wp\/v2\/comments?post=715"}],"version-history":[{"count":23,"href":"https:\/\/educatehub.eu\/it\/wp-json\/wp\/v2\/pages\/715\/revisions"}],"predecessor-version":[{"id":2391,"href":"https:\/\/educatehub.eu\/it\/wp-json\/wp\/v2\/pages\/715\/revisions\/2391"}],"wp:attachment":[{"href":"https:\/\/educatehub.eu\/it\/wp-json\/wp\/v2\/media?parent=715"}],"curies":[{"name":"wp","href":"https:\/\/api.w.org\/{rel}","templated":true}]}}