{"id":741,"date":"2023-01-08T18:17:40","date_gmt":"2023-01-08T18:17:40","guid":{"rendered":"https:\/\/educatehub.eu\/?page_id=741"},"modified":"2023-10-12T16:33:10","modified_gmt":"2023-10-12T14:33:10","slug":"best-practices-educators","status":"publish","type":"page","link":"https:\/\/educatehub.eu\/it\/best-practices-educators\/","title":{"rendered":"Best Practices &#8211; Professional Development For Educators"},"content":{"rendered":"<div data-elementor-type=\"wp-page\" data-elementor-id=\"741\" class=\"elementor elementor-741\" data-elementor-post-type=\"page\">\n\t\t\t\t\t\t<section class=\"elementor-section elementor-top-section elementor-element elementor-element-76ee3949 elementor-section-boxed elementor-section-height-default elementor-section-height-default\" data-id=\"76ee3949\" data-element_type=\"section\">\n\t\t\t\t\t\t<div class=\"elementor-container elementor-column-gap-default\">\n\t\t\t\t\t<div class=\"elementor-column elementor-col-50 elementor-top-column elementor-element elementor-element-2f57c6dd\" data-id=\"2f57c6dd\" data-element_type=\"column\">\n\t\t\t<div class=\"elementor-widget-wrap elementor-element-populated\">\n\t\t\t\t\t\t<div class=\"elementor-element elementor-element-795903e2 elementor-widget elementor-widget-image\" data-id=\"795903e2\" data-element_type=\"widget\" data-widget_type=\"image.default\">\n\t\t\t\t<div class=\"elementor-widget-container\">\n\t\t\t\t\t\t\t\t\t\t\t\t\t\t\t<img fetchpriority=\"high\" decoding=\"async\" width=\"640\" height=\"960\" src=\"https:\/\/educatehub.eu\/wp-content\/uploads\/2023\/01\/artem-maltsev-0CvHQ62gwY8-unsplash-683x1024.jpg\" class=\"attachment-large size-large wp-image-726\" alt=\"\" srcset=\"https:\/\/educatehub.eu\/wp-content\/uploads\/2023\/01\/artem-maltsev-0CvHQ62gwY8-unsplash-683x1024.jpg 683w, https:\/\/educatehub.eu\/wp-content\/uploads\/2023\/01\/artem-maltsev-0CvHQ62gwY8-unsplash-200x300.jpg 200w, https:\/\/educatehub.eu\/wp-content\/uploads\/2023\/01\/artem-maltsev-0CvHQ62gwY8-unsplash-768x1152.jpg 768w, https:\/\/educatehub.eu\/wp-content\/uploads\/2023\/01\/artem-maltsev-0CvHQ62gwY8-unsplash-1024x1536.jpg 1024w, https:\/\/educatehub.eu\/wp-content\/uploads\/2023\/01\/artem-maltsev-0CvHQ62gwY8-unsplash-1365x2048.jpg 1365w, https:\/\/educatehub.eu\/wp-content\/uploads\/2023\/01\/artem-maltsev-0CvHQ62gwY8-unsplash-8x12.jpg 8w, https:\/\/educatehub.eu\/wp-content\/uploads\/2023\/01\/artem-maltsev-0CvHQ62gwY8-unsplash-624x936.jpg 624w, https:\/\/educatehub.eu\/wp-content\/uploads\/2023\/01\/artem-maltsev-0CvHQ62gwY8-unsplash-scaled.jpg 1707w\" sizes=\"(max-width: 640px) 100vw, 640px\" \/>\t\t\t\t\t\t\t\t\t\t\t\t\t\t\t<\/div>\n\t\t\t\t<\/div>\n\t\t\t\t\t<\/div>\n\t\t<\/div>\n\t\t\t\t<div class=\"elementor-column elementor-col-50 elementor-top-column elementor-element elementor-element-3e30b707\" data-id=\"3e30b707\" data-element_type=\"column\">\n\t\t\t<div class=\"elementor-widget-wrap elementor-element-populated\">\n\t\t\t\t\t\t<div class=\"elementor-element elementor-element-37772a3d elementor-widget elementor-widget-text-editor\" data-id=\"37772a3d\" data-element_type=\"widget\" data-widget_type=\"text-editor.default\">\n\t\t\t\t<div class=\"elementor-widget-container\">\n\t\t\t\t\t<div class=\"bb-theme-elementor-wrap bb-elementor-custom-family\">\t\t\t\t<h3><strong>Il progetto \"La missione dell'educatore degli adulti: dare ali allo studente\"<\/strong><\/h3>\t\t\t\t<\/div>\t\t\t\t<\/div>\n\t\t\t\t<\/div>\n\t\t\t\t<div class=\"elementor-element elementor-element-47f348eb elementor-widget elementor-widget-text-editor\" data-id=\"47f348eb\" data-element_type=\"widget\" data-widget_type=\"text-editor.default\">\n\t\t\t\t<div class=\"elementor-widget-container\">\n\t\t\t\t\t\t\t\t\t<p>Il progetto \"Missione dell'educatore degli adulti: dare ali allo studente\" \u00e8 realizzato un consorzio di cinque istituti di apprendimento degli adulti: Associazione lituana per l'educazione degli adulti (LS\u0160A), Centro educativo della regione di Kaunas, Centro educativo del distretto di Panevezys, Istituto di vita e fede e Helpdesk per l'istruzione del distretto di Raseiniai.<\/p>\t\t\t\t\t\t\t\t<\/div>\n\t\t\t\t<\/div>\n\t\t\t\t<div class=\"elementor-element elementor-element-61a81052 elementor-widget elementor-widget-text-editor\" data-id=\"61a81052\" data-element_type=\"widget\" data-widget_type=\"text-editor.default\">\n\t\t\t\t<div class=\"elementor-widget-container\">\n\t\t\t\t\t<div class=\"bb-theme-elementor-wrap bb-elementor-custom-family\">\t\t\t\t<p>Il progetto risponde ai requisiti per l'educatore degli adulti contemporaneo (modello andragogico) che sono descritti nei documenti strategici di UE e Lituania per quanto riguarda la politica educativa. <\/p>\t\t\t\t<\/div>\t\t\t\t<\/div>\n\t\t\t\t<\/div>\n\t\t\t\t<div class=\"elementor-element elementor-element-727e4d5d elementor-widget elementor-widget-text-editor\" data-id=\"727e4d5d\" data-element_type=\"widget\" data-widget_type=\"text-editor.default\">\n\t\t\t\t<div class=\"elementor-widget-container\">\n\t\t\t\t\t<div class=\"bb-theme-elementor-wrap bb-elementor-custom-family\">\t\t\t\t<p>L'obiettivo della mobilit\u00e0 fornita dal Consorzio \u00e8 quello di aumentare la qualit\u00e0 dell'insegnamento e dell'apprendimento dei discenti adulti, aumentando le competenze del personale dei membri del Consorzio in tre aree:<\/p><ul><li>Responsabilizzazione degli studenti adulti e aumento della loro capacit\u00e0 di autoapprendimento.<\/li><li>Metodi e forme di insegnamento di discenti adulti con diverse esigenze di apprendimento, motivazione ed esperienze di apprendimento precedenti.<\/li><li>Consulenza sullo sviluppo del vettore, sulla vita, sull'apprendimento ulteriore e sulla fornitura di assistenza professionale.<\/li><\/ul><p>L'idea, l'attuazione e il risultato del progetto saranno diffusi attraverso il sito web di LS\u0160A e LS\u0160A Facebook, attraverso i siti web e Facebook dei partner del Consorzio e nei media locali, regionali e nazionali e EPALE.<\/p>\t\t\t\t<\/div>\t\t\t\t<\/div>\n\t\t\t\t<\/div>\n\t\t\t\t\t<\/div>\n\t\t<\/div>\n\t\t\t\t\t<\/div>\n\t\t<\/section>\n\t\t\t\t<section class=\"elementor-section elementor-top-section elementor-element elementor-element-62183769 elementor-section-boxed elementor-section-height-default elementor-section-height-default\" data-id=\"62183769\" data-element_type=\"section\">\n\t\t\t\t\t\t<div class=\"elementor-container elementor-column-gap-default\">\n\t\t\t\t\t<div class=\"elementor-column elementor-col-100 elementor-top-column elementor-element elementor-element-7c6a0626\" data-id=\"7c6a0626\" data-element_type=\"column\">\n\t\t\t<div class=\"elementor-widget-wrap elementor-element-populated\">\n\t\t\t\t\t\t<div class=\"elementor-element elementor-element-89e048a elementor-widget-divider--view-line elementor-widget elementor-widget-divider\" data-id=\"89e048a\" data-element_type=\"widget\" data-widget_type=\"divider.default\">\n\t\t\t\t<div class=\"elementor-widget-container\">\n\t\t\t\t\t\t\t<div class=\"elementor-divider\">\n\t\t\t<span class=\"elementor-divider-separator\">\n\t\t\t\t\t\t<\/span>\n\t\t<\/div>\n\t\t\t\t\t\t<\/div>\n\t\t\t\t<\/div>\n\t\t\t\t\t<\/div>\n\t\t<\/div>\n\t\t\t\t\t<\/div>\n\t\t<\/section>\n\t\t\t\t<section class=\"elementor-section elementor-top-section elementor-element elementor-element-11bf499c elementor-section-boxed elementor-section-height-default elementor-section-height-default\" data-id=\"11bf499c\" data-element_type=\"section\">\n\t\t\t\t\t\t<div class=\"elementor-container elementor-column-gap-default\">\n\t\t\t\t\t<div class=\"elementor-column elementor-col-50 elementor-top-column elementor-element elementor-element-dcd45b7\" data-id=\"dcd45b7\" data-element_type=\"column\">\n\t\t\t<div class=\"elementor-widget-wrap elementor-element-populated\">\n\t\t\t\t\t\t<div class=\"elementor-element elementor-element-249f79cc elementor-widget elementor-widget-text-editor\" data-id=\"249f79cc\" data-element_type=\"widget\" data-widget_type=\"text-editor.default\">\n\t\t\t\t<div class=\"elementor-widget-container\">\n\t\t\t\t\t<div class=\"bb-theme-elementor-wrap bb-elementor-custom-family\">\t\t\t\t<h3><strong>Formatori istruiti, cooperative pi\u00f9 forti Partenariati strategici<\/strong><\/h3>\t\t\t\t<\/div>\t\t\t\t<\/div>\n\t\t\t\t<\/div>\n\t\t\t\t<div class=\"elementor-element elementor-element-1f19b63e elementor-widget elementor-widget-text-editor\" data-id=\"1f19b63e\" data-element_type=\"widget\" data-widget_type=\"text-editor.default\">\n\t\t\t\t<div class=\"elementor-widget-container\">\n\t\t\t\t\t<div class=\"bb-theme-elementor-wrap bb-elementor-custom-family\">\t\t\t\t<p>Il progetto \u00e8 un buon esempio di educazione degli adulti in senso ampio. Prima di tutto sono incluse le associazioni pubbliche e molte associazioni. In secondo luogo, lo scopo principale del progetto \u00e8 collegato all'educazione degli adulti. Inoltre, i risultati del progetto riguardano anche l'educazione degli adulti.<\/p>\t\t\t\t<\/div>\t\t\t\t<\/div>\n\t\t\t\t<\/div>\n\t\t\t\t\t<\/div>\n\t\t<\/div>\n\t\t\t\t<div class=\"elementor-column elementor-col-50 elementor-top-column elementor-element elementor-element-3d924050\" data-id=\"3d924050\" data-element_type=\"column\">\n\t\t\t<div class=\"elementor-widget-wrap elementor-element-populated\">\n\t\t\t\t\t\t<div class=\"elementor-element elementor-element-63f091d8 elementor-widget elementor-widget-image\" data-id=\"63f091d8\" data-element_type=\"widget\" data-widget_type=\"image.default\">\n\t\t\t\t<div class=\"elementor-widget-container\">\n\t\t\t\t\t\t\t\t\t\t\t\t\t\t\t<img decoding=\"async\" width=\"640\" height=\"480\" src=\"https:\/\/educatehub.eu\/wp-content\/uploads\/2023\/01\/sebastien-bonneval-UIpFY1Umamw-unsplash-1024x768.jpg\" class=\"attachment-large size-large wp-image-838\" alt=\"\" srcset=\"https:\/\/educatehub.eu\/wp-content\/uploads\/2023\/01\/sebastien-bonneval-UIpFY1Umamw-unsplash-1024x768.jpg 1024w, https:\/\/educatehub.eu\/wp-content\/uploads\/2023\/01\/sebastien-bonneval-UIpFY1Umamw-unsplash-300x225.jpg 300w, https:\/\/educatehub.eu\/wp-content\/uploads\/2023\/01\/sebastien-bonneval-UIpFY1Umamw-unsplash-768x576.jpg 768w, https:\/\/educatehub.eu\/wp-content\/uploads\/2023\/01\/sebastien-bonneval-UIpFY1Umamw-unsplash-1536x1152.jpg 1536w, https:\/\/educatehub.eu\/wp-content\/uploads\/2023\/01\/sebastien-bonneval-UIpFY1Umamw-unsplash-16x12.jpg 16w, https:\/\/educatehub.eu\/wp-content\/uploads\/2023\/01\/sebastien-bonneval-UIpFY1Umamw-unsplash-624x468.jpg 624w, https:\/\/educatehub.eu\/wp-content\/uploads\/2023\/01\/sebastien-bonneval-UIpFY1Umamw-unsplash.jpg 1920w\" sizes=\"(max-width: 640px) 100vw, 640px\" \/>\t\t\t\t\t\t\t\t\t\t\t\t\t\t\t<\/div>\n\t\t\t\t<\/div>\n\t\t\t\t\t<\/div>\n\t\t<\/div>\n\t\t\t\t\t<\/div>\n\t\t<\/section>\n\t\t\t\t<section class=\"elementor-section elementor-top-section elementor-element elementor-element-16aa61f3 elementor-section-boxed elementor-section-height-default elementor-section-height-default\" data-id=\"16aa61f3\" data-element_type=\"section\">\n\t\t\t\t\t\t<div class=\"elementor-container elementor-column-gap-default\">\n\t\t\t\t\t<div class=\"elementor-column elementor-col-100 elementor-top-column elementor-element elementor-element-1c109caf\" data-id=\"1c109caf\" data-element_type=\"column\">\n\t\t\t<div class=\"elementor-widget-wrap elementor-element-populated\">\n\t\t\t\t\t\t<div class=\"elementor-element elementor-element-73904ca9 elementor-widget-divider--view-line elementor-widget elementor-widget-divider\" data-id=\"73904ca9\" data-element_type=\"widget\" data-widget_type=\"divider.default\">\n\t\t\t\t<div class=\"elementor-widget-container\">\n\t\t\t\t\t\t\t<div class=\"elementor-divider\">\n\t\t\t<span class=\"elementor-divider-separator\">\n\t\t\t\t\t\t<\/span>\n\t\t<\/div>\n\t\t\t\t\t\t<\/div>\n\t\t\t\t<\/div>\n\t\t\t\t\t<\/div>\n\t\t<\/div>\n\t\t\t\t\t<\/div>\n\t\t<\/section>\n\t\t\t\t<section class=\"elementor-section elementor-top-section elementor-element elementor-element-43993832 elementor-section-boxed elementor-section-height-default elementor-section-height-default\" data-id=\"43993832\" data-element_type=\"section\">\n\t\t\t\t\t\t<div class=\"elementor-container elementor-column-gap-default\">\n\t\t\t\t\t<div class=\"elementor-column elementor-col-50 elementor-top-column elementor-element elementor-element-1820ec4d\" data-id=\"1820ec4d\" data-element_type=\"column\">\n\t\t\t<div class=\"elementor-widget-wrap elementor-element-populated\">\n\t\t\t\t\t\t<div class=\"elementor-element elementor-element-2ac42278 elementor-widget elementor-widget-image\" data-id=\"2ac42278\" data-element_type=\"widget\" data-widget_type=\"image.default\">\n\t\t\t\t<div class=\"elementor-widget-container\">\n\t\t\t\t\t\t\t\t\t\t\t\t\t\t\t<img decoding=\"async\" width=\"640\" height=\"960\" src=\"https:\/\/educatehub.eu\/wp-content\/uploads\/2023\/01\/kelly-sikkema-K5dAn1gOFEc-unsplash-683x1024.jpg\" class=\"attachment-large size-large wp-image-724\" alt=\"\" srcset=\"https:\/\/educatehub.eu\/wp-content\/uploads\/2023\/01\/kelly-sikkema-K5dAn1gOFEc-unsplash-683x1024.jpg 683w, https:\/\/educatehub.eu\/wp-content\/uploads\/2023\/01\/kelly-sikkema-K5dAn1gOFEc-unsplash-200x300.jpg 200w, https:\/\/educatehub.eu\/wp-content\/uploads\/2023\/01\/kelly-sikkema-K5dAn1gOFEc-unsplash-768x1152.jpg 768w, https:\/\/educatehub.eu\/wp-content\/uploads\/2023\/01\/kelly-sikkema-K5dAn1gOFEc-unsplash-1024x1536.jpg 1024w, https:\/\/educatehub.eu\/wp-content\/uploads\/2023\/01\/kelly-sikkema-K5dAn1gOFEc-unsplash-1365x2048.jpg 1365w, https:\/\/educatehub.eu\/wp-content\/uploads\/2023\/01\/kelly-sikkema-K5dAn1gOFEc-unsplash-8x12.jpg 8w, https:\/\/educatehub.eu\/wp-content\/uploads\/2023\/01\/kelly-sikkema-K5dAn1gOFEc-unsplash-624x936.jpg 624w, https:\/\/educatehub.eu\/wp-content\/uploads\/2023\/01\/kelly-sikkema-K5dAn1gOFEc-unsplash-scaled.jpg 1707w\" sizes=\"(max-width: 640px) 100vw, 640px\" \/>\t\t\t\t\t\t\t\t\t\t\t\t\t\t\t<\/div>\n\t\t\t\t<\/div>\n\t\t\t\t\t<\/div>\n\t\t<\/div>\n\t\t\t\t<div class=\"elementor-column elementor-col-50 elementor-top-column elementor-element elementor-element-2b2bc700\" data-id=\"2b2bc700\" data-element_type=\"column\">\n\t\t\t<div class=\"elementor-widget-wrap elementor-element-populated\">\n\t\t\t\t\t\t<div class=\"elementor-element elementor-element-29b4b024 elementor-widget elementor-widget-text-editor\" data-id=\"29b4b024\" data-element_type=\"widget\" data-widget_type=\"text-editor.default\">\n\t\t\t\t<div class=\"elementor-widget-container\">\n\t\t\t\t\t<div class=\"bb-theme-elementor-wrap bb-elementor-custom-family\">\t\t\t\t<h3><strong>Il progetto \"Quality Assurance within Adult Education\"<\/strong><\/h3><p>L'obiettivo del progetto Nordplus \u00e8 migliorare e sviluppare il sistema di accreditamento di qualit\u00e0 EQM, European Quality Mark, per i fornitori di apprendimento non formale degli adulti. Si intende inoltre rivedere e migliorare gli standard, i criteri e il processo di accreditamento in modo che l'EQM nel suo complesso sia aggiornato con il nuovo quadro di raccomandazioni sulla qualit\u00e0 dell'apprendimento degli adulti, lanciato nell'ottobre 2013 da un gruppo di lavoro tematico sulla qualit\u00e0 nell'apprendimento degli adulti che lavora con un mandato della Commissione europea.<\/p>\t\t\t\t<\/div>\t\t\t\t<\/div>\n\t\t\t\t<\/div>\n\t\t\t\t<div class=\"elementor-element elementor-element-35164d04 elementor-widget elementor-widget-text-editor\" data-id=\"35164d04\" data-element_type=\"widget\" data-widget_type=\"text-editor.default\">\n\t\t\t\t<div class=\"elementor-widget-container\">\n\t\t\t\t\t<div class=\"bb-theme-elementor-wrap bb-elementor-custom-family\">\t\t\t\t<p>Una parte del miglioramento consister\u00e0 nella creazione di un corso di formazione per valutatori\/formatori esterni, in quanto il loro ruolo non \u00e8 solo quello di valutare l'offerta di apprendimento rispetto agli standard e ai criteri EQM, ma anche di sostenere il fornitore di apprendimento nel migliorare la qualit\u00e0 del proprio lavoro e costruire una cultura della qualit\u00e0 sostenibile all'interno dell'organizzazione del fornitore di apprendimento.<\/p>\t\t\t\t<\/div>\t\t\t\t<\/div>\n\t\t\t\t<\/div>\n\t\t\t\t\t<\/div>\n\t\t<\/div>\n\t\t\t\t\t<\/div>\n\t\t<\/section>\n\t\t\t\t<section class=\"elementor-section elementor-top-section elementor-element elementor-element-20cf5f6e elementor-section-boxed elementor-section-height-default elementor-section-height-default\" data-id=\"20cf5f6e\" data-element_type=\"section\">\n\t\t\t\t\t\t<div class=\"elementor-container elementor-column-gap-default\">\n\t\t\t\t\t<div class=\"elementor-column elementor-col-100 elementor-top-column elementor-element elementor-element-58777ffc\" data-id=\"58777ffc\" data-element_type=\"column\">\n\t\t\t<div class=\"elementor-widget-wrap\">\n\t\t\t\t\t\t\t<\/div>\n\t\t<\/div>\n\t\t\t\t\t<\/div>\n\t\t<\/section>\n\t\t\t\t<section class=\"elementor-section elementor-top-section elementor-element elementor-element-594ff4d7 elementor-section-boxed elementor-section-height-default elementor-section-height-default\" data-id=\"594ff4d7\" data-element_type=\"section\" data-settings=\"{&quot;background_background&quot;:&quot;classic&quot;}\">\n\t\t\t\t\t\t<div class=\"elementor-container elementor-column-gap-default\">\n\t\t\t\t\t<div class=\"elementor-column elementor-col-100 elementor-top-column elementor-element elementor-element-25668fe8\" data-id=\"25668fe8\" data-element_type=\"column\" data-settings=\"{&quot;background_background&quot;:&quot;classic&quot;}\">\n\t\t\t<div class=\"elementor-widget-wrap elementor-element-populated\">\n\t\t\t\t\t\t<section class=\"elementor-section elementor-inner-section elementor-element elementor-element-5900f228 elementor-section-content-middle elementor-section-boxed elementor-section-height-default elementor-section-height-default\" data-id=\"5900f228\" data-element_type=\"section\">\n\t\t\t\t\t\t<div class=\"elementor-container elementor-column-gap-default\">\n\t\t\t\t\t<div class=\"elementor-column elementor-col-50 elementor-inner-column elementor-element elementor-element-557ac0b9\" data-id=\"557ac0b9\" data-element_type=\"column\">\n\t\t\t<div class=\"elementor-widget-wrap elementor-element-populated\">\n\t\t\t\t\t\t<div class=\"elementor-element elementor-element-210cb97e elementor-widget elementor-widget-heading\" data-id=\"210cb97e\" data-element_type=\"widget\" data-widget_type=\"heading.default\">\n\t\t\t\t<div class=\"elementor-widget-container\">\n\t\t\t\t\t<h3 class=\"elementor-heading-title elementor-size-default\">Siete interessati a saperne di pi\u00f9?<\/h3>\t\t\t\t<\/div>\n\t\t\t\t<\/div>\n\t\t\t\t<div class=\"elementor-element elementor-element-2db7215d elementor-widget elementor-widget-text-editor\" data-id=\"2db7215d\" data-element_type=\"widget\" data-widget_type=\"text-editor.default\">\n\t\t\t\t<div class=\"elementor-widget-container\">\n\t\t\t\t\t\t\t\t\t<p>Registrati GRATUITAMENTE e leggi le descrizioni dettagliate delle migliori pratiche di 6 paesi!\u00a0<\/p>\t\t\t\t\t\t\t\t<\/div>\n\t\t\t\t<\/div>\n\t\t\t\t\t<\/div>\n\t\t<\/div>\n\t\t\t\t<div class=\"elementor-column elementor-col-50 elementor-inner-column elementor-element elementor-element-711bb2eb\" data-id=\"711bb2eb\" data-element_type=\"column\">\n\t\t\t<div class=\"elementor-widget-wrap elementor-element-populated\">\n\t\t\t\t\t\t<div class=\"elementor-element elementor-element-62a356c elementor-align-center elementor-tablet-align-center elementor-widget elementor-widget-button\" data-id=\"62a356c\" data-element_type=\"widget\" data-widget_type=\"button.default\">\n\t\t\t\t<div class=\"elementor-widget-container\">\n\t\t\t\t\t\t\t\t\t<div class=\"elementor-button-wrapper\">\n\t\t\t\t\t<a class=\"elementor-button elementor-button-link elementor-size-sm elementor-animation-float\" href=\"\/it\/register\/\">\n\t\t\t\t\t\t<span class=\"elementor-button-content-wrapper\">\n\t\t\t\t\t\t\t\t\t<span class=\"elementor-button-text\">REGISTRATI<\/span>\n\t\t\t\t\t<\/span>\n\t\t\t\t\t<\/a>\n\t\t\t\t<\/div>\n\t\t\t\t\t\t\t\t<\/div>\n\t\t\t\t<\/div>\n\t\t\t\t\t<\/div>\n\t\t<\/div>\n\t\t\t\t\t<\/div>\n\t\t<\/section>\n\t\t\t\t\t<\/div>\n\t\t<\/div>\n\t\t\t\t\t<\/div>\n\t\t<\/section>\n\t\t\t\t<\/div>","protected":false},"excerpt":{"rendered":"<p>The project \u201cAdult educator\u2019s mission: give the learner wings\u201d The project \u201cAdult educator\u2019s mission: give the learner wings\u201d is prepared by the consortium of five&hellip;<\/p>","protected":false},"author":1,"featured_media":0,"parent":0,"menu_order":0,"comment_status":"closed","ping_status":"closed","template":"","meta":{"footnotes":""},"class_list":["post-741","page","type-page","status-publish","hentry"],"_links":{"self":[{"href":"https:\/\/educatehub.eu\/it\/wp-json\/wp\/v2\/pages\/741","targetHints":{"allow":["GET"]}}],"collection":[{"href":"https:\/\/educatehub.eu\/it\/wp-json\/wp\/v2\/pages"}],"about":[{"href":"https:\/\/educatehub.eu\/it\/wp-json\/wp\/v2\/types\/page"}],"author":[{"embeddable":true,"href":"https:\/\/educatehub.eu\/it\/wp-json\/wp\/v2\/users\/1"}],"replies":[{"embeddable":true,"href":"https:\/\/educatehub.eu\/it\/wp-json\/wp\/v2\/comments?post=741"}],"version-history":[{"count":26,"href":"https:\/\/educatehub.eu\/it\/wp-json\/wp\/v2\/pages\/741\/revisions"}],"predecessor-version":[{"id":2432,"href":"https:\/\/educatehub.eu\/it\/wp-json\/wp\/v2\/pages\/741\/revisions\/2432"}],"wp:attachment":[{"href":"https:\/\/educatehub.eu\/it\/wp-json\/wp\/v2\/media?parent=741"}],"curies":[{"name":"wp","href":"https:\/\/api.w.org\/{rel}","templated":true}]}}