{"id":2157,"date":"2023-04-06T09:15:09","date_gmt":"2023-04-06T09:15:09","guid":{"rendered":"https:\/\/educatehub.eu\/?page_id=2157"},"modified":"2023-11-11T17:42:06","modified_gmt":"2023-11-11T16:42:06","slug":"certification","status":"publish","type":"page","link":"https:\/\/educatehub.eu\/lt\/certification\/","title":{"rendered":"EDUCATE kokyb\u0117s sertifikavimas"},"content":{"rendered":"<div data-elementor-type=\"wp-page\" data-elementor-id=\"2157\" class=\"elementor elementor-2157\" data-elementor-post-type=\"page\">\n\t\t\t\t\t\t<section class=\"elementor-section elementor-top-section elementor-element elementor-element-1176b2f0 elementor-section-boxed elementor-section-height-default elementor-section-height-default\" data-id=\"1176b2f0\" data-element_type=\"section\" data-settings=\"{&quot;background_background&quot;:&quot;classic&quot;}\">\n\t\t\t\t\t\t<div class=\"elementor-container elementor-column-gap-default\">\n\t\t\t\t\t<div class=\"elementor-column elementor-col-100 elementor-top-column elementor-element elementor-element-6e54f680\" data-id=\"6e54f680\" data-element_type=\"column\" data-settings=\"{&quot;background_background&quot;:&quot;classic&quot;}\">\n\t\t\t<div class=\"elementor-widget-wrap elementor-element-populated\">\n\t\t\t\t\t\t<section class=\"elementor-section elementor-inner-section elementor-element elementor-element-57713767 elementor-section-content-middle elementor-section-boxed elementor-section-height-default elementor-section-height-default\" data-id=\"57713767\" data-element_type=\"section\">\n\t\t\t\t\t\t<div class=\"elementor-container elementor-column-gap-default\">\n\t\t\t\t\t<div class=\"elementor-column elementor-col-100 elementor-inner-column elementor-element elementor-element-5586aa4e\" data-id=\"5586aa4e\" data-element_type=\"column\">\n\t\t\t<div class=\"elementor-widget-wrap elementor-element-populated\">\n\t\t\t\t\t\t<div class=\"elementor-element elementor-element-6c6cf44a elementor-widget elementor-widget-text-editor\" data-id=\"6c6cf44a\" data-element_type=\"widget\" data-widget_type=\"text-editor.default\">\n\t\t\t\t<div class=\"elementor-widget-container\">\n\t\t\t\t\t\t\t\t\t<p>\"EDUCATE interaktyvus centras\" integravo skyri\u0173, skirt\u0105 geriausios suaugusi\u0173j\u0173 \u0161vietimo praktikos ir organizacij\u0173 sertifikavimui, ypating\u0105 d\u0117mes\u012f skiriant skaitmeninimo ir \u012ftraukties sritims. Projekto metu buvo sukurtas EDUCATE kokyb\u0117s sertifikatas, kuris pripa\u017e\u012fsta ir apdovanoja organizacij\u0173, dalyvaujan\u010di\u0173 suaugusi\u0173j\u0173 skaitmenini\u0173 kompetencij\u0173 ugdyme, metodikas ir geriausias darbo praktikas. \u0160is pripa\u017einimas suteik\u0117 organizacijoms didesn\u0119 platform\u0105 ir galimyb\u0119 atkartoti ir padauginti savo praktik\u0105.<\/p>\n<p>\"EDUCATE Sertifikavimas\" suk\u016br\u0117 kriterijus, kuriuos organizacijos turi atitikti sertifikavimui, ir suk\u016br\u0117 sertifikavimo metodik\u0105, kuri\u0105 partneriai naudoja geriausioms praktikoms \u012fvertinti. Sertifikavimo proceso rezultatai ir vadovas bus prieinami organizacijoms interaktyviame EDUCATE centre, prisidedant prie proceso skaidrumo.<\/p>\n<p>EDUCATE sertifikatas yra skaidrus ir lengvai prieinamas b\u016bdas sertifikuoti geriausi\u0105 suaugusi\u0173j\u0173 \u0161vietimo praktik\u0105. \u012egyvendindamos organizacijas, jos gauna prieig\u0105 prie patikrint\u0173 metod\u0173, kaip tobulinti savo praktik\u0105 ar i\u0161pl\u0117sti savo veikl\u0105. \u0160i sistema leid\u017eia geriausiai \u0161vietimo sektoriaus patir\u010diai pasiekti platesn\u0119 auditorij\u0105 ir suteik\u0117 bendr\u0105 pagrind\u0105 bendradarbiavimui ir augimui.<\/p>\n<p>Dabar kvie\u010diame j\u016bs\u0173 organizacij\u0105 dalyvauti \u0161iame nuolatiniame tobulinimo procese. I\u0161bandykite sav\u0119s \u012fsivertinim\u0105, \u012fvertinkite savo praktik\u0105 pagal m\u016bs\u0173 parengtus kriterijus ir prisijunkite prie \u0161vietimo paslaug\u0173 teik\u0117j\u0173 bendruomen\u0117s, kuri nustato suaugusi\u0173j\u0173 \u0161vietimo skaitmenin\u0117s kompetencijos standartus.&nbsp;<\/p>\n<p><b>Nepraleiskite progos tobul\u0117ti, dalintis ir mokytis i\u0161 geriausi\u0173 \u2013 prisijunkite prie EDUCATE bendruomen\u0117s jau dabar!<\/b><\/p>\t\t\t\t\t\t\t\t<\/div>\n\t\t\t\t<\/div>\n\t\t\t\t<div class=\"elementor-element elementor-element-a22510a elementor-widget elementor-widget-heading\" data-id=\"a22510a\" data-element_type=\"widget\" data-widget_type=\"heading.default\">\n\t\t\t\t<div class=\"elementor-widget-container\">\n\t\t\t\t\t<h2 class=\"elementor-heading-title elementor-size-default\"><a href=\"https:\/\/educatehub.eu\/wp-content\/uploads\/2023\/10\/IO2_Methodology_Updated_LITHUANIAN_ud.pdf\" target=\"_blank\">Methodology &amp; Criteria for Organisations<\/a><\/h2>\t\t\t\t<\/div>\n\t\t\t\t<\/div>\n\t\t\t\t<div class=\"elementor-element elementor-element-2d8588d elementor-widget elementor-widget-heading\" data-id=\"2d8588d\" data-element_type=\"widget\" data-widget_type=\"heading.default\">\n\t\t\t\t<div class=\"elementor-widget-container\">\n\t\t\t\t\t<h2 class=\"elementor-heading-title elementor-size-default\"><a href=\"https:\/\/educatehub.eu\/wp-content\/uploads\/2023\/10\/IO2_Methodology_Updated-Annex-I-LT.pdf\" target=\"_blank\">I. priedas<\/a><\/h2>\t\t\t\t<\/div>\n\t\t\t\t<\/div>\n\t\t\t\t<div class=\"elementor-element elementor-element-8b9f0da elementor-widget elementor-widget-heading\" data-id=\"8b9f0da\" data-element_type=\"widget\" data-widget_type=\"heading.default\">\n\t\t\t\t<div class=\"elementor-widget-container\">\n\t\t\t\t\t<h2 class=\"elementor-heading-title elementor-size-default\"><a href=\"https:\/\/educatehub.eu\/wp-content\/uploads\/2023\/10\/IO2_Methodology_Updated-Annex-II-LT.pdf\" target=\"_blank\">II. priedas<\/a><\/h2>\t\t\t\t<\/div>\n\t\t\t\t<\/div>\n\t\t\t\t\t<\/div>\n\t\t<\/div>\n\t\t\t\t\t<\/div>\n\t\t<\/section>\n\t\t\t\t\t<\/div>\n\t\t<\/div>\n\t\t\t\t\t<\/div>\n\t\t<\/section>\n\t\t\t\t<section class=\"elementor-section elementor-top-section elementor-element elementor-element-5d17541 elementor-section-boxed elementor-section-height-default elementor-section-height-default\" data-id=\"5d17541\" data-element_type=\"section\">\n\t\t\t\t\t\t<div class=\"elementor-container elementor-column-gap-default\">\n\t\t\t\t\t<div class=\"elementor-column elementor-col-25 elementor-top-column elementor-element elementor-element-7b68cd2\" data-id=\"7b68cd2\" data-element_type=\"column\">\n\t\t\t<div class=\"elementor-widget-wrap\">\n\t\t\t\t\t\t\t<\/div>\n\t\t<\/div>\n\t\t\t\t<div class=\"elementor-column elementor-col-25 elementor-top-column elementor-element elementor-element-960ffc3\" data-id=\"960ffc3\" data-element_type=\"column\">\n\t\t\t<div class=\"elementor-widget-wrap elementor-element-populated\">\n\t\t\t\t\t\t<div class=\"elementor-element elementor-element-b05bc4b elementor-widget__width-initial elementor-widget elementor-widget-image\" data-id=\"b05bc4b\" data-element_type=\"widget\" data-widget_type=\"image.default\">\n\t\t\t\t<div class=\"elementor-widget-container\">\n\t\t\t\t\t\t\t\t\t\t\t\t\t\t\t<img fetchpriority=\"high\" decoding=\"async\" width=\"800\" height=\"2000\" src=\"https:\/\/educatehub.eu\/wp-content\/uploads\/2023\/11\/1.png\" class=\"attachment-full size-full wp-image-2752\" alt=\"\" srcset=\"https:\/\/educatehub.eu\/wp-content\/uploads\/2023\/11\/1.png 800w, https:\/\/educatehub.eu\/wp-content\/uploads\/2023\/11\/1-120x300.png 120w, https:\/\/educatehub.eu\/wp-content\/uploads\/2023\/11\/1-410x1024.png 410w, https:\/\/educatehub.eu\/wp-content\/uploads\/2023\/11\/1-768x1920.png 768w, https:\/\/educatehub.eu\/wp-content\/uploads\/2023\/11\/1-614x1536.png 614w, https:\/\/educatehub.eu\/wp-content\/uploads\/2023\/11\/1-5x12.png 5w, https:\/\/educatehub.eu\/wp-content\/uploads\/2023\/11\/1-624x1560.png 624w\" sizes=\"(max-width: 800px) 100vw, 800px\" \/>\t\t\t\t\t\t\t\t\t\t\t\t\t\t\t<\/div>\n\t\t\t\t<\/div>\n\t\t\t\t\t<\/div>\n\t\t<\/div>\n\t\t\t\t<div class=\"elementor-column elementor-col-25 elementor-top-column elementor-element elementor-element-8cdaf60\" data-id=\"8cdaf60\" data-element_type=\"column\">\n\t\t\t<div class=\"elementor-widget-wrap elementor-element-populated\">\n\t\t\t\t\t\t<div class=\"elementor-element elementor-element-b00f914 elementor-widget elementor-widget-image\" data-id=\"b00f914\" data-element_type=\"widget\" data-widget_type=\"image.default\">\n\t\t\t\t<div class=\"elementor-widget-container\">\n\t\t\t\t\t\t\t\t\t\t\t\t\t\t\t<img decoding=\"async\" width=\"800\" height=\"2000\" src=\"https:\/\/educatehub.eu\/wp-content\/uploads\/2023\/11\/2.png\" class=\"attachment-full size-full wp-image-2753\" alt=\"\" srcset=\"https:\/\/educatehub.eu\/wp-content\/uploads\/2023\/11\/2.png 800w, https:\/\/educatehub.eu\/wp-content\/uploads\/2023\/11\/2-120x300.png 120w, https:\/\/educatehub.eu\/wp-content\/uploads\/2023\/11\/2-410x1024.png 410w, https:\/\/educatehub.eu\/wp-content\/uploads\/2023\/11\/2-768x1920.png 768w, https:\/\/educatehub.eu\/wp-content\/uploads\/2023\/11\/2-614x1536.png 614w, https:\/\/educatehub.eu\/wp-content\/uploads\/2023\/11\/2-5x12.png 5w, https:\/\/educatehub.eu\/wp-content\/uploads\/2023\/11\/2-624x1560.png 624w\" sizes=\"(max-width: 800px) 100vw, 800px\" \/>\t\t\t\t\t\t\t\t\t\t\t\t\t\t\t<\/div>\n\t\t\t\t<\/div>\n\t\t\t\t\t<\/div>\n\t\t<\/div>\n\t\t\t\t<div class=\"elementor-column elementor-col-25 elementor-top-column elementor-element elementor-element-e39d444\" data-id=\"e39d444\" data-element_type=\"column\">\n\t\t\t<div class=\"elementor-widget-wrap\">\n\t\t\t\t\t\t\t<\/div>\n\t\t<\/div>\n\t\t\t\t\t<\/div>\n\t\t<\/section>\n\t\t\t\t<section class=\"elementor-section elementor-top-section elementor-element elementor-element-11d4e1c8 elementor-section-boxed elementor-section-height-default elementor-section-height-default\" data-id=\"11d4e1c8\" data-element_type=\"section\">\n\t\t\t\t\t\t<div class=\"elementor-container elementor-column-gap-default\">\n\t\t\t\t\t<div class=\"elementor-column elementor-col-50 elementor-top-column elementor-element elementor-element-561aa894\" data-id=\"561aa894\" data-element_type=\"column\">\n\t\t\t<div class=\"elementor-widget-wrap elementor-element-populated\">\n\t\t\t\t\t\t<div class=\"elementor-element elementor-element-1f251c59 elementor-cta--layout-image-above elementor-cta--skin-classic elementor-animated-content elementor-bg-transform elementor-bg-transform-zoom-in elementor-widget elementor-widget-call-to-action\" data-id=\"1f251c59\" data-element_type=\"widget\" data-widget_type=\"call-to-action.default\">\n\t\t\t\t<div class=\"elementor-widget-container\">\n\t\t\t\t\t\t\t<a class=\"elementor-cta\" href=\"\/lt\/certification-for-organisations\/\">\n\t\t\t\t\t<div class=\"elementor-cta__bg-wrapper\">\n\t\t\t\t<div class=\"elementor-cta__bg elementor-bg\" style=\"background-image: url(https:\/\/educatehub.eu\/wp-content\/uploads\/2023\/06\/Educate-certificate_web-1024x724.png);\" role=\"img\" aria-label=\"Educate cert\u0131f\u0131cate_web\"><\/div>\n\t\t\t\t<div class=\"elementor-cta__bg-overlay\"><\/div>\n\t\t\t<\/div>\n\t\t\t\t\t\t\t<div class=\"elementor-cta__content\">\n\t\t\t\t\n\t\t\t\t\t\t\t\t\t<h2 class=\"elementor-cta__title elementor-cta__content-item elementor-content-item\">\n\t\t\t\t\t\tOrganizacij\u0173 sertifikavimas\t\t\t\t\t<\/h2>\n\t\t\t\t\n\t\t\t\t\n\t\t\t\t\t\t\t<\/div>\n\t\t\t\t\t\t<\/a>\n\t\t\t\t\t\t<\/div>\n\t\t\t\t<\/div>\n\t\t\t\t\t<\/div>\n\t\t<\/div>\n\t\t\t\t<div class=\"elementor-column elementor-col-50 elementor-top-column elementor-element elementor-element-4e0999e\" data-id=\"4e0999e\" data-element_type=\"column\">\n\t\t\t<div class=\"elementor-widget-wrap elementor-element-populated\">\n\t\t\t\t\t\t<div class=\"elementor-element elementor-element-6e80382a elementor-cta--skin-classic elementor-animated-content elementor-bg-transform elementor-bg-transform-zoom-in elementor-widget elementor-widget-call-to-action\" data-id=\"6e80382a\" data-element_type=\"widget\" data-widget_type=\"call-to-action.default\">\n\t\t\t\t<div class=\"elementor-widget-container\">\n\t\t\t\t\t\t\t<a class=\"elementor-cta\" href=\"\/lt\/certification-for-best-practices\/\">\n\t\t\t\t\t<div class=\"elementor-cta__bg-wrapper\">\n\t\t\t\t<div class=\"elementor-cta__bg elementor-bg\" style=\"background-image: url(https:\/\/educatehub.eu\/wp-content\/uploads\/2023\/06\/Educate_badge_BP-1024x724.png);\" role=\"img\" aria-label=\"Educate_badge_BP\"><\/div>\n\t\t\t\t<div class=\"elementor-cta__bg-overlay\"><\/div>\n\t\t\t<\/div>\n\t\t\t\t\t\t\t<div class=\"elementor-cta__content\">\n\t\t\t\t\n\t\t\t\t\t\t\t\t\t<h2 class=\"elementor-cta__title elementor-cta__content-item elementor-content-item\">\n\t\t\t\t\t\tGeriausios praktikos sertifikavimas\t\t\t\t\t<\/h2>\n\t\t\t\t\n\t\t\t\t\n\t\t\t\t\t\t\t<\/div>\n\t\t\t\t\t\t<\/a>\n\t\t\t\t\t\t<\/div>\n\t\t\t\t<\/div>\n\t\t\t\t\t<\/div>\n\t\t<\/div>\n\t\t\t\t\t<\/div>\n\t\t<\/section>\n\t\t\t\t<\/div>","protected":false},"excerpt":{"rendered":"<p>The EDUCATE Interactive Hub had integrated a section dedicated to the certification of best practices and organisations in adult education, with special focus on the&hellip;<\/p>","protected":false},"author":1,"featured_media":0,"parent":0,"menu_order":0,"comment_status":"closed","ping_status":"closed","template":"","meta":{"footnotes":""},"class_list":["post-2157","page","type-page","status-publish","hentry"],"_links":{"self":[{"href":"https:\/\/educatehub.eu\/lt\/wp-json\/wp\/v2\/pages\/2157","targetHints":{"allow":["GET"]}}],"collection":[{"href":"https:\/\/educatehub.eu\/lt\/wp-json\/wp\/v2\/pages"}],"about":[{"href":"https:\/\/educatehub.eu\/lt\/wp-json\/wp\/v2\/types\/page"}],"author":[{"embeddable":true,"href":"https:\/\/educatehub.eu\/lt\/wp-json\/wp\/v2\/users\/1"}],"replies":[{"embeddable":true,"href":"https:\/\/educatehub.eu\/lt\/wp-json\/wp\/v2\/comments?post=2157"}],"version-history":[{"count":33,"href":"https:\/\/educatehub.eu\/lt\/wp-json\/wp\/v2\/pages\/2157\/revisions"}],"predecessor-version":[{"id":2756,"href":"https:\/\/educatehub.eu\/lt\/wp-json\/wp\/v2\/pages\/2157\/revisions\/2756"}],"wp:attachment":[{"href":"https:\/\/educatehub.eu\/lt\/wp-json\/wp\/v2\/media?parent=2157"}],"curies":[{"name":"wp","href":"https:\/\/api.w.org\/{rel}","templated":true}]}}