{"id":313,"date":"2022-10-21T11:32:44","date_gmt":"2022-10-21T11:32:44","guid":{"rendered":"https:\/\/educatehub.eu\/?page_id=313"},"modified":"2023-01-08T19:31:17","modified_gmt":"2023-01-08T19:31:17","slug":"how-to-use-this-site","status":"publish","type":"page","link":"https:\/\/educatehub.eu\/lt\/how-to-use-this-site\/","title":{"rendered":"Kaip naudotis svetaine?"},"content":{"rendered":"<div data-elementor-type=\"wp-page\" data-elementor-id=\"313\" class=\"elementor elementor-313\" data-elementor-post-type=\"page\">\n\t\t\t\t\t\t<section class=\"elementor-section elementor-top-section elementor-element elementor-element-645f42af elementor-section-boxed elementor-section-height-default elementor-section-height-default\" data-id=\"645f42af\" data-element_type=\"section\">\n\t\t\t\t\t\t<div class=\"elementor-container elementor-column-gap-default\">\n\t\t\t\t\t<div class=\"elementor-column elementor-col-50 elementor-top-column elementor-element elementor-element-5c3a2730\" data-id=\"5c3a2730\" data-element_type=\"column\">\n\t\t\t<div class=\"elementor-widget-wrap elementor-element-populated\">\n\t\t\t\t\t\t<div class=\"elementor-element elementor-element-5635484f elementor-widget elementor-widget-text-editor\" data-id=\"5635484f\" data-element_type=\"widget\" data-widget_type=\"text-editor.default\">\n\t\t\t\t<div class=\"elementor-widget-container\">\n\t\t\t\t\t<div class=\"bb-theme-elementor-wrap bb-elementor-custom-family\">\t\t\t\t<p class=\"translation-block\">Esate m\u016bs\u0173 tarptautin\u0117s internetin\u0117s bendruomen\u0117s platformos <em><strong>vie\u0161ojoje skiltyje<\/strong><\/em>. \u0160iame skyriuje galite rasti naujienas ir informacij\u0105 apie projekt\u0105, partneryst\u0119 ir internetin\u0119 bendruomen\u0117s platform\u0105. <strong>Pradinis puslapis pasiekiamas 7 kalbomis (angl\u0173, graik\u0173, ital\u0173, latvi\u0173, lietuvi\u0173, turk\u0173, vengr\u0173).<\/strong><\/p>\t\t\t\t<\/div>\t\t\t\t<\/div>\n\t\t\t\t<\/div>\n\t\t\t\t<div class=\"elementor-element elementor-element-3264ebe0 elementor-widget elementor-widget-text-editor\" data-id=\"3264ebe0\" data-element_type=\"widget\" data-widget_type=\"text-editor.default\">\n\t\t\t\t<div class=\"elementor-widget-container\">\n\t\t\t\t\t<div class=\"bb-theme-elementor-wrap bb-elementor-custom-family\">\t\t\t\t<p class=\"translation-block\">Pradinio puslapio <em><strong>antra\u0161t\u0117je galima<\/strong><\/em> pasirinkti i\u0161 4 parink\u010di\u0173: naujienos, geriausios praktikos, kontaktai ir kaip naudotis \u0161ia svetaine.<\/p>\t\t\t\t<\/div>\t\t\t\t<\/div>\n\t\t\t\t<\/div>\n\t\t\t\t<div class=\"elementor-element elementor-element-1f684826 elementor-widget elementor-widget-text-editor\" data-id=\"1f684826\" data-element_type=\"widget\" data-widget_type=\"text-editor.default\">\n\t\t\t\t<div class=\"elementor-widget-container\">\n\t\t\t\t\t<div class=\"bb-theme-elementor-wrap bb-elementor-custom-family\">\t\t\t\t<p class=\"translation-block\">Nor\u0117dami naudotis visomis platformos funkcijomis, turite u\u017esi <em><strong>registruoti<\/strong><\/em>. Tai padaryti, spustel\u0117kite registracijos mygtuk\u0105 vir\u0161utiniame de\u0161iniajame meniu juostos kampe. Daugiau apie svetain\u0117s naudojimo s\u0105lygas galite perskaityti s\u0105lyg\u0173 dokumente.<\/p>\t\t\t\t<\/div>\t\t\t\t<\/div>\n\t\t\t\t<\/div>\n\t\t\t\t<div class=\"elementor-element elementor-element-1bf8279a elementor-widget elementor-widget-text-editor\" data-id=\"1bf8279a\" data-element_type=\"widget\" data-widget_type=\"text-editor.default\">\n\t\t\t\t<div class=\"elementor-widget-container\">\n\t\t\t\t\t<div class=\"bb-theme-elementor-wrap bb-elementor-custom-family\">\t\t\t\t<p class=\"translation-block\">Nor\u0117dami para\u0161yti mums, galite naudoti <em><strong>kontakt\u0173<\/strong><\/em> puslapyje esan\u010di\u0105 kontaktin\u0119 form\u0105 arba susisiekti tieiogiai per projekto partneri\u0173 kontaktinus duomenis.<\/p>\t\t\t\t<\/div>\t\t\t\t<\/div>\n\t\t\t\t<\/div>\n\t\t\t\t<div class=\"elementor-element elementor-element-26bd9414 elementor-widget elementor-widget-text-editor\" data-id=\"26bd9414\" data-element_type=\"widget\" data-widget_type=\"text-editor.default\">\n\t\t\t\t<div class=\"elementor-widget-container\">\n\t\t\t\t\t<div class=\"bb-theme-elementor-wrap bb-elementor-custom-family\">\t\t\t\t<p class=\"translation-block\">Pagrindinio puslapio apa\u010dioje galite <em><strong>u\u017esiprenumeruoti<\/strong><\/em> m\u016bs\u0173 naujienlai\u0161k\u012f ir sekti mus m\u016bs\u0173 <em><strong>socialin\u0117s \u017einiasklaidos puslapiuose<\/strong><\/em>.<\/p>\t\t\t\t<\/div>\t\t\t\t<\/div>\n\t\t\t\t<\/div>\n\t\t\t\t\t<\/div>\n\t\t<\/div>\n\t\t\t\t<div class=\"elementor-column elementor-col-50 elementor-top-column elementor-element elementor-element-78a182ff\" data-id=\"78a182ff\" data-element_type=\"column\">\n\t\t\t<div class=\"elementor-widget-wrap elementor-element-populated\">\n\t\t\t\t\t\t<div class=\"elementor-element elementor-element-23910f3c elementor-widget elementor-widget-image\" data-id=\"23910f3c\" data-element_type=\"widget\" data-widget_type=\"image.default\">\n\t\t\t\t<div class=\"elementor-widget-container\">\n\t\t\t\t\t\t\t\t\t\t\t\t\t\t\t<img fetchpriority=\"high\" decoding=\"async\" width=\"640\" height=\"640\" src=\"https:\/\/educatehub.eu\/wp-content\/uploads\/2022\/10\/1-1024x1024.png\" class=\"attachment-large size-large wp-image-510\" alt=\"\" srcset=\"https:\/\/educatehub.eu\/wp-content\/uploads\/2022\/10\/1-1024x1024.png 1024w, https:\/\/educatehub.eu\/wp-content\/uploads\/2022\/10\/1-300x300.png 300w, https:\/\/educatehub.eu\/wp-content\/uploads\/2022\/10\/1-150x150.png 150w, https:\/\/educatehub.eu\/wp-content\/uploads\/2022\/10\/1-768x768.png 768w, https:\/\/educatehub.eu\/wp-content\/uploads\/2022\/10\/1-624x624.png 624w, https:\/\/educatehub.eu\/wp-content\/uploads\/2022\/10\/1.png 1080w\" sizes=\"(max-width: 640px) 100vw, 640px\" \/>\t\t\t\t\t\t\t\t\t\t\t\t\t\t\t<\/div>\n\t\t\t\t<\/div>\n\t\t\t\t\t<\/div>\n\t\t<\/div>\n\t\t\t\t\t<\/div>\n\t\t<\/section>\n\t\t\t\t<section class=\"elementor-section elementor-top-section elementor-element elementor-element-207e4d7b elementor-section-boxed elementor-section-height-default elementor-section-height-default\" data-id=\"207e4d7b\" data-element_type=\"section\">\n\t\t\t\t\t\t<div class=\"elementor-container elementor-column-gap-default\">\n\t\t\t\t\t<div class=\"elementor-column elementor-col-33 elementor-top-column elementor-element elementor-element-331517a3\" data-id=\"331517a3\" data-element_type=\"column\">\n\t\t\t<div class=\"elementor-widget-wrap elementor-element-populated\">\n\t\t\t\t\t\t<div class=\"elementor-element elementor-element-622edac elementor-widget elementor-widget-image\" data-id=\"622edac\" data-element_type=\"widget\" data-widget_type=\"image.default\">\n\t\t\t\t<div class=\"elementor-widget-container\">\n\t\t\t\t\t\t\t\t\t\t\t\t\t\t\t<img decoding=\"async\" width=\"640\" height=\"640\" src=\"https:\/\/educatehub.eu\/wp-content\/uploads\/2022\/10\/2-1024x1024.png\" class=\"attachment-large size-large wp-image-511\" alt=\"\" srcset=\"https:\/\/educatehub.eu\/wp-content\/uploads\/2022\/10\/2-1024x1024.png 1024w, https:\/\/educatehub.eu\/wp-content\/uploads\/2022\/10\/2-300x300.png 300w, https:\/\/educatehub.eu\/wp-content\/uploads\/2022\/10\/2-150x150.png 150w, https:\/\/educatehub.eu\/wp-content\/uploads\/2022\/10\/2-768x768.png 768w, https:\/\/educatehub.eu\/wp-content\/uploads\/2022\/10\/2-624x624.png 624w, https:\/\/educatehub.eu\/wp-content\/uploads\/2022\/10\/2.png 1080w\" sizes=\"(max-width: 640px) 100vw, 640px\" \/>\t\t\t\t\t\t\t\t\t\t\t\t\t\t\t<\/div>\n\t\t\t\t<\/div>\n\t\t\t\t\t<\/div>\n\t\t<\/div>\n\t\t\t\t<div class=\"elementor-column elementor-col-66 elementor-top-column elementor-element elementor-element-59c0c76e\" data-id=\"59c0c76e\" data-element_type=\"column\">\n\t\t\t<div class=\"elementor-widget-wrap elementor-element-populated\">\n\t\t\t\t\t\t<div class=\"elementor-element elementor-element-4c51145f elementor-widget elementor-widget-text-editor\" data-id=\"4c51145f\" data-element_type=\"widget\" data-widget_type=\"text-editor.default\">\n\t\t\t\t<div class=\"elementor-widget-container\">\n\t\t\t\t\t\t\t\t\t<p class=\"translation-block\"><em><strong>Registracijos puslapyje<\/strong><\/em> tur\u0117site u\u017epildyti registracijos form\u0105 su reikalingais duomenimis.<\/p>\t\t\t\t\t\t\t\t<\/div>\n\t\t\t\t<\/div>\n\t\t\t\t<div class=\"elementor-element elementor-element-40c8fa9b elementor-widget elementor-widget-text-editor\" data-id=\"40c8fa9b\" data-element_type=\"widget\" data-widget_type=\"text-editor.default\">\n\t\t\t\t<div class=\"elementor-widget-container\">\n\t\t\t\t\t\t\t\t\t<p class=\"translation-block\">Teisingai u\u017epild\u017eius ir pateikus form\u0105, gausite lai\u0161k\u0105 nurodytu el. pa\u0161to adresu. Nor\u0117dami <em><strong>suaktyvinti paskyr\u0105<\/strong><\/em>, spustel\u0117kite prane\u0161ime esan\u010di\u0105 nuorod\u0105.<\/p>\t\t\t\t\t\t\t\t<\/div>\n\t\t\t\t<\/div>\n\t\t\t\t<div class=\"elementor-element elementor-element-77051986 elementor-widget elementor-widget-text-editor\" data-id=\"77051986\" data-element_type=\"widget\" data-widget_type=\"text-editor.default\">\n\t\t\t\t<div class=\"elementor-widget-container\">\n\t\t\t\t\t\t\t\t\t<p class=\"translation-block\">S\u0117kmingai suaktyvin\u0119 paskyr\u0105, galite prisijungti prie platformos spustel\u0117dami <em><strong>prisijungimo<\/strong><\/em> mygtuk\u0105 de\u0161in\u0117je meniu juostos pus\u0117je.<\/p>\t\t\t\t\t\t\t\t<\/div>\n\t\t\t\t<\/div>\n\t\t\t\t\t<\/div>\n\t\t<\/div>\n\t\t\t\t\t<\/div>\n\t\t<\/section>\n\t\t\t\t<section class=\"elementor-section elementor-top-section elementor-element elementor-element-67eee848 elementor-section-boxed elementor-section-height-default elementor-section-height-default\" data-id=\"67eee848\" data-element_type=\"section\">\n\t\t\t\t\t\t<div class=\"elementor-container elementor-column-gap-default\">\n\t\t\t\t\t<div class=\"elementor-column elementor-col-50 elementor-top-column elementor-element elementor-element-24f30e27\" data-id=\"24f30e27\" data-element_type=\"column\">\n\t\t\t<div class=\"elementor-widget-wrap elementor-element-populated\">\n\t\t\t\t\t\t<div class=\"elementor-element elementor-element-564b5496 elementor-widget elementor-widget-text-editor\" data-id=\"564b5496\" data-element_type=\"widget\" data-widget_type=\"text-editor.default\">\n\t\t\t\t<div class=\"elementor-widget-container\">\n\t\t\t\t\t<div class=\"bb-theme-elementor-wrap bb-elementor-custom-family\">\t\t\t\t<p class=\"translation-block\">Prisijung\u0119 pamatysite pagrindin\u012f <em><strong>valdymo pult\u0105<\/strong><\/em>. Tai centrin\u0117 platformos dalis, i\u0161 kurios lengvai pasiekiamos visos kitos funkcijos ir puslapiai.<\/p>\t\t\t\t<\/div>\t\t\t\t<\/div>\n\t\t\t\t<\/div>\n\t\t\t\t<div class=\"elementor-element elementor-element-7c005a9b elementor-widget elementor-widget-text-editor\" data-id=\"7c005a9b\" data-element_type=\"widget\" data-widget_type=\"text-editor.default\">\n\t\t\t\t<div class=\"elementor-widget-container\">\n\t\t\t\t\t<div class=\"bb-theme-elementor-wrap bb-elementor-custom-family bb-elementor-custom-size\">\t\t\t\t<p class=\"translation-block\"><strong>Kadangi pagrindinis platformos tikslas yra palengvinti tarptautin\u012f suaugusi\u0173j\u0173 \u0161viet\u0117j\u0173 ir suaugusi\u0173j\u0173 besimokan\u010di\u0173j\u0173 bendradarbiavim\u0105 Europoje, rekomenduojame bendrauti angl\u0173 kalba!<\/strong><\/p>\t\t\t\t<\/div>\t\t\t\t<\/div>\n\t\t\t\t<\/div>\n\t\t\t\t<div class=\"elementor-element elementor-element-7ed2d5d2 elementor-widget elementor-widget-text-editor\" data-id=\"7ed2d5d2\" data-element_type=\"widget\" data-widget_type=\"text-editor.default\">\n\t\t\t\t<div class=\"elementor-widget-container\">\n\t\t\t\t\t<div class=\"bb-theme-elementor-wrap bb-elementor-custom-family\">\t\t\t\t<p class=\"translation-block\">\u010cia naujien\u0173 <em><strong>kanalo skiltis<\/strong><\/em>, kurioje, kaip ir socialin\u0117s \u017einiasklaidos svetain\u0117se, vartotojai gali matyti naujausi\u0105 veikl\u0105 ir dalintis naujienomis, informacija ir turiniu.<\/p>\t\t\t\t<\/div>\t\t\t\t<\/div>\n\t\t\t\t<\/div>\n\t\t\t\t<div class=\"elementor-element elementor-element-258a935b elementor-widget elementor-widget-text-editor\" data-id=\"258a935b\" data-element_type=\"widget\" data-widget_type=\"text-editor.default\">\n\t\t\t\t<div class=\"elementor-widget-container\">\n\t\t\t\t\t<div class=\"bb-theme-elementor-wrap bb-elementor-custom-family\">\t\t\t\t<p class=\"translation-block\"><strong>Profilio<\/strong> skiltyje galite \u012fkelti savo profil\u012f ir vir\u0161elio nuotrauk\u0105, redaguoti savo profil\u012f ir per\u017ei\u016br\u0117ti kit\u0173 nari\u0173 profilius. Platformos nariai gali per\u017ei\u016br\u0117ti, sekti ir kveisti \u012f draugus vieni kitus. Nariai gali bendrauti vieni su kit\u0173 \u012fra\u0161ais naudodami funkcijas, \u012fskaitant @min\u0117jimus, paveiksl\u0117lius, gifus ir kt. Abnd nariai taip pat gali si\u0173sti priva\u010dias \u017einutes vienam nariui arba nari\u0173 grupei.<\/p>\t\t\t\t<\/div>\t\t\t\t<\/div>\n\t\t\t\t<\/div>\n\t\t\t\t\t<\/div>\n\t\t<\/div>\n\t\t\t\t<div class=\"elementor-column elementor-col-50 elementor-top-column elementor-element elementor-element-40220603\" data-id=\"40220603\" data-element_type=\"column\">\n\t\t\t<div class=\"elementor-widget-wrap elementor-element-populated\">\n\t\t\t\t\t\t<div class=\"elementor-element elementor-element-79105a62 elementor-widget elementor-widget-image\" data-id=\"79105a62\" data-element_type=\"widget\" data-widget_type=\"image.default\">\n\t\t\t\t<div class=\"elementor-widget-container\">\n\t\t\t\t\t\t\t\t\t\t\t\t\t\t\t<img decoding=\"async\" width=\"640\" height=\"427\" src=\"https:\/\/educatehub.eu\/wp-content\/uploads\/2022\/09\/EDUCATE_mockup_web2-1024x683.png\" class=\"attachment-large size-large wp-image-185\" alt=\"\" srcset=\"https:\/\/educatehub.eu\/wp-content\/uploads\/2022\/09\/EDUCATE_mockup_web2-1024x683.png 1024w, https:\/\/educatehub.eu\/wp-content\/uploads\/2022\/09\/EDUCATE_mockup_web2-300x200.png 300w, https:\/\/educatehub.eu\/wp-content\/uploads\/2022\/09\/EDUCATE_mockup_web2-768x512.png 768w, https:\/\/educatehub.eu\/wp-content\/uploads\/2022\/09\/EDUCATE_mockup_web2-1536x1024.png 1536w, https:\/\/educatehub.eu\/wp-content\/uploads\/2022\/09\/EDUCATE_mockup_web2-624x416.png 624w, https:\/\/educatehub.eu\/wp-content\/uploads\/2022\/09\/EDUCATE_mockup_web2.png 1920w\" sizes=\"(max-width: 640px) 100vw, 640px\" \/>\t\t\t\t\t\t\t\t\t\t\t\t\t\t\t<\/div>\n\t\t\t\t<\/div>\n\t\t\t\t<div class=\"elementor-element elementor-element-9b2fb59 elementor-align-center elementor-invisible elementor-widget elementor-widget-button\" data-id=\"9b2fb59\" data-element_type=\"widget\" data-settings=\"{&quot;_animation&quot;:&quot;tada&quot;}\" data-widget_type=\"button.default\">\n\t\t\t\t<div class=\"elementor-widget-container\">\n\t\t\t\t\t\t\t\t\t<div class=\"elementor-button-wrapper\">\n\t\t\t\t\t<a class=\"elementor-button elementor-button-link elementor-size-xl\" href=\"https:\/\/educatehub.eu\/lt\/register\/\">\n\t\t\t\t\t\t<span class=\"elementor-button-content-wrapper\">\n\t\t\t\t\t\t\t\t\t<span class=\"elementor-button-text\">SIGN UP NOW &amp; JOIN THE COMMUNITY<\/span>\n\t\t\t\t\t<\/span>\n\t\t\t\t\t<\/a>\n\t\t\t\t<\/div>\n\t\t\t\t\t\t\t\t<\/div>\n\t\t\t\t<\/div>\n\t\t\t\t<div class=\"elementor-element elementor-element-4a4f4aed elementor-widget elementor-widget-text-editor\" data-id=\"4a4f4aed\" data-element_type=\"widget\" data-widget_type=\"text-editor.default\">\n\t\t\t\t<div class=\"elementor-widget-container\">\n\t\t\t\t\t<div class=\"bb-theme-elementor-wrap bb-elementor-custom-family\">\t\t\t\t<p><em>\u0160is internetinis centras sukurtas taip, kad atitikt\u0173 atitinkamus duomen\u0173 apsaugos reikalavimus, apie kuriuos daugiau galite perskaityti m\u016bs\u0173 privatumo politikoje.<\/em><\/p>\t\t\t\t<\/div>\t\t\t\t<\/div>\n\t\t\t\t<\/div>\n\t\t\t\t\t<\/div>\n\t\t<\/div>\n\t\t\t\t\t<\/div>\n\t\t<\/section>\n\t\t\t\t<\/div>","protected":false},"excerpt":{"rendered":"<p>You are on the public section of our international online community hub. In this section you can find some news and information about the project,&hellip;<\/p>","protected":false},"author":1,"featured_media":0,"parent":0,"menu_order":0,"comment_status":"closed","ping_status":"closed","template":"","meta":{"footnotes":""},"class_list":["post-313","page","type-page","status-publish","hentry"],"_links":{"self":[{"href":"https:\/\/educatehub.eu\/lt\/wp-json\/wp\/v2\/pages\/313","targetHints":{"allow":["GET"]}}],"collection":[{"href":"https:\/\/educatehub.eu\/lt\/wp-json\/wp\/v2\/pages"}],"about":[{"href":"https:\/\/educatehub.eu\/lt\/wp-json\/wp\/v2\/types\/page"}],"author":[{"embeddable":true,"href":"https:\/\/educatehub.eu\/lt\/wp-json\/wp\/v2\/users\/1"}],"replies":[{"embeddable":true,"href":"https:\/\/educatehub.eu\/lt\/wp-json\/wp\/v2\/comments?post=313"}],"version-history":[{"count":40,"href":"https:\/\/educatehub.eu\/lt\/wp-json\/wp\/v2\/pages\/313\/revisions"}],"predecessor-version":[{"id":863,"href":"https:\/\/educatehub.eu\/lt\/wp-json\/wp\/v2\/pages\/313\/revisions\/863"}],"wp:attachment":[{"href":"https:\/\/educatehub.eu\/lt\/wp-json\/wp\/v2\/media?parent=313"}],"curies":[{"name":"wp","href":"https:\/\/api.w.org\/{rel}","templated":true}]}}