{"id":673,"date":"2023-01-07T22:04:22","date_gmt":"2023-01-07T22:04:22","guid":{"rendered":"https:\/\/educatehub.eu\/?page_id=673"},"modified":"2023-10-12T16:22:47","modified_gmt":"2023-10-12T14:22:47","slug":"best-practices-digital-literacy","status":"publish","type":"page","link":"https:\/\/educatehub.eu\/lt\/best-practices-digital-literacy\/","title":{"rendered":"Best Practices &#8211; Digital Literacy and Skills Development"},"content":{"rendered":"<div data-elementor-type=\"wp-page\" data-elementor-id=\"673\" class=\"elementor elementor-673\" data-elementor-post-type=\"page\">\n\t\t\t\t\t\t<section class=\"elementor-section elementor-top-section elementor-element elementor-element-18d0ed55 elementor-section-boxed elementor-section-height-default elementor-section-height-default\" data-id=\"18d0ed55\" data-element_type=\"section\">\n\t\t\t\t\t\t<div class=\"elementor-container elementor-column-gap-default\">\n\t\t\t\t\t<div class=\"elementor-column elementor-col-50 elementor-top-column elementor-element elementor-element-598a12a7\" data-id=\"598a12a7\" data-element_type=\"column\">\n\t\t\t<div class=\"elementor-widget-wrap elementor-element-populated\">\n\t\t\t\t\t\t<div class=\"elementor-element elementor-element-15560516 elementor-widget elementor-widget-text-editor\" data-id=\"15560516\" data-element_type=\"widget\" data-widget_type=\"text-editor.default\">\n\t\t\t\t<div class=\"elementor-widget-container\">\n\t\t\t\t\t<div class=\"bb-theme-elementor-wrap bb-elementor-custom-family\">\t\t\t\t<h3><strong>\u201cSuaugusi\u0173j\u0173 skaitmenini\u0173 kompetencij\u0173 gerinimas\"<\/strong><\/h3>\t\t\t\t<\/div>\t\t\t\t<\/div>\n\t\t\t\t<\/div>\n\t\t\t\t<div class=\"elementor-element elementor-element-6f9dc63c elementor-widget elementor-widget-text-editor\" data-id=\"6f9dc63c\" data-element_type=\"widget\" data-widget_type=\"text-editor.default\">\n\t\t\t\t<div class=\"elementor-widget-container\">\n\t\t\t\t\t<div class=\"bb-theme-elementor-wrap bb-elementor-custom-family\">\t\t\t\t<p>Bendras \u0161io projekto tikslas \u2013 siekti, kad \u017emogus geb\u0117t\u0173 efektyviai panaudoti technologinius i\u0161teklius realioms problemoms spr\u0119sti, vertinti ir parinkti naujus informacijos \u0161altinius, kriti\u0161kai vertindamas, bei atsi\u017evelgdamas \u012f ties\u0105 ir saugum\u0105.<\/p>\t\t\t\t<\/div>\t\t\t\t<\/div>\n\t\t\t\t<\/div>\n\t\t\t\t<div class=\"elementor-element elementor-element-1158dacb elementor-widget elementor-widget-text-editor\" data-id=\"1158dacb\" data-element_type=\"widget\" data-widget_type=\"text-editor.default\">\n\t\t\t\t<div class=\"elementor-widget-container\">\n\t\t\t\t\t<div class=\"bb-theme-elementor-wrap bb-elementor-custom-family\">\t\t\t\t<p>Pagrindin\u0117 projekto veikla:<\/p><ul><li>\u012evertinti suaugusi\u0173j\u0173, turin\u010di\u0173 \u017eem\u0105 i\u0161silavinim\u0105, bedarbi\u0173, dirban\u010di\u0173, imigrant\u0173 ir kt., skaitmeninius \u012fg\u016bd\u017eius.<\/li><li>Parengti mokymo resursus pagrindin\u0117ms skaitmenin\u0117ms ir matematikos kompetencijoms bei pagrindiniams gamtos moksl\u0173 ir technologij\u0173 bei bendravimo gimt\u0105ja kalba geb\u0117jimams, susijusiems su skaitmenin\u0117mis kompetencijomis.<\/li><li>Suteikti priemones ir i\u0161teklius suaugusiems, siekiant pad\u0117ti jiems ugdyti \u017einias.<\/li><li>Sukurti elektronin\u0119 saugykl\u0105 su priemon\u0117m, \u012frankiais ir i\u0161tekliais skaitmeniniams \u012fg\u016bd\u017eiams lavinti.<\/li><\/ul>\t\t\t\t<\/div>\t\t\t\t<\/div>\n\t\t\t\t<\/div>\n\t\t\t\t\t<\/div>\n\t\t<\/div>\n\t\t\t\t<div class=\"elementor-column elementor-col-50 elementor-top-column elementor-element elementor-element-10e68ccb\" data-id=\"10e68ccb\" data-element_type=\"column\">\n\t\t\t<div class=\"elementor-widget-wrap elementor-element-populated\">\n\t\t\t\t\t\t<div class=\"elementor-element elementor-element-761ae4c9 elementor-widget elementor-widget-image\" data-id=\"761ae4c9\" data-element_type=\"widget\" data-widget_type=\"image.default\">\n\t\t\t\t<div class=\"elementor-widget-container\">\n\t\t\t\t\t\t\t\t\t\t\t\t\t\t\t<img fetchpriority=\"high\" decoding=\"async\" width=\"640\" height=\"960\" src=\"https:\/\/educatehub.eu\/wp-content\/uploads\/2023\/01\/linkedin-sales-solutions-wS73LE0GnKs-unsplash-683x1024.jpg\" class=\"attachment-large size-large wp-image-773\" alt=\"\" srcset=\"https:\/\/educatehub.eu\/wp-content\/uploads\/2023\/01\/linkedin-sales-solutions-wS73LE0GnKs-unsplash-683x1024.jpg 683w, https:\/\/educatehub.eu\/wp-content\/uploads\/2023\/01\/linkedin-sales-solutions-wS73LE0GnKs-unsplash-200x300.jpg 200w, https:\/\/educatehub.eu\/wp-content\/uploads\/2023\/01\/linkedin-sales-solutions-wS73LE0GnKs-unsplash-768x1152.jpg 768w, https:\/\/educatehub.eu\/wp-content\/uploads\/2023\/01\/linkedin-sales-solutions-wS73LE0GnKs-unsplash-1024x1536.jpg 1024w, https:\/\/educatehub.eu\/wp-content\/uploads\/2023\/01\/linkedin-sales-solutions-wS73LE0GnKs-unsplash-1365x2048.jpg 1365w, https:\/\/educatehub.eu\/wp-content\/uploads\/2023\/01\/linkedin-sales-solutions-wS73LE0GnKs-unsplash-8x12.jpg 8w, https:\/\/educatehub.eu\/wp-content\/uploads\/2023\/01\/linkedin-sales-solutions-wS73LE0GnKs-unsplash-624x936.jpg 624w, https:\/\/educatehub.eu\/wp-content\/uploads\/2023\/01\/linkedin-sales-solutions-wS73LE0GnKs-unsplash-scaled.jpg 1707w\" sizes=\"(max-width: 640px) 100vw, 640px\" \/>\t\t\t\t\t\t\t\t\t\t\t\t\t\t\t<\/div>\n\t\t\t\t<\/div>\n\t\t\t\t\t<\/div>\n\t\t<\/div>\n\t\t\t\t\t<\/div>\n\t\t<\/section>\n\t\t\t\t<section class=\"elementor-section elementor-top-section elementor-element elementor-element-865cd78 elementor-section-boxed elementor-section-height-default elementor-section-height-default\" data-id=\"865cd78\" data-element_type=\"section\">\n\t\t\t\t\t\t<div class=\"elementor-container elementor-column-gap-default\">\n\t\t\t\t\t<div class=\"elementor-column elementor-col-100 elementor-top-column elementor-element elementor-element-127186f\" data-id=\"127186f\" data-element_type=\"column\">\n\t\t\t<div class=\"elementor-widget-wrap elementor-element-populated\">\n\t\t\t\t\t\t<div class=\"elementor-element elementor-element-e8833ca elementor-widget-divider--view-line elementor-widget elementor-widget-divider\" data-id=\"e8833ca\" data-element_type=\"widget\" data-widget_type=\"divider.default\">\n\t\t\t\t<div class=\"elementor-widget-container\">\n\t\t\t\t\t\t\t<div class=\"elementor-divider\">\n\t\t\t<span class=\"elementor-divider-separator\">\n\t\t\t\t\t\t<\/span>\n\t\t<\/div>\n\t\t\t\t\t\t<\/div>\n\t\t\t\t<\/div>\n\t\t\t\t\t<\/div>\n\t\t<\/div>\n\t\t\t\t\t<\/div>\n\t\t<\/section>\n\t\t\t\t<section class=\"elementor-section elementor-top-section elementor-element elementor-element-767851a1 elementor-section-boxed elementor-section-height-default elementor-section-height-default\" data-id=\"767851a1\" data-element_type=\"section\">\n\t\t\t\t\t\t<div class=\"elementor-container elementor-column-gap-default\">\n\t\t\t\t\t<div class=\"elementor-column elementor-col-50 elementor-top-column elementor-element elementor-element-30422441\" data-id=\"30422441\" data-element_type=\"column\">\n\t\t\t<div class=\"elementor-widget-wrap elementor-element-populated\">\n\t\t\t\t\t\t<div class=\"elementor-element elementor-element-2bf6b7d9 elementor-widget elementor-widget-image\" data-id=\"2bf6b7d9\" data-element_type=\"widget\" data-widget_type=\"image.default\">\n\t\t\t\t<div class=\"elementor-widget-container\">\n\t\t\t\t\t\t\t\t\t\t\t\t\t\t\t<img decoding=\"async\" width=\"640\" height=\"960\" src=\"https:\/\/educatehub.eu\/wp-content\/uploads\/2023\/01\/linkedin-sales-solutions-hrhjn6ZTgrM-unsplash-683x1024.jpg\" class=\"attachment-large size-large wp-image-850\" alt=\"\" srcset=\"https:\/\/educatehub.eu\/wp-content\/uploads\/2023\/01\/linkedin-sales-solutions-hrhjn6ZTgrM-unsplash-683x1024.jpg 683w, https:\/\/educatehub.eu\/wp-content\/uploads\/2023\/01\/linkedin-sales-solutions-hrhjn6ZTgrM-unsplash-200x300.jpg 200w, https:\/\/educatehub.eu\/wp-content\/uploads\/2023\/01\/linkedin-sales-solutions-hrhjn6ZTgrM-unsplash-768x1152.jpg 768w, https:\/\/educatehub.eu\/wp-content\/uploads\/2023\/01\/linkedin-sales-solutions-hrhjn6ZTgrM-unsplash-1024x1536.jpg 1024w, https:\/\/educatehub.eu\/wp-content\/uploads\/2023\/01\/linkedin-sales-solutions-hrhjn6ZTgrM-unsplash-1365x2048.jpg 1365w, https:\/\/educatehub.eu\/wp-content\/uploads\/2023\/01\/linkedin-sales-solutions-hrhjn6ZTgrM-unsplash-8x12.jpg 8w, https:\/\/educatehub.eu\/wp-content\/uploads\/2023\/01\/linkedin-sales-solutions-hrhjn6ZTgrM-unsplash-624x936.jpg 624w, https:\/\/educatehub.eu\/wp-content\/uploads\/2023\/01\/linkedin-sales-solutions-hrhjn6ZTgrM-unsplash-scaled.jpg 1707w\" sizes=\"(max-width: 640px) 100vw, 640px\" \/>\t\t\t\t\t\t\t\t\t\t\t\t\t\t\t<\/div>\n\t\t\t\t<\/div>\n\t\t\t\t\t<\/div>\n\t\t<\/div>\n\t\t\t\t<div class=\"elementor-column elementor-col-50 elementor-top-column elementor-element elementor-element-7422725b\" data-id=\"7422725b\" data-element_type=\"column\">\n\t\t\t<div class=\"elementor-widget-wrap elementor-element-populated\">\n\t\t\t\t\t\t<div class=\"elementor-element elementor-element-4b2a42ea elementor-widget elementor-widget-text-editor\" data-id=\"4b2a42ea\" data-element_type=\"widget\" data-widget_type=\"text-editor.default\">\n\t\t\t\t<div class=\"elementor-widget-container\">\n\t\t\t\t\t<div class=\"bb-theme-elementor-wrap bb-elementor-custom-family\">\t\t\t\t<h3><strong>IKT kasdieniame gyvenime ir el. mokymasis suaugusi\u0173j\u0173 \u0161vietime<\/strong><\/h3>\t\t\t\t<\/div>\t\t\t\t<\/div>\n\t\t\t\t<\/div>\n\t\t\t\t<div class=\"elementor-element elementor-element-6bab71e8 elementor-widget elementor-widget-text-editor\" data-id=\"6bab71e8\" data-element_type=\"widget\" data-widget_type=\"text-editor.default\">\n\t\t\t\t<div class=\"elementor-widget-container\">\n\t\t\t\t\t\t\t\t\t<p>Projekte \u012fvairi\u0173 tip\u0173 organizacijos Europos S\u0105jungoje bendradarbiavo kovojant su skaitmeniniu nera\u0161tingumu tarp suaugusi\u0173j\u0173 ir jaunimo, kurie negali naudoti arba ne\u017eino apie IKT kasdieniame gyvenime ir kurie priklauso pa\u017eeid\u017eiamoms socialin\u0117ms grup\u0117ms, pavyzd\u017eiui, mokyklos nebaigusiems, imigrantams ir moterims. suteikti jiems \u012fg\u016bd\u017ei\u0173, reikaling\u0173 naudotis skaitmenin\u0117ms technologijoms.<\/p>\t\t\t\t\t\t\t\t<\/div>\n\t\t\t\t<\/div>\n\t\t\t\t\t<\/div>\n\t\t<\/div>\n\t\t\t\t\t<\/div>\n\t\t<\/section>\n\t\t\t\t<section class=\"elementor-section elementor-top-section elementor-element elementor-element-23101cf elementor-section-boxed elementor-section-height-default elementor-section-height-default\" data-id=\"23101cf\" data-element_type=\"section\">\n\t\t\t\t\t\t<div class=\"elementor-container elementor-column-gap-default\">\n\t\t\t\t\t<div class=\"elementor-column elementor-col-100 elementor-top-column elementor-element elementor-element-71a07e4\" data-id=\"71a07e4\" data-element_type=\"column\">\n\t\t\t<div class=\"elementor-widget-wrap elementor-element-populated\">\n\t\t\t\t\t\t<div class=\"elementor-element elementor-element-43f3ea2 elementor-widget-divider--view-line elementor-widget elementor-widget-divider\" data-id=\"43f3ea2\" data-element_type=\"widget\" data-widget_type=\"divider.default\">\n\t\t\t\t<div class=\"elementor-widget-container\">\n\t\t\t\t\t\t\t<div class=\"elementor-divider\">\n\t\t\t<span class=\"elementor-divider-separator\">\n\t\t\t\t\t\t<\/span>\n\t\t<\/div>\n\t\t\t\t\t\t<\/div>\n\t\t\t\t<\/div>\n\t\t\t\t\t<\/div>\n\t\t<\/div>\n\t\t\t\t\t<\/div>\n\t\t<\/section>\n\t\t\t\t<section class=\"elementor-section elementor-top-section elementor-element elementor-element-eed5d84 elementor-section-boxed elementor-section-height-default elementor-section-height-default\" data-id=\"eed5d84\" data-element_type=\"section\">\n\t\t\t\t\t\t<div class=\"elementor-container elementor-column-gap-default\">\n\t\t\t\t\t<div class=\"elementor-column elementor-col-50 elementor-top-column elementor-element elementor-element-951bedd\" data-id=\"951bedd\" data-element_type=\"column\">\n\t\t\t<div class=\"elementor-widget-wrap elementor-element-populated\">\n\t\t\t\t\t\t<div class=\"elementor-element elementor-element-aee873a elementor-widget elementor-widget-text-editor\" data-id=\"aee873a\" data-element_type=\"widget\" data-widget_type=\"text-editor.default\">\n\t\t\t\t<div class=\"elementor-widget-container\">\n\t\t\t\t\t<div class=\"bb-theme-elementor-wrap bb-elementor-custom-family\">\t\t\t\t<h3><strong>FLIP-IDEAL \u2013 apverstas mokymasis suaugusi\u0173j\u0173 \u0161vietime<\/strong><\/h3>\t\t\t\t<\/div>\t\t\t\t<\/div>\n\t\t\t\t<\/div>\n\t\t\t\t<div class=\"elementor-element elementor-element-f358699 elementor-widget elementor-widget-text-editor\" data-id=\"f358699\" data-element_type=\"widget\" data-widget_type=\"text-editor.default\">\n\t\t\t\t<div class=\"elementor-widget-container\">\n\t\t\t\t\t<div class=\"bb-theme-elementor-wrap bb-elementor-custom-family\">\t\t\t\t<p>Apverstos (auk\u0161tyn kojomis) klas\u0117s modelis yra orientuotas \u012f mokin\u012f ir leid\u017eia jiems apdoroti informacij\u0105 pasirinktu temp, tai yra viena i\u0161 diferencijuoto mokymosi strategij\u0173. Mokiniai gali per\u017ei\u016br\u0117ti turin\u012f, kurio nesuprato darba iki atrod\u0117 neai\u0161kus, taip pat gali mokytis nauj\u0105 tem\u0105 klas\u0117je, kur mokytojas padeda jiems ir gali pasitarti su klas\u0117s draugais. Apverstos klas\u0117je metodas palengvina mokym\u0105si bendradarbiaujant ir leid\u017eia daugiau laiko praleisti bendradarbiaujant, sprend\u017eiant problemas, dirbant komandoje ir \u012ftvirtinant \u017einias.<\/p><p>Vienas aspektas, \u012f kur\u012f da\u017enai neatsi\u017evelgiama vykdant pagrindinio suaugusi\u0173j\u0173 \u0161vietimo programas, yra \u012fg\u016bd\u017ei\u0173 rinkinys, kurio reikia norint mokytis internetu ir taikyti skaitmeninius \u012fg\u016bd\u017eius. \u0160iuos \u012fg\u016bd\u017eius galima \u012fgyti naudojant apverstos klas\u0117s metod\u0105. Internetinio ir skaitmeninio elemento pristatymas kurse suteikia studentams galimyb\u0119 lavinti skaitmeninius \u012fg\u016bd\u017eius.<\/p><p>\u0160i praktika, sujungianti novatori\u0161kus mokymosi metodus ir skaitmenines priemones, yra viena i\u0161 kryp\u010di\u0173, kuri turi b\u016bti \u012fgyvendinama suaugusi\u0173j\u0173 \u0161vietime pagal Nacionalin\u012f (Italijos) skaitmenin\u012f \u0161vietimo plan\u0105.<\/p>\t\t\t\t<\/div>\t\t\t\t<\/div>\n\t\t\t\t<\/div>\n\t\t\t\t\t<\/div>\n\t\t<\/div>\n\t\t\t\t<div class=\"elementor-column elementor-col-50 elementor-top-column elementor-element elementor-element-b1b15fd\" data-id=\"b1b15fd\" data-element_type=\"column\">\n\t\t\t<div class=\"elementor-widget-wrap elementor-element-populated\">\n\t\t\t\t\t\t<div class=\"elementor-element elementor-element-9c68f9b elementor-widget elementor-widget-image\" data-id=\"9c68f9b\" data-element_type=\"widget\" data-widget_type=\"image.default\">\n\t\t\t\t<div class=\"elementor-widget-container\">\n\t\t\t\t\t\t\t\t\t\t\t\t\t\t\t<img decoding=\"async\" width=\"640\" height=\"960\" src=\"https:\/\/educatehub.eu\/wp-content\/uploads\/2023\/01\/ben-moreland-GkWP64truqg-unsplash-683x1024.jpg\" class=\"attachment-large size-large wp-image-697\" alt=\"\" srcset=\"https:\/\/educatehub.eu\/wp-content\/uploads\/2023\/01\/ben-moreland-GkWP64truqg-unsplash-683x1024.jpg 683w, https:\/\/educatehub.eu\/wp-content\/uploads\/2023\/01\/ben-moreland-GkWP64truqg-unsplash-200x300.jpg 200w, https:\/\/educatehub.eu\/wp-content\/uploads\/2023\/01\/ben-moreland-GkWP64truqg-unsplash-768x1152.jpg 768w, https:\/\/educatehub.eu\/wp-content\/uploads\/2023\/01\/ben-moreland-GkWP64truqg-unsplash-1024x1536.jpg 1024w, https:\/\/educatehub.eu\/wp-content\/uploads\/2023\/01\/ben-moreland-GkWP64truqg-unsplash-1365x2048.jpg 1365w, https:\/\/educatehub.eu\/wp-content\/uploads\/2023\/01\/ben-moreland-GkWP64truqg-unsplash-8x12.jpg 8w, https:\/\/educatehub.eu\/wp-content\/uploads\/2023\/01\/ben-moreland-GkWP64truqg-unsplash-624x936.jpg 624w, https:\/\/educatehub.eu\/wp-content\/uploads\/2023\/01\/ben-moreland-GkWP64truqg-unsplash-scaled.jpg 1707w\" sizes=\"(max-width: 640px) 100vw, 640px\" \/>\t\t\t\t\t\t\t\t\t\t\t\t\t\t\t<\/div>\n\t\t\t\t<\/div>\n\t\t\t\t\t<\/div>\n\t\t<\/div>\n\t\t\t\t\t<\/div>\n\t\t<\/section>\n\t\t\t\t<section class=\"elementor-section elementor-top-section elementor-element elementor-element-a851006 elementor-section-boxed elementor-section-height-default elementor-section-height-default\" data-id=\"a851006\" data-element_type=\"section\">\n\t\t\t\t\t\t<div class=\"elementor-container elementor-column-gap-default\">\n\t\t\t\t\t<div class=\"elementor-column elementor-col-100 elementor-top-column elementor-element elementor-element-54c767a\" data-id=\"54c767a\" data-element_type=\"column\">\n\t\t\t<div class=\"elementor-widget-wrap\">\n\t\t\t\t\t\t\t<\/div>\n\t\t<\/div>\n\t\t\t\t\t<\/div>\n\t\t<\/section>\n\t\t\t\t<section class=\"elementor-section elementor-top-section elementor-element elementor-element-53484e14 elementor-section-boxed elementor-section-height-default elementor-section-height-default\" data-id=\"53484e14\" data-element_type=\"section\" data-settings=\"{&quot;background_background&quot;:&quot;classic&quot;}\">\n\t\t\t\t\t\t<div class=\"elementor-container elementor-column-gap-default\">\n\t\t\t\t\t<div class=\"elementor-column elementor-col-100 elementor-top-column elementor-element elementor-element-215b6955\" data-id=\"215b6955\" data-element_type=\"column\" data-settings=\"{&quot;background_background&quot;:&quot;classic&quot;}\">\n\t\t\t<div class=\"elementor-widget-wrap elementor-element-populated\">\n\t\t\t\t\t\t<section class=\"elementor-section elementor-inner-section elementor-element elementor-element-78ad5945 elementor-section-content-middle elementor-section-boxed elementor-section-height-default elementor-section-height-default\" data-id=\"78ad5945\" data-element_type=\"section\">\n\t\t\t\t\t\t<div class=\"elementor-container elementor-column-gap-default\">\n\t\t\t\t\t<div class=\"elementor-column elementor-col-50 elementor-inner-column elementor-element elementor-element-fa4d62b\" data-id=\"fa4d62b\" data-element_type=\"column\">\n\t\t\t<div class=\"elementor-widget-wrap elementor-element-populated\">\n\t\t\t\t\t\t<div class=\"elementor-element elementor-element-31256953 elementor-widget elementor-widget-heading\" data-id=\"31256953\" data-element_type=\"widget\" data-widget_type=\"heading.default\">\n\t\t\t\t<div class=\"elementor-widget-container\">\n\t\t\t\t\t<h3 class=\"elementor-heading-title elementor-size-default\">Ar jus domina daugiau?<\/h3>\t\t\t\t<\/div>\n\t\t\t\t<\/div>\n\t\t\t\t<div class=\"elementor-element elementor-element-8904f6c elementor-widget elementor-widget-text-editor\" data-id=\"8904f6c\" data-element_type=\"widget\" data-widget_type=\"text-editor.default\">\n\t\t\t\t<div class=\"elementor-widget-container\">\n\t\t\t\t\t\t\t\t\t<p>U\u017esiregistruokite NEMOKAMAI ir perskaitykite i\u0161samius 6 \u0161ali\u0173 geriausios praktikos apra\u0161ymus!\u00a0<\/p>\t\t\t\t\t\t\t\t<\/div>\n\t\t\t\t<\/div>\n\t\t\t\t\t<\/div>\n\t\t<\/div>\n\t\t\t\t<div class=\"elementor-column elementor-col-50 elementor-inner-column elementor-element elementor-element-43135700\" data-id=\"43135700\" data-element_type=\"column\">\n\t\t\t<div class=\"elementor-widget-wrap elementor-element-populated\">\n\t\t\t\t\t\t<div class=\"elementor-element elementor-element-700076e9 elementor-align-center elementor-tablet-align-center elementor-widget elementor-widget-button\" data-id=\"700076e9\" data-element_type=\"widget\" data-widget_type=\"button.default\">\n\t\t\t\t<div class=\"elementor-widget-container\">\n\t\t\t\t\t\t\t\t\t<div class=\"elementor-button-wrapper\">\n\t\t\t\t\t<a class=\"elementor-button elementor-button-link elementor-size-sm elementor-animation-float\" href=\"\/lt\/register\/\">\n\t\t\t\t\t\t<span class=\"elementor-button-content-wrapper\">\n\t\t\t\t\t\t\t\t\t<span class=\"elementor-button-text\">REGISTRUOTIS<\/span>\n\t\t\t\t\t<\/span>\n\t\t\t\t\t<\/a>\n\t\t\t\t<\/div>\n\t\t\t\t\t\t\t\t<\/div>\n\t\t\t\t<\/div>\n\t\t\t\t\t<\/div>\n\t\t<\/div>\n\t\t\t\t\t<\/div>\n\t\t<\/section>\n\t\t\t\t\t<\/div>\n\t\t<\/div>\n\t\t\t\t\t<\/div>\n\t\t<\/section>\n\t\t\t\t<\/div>","protected":false},"excerpt":{"rendered":"<p>\u201cImprove Digital Competence in Adult people\u201d Overall objective of this project is that the person will be able to use technological resources in order to&hellip;<\/p>","protected":false},"author":1,"featured_media":0,"parent":0,"menu_order":0,"comment_status":"closed","ping_status":"closed","template":"","meta":{"footnotes":""},"class_list":["post-673","page","type-page","status-publish","hentry"],"_links":{"self":[{"href":"https:\/\/educatehub.eu\/lt\/wp-json\/wp\/v2\/pages\/673","targetHints":{"allow":["GET"]}}],"collection":[{"href":"https:\/\/educatehub.eu\/lt\/wp-json\/wp\/v2\/pages"}],"about":[{"href":"https:\/\/educatehub.eu\/lt\/wp-json\/wp\/v2\/types\/page"}],"author":[{"embeddable":true,"href":"https:\/\/educatehub.eu\/lt\/wp-json\/wp\/v2\/users\/1"}],"replies":[{"embeddable":true,"href":"https:\/\/educatehub.eu\/lt\/wp-json\/wp\/v2\/comments?post=673"}],"version-history":[{"count":38,"href":"https:\/\/educatehub.eu\/lt\/wp-json\/wp\/v2\/pages\/673\/revisions"}],"predecessor-version":[{"id":2413,"href":"https:\/\/educatehub.eu\/lt\/wp-json\/wp\/v2\/pages\/673\/revisions\/2413"}],"wp:attachment":[{"href":"https:\/\/educatehub.eu\/lt\/wp-json\/wp\/v2\/media?parent=673"}],"curies":[{"name":"wp","href":"https:\/\/api.w.org\/{rel}","templated":true}]}}