{"id":715,"date":"2023-01-08T15:48:36","date_gmt":"2023-01-08T15:48:36","guid":{"rendered":"https:\/\/educatehub.eu\/?page_id=715"},"modified":"2023-10-12T16:14:17","modified_gmt":"2023-10-12T14:14:17","slug":"best-practices-inclusive-educational-technology","status":"publish","type":"page","link":"https:\/\/educatehub.eu\/lt\/best-practices-inclusive-educational-technology\/","title":{"rendered":"Best Practices &#8211; Inclusive Educational Technology"},"content":{"rendered":"<div data-elementor-type=\"wp-page\" data-elementor-id=\"715\" class=\"elementor elementor-715\" data-elementor-post-type=\"page\">\n\t\t\t\t\t\t<section class=\"elementor-section elementor-top-section elementor-element elementor-element-616b88f elementor-section-boxed elementor-section-height-default elementor-section-height-default\" data-id=\"616b88f\" data-element_type=\"section\">\n\t\t\t\t\t\t<div class=\"elementor-container elementor-column-gap-default\">\n\t\t\t\t\t<div class=\"elementor-column elementor-col-50 elementor-top-column elementor-element elementor-element-21efb499\" data-id=\"21efb499\" data-element_type=\"column\">\n\t\t\t<div class=\"elementor-widget-wrap elementor-element-populated\">\n\t\t\t\t\t\t<div class=\"elementor-element elementor-element-64eef3b3 elementor-widget elementor-widget-text-editor\" data-id=\"64eef3b3\" data-element_type=\"widget\" data-widget_type=\"text-editor.default\">\n\t\t\t\t<div class=\"elementor-widget-container\">\n\t\t\t\t\t<div class=\"bb-theme-elementor-wrap bb-elementor-custom-family\">\t\t\t\t<h3><strong>Projektas \u201eSkaitmenin\u0117s istorijos, skirtos mokini\u0173, turin\u010di\u0173 intelekto negali\u0105, \u012fg\u016bd\u017ei\u0173 tobulinimui ir \u012fgalinimui\u201c<\/strong><\/h3>\t\t\t\t<\/div>\t\t\t\t<\/div>\n\t\t\t\t<\/div>\n\t\t\t\t<div class=\"elementor-element elementor-element-44edf956 elementor-widget elementor-widget-text-editor\" data-id=\"44edf956\" data-element_type=\"widget\" data-widget_type=\"text-editor.default\">\n\t\t\t\t<div class=\"elementor-widget-container\">\n\t\t\t\t\t<div class=\"bb-theme-elementor-wrap bb-elementor-custom-family\">\t\t\t\t<p>Projekto tikslas \u2013 sukurti novatori\u0161k\u0105 mokymosi metod\u0105 \u2013 skaitmenes istorijas, pritaikytas \u017emon\u0117ms, turintiems intelekto negali\u0105, siekiant pateikti novatori\u0161k\u0105, \u012fgalinan\u010di\u0105 ir \u012fdomi\u0105 priemon\u0119 kiekvienam asmeniui \/ pagalbininkams, dirbantiems su intelekto negalia. Tai pad\u0117t\u0173 jiems tobulinti \u012fg\u016bd\u017eius. suprasti ir \u012fgalinti intelekto negali\u0105 turin\u010dius asmenis.<\/p><p>Konkret\u016bs projekto tikslai:<\/p><ul><li>jg\u016bd\u017ei\u0173 tobulinimo pagalbininkams \/ mokytojams, kurie dirba su intelekto negali\u0105 naudoti skaitmeninio pasakojimo metodas, pritaikytas sutrikusio intelekto ir turin\u010di\u0173 Intelektualus negalios) \u012fvairi\u0173 gyvenimo \u012fg\u016bd\u017ei\u0173 \u012fgijimas: ra\u0161tingumas, skaitmeniniai \u012fg\u016bd\u017eiai, socialiniai \u012fg\u016bd\u017eiai ir kt.<\/li><li>didinti mokymosi galimybes intelektualiai ne\u012fgalus, kad gal\u0117t\u0173 visapusi\u0161kai dalyvauti visuomen\u0119 ir s\u0117kmingai valdyti per\u0117jim\u0105 darbo rinka<\/li><li>tobulinti proto negali\u0105 turin\u010di\u0173 \u017emoni\u0173 pagrindinius \u012fg\u016bd\u017eius (ra\u0161tingum\u0105 ir skaitmeninius \u012fg\u016bd\u017eius), sudaryti s\u0105lygas jiems dalyvauti visuomen\u0117s gyvenime ir taip didinti j\u0173 socialin\u0119 \u012ftraukt\u012f.<\/li><\/ul>\t\t\t\t<\/div>\t\t\t\t<\/div>\n\t\t\t\t<\/div>\n\t\t\t\t\t<\/div>\n\t\t<\/div>\n\t\t\t\t<div class=\"elementor-column elementor-col-50 elementor-top-column elementor-element elementor-element-79945cfc\" data-id=\"79945cfc\" data-element_type=\"column\">\n\t\t\t<div class=\"elementor-widget-wrap elementor-element-populated\">\n\t\t\t\t\t\t<div class=\"elementor-element elementor-element-57db3f98 elementor-widget elementor-widget-image\" data-id=\"57db3f98\" data-element_type=\"widget\" data-widget_type=\"image.default\">\n\t\t\t\t<div class=\"elementor-widget-container\">\n\t\t\t\t\t\t\t\t\t\t\t\t\t\t\t<img fetchpriority=\"high\" decoding=\"async\" width=\"640\" height=\"960\" src=\"https:\/\/educatehub.eu\/wp-content\/uploads\/2023\/01\/linkedin-sales-solutions-0QvTyp0gH3A-unsplash-683x1024.jpg\" class=\"attachment-large size-large wp-image-731\" alt=\"\" srcset=\"https:\/\/educatehub.eu\/wp-content\/uploads\/2023\/01\/linkedin-sales-solutions-0QvTyp0gH3A-unsplash-683x1024.jpg 683w, https:\/\/educatehub.eu\/wp-content\/uploads\/2023\/01\/linkedin-sales-solutions-0QvTyp0gH3A-unsplash-200x300.jpg 200w, https:\/\/educatehub.eu\/wp-content\/uploads\/2023\/01\/linkedin-sales-solutions-0QvTyp0gH3A-unsplash-768x1152.jpg 768w, https:\/\/educatehub.eu\/wp-content\/uploads\/2023\/01\/linkedin-sales-solutions-0QvTyp0gH3A-unsplash-1024x1536.jpg 1024w, https:\/\/educatehub.eu\/wp-content\/uploads\/2023\/01\/linkedin-sales-solutions-0QvTyp0gH3A-unsplash-1365x2048.jpg 1365w, https:\/\/educatehub.eu\/wp-content\/uploads\/2023\/01\/linkedin-sales-solutions-0QvTyp0gH3A-unsplash-8x12.jpg 8w, https:\/\/educatehub.eu\/wp-content\/uploads\/2023\/01\/linkedin-sales-solutions-0QvTyp0gH3A-unsplash-624x936.jpg 624w, https:\/\/educatehub.eu\/wp-content\/uploads\/2023\/01\/linkedin-sales-solutions-0QvTyp0gH3A-unsplash-scaled.jpg 1707w\" sizes=\"(max-width: 640px) 100vw, 640px\" \/>\t\t\t\t\t\t\t\t\t\t\t\t\t\t\t<\/div>\n\t\t\t\t<\/div>\n\t\t\t\t\t<\/div>\n\t\t<\/div>\n\t\t\t\t\t<\/div>\n\t\t<\/section>\n\t\t\t\t<section class=\"elementor-section elementor-top-section elementor-element elementor-element-19d7d992 elementor-section-boxed elementor-section-height-default elementor-section-height-default\" data-id=\"19d7d992\" data-element_type=\"section\">\n\t\t\t\t\t\t<div class=\"elementor-container elementor-column-gap-default\">\n\t\t\t\t\t<div class=\"elementor-column elementor-col-100 elementor-top-column elementor-element elementor-element-6ced8262\" data-id=\"6ced8262\" data-element_type=\"column\">\n\t\t\t<div class=\"elementor-widget-wrap elementor-element-populated\">\n\t\t\t\t\t\t<div class=\"elementor-element elementor-element-1fadd596 elementor-widget-divider--view-line elementor-widget elementor-widget-divider\" data-id=\"1fadd596\" data-element_type=\"widget\" data-widget_type=\"divider.default\">\n\t\t\t\t<div class=\"elementor-widget-container\">\n\t\t\t\t\t\t\t<div class=\"elementor-divider\">\n\t\t\t<span class=\"elementor-divider-separator\">\n\t\t\t\t\t\t<\/span>\n\t\t<\/div>\n\t\t\t\t\t\t<\/div>\n\t\t\t\t<\/div>\n\t\t\t\t\t<\/div>\n\t\t<\/div>\n\t\t\t\t\t<\/div>\n\t\t<\/section>\n\t\t\t\t<section class=\"elementor-section elementor-top-section elementor-element elementor-element-4265844c elementor-section-boxed elementor-section-height-default elementor-section-height-default\" data-id=\"4265844c\" data-element_type=\"section\">\n\t\t\t\t\t\t<div class=\"elementor-container elementor-column-gap-default\">\n\t\t\t\t\t<div class=\"elementor-column elementor-col-50 elementor-top-column elementor-element elementor-element-3350934f\" data-id=\"3350934f\" data-element_type=\"column\">\n\t\t\t<div class=\"elementor-widget-wrap elementor-element-populated\">\n\t\t\t\t\t\t<div class=\"elementor-element elementor-element-25d86ade elementor-widget elementor-widget-image\" data-id=\"25d86ade\" data-element_type=\"widget\" data-widget_type=\"image.default\">\n\t\t\t\t<div class=\"elementor-widget-container\">\n\t\t\t\t\t\t\t\t\t\t\t\t\t\t\t<img decoding=\"async\" width=\"640\" height=\"960\" src=\"https:\/\/educatehub.eu\/wp-content\/uploads\/2023\/01\/kajetan-sumila-1RWaxoDoASo-unsplash-683x1024.jpg\" class=\"attachment-large size-large wp-image-751\" alt=\"\" srcset=\"https:\/\/educatehub.eu\/wp-content\/uploads\/2023\/01\/kajetan-sumila-1RWaxoDoASo-unsplash-683x1024.jpg 683w, https:\/\/educatehub.eu\/wp-content\/uploads\/2023\/01\/kajetan-sumila-1RWaxoDoASo-unsplash-200x300.jpg 200w, https:\/\/educatehub.eu\/wp-content\/uploads\/2023\/01\/kajetan-sumila-1RWaxoDoASo-unsplash-768x1152.jpg 768w, https:\/\/educatehub.eu\/wp-content\/uploads\/2023\/01\/kajetan-sumila-1RWaxoDoASo-unsplash-1024x1536.jpg 1024w, https:\/\/educatehub.eu\/wp-content\/uploads\/2023\/01\/kajetan-sumila-1RWaxoDoASo-unsplash-1365x2048.jpg 1365w, https:\/\/educatehub.eu\/wp-content\/uploads\/2023\/01\/kajetan-sumila-1RWaxoDoASo-unsplash-8x12.jpg 8w, https:\/\/educatehub.eu\/wp-content\/uploads\/2023\/01\/kajetan-sumila-1RWaxoDoASo-unsplash-624x936.jpg 624w, https:\/\/educatehub.eu\/wp-content\/uploads\/2023\/01\/kajetan-sumila-1RWaxoDoASo-unsplash-scaled.jpg 1707w\" sizes=\"(max-width: 640px) 100vw, 640px\" \/>\t\t\t\t\t\t\t\t\t\t\t\t\t\t\t<\/div>\n\t\t\t\t<\/div>\n\t\t\t\t\t<\/div>\n\t\t<\/div>\n\t\t\t\t<div class=\"elementor-column elementor-col-50 elementor-top-column elementor-element elementor-element-749aefc7\" data-id=\"749aefc7\" data-element_type=\"column\">\n\t\t\t<div class=\"elementor-widget-wrap elementor-element-populated\">\n\t\t\t\t\t\t<div class=\"elementor-element elementor-element-730d5e7d elementor-widget elementor-widget-text-editor\" data-id=\"730d5e7d\" data-element_type=\"widget\" data-widget_type=\"text-editor.default\">\n\t\t\t\t<div class=\"elementor-widget-container\">\n\t\t\t\t\t<div class=\"bb-theme-elementor-wrap bb-elementor-custom-family\">\t\t\t\t<h3><strong>Microsoft Immersive Reader<\/strong><\/h3>\t\t\t\t<\/div>\t\t\t\t<\/div>\n\t\t\t\t<\/div>\n\t\t\t\t<div class=\"elementor-element elementor-element-4222373a elementor-widget elementor-widget-text-editor\" data-id=\"4222373a\" data-element_type=\"widget\" data-widget_type=\"text-editor.default\">\n\t\t\t\t<div class=\"elementor-widget-container\">\n\t\t\t\t\t\t\t\t\t<p>\"Microsoft\" \"Immersive Reader\" yra nemokama priemon\u0117, padedanti skaityti ir suprasti. Ji suteikia skaitymo per vis\u0105 ekran\u0105 patirt\u012f ir pagerina d\u0117mesio sutelkim\u0105 \u012f tekst\u0105 keisdama \u0161rifto dyd\u012f ir stili\u0173, teksto ir eilu\u010di\u0173 tarpus bei fono spalv\u0105. Ji sukurta siekiant padidinti teksto skaitomum\u0105 \"Microsoft\" programose naudojant pagalbini\u0173 technologij\u0173 pritaikymus \u017emon\u0117ms, turintiems spausdinimo sutrikim\u0173, pavyzd\u017eiui, disleksij\u0105, disgrafij\u0105 ir regos sutrikim\u0173. Tai interaktyvi skaitymo priemon\u0117, skirta pad\u0117ti mokiniams tobulinti skaitymo, teksto suvokimo ir gramatikos \u012fg\u016bd\u017eius. Ji taip pat padaro tekstus prieinamesnius bet kokio lygio besimokantiesiems. Program\u0105 \"Immersive Reader\" galima naudoti kartu su \"Accessibility Checker\", kad b\u016bt\u0173 galima pagerinti dokument\u0173 i\u0161d\u0117stym\u0105, arba j\u0105 galima naudoti, kad dokumentas tapt\u0173 prieinamesnis, jo papildomai neredaguojant.<\/p>\t\t\t\t\t\t\t\t<\/div>\n\t\t\t\t<\/div>\n\t\t\t\t<div class=\"elementor-element elementor-element-2335375b elementor-widget elementor-widget-text-editor\" data-id=\"2335375b\" data-element_type=\"widget\" data-widget_type=\"text-editor.default\">\n\t\t\t\t<div class=\"elementor-widget-container\">\n\t\t\t\t\t<div class=\"bb-theme-elementor-wrap bb-elementor-custom-family\">\t\t\t\t<p>\u012etraukian\u010dio skaitymo operacija: mokiniams garsiai skaitomi tekstai, tuo pat metu pary\u0161kinant skaitom\u0105 \u017eod\u012f. Taip tekstas tampa prieinamas \u012fvairaus am\u017eiaus ir geb\u0117jim\u0173 mokiniams ir padeda pradedantiems skaitytojams i\u0161mokti atpa\u017einti naujus \u017eod\u017eius. Whit galima pasirinkti skirting\u0105 pasakojimo greit\u012f ir balsus. Naudotojai taip pat gali reguliuoti tarpus tarp \u017eod\u017ei\u0173 ir \u0161rifto dyd\u012f; pary\u0161kinti konkre\u010dias kalbos dalis, pavyzd\u017eiui, daiktavard\u017eius, veiksma\u017eod\u017eius, b\u016bdvard\u017eius ir prieveiksmius; skaidyti \u017eod\u017ei\u0173 tekst\u0105 \u012f skiemenis; klausytis \u012fvairiomis kalbomis sakom\u0173 \u017eod\u017ei\u0173 garso \u012fra\u0161\u0173; versti tekst\u0105 ir matyti \u017eod\u017eius, pavaizduotus paveiksl\u0117liais.<\/p>\t\t\t\t<\/div>\t\t\t\t<\/div>\n\t\t\t\t<\/div>\n\t\t\t\t\t<\/div>\n\t\t<\/div>\n\t\t\t\t\t<\/div>\n\t\t<\/section>\n\t\t\t\t<section class=\"elementor-section elementor-top-section elementor-element elementor-element-1aab1dd8 elementor-section-boxed elementor-section-height-default elementor-section-height-default\" data-id=\"1aab1dd8\" data-element_type=\"section\">\n\t\t\t\t\t\t<div class=\"elementor-container elementor-column-gap-default\">\n\t\t\t\t\t<div class=\"elementor-column elementor-col-100 elementor-top-column elementor-element elementor-element-49dadf59\" data-id=\"49dadf59\" data-element_type=\"column\">\n\t\t\t<div class=\"elementor-widget-wrap\">\n\t\t\t\t\t\t\t<\/div>\n\t\t<\/div>\n\t\t\t\t\t<\/div>\n\t\t<\/section>\n\t\t\t\t<section class=\"elementor-section elementor-top-section elementor-element elementor-element-4c703911 elementor-section-boxed elementor-section-height-default elementor-section-height-default\" data-id=\"4c703911\" data-element_type=\"section\" data-settings=\"{&quot;background_background&quot;:&quot;classic&quot;}\">\n\t\t\t\t\t\t<div class=\"elementor-container elementor-column-gap-default\">\n\t\t\t\t\t<div class=\"elementor-column elementor-col-100 elementor-top-column elementor-element elementor-element-64befee9\" data-id=\"64befee9\" data-element_type=\"column\" data-settings=\"{&quot;background_background&quot;:&quot;classic&quot;}\">\n\t\t\t<div class=\"elementor-widget-wrap elementor-element-populated\">\n\t\t\t\t\t\t<section class=\"elementor-section elementor-inner-section elementor-element elementor-element-4213aa0d elementor-section-content-middle elementor-section-boxed elementor-section-height-default elementor-section-height-default\" data-id=\"4213aa0d\" data-element_type=\"section\">\n\t\t\t\t\t\t<div class=\"elementor-container elementor-column-gap-default\">\n\t\t\t\t\t<div class=\"elementor-column elementor-col-50 elementor-inner-column elementor-element elementor-element-6aa59664\" data-id=\"6aa59664\" data-element_type=\"column\">\n\t\t\t<div class=\"elementor-widget-wrap elementor-element-populated\">\n\t\t\t\t\t\t<div class=\"elementor-element elementor-element-13dd3704 elementor-widget elementor-widget-heading\" data-id=\"13dd3704\" data-element_type=\"widget\" data-widget_type=\"heading.default\">\n\t\t\t\t<div class=\"elementor-widget-container\">\n\t\t\t\t\t<h3 class=\"elementor-heading-title elementor-size-default\">Ar jus domina daugiau?<\/h3>\t\t\t\t<\/div>\n\t\t\t\t<\/div>\n\t\t\t\t<div class=\"elementor-element elementor-element-7875c90e elementor-widget elementor-widget-text-editor\" data-id=\"7875c90e\" data-element_type=\"widget\" data-widget_type=\"text-editor.default\">\n\t\t\t\t<div class=\"elementor-widget-container\">\n\t\t\t\t\t\t\t\t\t<p>U\u017esiregistruokite NEMOKAMAI ir perskaitykite i\u0161samius 6 \u0161ali\u0173 geriausios praktikos apra\u0161ymus!\u00a0<\/p>\t\t\t\t\t\t\t\t<\/div>\n\t\t\t\t<\/div>\n\t\t\t\t\t<\/div>\n\t\t<\/div>\n\t\t\t\t<div class=\"elementor-column elementor-col-50 elementor-inner-column elementor-element elementor-element-14a6965e\" data-id=\"14a6965e\" data-element_type=\"column\">\n\t\t\t<div class=\"elementor-widget-wrap elementor-element-populated\">\n\t\t\t\t\t\t<div class=\"elementor-element elementor-element-2aa6a8ba elementor-align-center elementor-tablet-align-center elementor-widget elementor-widget-button\" data-id=\"2aa6a8ba\" data-element_type=\"widget\" data-widget_type=\"button.default\">\n\t\t\t\t<div class=\"elementor-widget-container\">\n\t\t\t\t\t\t\t\t\t<div class=\"elementor-button-wrapper\">\n\t\t\t\t\t<a class=\"elementor-button elementor-button-link elementor-size-sm elementor-animation-float\" href=\"\/lt\/register\/\">\n\t\t\t\t\t\t<span class=\"elementor-button-content-wrapper\">\n\t\t\t\t\t\t\t\t\t<span class=\"elementor-button-text\">REGISTRUOTIS<\/span>\n\t\t\t\t\t<\/span>\n\t\t\t\t\t<\/a>\n\t\t\t\t<\/div>\n\t\t\t\t\t\t\t\t<\/div>\n\t\t\t\t<\/div>\n\t\t\t\t\t<\/div>\n\t\t<\/div>\n\t\t\t\t\t<\/div>\n\t\t<\/section>\n\t\t\t\t\t<\/div>\n\t\t<\/div>\n\t\t\t\t\t<\/div>\n\t\t<\/section>\n\t\t\t\t<\/div>","protected":false},"excerpt":{"rendered":"<p>The project \u201cDigital Storytelling for up-skilling and empowerment of learners with intellectual disabilities\u201d The aim of the project is to develop an innovative learning approach&hellip;<\/p>","protected":false},"author":1,"featured_media":0,"parent":0,"menu_order":0,"comment_status":"closed","ping_status":"closed","template":"","meta":{"footnotes":""},"class_list":["post-715","page","type-page","status-publish","hentry"],"_links":{"self":[{"href":"https:\/\/educatehub.eu\/lt\/wp-json\/wp\/v2\/pages\/715","targetHints":{"allow":["GET"]}}],"collection":[{"href":"https:\/\/educatehub.eu\/lt\/wp-json\/wp\/v2\/pages"}],"about":[{"href":"https:\/\/educatehub.eu\/lt\/wp-json\/wp\/v2\/types\/page"}],"author":[{"embeddable":true,"href":"https:\/\/educatehub.eu\/lt\/wp-json\/wp\/v2\/users\/1"}],"replies":[{"embeddable":true,"href":"https:\/\/educatehub.eu\/lt\/wp-json\/wp\/v2\/comments?post=715"}],"version-history":[{"count":23,"href":"https:\/\/educatehub.eu\/lt\/wp-json\/wp\/v2\/pages\/715\/revisions"}],"predecessor-version":[{"id":2391,"href":"https:\/\/educatehub.eu\/lt\/wp-json\/wp\/v2\/pages\/715\/revisions\/2391"}],"wp:attachment":[{"href":"https:\/\/educatehub.eu\/lt\/wp-json\/wp\/v2\/media?parent=715"}],"curies":[{"name":"wp","href":"https:\/\/api.w.org\/{rel}","templated":true}]}}