{"id":741,"date":"2023-01-08T18:17:40","date_gmt":"2023-01-08T18:17:40","guid":{"rendered":"https:\/\/educatehub.eu\/?page_id=741"},"modified":"2023-10-12T16:33:10","modified_gmt":"2023-10-12T14:33:10","slug":"best-practices-educators","status":"publish","type":"page","link":"https:\/\/educatehub.eu\/lt\/best-practices-educators\/","title":{"rendered":"Best Practices &#8211; Professional Development For Educators"},"content":{"rendered":"<div data-elementor-type=\"wp-page\" data-elementor-id=\"741\" class=\"elementor elementor-741\" data-elementor-post-type=\"page\">\n\t\t\t\t\t\t<section class=\"elementor-section elementor-top-section elementor-element elementor-element-76ee3949 elementor-section-boxed elementor-section-height-default elementor-section-height-default\" data-id=\"76ee3949\" data-element_type=\"section\">\n\t\t\t\t\t\t<div class=\"elementor-container elementor-column-gap-default\">\n\t\t\t\t\t<div class=\"elementor-column elementor-col-50 elementor-top-column elementor-element elementor-element-2f57c6dd\" data-id=\"2f57c6dd\" data-element_type=\"column\">\n\t\t\t<div class=\"elementor-widget-wrap elementor-element-populated\">\n\t\t\t\t\t\t<div class=\"elementor-element elementor-element-795903e2 elementor-widget elementor-widget-image\" data-id=\"795903e2\" data-element_type=\"widget\" data-widget_type=\"image.default\">\n\t\t\t\t<div class=\"elementor-widget-container\">\n\t\t\t\t\t\t\t\t\t\t\t\t\t\t\t<img fetchpriority=\"high\" decoding=\"async\" width=\"640\" height=\"960\" src=\"https:\/\/educatehub.eu\/wp-content\/uploads\/2023\/01\/artem-maltsev-0CvHQ62gwY8-unsplash-683x1024.jpg\" class=\"attachment-large size-large wp-image-726\" alt=\"\" srcset=\"https:\/\/educatehub.eu\/wp-content\/uploads\/2023\/01\/artem-maltsev-0CvHQ62gwY8-unsplash-683x1024.jpg 683w, https:\/\/educatehub.eu\/wp-content\/uploads\/2023\/01\/artem-maltsev-0CvHQ62gwY8-unsplash-200x300.jpg 200w, https:\/\/educatehub.eu\/wp-content\/uploads\/2023\/01\/artem-maltsev-0CvHQ62gwY8-unsplash-768x1152.jpg 768w, https:\/\/educatehub.eu\/wp-content\/uploads\/2023\/01\/artem-maltsev-0CvHQ62gwY8-unsplash-1024x1536.jpg 1024w, https:\/\/educatehub.eu\/wp-content\/uploads\/2023\/01\/artem-maltsev-0CvHQ62gwY8-unsplash-1365x2048.jpg 1365w, https:\/\/educatehub.eu\/wp-content\/uploads\/2023\/01\/artem-maltsev-0CvHQ62gwY8-unsplash-8x12.jpg 8w, https:\/\/educatehub.eu\/wp-content\/uploads\/2023\/01\/artem-maltsev-0CvHQ62gwY8-unsplash-624x936.jpg 624w, https:\/\/educatehub.eu\/wp-content\/uploads\/2023\/01\/artem-maltsev-0CvHQ62gwY8-unsplash-scaled.jpg 1707w\" sizes=\"(max-width: 640px) 100vw, 640px\" \/>\t\t\t\t\t\t\t\t\t\t\t\t\t\t\t<\/div>\n\t\t\t\t<\/div>\n\t\t\t\t\t<\/div>\n\t\t<\/div>\n\t\t\t\t<div class=\"elementor-column elementor-col-50 elementor-top-column elementor-element elementor-element-3e30b707\" data-id=\"3e30b707\" data-element_type=\"column\">\n\t\t\t<div class=\"elementor-widget-wrap elementor-element-populated\">\n\t\t\t\t\t\t<div class=\"elementor-element elementor-element-37772a3d elementor-widget elementor-widget-text-editor\" data-id=\"37772a3d\" data-element_type=\"widget\" data-widget_type=\"text-editor.default\">\n\t\t\t\t<div class=\"elementor-widget-container\">\n\t\t\t\t\t<div class=\"bb-theme-elementor-wrap bb-elementor-custom-family\">\t\t\t\t<h3><strong>Projektas \u201eSuaugusi\u0173j\u0173 \u0161viet\u0117jo misija: suteik besimokan\u010diajam sparnus\u201c<\/strong><\/h3>\t\t\t\t<\/div>\t\t\t\t<\/div>\n\t\t\t\t<\/div>\n\t\t\t\t<div class=\"elementor-element elementor-element-47f348eb elementor-widget elementor-widget-text-editor\" data-id=\"47f348eb\" data-element_type=\"widget\" data-widget_type=\"text-editor.default\">\n\t\t\t\t<div class=\"elementor-widget-container\">\n\t\t\t\t\t\t\t\t\t<p>Projekt\u0105 \u201eSuaugusi\u0173j\u0173 \u0161viet\u0117jo misija: suteik besimokan\u010diajam sparnus\u201c rengia penki\u0173 suaugusi\u0173j\u0173 \u0161vietimo institucij\u0173 konsorciumas: Lietuvos suaugusi\u0173j\u0173 \u0161vietimo asociacija (LS\u0160A), Kauno kra\u0161to \u0161vietimo centras, Panev\u0117\u017eio rajono \u0161vietimo centras, Gyvyb\u0117s ir tik\u0117jimo institutas ir Raseini\u0173 rajono \u0161vietimo centras. Pagalbos tarnyba.<\/p>\t\t\t\t\t\t\t\t<\/div>\n\t\t\t\t<\/div>\n\t\t\t\t<div class=\"elementor-element elementor-element-61a81052 elementor-widget elementor-widget-text-editor\" data-id=\"61a81052\" data-element_type=\"widget\" data-widget_type=\"text-editor.default\">\n\t\t\t\t<div class=\"elementor-widget-container\">\n\t\t\t\t\t<div class=\"bb-theme-elementor-wrap bb-elementor-custom-family\">\t\t\t\t<p>Projektas parengtas atsi\u017evelgiant \u012f \u0161iuolaikiniam suaugusi\u0173j\u0173 \u0161viet\u0117jui (andragogui) keliamus reikalavimus, apra\u0161ytus strateginiuose ES ir Lietuvos \u0161vietimo politikos dokumentuose. <\/p>\t\t\t\t<\/div>\t\t\t\t<\/div>\n\t\t\t\t<\/div>\n\t\t\t\t<div class=\"elementor-element elementor-element-727e4d5d elementor-widget elementor-widget-text-editor\" data-id=\"727e4d5d\" data-element_type=\"widget\" data-widget_type=\"text-editor.default\">\n\t\t\t\t<div class=\"elementor-widget-container\">\n\t\t\t\t\t<div class=\"bb-theme-elementor-wrap bb-elementor-custom-family\">\t\t\t\t<p>Konsorciumo teikiamo mobilumo tikslas \u2013 didinti besimokan\u010di\u0173j\u0173 suaugusi\u0173j\u0173 mokymo ir mokymosi kokyb\u0119, didinant Konsorciumo nari\u0173 darbuotoj\u0173 kompetencijas trijose srityse:<\/p><ul><li>Suaugusi\u0173 besimokan\u010di\u0173j\u0173 \u012fgalinimas ir j\u0173 savaranki\u0161ko mokymosi geb\u0117jim\u0173 didinimas<\/li><li>Suaugusi\u0173 besimokan\u010di\u0173j\u0173, turin\u010di\u0173 \u012fvairius mokymosi poreikius, motyvacij\u0105 ir buvusi\u0105 mokymosi patirt\u012f, mokymo metodai ir formos<\/li><li>Karjeros orientavimo konsultavimo, viso gyvenimo mokymosi ir profesionalios pagalbos klausimais.<\/li><\/ul><p>Projekto id\u0117ja, \u012fgyvendinimas ir rezultatas bus platinami per LS\u0160A ir LS\u0160A Facebook interneto svetaines, per partneri\u0173 svetaines ir Facebook bei vietin\u0117je, regionin\u0117je ir nacionalin\u0117je \u017einiasklaidoje bei EPALE.<\/p>\t\t\t\t<\/div>\t\t\t\t<\/div>\n\t\t\t\t<\/div>\n\t\t\t\t\t<\/div>\n\t\t<\/div>\n\t\t\t\t\t<\/div>\n\t\t<\/section>\n\t\t\t\t<section class=\"elementor-section elementor-top-section elementor-element elementor-element-62183769 elementor-section-boxed elementor-section-height-default elementor-section-height-default\" data-id=\"62183769\" data-element_type=\"section\">\n\t\t\t\t\t\t<div class=\"elementor-container elementor-column-gap-default\">\n\t\t\t\t\t<div class=\"elementor-column elementor-col-100 elementor-top-column elementor-element elementor-element-7c6a0626\" data-id=\"7c6a0626\" data-element_type=\"column\">\n\t\t\t<div class=\"elementor-widget-wrap elementor-element-populated\">\n\t\t\t\t\t\t<div class=\"elementor-element elementor-element-89e048a elementor-widget-divider--view-line elementor-widget elementor-widget-divider\" data-id=\"89e048a\" data-element_type=\"widget\" data-widget_type=\"divider.default\">\n\t\t\t\t<div class=\"elementor-widget-container\">\n\t\t\t\t\t\t\t<div class=\"elementor-divider\">\n\t\t\t<span class=\"elementor-divider-separator\">\n\t\t\t\t\t\t<\/span>\n\t\t<\/div>\n\t\t\t\t\t\t<\/div>\n\t\t\t\t<\/div>\n\t\t\t\t\t<\/div>\n\t\t<\/div>\n\t\t\t\t\t<\/div>\n\t\t<\/section>\n\t\t\t\t<section class=\"elementor-section elementor-top-section elementor-element elementor-element-11bf499c elementor-section-boxed elementor-section-height-default elementor-section-height-default\" data-id=\"11bf499c\" data-element_type=\"section\">\n\t\t\t\t\t\t<div class=\"elementor-container elementor-column-gap-default\">\n\t\t\t\t\t<div class=\"elementor-column elementor-col-50 elementor-top-column elementor-element elementor-element-dcd45b7\" data-id=\"dcd45b7\" data-element_type=\"column\">\n\t\t\t<div class=\"elementor-widget-wrap elementor-element-populated\">\n\t\t\t\t\t\t<div class=\"elementor-element elementor-element-249f79cc elementor-widget elementor-widget-text-editor\" data-id=\"249f79cc\" data-element_type=\"widget\" data-widget_type=\"text-editor.default\">\n\t\t\t\t<div class=\"elementor-widget-container\">\n\t\t\t\t\t<div class=\"bb-theme-elementor-wrap bb-elementor-custom-family\">\t\t\t\t<h3><strong>I\u0161silavin\u0119 treneriai, stipresn\u0117s bendradarbiavimo strategin\u0117s partneryst\u0117s<\/strong><\/h3>\t\t\t\t<\/div>\t\t\t\t<\/div>\n\t\t\t\t<\/div>\n\t\t\t\t<div class=\"elementor-element elementor-element-1f19b63e elementor-widget elementor-widget-text-editor\" data-id=\"1f19b63e\" data-element_type=\"widget\" data-widget_type=\"text-editor.default\">\n\t\t\t\t<div class=\"elementor-widget-container\">\n\t\t\t\t\t<div class=\"bb-theme-elementor-wrap bb-elementor-custom-family\">\t\t\t\t<p>Projektas yra geras suaugusi\u0173j\u0173 \u0161vietimo pavyzdys su visa savo apimtimi. Pirmiausia \u012ftraukta visuomen\u0117 ir daugelis asociacij\u0173. Antra, pagrindinis projekto tikslas yra susij\u0119s su suaugusi\u0173j\u0173 \u0161vietimu. Be to, projekto rezultatai taip pat susij\u0119 su suaugusi\u0173j\u0173 \u0161vietimu.<\/p>\t\t\t\t<\/div>\t\t\t\t<\/div>\n\t\t\t\t<\/div>\n\t\t\t\t\t<\/div>\n\t\t<\/div>\n\t\t\t\t<div class=\"elementor-column elementor-col-50 elementor-top-column elementor-element elementor-element-3d924050\" data-id=\"3d924050\" data-element_type=\"column\">\n\t\t\t<div class=\"elementor-widget-wrap elementor-element-populated\">\n\t\t\t\t\t\t<div class=\"elementor-element elementor-element-63f091d8 elementor-widget elementor-widget-image\" data-id=\"63f091d8\" data-element_type=\"widget\" data-widget_type=\"image.default\">\n\t\t\t\t<div class=\"elementor-widget-container\">\n\t\t\t\t\t\t\t\t\t\t\t\t\t\t\t<img decoding=\"async\" width=\"640\" height=\"480\" src=\"https:\/\/educatehub.eu\/wp-content\/uploads\/2023\/01\/sebastien-bonneval-UIpFY1Umamw-unsplash-1024x768.jpg\" class=\"attachment-large size-large wp-image-838\" alt=\"\" srcset=\"https:\/\/educatehub.eu\/wp-content\/uploads\/2023\/01\/sebastien-bonneval-UIpFY1Umamw-unsplash-1024x768.jpg 1024w, https:\/\/educatehub.eu\/wp-content\/uploads\/2023\/01\/sebastien-bonneval-UIpFY1Umamw-unsplash-300x225.jpg 300w, https:\/\/educatehub.eu\/wp-content\/uploads\/2023\/01\/sebastien-bonneval-UIpFY1Umamw-unsplash-768x576.jpg 768w, https:\/\/educatehub.eu\/wp-content\/uploads\/2023\/01\/sebastien-bonneval-UIpFY1Umamw-unsplash-1536x1152.jpg 1536w, https:\/\/educatehub.eu\/wp-content\/uploads\/2023\/01\/sebastien-bonneval-UIpFY1Umamw-unsplash-16x12.jpg 16w, https:\/\/educatehub.eu\/wp-content\/uploads\/2023\/01\/sebastien-bonneval-UIpFY1Umamw-unsplash-624x468.jpg 624w, https:\/\/educatehub.eu\/wp-content\/uploads\/2023\/01\/sebastien-bonneval-UIpFY1Umamw-unsplash.jpg 1920w\" sizes=\"(max-width: 640px) 100vw, 640px\" \/>\t\t\t\t\t\t\t\t\t\t\t\t\t\t\t<\/div>\n\t\t\t\t<\/div>\n\t\t\t\t\t<\/div>\n\t\t<\/div>\n\t\t\t\t\t<\/div>\n\t\t<\/section>\n\t\t\t\t<section class=\"elementor-section elementor-top-section elementor-element elementor-element-16aa61f3 elementor-section-boxed elementor-section-height-default elementor-section-height-default\" data-id=\"16aa61f3\" data-element_type=\"section\">\n\t\t\t\t\t\t<div class=\"elementor-container elementor-column-gap-default\">\n\t\t\t\t\t<div class=\"elementor-column elementor-col-100 elementor-top-column elementor-element elementor-element-1c109caf\" data-id=\"1c109caf\" data-element_type=\"column\">\n\t\t\t<div class=\"elementor-widget-wrap elementor-element-populated\">\n\t\t\t\t\t\t<div class=\"elementor-element elementor-element-73904ca9 elementor-widget-divider--view-line elementor-widget elementor-widget-divider\" data-id=\"73904ca9\" data-element_type=\"widget\" data-widget_type=\"divider.default\">\n\t\t\t\t<div class=\"elementor-widget-container\">\n\t\t\t\t\t\t\t<div class=\"elementor-divider\">\n\t\t\t<span class=\"elementor-divider-separator\">\n\t\t\t\t\t\t<\/span>\n\t\t<\/div>\n\t\t\t\t\t\t<\/div>\n\t\t\t\t<\/div>\n\t\t\t\t\t<\/div>\n\t\t<\/div>\n\t\t\t\t\t<\/div>\n\t\t<\/section>\n\t\t\t\t<section class=\"elementor-section elementor-top-section elementor-element elementor-element-43993832 elementor-section-boxed elementor-section-height-default elementor-section-height-default\" data-id=\"43993832\" data-element_type=\"section\">\n\t\t\t\t\t\t<div class=\"elementor-container elementor-column-gap-default\">\n\t\t\t\t\t<div class=\"elementor-column elementor-col-50 elementor-top-column elementor-element elementor-element-1820ec4d\" data-id=\"1820ec4d\" data-element_type=\"column\">\n\t\t\t<div class=\"elementor-widget-wrap elementor-element-populated\">\n\t\t\t\t\t\t<div class=\"elementor-element elementor-element-2ac42278 elementor-widget elementor-widget-image\" data-id=\"2ac42278\" data-element_type=\"widget\" data-widget_type=\"image.default\">\n\t\t\t\t<div class=\"elementor-widget-container\">\n\t\t\t\t\t\t\t\t\t\t\t\t\t\t\t<img decoding=\"async\" width=\"640\" height=\"960\" src=\"https:\/\/educatehub.eu\/wp-content\/uploads\/2023\/01\/kelly-sikkema-K5dAn1gOFEc-unsplash-683x1024.jpg\" class=\"attachment-large size-large wp-image-724\" alt=\"\" srcset=\"https:\/\/educatehub.eu\/wp-content\/uploads\/2023\/01\/kelly-sikkema-K5dAn1gOFEc-unsplash-683x1024.jpg 683w, https:\/\/educatehub.eu\/wp-content\/uploads\/2023\/01\/kelly-sikkema-K5dAn1gOFEc-unsplash-200x300.jpg 200w, https:\/\/educatehub.eu\/wp-content\/uploads\/2023\/01\/kelly-sikkema-K5dAn1gOFEc-unsplash-768x1152.jpg 768w, https:\/\/educatehub.eu\/wp-content\/uploads\/2023\/01\/kelly-sikkema-K5dAn1gOFEc-unsplash-1024x1536.jpg 1024w, https:\/\/educatehub.eu\/wp-content\/uploads\/2023\/01\/kelly-sikkema-K5dAn1gOFEc-unsplash-1365x2048.jpg 1365w, https:\/\/educatehub.eu\/wp-content\/uploads\/2023\/01\/kelly-sikkema-K5dAn1gOFEc-unsplash-8x12.jpg 8w, https:\/\/educatehub.eu\/wp-content\/uploads\/2023\/01\/kelly-sikkema-K5dAn1gOFEc-unsplash-624x936.jpg 624w, https:\/\/educatehub.eu\/wp-content\/uploads\/2023\/01\/kelly-sikkema-K5dAn1gOFEc-unsplash-scaled.jpg 1707w\" sizes=\"(max-width: 640px) 100vw, 640px\" \/>\t\t\t\t\t\t\t\t\t\t\t\t\t\t\t<\/div>\n\t\t\t\t<\/div>\n\t\t\t\t\t<\/div>\n\t\t<\/div>\n\t\t\t\t<div class=\"elementor-column elementor-col-50 elementor-top-column elementor-element elementor-element-2b2bc700\" data-id=\"2b2bc700\" data-element_type=\"column\">\n\t\t\t<div class=\"elementor-widget-wrap elementor-element-populated\">\n\t\t\t\t\t\t<div class=\"elementor-element elementor-element-29b4b024 elementor-widget elementor-widget-text-editor\" data-id=\"29b4b024\" data-element_type=\"widget\" data-widget_type=\"text-editor.default\">\n\t\t\t\t<div class=\"elementor-widget-container\">\n\t\t\t\t\t<div class=\"bb-theme-elementor-wrap bb-elementor-custom-family\">\t\t\t\t<h3><strong>Projektas \u201eSuaugusi\u0173j\u0173 \u0161vietimo kokyb\u0117s u\u017etikrinimas\u201c<\/strong><\/h3><p>\u0160io Nordplus projekto tikslas \u2013 tobulinti ir pl\u0117toti kokyb\u0117s akreditavimo sistem\u0105 EQM, Europos kokyb\u0117s \u017eenkl\u0105, skirt\u0105 neformalaus suaugusi\u0173j\u0173 mokymosi teik\u0117jams. Taip pat ketiname per\u017ei\u016br\u0117ti ir tobulinti standartus, kriterijus ir akreditavimo proces\u0105, kad EQM kaip visuma b\u016bt\u0173 atnaujinta nauja rekomendacij\u0173 sistema d\u0117l suaugusi\u0173j\u0173 mokymosi kokyb\u0117s, kuri\u0105 2013 m. spalio m\u0117n. prad\u0117jo temin\u0117 darbo grup\u0117. Suaugusi\u0173j\u0173 mokymosi kokyb\u0117 dirbant su ES Komisijos mandatu.<\/p>\t\t\t\t<\/div>\t\t\t\t<\/div>\n\t\t\t\t<\/div>\n\t\t\t\t<div class=\"elementor-element elementor-element-35164d04 elementor-widget elementor-widget-text-editor\" data-id=\"35164d04\" data-element_type=\"widget\" data-widget_type=\"text-editor.default\">\n\t\t\t\t<div class=\"elementor-widget-container\">\n\t\t\t\t\t<div class=\"bb-theme-elementor-wrap bb-elementor-custom-family\">\t\t\t\t<p>Dalis patobulinim\u0173 buvo mokym\u0173 suk\u016brimas i\u0161or\u0117s vertintojams \/ instruktoriams, nes j\u0173 vaidmuo yra ne tik \u012fvertinti mokymosi teikim\u0105 pagal EQM standartus ir kriterijus, bet ir pad\u0117ti mokymosi teik\u0117jui gerinti savo darbo kokyb\u0119 ir sukurti tvari\u0105 kokyb\u0117s kult\u016br\u0105 mokymosi teik\u0117jo organizacijoje.<\/p>\t\t\t\t<\/div>\t\t\t\t<\/div>\n\t\t\t\t<\/div>\n\t\t\t\t\t<\/div>\n\t\t<\/div>\n\t\t\t\t\t<\/div>\n\t\t<\/section>\n\t\t\t\t<section class=\"elementor-section elementor-top-section elementor-element elementor-element-20cf5f6e elementor-section-boxed elementor-section-height-default elementor-section-height-default\" data-id=\"20cf5f6e\" data-element_type=\"section\">\n\t\t\t\t\t\t<div class=\"elementor-container elementor-column-gap-default\">\n\t\t\t\t\t<div class=\"elementor-column elementor-col-100 elementor-top-column elementor-element elementor-element-58777ffc\" data-id=\"58777ffc\" data-element_type=\"column\">\n\t\t\t<div class=\"elementor-widget-wrap\">\n\t\t\t\t\t\t\t<\/div>\n\t\t<\/div>\n\t\t\t\t\t<\/div>\n\t\t<\/section>\n\t\t\t\t<section class=\"elementor-section elementor-top-section elementor-element elementor-element-594ff4d7 elementor-section-boxed elementor-section-height-default elementor-section-height-default\" data-id=\"594ff4d7\" data-element_type=\"section\" data-settings=\"{&quot;background_background&quot;:&quot;classic&quot;}\">\n\t\t\t\t\t\t<div class=\"elementor-container elementor-column-gap-default\">\n\t\t\t\t\t<div class=\"elementor-column elementor-col-100 elementor-top-column elementor-element elementor-element-25668fe8\" data-id=\"25668fe8\" data-element_type=\"column\" data-settings=\"{&quot;background_background&quot;:&quot;classic&quot;}\">\n\t\t\t<div class=\"elementor-widget-wrap elementor-element-populated\">\n\t\t\t\t\t\t<section class=\"elementor-section elementor-inner-section elementor-element elementor-element-5900f228 elementor-section-content-middle elementor-section-boxed elementor-section-height-default elementor-section-height-default\" data-id=\"5900f228\" data-element_type=\"section\">\n\t\t\t\t\t\t<div class=\"elementor-container elementor-column-gap-default\">\n\t\t\t\t\t<div class=\"elementor-column elementor-col-50 elementor-inner-column elementor-element elementor-element-557ac0b9\" data-id=\"557ac0b9\" data-element_type=\"column\">\n\t\t\t<div class=\"elementor-widget-wrap elementor-element-populated\">\n\t\t\t\t\t\t<div class=\"elementor-element elementor-element-210cb97e elementor-widget elementor-widget-heading\" data-id=\"210cb97e\" data-element_type=\"widget\" data-widget_type=\"heading.default\">\n\t\t\t\t<div class=\"elementor-widget-container\">\n\t\t\t\t\t<h3 class=\"elementor-heading-title elementor-size-default\">Ar jus domina daugiau?<\/h3>\t\t\t\t<\/div>\n\t\t\t\t<\/div>\n\t\t\t\t<div class=\"elementor-element elementor-element-2db7215d elementor-widget elementor-widget-text-editor\" data-id=\"2db7215d\" data-element_type=\"widget\" data-widget_type=\"text-editor.default\">\n\t\t\t\t<div class=\"elementor-widget-container\">\n\t\t\t\t\t\t\t\t\t<p>U\u017esiregistruokite NEMOKAMAI ir perskaitykite i\u0161samius 6 \u0161ali\u0173 geriausios praktikos apra\u0161ymus!\u00a0<\/p>\t\t\t\t\t\t\t\t<\/div>\n\t\t\t\t<\/div>\n\t\t\t\t\t<\/div>\n\t\t<\/div>\n\t\t\t\t<div class=\"elementor-column elementor-col-50 elementor-inner-column elementor-element elementor-element-711bb2eb\" data-id=\"711bb2eb\" data-element_type=\"column\">\n\t\t\t<div class=\"elementor-widget-wrap elementor-element-populated\">\n\t\t\t\t\t\t<div class=\"elementor-element elementor-element-62a356c elementor-align-center elementor-tablet-align-center elementor-widget elementor-widget-button\" data-id=\"62a356c\" data-element_type=\"widget\" data-widget_type=\"button.default\">\n\t\t\t\t<div class=\"elementor-widget-container\">\n\t\t\t\t\t\t\t\t\t<div class=\"elementor-button-wrapper\">\n\t\t\t\t\t<a class=\"elementor-button elementor-button-link elementor-size-sm elementor-animation-float\" href=\"\/lt\/register\/\">\n\t\t\t\t\t\t<span class=\"elementor-button-content-wrapper\">\n\t\t\t\t\t\t\t\t\t<span class=\"elementor-button-text\">REGISTRUOTIS<\/span>\n\t\t\t\t\t<\/span>\n\t\t\t\t\t<\/a>\n\t\t\t\t<\/div>\n\t\t\t\t\t\t\t\t<\/div>\n\t\t\t\t<\/div>\n\t\t\t\t\t<\/div>\n\t\t<\/div>\n\t\t\t\t\t<\/div>\n\t\t<\/section>\n\t\t\t\t\t<\/div>\n\t\t<\/div>\n\t\t\t\t\t<\/div>\n\t\t<\/section>\n\t\t\t\t<\/div>","protected":false},"excerpt":{"rendered":"<p>The project \u201cAdult educator\u2019s mission: give the learner wings\u201d The project \u201cAdult educator\u2019s mission: give the learner wings\u201d is prepared by the consortium of five&hellip;<\/p>","protected":false},"author":1,"featured_media":0,"parent":0,"menu_order":0,"comment_status":"closed","ping_status":"closed","template":"","meta":{"footnotes":""},"class_list":["post-741","page","type-page","status-publish","hentry"],"_links":{"self":[{"href":"https:\/\/educatehub.eu\/lt\/wp-json\/wp\/v2\/pages\/741","targetHints":{"allow":["GET"]}}],"collection":[{"href":"https:\/\/educatehub.eu\/lt\/wp-json\/wp\/v2\/pages"}],"about":[{"href":"https:\/\/educatehub.eu\/lt\/wp-json\/wp\/v2\/types\/page"}],"author":[{"embeddable":true,"href":"https:\/\/educatehub.eu\/lt\/wp-json\/wp\/v2\/users\/1"}],"replies":[{"embeddable":true,"href":"https:\/\/educatehub.eu\/lt\/wp-json\/wp\/v2\/comments?post=741"}],"version-history":[{"count":26,"href":"https:\/\/educatehub.eu\/lt\/wp-json\/wp\/v2\/pages\/741\/revisions"}],"predecessor-version":[{"id":2432,"href":"https:\/\/educatehub.eu\/lt\/wp-json\/wp\/v2\/pages\/741\/revisions\/2432"}],"wp:attachment":[{"href":"https:\/\/educatehub.eu\/lt\/wp-json\/wp\/v2\/media?parent=741"}],"curies":[{"name":"wp","href":"https:\/\/api.w.org\/{rel}","templated":true}]}}