{"id":822,"date":"2023-01-08T18:53:44","date_gmt":"2023-01-08T18:53:44","guid":{"rendered":"https:\/\/educatehub.eu\/?page_id=822"},"modified":"2023-10-12T16:24:55","modified_gmt":"2023-10-12T14:24:55","slug":"best-practices-community","status":"publish","type":"page","link":"https:\/\/educatehub.eu\/lt\/best-practices-community\/","title":{"rendered":"Best Practices &#8211; Community Engagement and Economic Development"},"content":{"rendered":"<div data-elementor-type=\"wp-page\" data-elementor-id=\"822\" class=\"elementor elementor-822\" data-elementor-post-type=\"page\">\n\t\t\t\t\t\t<section class=\"elementor-section elementor-top-section elementor-element elementor-element-2b381a4b elementor-section-boxed elementor-section-height-default elementor-section-height-default\" data-id=\"2b381a4b\" data-element_type=\"section\">\n\t\t\t\t\t\t<div class=\"elementor-container elementor-column-gap-default\">\n\t\t\t\t\t<div class=\"elementor-column elementor-col-50 elementor-top-column elementor-element elementor-element-1c2d3993\" data-id=\"1c2d3993\" data-element_type=\"column\">\n\t\t\t<div class=\"elementor-widget-wrap elementor-element-populated\">\n\t\t\t\t\t\t<div class=\"elementor-element elementor-element-37aa20be elementor-widget elementor-widget-image\" data-id=\"37aa20be\" data-element_type=\"widget\" data-widget_type=\"image.default\">\n\t\t\t\t<div class=\"elementor-widget-container\">\n\t\t\t\t\t\t\t\t\t\t\t\t\t\t\t<img fetchpriority=\"high\" decoding=\"async\" width=\"640\" height=\"960\" src=\"https:\/\/educatehub.eu\/wp-content\/uploads\/2023\/01\/annie-spratt-MChSQHxGZrQ-unsplash-683x1024.jpg\" class=\"attachment-large size-large wp-image-783\" alt=\"\" srcset=\"https:\/\/educatehub.eu\/wp-content\/uploads\/2023\/01\/annie-spratt-MChSQHxGZrQ-unsplash-683x1024.jpg 683w, https:\/\/educatehub.eu\/wp-content\/uploads\/2023\/01\/annie-spratt-MChSQHxGZrQ-unsplash-200x300.jpg 200w, https:\/\/educatehub.eu\/wp-content\/uploads\/2023\/01\/annie-spratt-MChSQHxGZrQ-unsplash-768x1152.jpg 768w, https:\/\/educatehub.eu\/wp-content\/uploads\/2023\/01\/annie-spratt-MChSQHxGZrQ-unsplash-1024x1536.jpg 1024w, https:\/\/educatehub.eu\/wp-content\/uploads\/2023\/01\/annie-spratt-MChSQHxGZrQ-unsplash-1366x2048.jpg 1366w, https:\/\/educatehub.eu\/wp-content\/uploads\/2023\/01\/annie-spratt-MChSQHxGZrQ-unsplash-8x12.jpg 8w, https:\/\/educatehub.eu\/wp-content\/uploads\/2023\/01\/annie-spratt-MChSQHxGZrQ-unsplash-624x936.jpg 624w, https:\/\/educatehub.eu\/wp-content\/uploads\/2023\/01\/annie-spratt-MChSQHxGZrQ-unsplash-scaled.jpg 1707w\" sizes=\"(max-width: 640px) 100vw, 640px\" \/>\t\t\t\t\t\t\t\t\t\t\t\t\t\t\t<\/div>\n\t\t\t\t<\/div>\n\t\t\t\t<div class=\"elementor-element elementor-element-270afc1d elementor-widget elementor-widget-text-editor\" data-id=\"270afc1d\" data-element_type=\"widget\" data-widget_type=\"text-editor.default\">\n\t\t\t\t<div class=\"elementor-widget-container\">\n\t\t\t\t\t<div class=\"bb-theme-elementor-wrap bb-elementor-custom-family\">\t\t\t\t<p>Parengta ir skirta daugiau nei 50 mokymo kurs\u0173 tikslinei grupei, min\u0117ti kursai yra susij\u0119 su \u0161iomis temomis: duomen\u0173 apdorojimas ir analiz\u0117, asmens duomen\u0173 apsauga, grafiniai vaizd\u0173 redagavimo \u012frankiai, facebook galimyb\u0117s verslo pl\u0117trai, IKT sprendimai \u012fmon\u0117s finans\u0173 valdymas, tinklalapi\u0173 k\u016brimas, rinkodaros kampanijos, socialini\u0173 tinkl\u0173 rinkodara, IRT saugumas, kompiuterizuota buhalterija, debes\u0173 sprendimai, elektronin\u0117 prekyba, multimedijos \u012frankiai, rinkos analiz\u0117, projekt\u0173 valdymas ir kt.<\/p>\t\t\t\t<\/div>\t\t\t\t<\/div>\n\t\t\t\t<\/div>\n\t\t\t\t\t<\/div>\n\t\t<\/div>\n\t\t\t\t<div class=\"elementor-column elementor-col-50 elementor-top-column elementor-element elementor-element-1a527e0d\" data-id=\"1a527e0d\" data-element_type=\"column\">\n\t\t\t<div class=\"elementor-widget-wrap elementor-element-populated\">\n\t\t\t\t\t\t<div class=\"elementor-element elementor-element-7c1b921a elementor-widget elementor-widget-text-editor\" data-id=\"7c1b921a\" data-element_type=\"widget\" data-widget_type=\"text-editor.default\">\n\t\t\t\t<div class=\"elementor-widget-container\">\n\t\t\t\t\t<div class=\"bb-theme-elementor-wrap bb-elementor-custom-family\">\t\t\t\t<h3><strong>\u201eSmulkaus ir labai ma\u017eo verslo mokymai inovacij\u0173 ir skaitmenini\u0173 technologij\u0173 pl\u0117trai Latvijoje\u201c<\/strong><\/h3>\t\t\t\t<\/div>\t\t\t\t<\/div>\n\t\t\t\t<\/div>\n\t\t\t\t<div class=\"elementor-element elementor-element-24dd7651 elementor-widget elementor-widget-text-editor\" data-id=\"24dd7651\" data-element_type=\"widget\" data-widget_type=\"text-editor.default\">\n\t\t\t\t<div class=\"elementor-widget-container\">\n\t\t\t\t\t\t\t\t\t<p>Pagrindin\u0117s projekto veiklos, taigi ir metodika:<\/p><ul><li>Tikslin\u0117s grup\u0117s mokymo poreiki\u0173 analiz\u0117, bendradarbiaujant su LIKTA (Informacini\u0173 ir ry\u0161i\u0173 technologij\u0173 asociacija) ir IRT sektoriaus suinteresuotosiomis \u0161alimis, siekiant u\u017etikrinti mokymo program\u0173 aktualum\u0105, konkre\u010dius mokymosi kelius ir apibr\u0117\u017etus mokymosi rezultatus;<\/li><li>Mokymo program\u0173 rengimas IKT, inovatyvi\u0173 technologij\u0173 ir verslo pl\u0117tros temomis;<\/li><li>Kompetencijos vertinimo testo rengimas;<\/li><li>Mokym\u0173 pristatymas ma\u017e\u0173 ir labai ma\u017e\u0173 \u012fmoni\u0173 darbuotojams, savaranki\u0161kai;<\/li><li>Mokym\u0173 \u012fvertinimas, \u012fskaitant sta\u017euotojo klausimyn\u0105 (\u012fvertinant bendr\u0105 mokym\u0173 organizavim\u0105, vykdym\u0105, aktualum\u0105, d\u0117stytoj\u0173 kompetencij\u0105) ir mokymo rezultat\u0173 matavim\u0105 bei vertinim\u0105 naudojant scenarijumi gr\u012fst\u0105 kompiuterizuot\u0105 kompetencij\u0173 vertinimo test\u0105.<\/li><\/ul>\t\t\t\t\t\t\t\t<\/div>\n\t\t\t\t<\/div>\n\t\t\t\t<div class=\"elementor-element elementor-element-5cf069ae elementor-widget elementor-widget-text-editor\" data-id=\"5cf069ae\" data-element_type=\"widget\" data-widget_type=\"text-editor.default\">\n\t\t\t\t<div class=\"elementor-widget-container\">\n\t\t\t\t\t<div class=\"bb-theme-elementor-wrap bb-elementor-custom-family\">\t\t\t\t<p>Visi mokymo kursai yra susieti su skaitmenin\u0117mis technologijomis, \u012frankiais ir kitais IKT sprendimais, skaitmeninimo procesais, siekiant efektyviai atlikti u\u017eduotis arba organizuoti ir valdyti procesus, susijusius su anks\u010diau min\u0117tais dalykais (ir daugeliu kit\u0173). Mokymai vyksta akis \u012f ak\u012f arba nuotoliniu b\u016bdu per MS Teams, taip pat suteikiama prieiga prie mokymosi valdymo sistemos, kad b\u016bt\u0173 galima pasiekti papildom\u0105 el. mokymosi med\u017eiag\u0105.<\/p>\t\t\t\t<\/div>\t\t\t\t<\/div>\n\t\t\t\t<\/div>\n\t\t\t\t\t<\/div>\n\t\t<\/div>\n\t\t\t\t\t<\/div>\n\t\t<\/section>\n\t\t\t\t<section class=\"elementor-section elementor-top-section elementor-element elementor-element-3f4ce0b3 elementor-section-boxed elementor-section-height-default elementor-section-height-default\" data-id=\"3f4ce0b3\" data-element_type=\"section\">\n\t\t\t\t\t\t<div class=\"elementor-container elementor-column-gap-default\">\n\t\t\t\t\t<div class=\"elementor-column elementor-col-100 elementor-top-column elementor-element elementor-element-48395fc9\" data-id=\"48395fc9\" data-element_type=\"column\">\n\t\t\t<div class=\"elementor-widget-wrap elementor-element-populated\">\n\t\t\t\t\t\t<div class=\"elementor-element elementor-element-7f2c2d1a elementor-widget-divider--view-line elementor-widget elementor-widget-divider\" data-id=\"7f2c2d1a\" data-element_type=\"widget\" data-widget_type=\"divider.default\">\n\t\t\t\t<div class=\"elementor-widget-container\">\n\t\t\t\t\t\t\t<div class=\"elementor-divider\">\n\t\t\t<span class=\"elementor-divider-separator\">\n\t\t\t\t\t\t<\/span>\n\t\t<\/div>\n\t\t\t\t\t\t<\/div>\n\t\t\t\t<\/div>\n\t\t\t\t\t<\/div>\n\t\t<\/div>\n\t\t\t\t\t<\/div>\n\t\t<\/section>\n\t\t\t\t<section class=\"elementor-section elementor-top-section elementor-element elementor-element-1ed2edd2 elementor-section-boxed elementor-section-height-default elementor-section-height-default\" data-id=\"1ed2edd2\" data-element_type=\"section\">\n\t\t\t\t\t\t<div class=\"elementor-container elementor-column-gap-default\">\n\t\t\t\t\t<div class=\"elementor-column elementor-col-50 elementor-top-column elementor-element elementor-element-23cdee19\" data-id=\"23cdee19\" data-element_type=\"column\">\n\t\t\t<div class=\"elementor-widget-wrap elementor-element-populated\">\n\t\t\t\t\t\t<div class=\"elementor-element elementor-element-39793db1 elementor-widget elementor-widget-text-editor\" data-id=\"39793db1\" data-element_type=\"widget\" data-widget_type=\"text-editor.default\">\n\t\t\t\t<div class=\"elementor-widget-container\">\n\t\t\t\t\t<div class=\"bb-theme-elementor-wrap bb-elementor-custom-family\">\t\t\t\t<h3><strong>EW4RD \u2013 Moter\u0173 \u012fgalinimas kaimo pl\u0117trai<\/strong><\/h3>\t\t\t\t<\/div>\t\t\t\t<\/div>\n\t\t\t\t<\/div>\n\t\t\t\t<div class=\"elementor-element elementor-element-5c759fc elementor-widget elementor-widget-text-editor\" data-id=\"5c759fc\" data-element_type=\"widget\" data-widget_type=\"text-editor.default\">\n\t\t\t\t<div class=\"elementor-widget-container\">\n\t\t\t\t\t<div class=\"bb-theme-elementor-wrap bb-elementor-custom-family\">\t\t\t\t<p>\u0160iuo projektu buvo siekiama ugdyti pedagogus ir suteikti atoki\u0173 ir kaimo vietovi\u0173 vadovams \u012fg\u016bd\u017ei\u0173 ir \u017eini\u0173, kaip spr\u0119sti \u017eemos ekonomin\u0117s ir pl\u0117tros veiklos tose srityse problemas; suteikti jiems ger\u0105j\u0105 patirt\u012f partneri\u0173 \u0161alyse, siekiant i\u0161mokti pl\u0117toti ekonomin\u0119 veikl\u0105 ir j\u0105 i\u0161laikyti ekologijos, finans\u0173 ir kit\u0173 i\u0161tekli\u0173 at\u017evilgiu. Tai buvo pasiekta ugdant juos per 2 mokymo kursus (plius pa\u017eintinius vizitus), tarptautinius susitikimus ir sukuriant mokymo format\u0105, kuris bus platinamas bro\u0161i\u016bros formatu.<\/p>\t\t\t\t<\/div>\t\t\t\t<\/div>\n\t\t\t\t<\/div>\n\t\t\t\t\t<\/div>\n\t\t<\/div>\n\t\t\t\t<div class=\"elementor-column elementor-col-50 elementor-top-column elementor-element elementor-element-5d260a99\" data-id=\"5d260a99\" data-element_type=\"column\">\n\t\t\t<div class=\"elementor-widget-wrap elementor-element-populated\">\n\t\t\t\t\t\t<div class=\"elementor-element elementor-element-135efa21 elementor-widget elementor-widget-image\" data-id=\"135efa21\" data-element_type=\"widget\" data-widget_type=\"image.default\">\n\t\t\t\t<div class=\"elementor-widget-container\">\n\t\t\t\t\t\t\t\t\t\t\t\t\t\t\t<img decoding=\"async\" width=\"640\" height=\"427\" src=\"https:\/\/educatehub.eu\/wp-content\/uploads\/2023\/01\/priscilla-du-preez-gYdjZzXNWlg-unsplash_small-1024x683.jpg\" class=\"attachment-large size-large wp-image-831\" alt=\"\" srcset=\"https:\/\/educatehub.eu\/wp-content\/uploads\/2023\/01\/priscilla-du-preez-gYdjZzXNWlg-unsplash_small-1024x683.jpg 1024w, https:\/\/educatehub.eu\/wp-content\/uploads\/2023\/01\/priscilla-du-preez-gYdjZzXNWlg-unsplash_small-300x200.jpg 300w, https:\/\/educatehub.eu\/wp-content\/uploads\/2023\/01\/priscilla-du-preez-gYdjZzXNWlg-unsplash_small-768x512.jpg 768w, https:\/\/educatehub.eu\/wp-content\/uploads\/2023\/01\/priscilla-du-preez-gYdjZzXNWlg-unsplash_small-18x12.jpg 18w, https:\/\/educatehub.eu\/wp-content\/uploads\/2023\/01\/priscilla-du-preez-gYdjZzXNWlg-unsplash_small-624x416.jpg 624w, https:\/\/educatehub.eu\/wp-content\/uploads\/2023\/01\/priscilla-du-preez-gYdjZzXNWlg-unsplash_small.jpg 1200w\" sizes=\"(max-width: 640px) 100vw, 640px\" \/>\t\t\t\t\t\t\t\t\t\t\t\t\t\t\t<\/div>\n\t\t\t\t<\/div>\n\t\t\t\t\t<\/div>\n\t\t<\/div>\n\t\t\t\t\t<\/div>\n\t\t<\/section>\n\t\t\t\t<section class=\"elementor-section elementor-top-section elementor-element elementor-element-762b79eb elementor-section-boxed elementor-section-height-default elementor-section-height-default\" data-id=\"762b79eb\" data-element_type=\"section\">\n\t\t\t\t\t\t<div class=\"elementor-container elementor-column-gap-default\">\n\t\t\t\t\t<div class=\"elementor-column elementor-col-100 elementor-top-column elementor-element elementor-element-55d8e13c\" data-id=\"55d8e13c\" data-element_type=\"column\">\n\t\t\t<div class=\"elementor-widget-wrap\">\n\t\t\t\t\t\t\t<\/div>\n\t\t<\/div>\n\t\t\t\t\t<\/div>\n\t\t<\/section>\n\t\t\t\t<section class=\"elementor-section elementor-top-section elementor-element elementor-element-45bff3c2 elementor-section-boxed elementor-section-height-default elementor-section-height-default\" data-id=\"45bff3c2\" data-element_type=\"section\" data-settings=\"{&quot;background_background&quot;:&quot;classic&quot;}\">\n\t\t\t\t\t\t<div class=\"elementor-container elementor-column-gap-default\">\n\t\t\t\t\t<div class=\"elementor-column elementor-col-100 elementor-top-column elementor-element elementor-element-17e9ba29\" data-id=\"17e9ba29\" data-element_type=\"column\" data-settings=\"{&quot;background_background&quot;:&quot;classic&quot;}\">\n\t\t\t<div class=\"elementor-widget-wrap elementor-element-populated\">\n\t\t\t\t\t\t<section class=\"elementor-section elementor-inner-section elementor-element elementor-element-11401930 elementor-section-content-middle elementor-section-boxed elementor-section-height-default elementor-section-height-default\" data-id=\"11401930\" data-element_type=\"section\">\n\t\t\t\t\t\t<div class=\"elementor-container elementor-column-gap-default\">\n\t\t\t\t\t<div class=\"elementor-column elementor-col-50 elementor-inner-column elementor-element elementor-element-24b51132\" data-id=\"24b51132\" data-element_type=\"column\">\n\t\t\t<div class=\"elementor-widget-wrap elementor-element-populated\">\n\t\t\t\t\t\t<div class=\"elementor-element elementor-element-737b61ff elementor-widget elementor-widget-heading\" data-id=\"737b61ff\" data-element_type=\"widget\" data-widget_type=\"heading.default\">\n\t\t\t\t<div class=\"elementor-widget-container\">\n\t\t\t\t\t<h3 class=\"elementor-heading-title elementor-size-default\">Ar jus domina daugiau?<\/h3>\t\t\t\t<\/div>\n\t\t\t\t<\/div>\n\t\t\t\t<div class=\"elementor-element elementor-element-127ee991 elementor-widget elementor-widget-text-editor\" data-id=\"127ee991\" data-element_type=\"widget\" data-widget_type=\"text-editor.default\">\n\t\t\t\t<div class=\"elementor-widget-container\">\n\t\t\t\t\t\t\t\t\t<p>U\u017esiregistruokite NEMOKAMAI ir perskaitykite i\u0161samius 6 \u0161ali\u0173 geriausios praktikos apra\u0161ymus!\u00a0<\/p>\t\t\t\t\t\t\t\t<\/div>\n\t\t\t\t<\/div>\n\t\t\t\t\t<\/div>\n\t\t<\/div>\n\t\t\t\t<div class=\"elementor-column elementor-col-50 elementor-inner-column elementor-element elementor-element-587844ab\" data-id=\"587844ab\" data-element_type=\"column\">\n\t\t\t<div class=\"elementor-widget-wrap elementor-element-populated\">\n\t\t\t\t\t\t<div class=\"elementor-element elementor-element-503126c4 elementor-align-center elementor-tablet-align-center elementor-widget elementor-widget-button\" data-id=\"503126c4\" data-element_type=\"widget\" data-widget_type=\"button.default\">\n\t\t\t\t<div class=\"elementor-widget-container\">\n\t\t\t\t\t\t\t\t\t<div class=\"elementor-button-wrapper\">\n\t\t\t\t\t<a class=\"elementor-button elementor-button-link elementor-size-sm elementor-animation-float\" href=\"\/lt\/register\/\">\n\t\t\t\t\t\t<span class=\"elementor-button-content-wrapper\">\n\t\t\t\t\t\t\t\t\t<span class=\"elementor-button-text\">REGISTRUOTIS<\/span>\n\t\t\t\t\t<\/span>\n\t\t\t\t\t<\/a>\n\t\t\t\t<\/div>\n\t\t\t\t\t\t\t\t<\/div>\n\t\t\t\t<\/div>\n\t\t\t\t\t<\/div>\n\t\t<\/div>\n\t\t\t\t\t<\/div>\n\t\t<\/section>\n\t\t\t\t\t<\/div>\n\t\t<\/div>\n\t\t\t\t\t<\/div>\n\t\t<\/section>\n\t\t\t\t<\/div>","protected":false},"excerpt":{"rendered":"<p>More than 50 training courses have been developed and provided to the target group, the aforementioned courses are connected with such subjects: data processing, data&hellip;<\/p>","protected":false},"author":1,"featured_media":0,"parent":0,"menu_order":0,"comment_status":"closed","ping_status":"closed","template":"","meta":{"footnotes":""},"class_list":["post-822","page","type-page","status-publish","hentry"],"_links":{"self":[{"href":"https:\/\/educatehub.eu\/lt\/wp-json\/wp\/v2\/pages\/822","targetHints":{"allow":["GET"]}}],"collection":[{"href":"https:\/\/educatehub.eu\/lt\/wp-json\/wp\/v2\/pages"}],"about":[{"href":"https:\/\/educatehub.eu\/lt\/wp-json\/wp\/v2\/types\/page"}],"author":[{"embeddable":true,"href":"https:\/\/educatehub.eu\/lt\/wp-json\/wp\/v2\/users\/1"}],"replies":[{"embeddable":true,"href":"https:\/\/educatehub.eu\/lt\/wp-json\/wp\/v2\/comments?post=822"}],"version-history":[{"count":14,"href":"https:\/\/educatehub.eu\/lt\/wp-json\/wp\/v2\/pages\/822\/revisions"}],"predecessor-version":[{"id":2418,"href":"https:\/\/educatehub.eu\/lt\/wp-json\/wp\/v2\/pages\/822\/revisions\/2418"}],"wp:attachment":[{"href":"https:\/\/educatehub.eu\/lt\/wp-json\/wp\/v2\/media?parent=822"}],"curies":[{"name":"wp","href":"https:\/\/api.w.org\/{rel}","templated":true}]}}