{"id":2157,"date":"2023-04-06T09:15:09","date_gmt":"2023-04-06T09:15:09","guid":{"rendered":"https:\/\/educatehub.eu\/?page_id=2157"},"modified":"2023-11-11T17:42:06","modified_gmt":"2023-11-11T16:42:06","slug":"certification","status":"publish","type":"page","link":"https:\/\/educatehub.eu\/lv\/certification\/","title":{"rendered":"EDUCATE Kvalit\u0101tes Sertifik\u0101ts"},"content":{"rendered":"<div data-elementor-type=\"wp-page\" data-elementor-id=\"2157\" class=\"elementor elementor-2157\" data-elementor-post-type=\"page\">\n\t\t\t\t\t\t<section class=\"elementor-section elementor-top-section elementor-element elementor-element-1176b2f0 elementor-section-boxed elementor-section-height-default elementor-section-height-default\" data-id=\"1176b2f0\" data-element_type=\"section\" data-settings=\"{&quot;background_background&quot;:&quot;classic&quot;}\">\n\t\t\t\t\t\t<div class=\"elementor-container elementor-column-gap-default\">\n\t\t\t\t\t<div class=\"elementor-column elementor-col-100 elementor-top-column elementor-element elementor-element-6e54f680\" data-id=\"6e54f680\" data-element_type=\"column\" data-settings=\"{&quot;background_background&quot;:&quot;classic&quot;}\">\n\t\t\t<div class=\"elementor-widget-wrap elementor-element-populated\">\n\t\t\t\t\t\t<section class=\"elementor-section elementor-inner-section elementor-element elementor-element-57713767 elementor-section-content-middle elementor-section-boxed elementor-section-height-default elementor-section-height-default\" data-id=\"57713767\" data-element_type=\"section\">\n\t\t\t\t\t\t<div class=\"elementor-container elementor-column-gap-default\">\n\t\t\t\t\t<div class=\"elementor-column elementor-col-100 elementor-inner-column elementor-element elementor-element-5586aa4e\" data-id=\"5586aa4e\" data-element_type=\"column\">\n\t\t\t<div class=\"elementor-widget-wrap elementor-element-populated\">\n\t\t\t\t\t\t<div class=\"elementor-element elementor-element-6c6cf44a elementor-widget elementor-widget-text-editor\" data-id=\"6c6cf44a\" data-element_type=\"widget\" data-widget_type=\"text-editor.default\">\n\t\t\t\t<div class=\"elementor-widget-container\">\n\t\t\t\t\t\t\t\t\t<p>EDUCATE interakt\u012bvaj\u0101 centr\u0101 Hub ir iek\u013cauta sada\u013ca, kas velt\u012bta lab\u0101s prakses un pieaugu\u0161o izgl\u012bt\u012bbas organiz\u0101ciju sertifik\u0101cijai, akcent\u0113jot digitaliz\u0101cijas un iek\u013caut\u012bbas jomas.  Projekta ietvaros tika izveidots EDUCATE kvalit\u0101tes sertifik\u0101ts, ko pie\u0161\u0137ir labai praksei un organi\u0101zcij\u0101m, kuras pied\u0101v\u0101 kvalitat\u012bvu digit\u0101lo izgl\u012bt\u012bbu pieaugu\u0161ajiem. \u0160is sertifk\u0101ts organiz\u0101cij\u0101m dod platformu un iesp\u0113ju lab\u0101s prakses populariz\u0113\u0161anai.<\/p>\n<p>Lai organiz\u0101cija ieg\u016btu EDUCATE sertifik\u0101tu, tai j\u0101atbilst noteiktiem krit\u0113rijiem. Projekta partneri ir izstr\u0101d\u0101tju\u0161i sertifik\u0101cijas metodolo\u0123iju, lai nov\u0113rt\u0113tu lab\u0101s prakses. Rokasgr\u0101mata par sertifik\u0101cija procesu pieejama EDUCATE interakt\u012bv\u0101 Centra HUB platform\u0101.<\/p>\n<p>EDUCATE sertifik\u0101cija sniedz caurskat\u0101mus un vienk\u0101r\u0161i  pieejamus l\u012bdzek\u013cus pieaugu\u0161o izgl\u012bt\u012bbas lab\u0101s prakses sertific\u0113\u0161anai. Ar sertific\u0113\u0161anu, organiz\u0101cijas ieg\u016bst uz pier\u0101d\u012bjumiem balst\u012btu metodi, savas organiz\u0101cijas darba uzlabo\u0161anai vai savas lab\u0101s prakses populariz\u0113\u0161anai.  \u0160\u012b sist\u0113ma, organiz\u0101cijai dod iesp\u0113ju populariz\u0113t savu labo praksi, sasniedzot pla\u0161\u0101ku  auditoriju, k\u0101 ar\u012b pamatojumu partneru kop\u012bgai sadarb\u012bbai un izaugsmei.<\/p>\n<p>Tagad, m\u0113s aicin\u0101m J\u016bsu organiz\u0101ciju  piedal\u012bties \u0161aj\u0101 nep\u0101rtraukt\u0101s darba uzlabo\u0161anas proces\u0101. Uzs\u0101ciet pa\u0161nov\u0113rt\u0113jumu, nov\u0113rt\u0113jiet savu praksi ar m\u016bsu izstr\u0101d\u0101tajiem krit\u0113rijiem un pievienojieties izgl\u012bt\u012bbas pakalpojumu kopienai, kurai ir augsti digit\u0101l\u0101s kompetences standarti.&nbsp;<\/p>\n<p><b>Nepalaidiet gar\u0101m iesp\u0113ju uzlabot savu darbu, dal\u012bties ar savu pieredzi un m\u0101c\u012bties no lab\u0101kajiem - pievienojies EDUCATE kopienai tagad!<\/b><\/p>\t\t\t\t\t\t\t\t<\/div>\n\t\t\t\t<\/div>\n\t\t\t\t<div class=\"elementor-element elementor-element-a22510a elementor-widget elementor-widget-heading\" data-id=\"a22510a\" data-element_type=\"widget\" data-widget_type=\"heading.default\">\n\t\t\t\t<div class=\"elementor-widget-container\">\n\t\t\t\t\t<h2 class=\"elementor-heading-title elementor-size-default\"><a href=\"https:\/\/educatehub.eu\/wp-content\/uploads\/2023\/10\/IO2-Sertifikacijas-metodologija.pdf\" target=\"_blank\">Methodology &amp; Criteria for Organisations<\/a><\/h2>\t\t\t\t<\/div>\n\t\t\t\t<\/div>\n\t\t\t\t<div class=\"elementor-element elementor-element-2d8588d elementor-widget elementor-widget-heading\" data-id=\"2d8588d\" data-element_type=\"widget\" data-widget_type=\"heading.default\">\n\t\t\t\t<div class=\"elementor-widget-container\">\n\t\t\t\t\t<h2 class=\"elementor-heading-title elementor-size-default\"><a href=\"https:\/\/educatehub.eu\/wp-content\/uploads\/2023\/10\/IO2_Sertifikacijas-metodologija-I-pielikums.pdf\" target=\"_blank\">I. pielikums<\/a><\/h2>\t\t\t\t<\/div>\n\t\t\t\t<\/div>\n\t\t\t\t<div class=\"elementor-element elementor-element-8b9f0da elementor-widget elementor-widget-heading\" data-id=\"8b9f0da\" data-element_type=\"widget\" data-widget_type=\"heading.default\">\n\t\t\t\t<div class=\"elementor-widget-container\">\n\t\t\t\t\t<h2 class=\"elementor-heading-title elementor-size-default\"><a href=\"https:\/\/educatehub.eu\/wp-content\/uploads\/2023\/10\/IO2_Sertifikacijas-metodologija-II-pielikums.pdf\" target=\"_blank\">II. pielikums<\/a><\/h2>\t\t\t\t<\/div>\n\t\t\t\t<\/div>\n\t\t\t\t\t<\/div>\n\t\t<\/div>\n\t\t\t\t\t<\/div>\n\t\t<\/section>\n\t\t\t\t\t<\/div>\n\t\t<\/div>\n\t\t\t\t\t<\/div>\n\t\t<\/section>\n\t\t\t\t<section class=\"elementor-section elementor-top-section elementor-element elementor-element-5d17541 elementor-section-boxed elementor-section-height-default elementor-section-height-default\" data-id=\"5d17541\" data-element_type=\"section\">\n\t\t\t\t\t\t<div class=\"elementor-container elementor-column-gap-default\">\n\t\t\t\t\t<div class=\"elementor-column elementor-col-25 elementor-top-column elementor-element elementor-element-7b68cd2\" data-id=\"7b68cd2\" data-element_type=\"column\">\n\t\t\t<div class=\"elementor-widget-wrap\">\n\t\t\t\t\t\t\t<\/div>\n\t\t<\/div>\n\t\t\t\t<div class=\"elementor-column elementor-col-25 elementor-top-column elementor-element elementor-element-960ffc3\" data-id=\"960ffc3\" data-element_type=\"column\">\n\t\t\t<div class=\"elementor-widget-wrap elementor-element-populated\">\n\t\t\t\t\t\t<div class=\"elementor-element elementor-element-b05bc4b elementor-widget__width-initial elementor-widget elementor-widget-image\" data-id=\"b05bc4b\" data-element_type=\"widget\" data-widget_type=\"image.default\">\n\t\t\t\t<div class=\"elementor-widget-container\">\n\t\t\t\t\t\t\t\t\t\t\t\t\t\t\t<img fetchpriority=\"high\" decoding=\"async\" width=\"800\" height=\"2000\" src=\"https:\/\/educatehub.eu\/wp-content\/uploads\/2023\/11\/1.png\" class=\"attachment-full size-full wp-image-2752\" alt=\"\" srcset=\"https:\/\/educatehub.eu\/wp-content\/uploads\/2023\/11\/1.png 800w, https:\/\/educatehub.eu\/wp-content\/uploads\/2023\/11\/1-120x300.png 120w, https:\/\/educatehub.eu\/wp-content\/uploads\/2023\/11\/1-410x1024.png 410w, https:\/\/educatehub.eu\/wp-content\/uploads\/2023\/11\/1-768x1920.png 768w, https:\/\/educatehub.eu\/wp-content\/uploads\/2023\/11\/1-614x1536.png 614w, https:\/\/educatehub.eu\/wp-content\/uploads\/2023\/11\/1-5x12.png 5w, https:\/\/educatehub.eu\/wp-content\/uploads\/2023\/11\/1-624x1560.png 624w\" sizes=\"(max-width: 800px) 100vw, 800px\" \/>\t\t\t\t\t\t\t\t\t\t\t\t\t\t\t<\/div>\n\t\t\t\t<\/div>\n\t\t\t\t\t<\/div>\n\t\t<\/div>\n\t\t\t\t<div class=\"elementor-column elementor-col-25 elementor-top-column elementor-element elementor-element-8cdaf60\" data-id=\"8cdaf60\" data-element_type=\"column\">\n\t\t\t<div class=\"elementor-widget-wrap elementor-element-populated\">\n\t\t\t\t\t\t<div class=\"elementor-element elementor-element-b00f914 elementor-widget elementor-widget-image\" data-id=\"b00f914\" data-element_type=\"widget\" data-widget_type=\"image.default\">\n\t\t\t\t<div class=\"elementor-widget-container\">\n\t\t\t\t\t\t\t\t\t\t\t\t\t\t\t<img decoding=\"async\" width=\"800\" height=\"2000\" src=\"https:\/\/educatehub.eu\/wp-content\/uploads\/2023\/11\/2.png\" class=\"attachment-full size-full wp-image-2753\" alt=\"\" srcset=\"https:\/\/educatehub.eu\/wp-content\/uploads\/2023\/11\/2.png 800w, https:\/\/educatehub.eu\/wp-content\/uploads\/2023\/11\/2-120x300.png 120w, https:\/\/educatehub.eu\/wp-content\/uploads\/2023\/11\/2-410x1024.png 410w, https:\/\/educatehub.eu\/wp-content\/uploads\/2023\/11\/2-768x1920.png 768w, https:\/\/educatehub.eu\/wp-content\/uploads\/2023\/11\/2-614x1536.png 614w, https:\/\/educatehub.eu\/wp-content\/uploads\/2023\/11\/2-5x12.png 5w, https:\/\/educatehub.eu\/wp-content\/uploads\/2023\/11\/2-624x1560.png 624w\" sizes=\"(max-width: 800px) 100vw, 800px\" \/>\t\t\t\t\t\t\t\t\t\t\t\t\t\t\t<\/div>\n\t\t\t\t<\/div>\n\t\t\t\t\t<\/div>\n\t\t<\/div>\n\t\t\t\t<div class=\"elementor-column elementor-col-25 elementor-top-column elementor-element elementor-element-e39d444\" data-id=\"e39d444\" data-element_type=\"column\">\n\t\t\t<div class=\"elementor-widget-wrap\">\n\t\t\t\t\t\t\t<\/div>\n\t\t<\/div>\n\t\t\t\t\t<\/div>\n\t\t<\/section>\n\t\t\t\t<section class=\"elementor-section elementor-top-section elementor-element elementor-element-11d4e1c8 elementor-section-boxed elementor-section-height-default elementor-section-height-default\" data-id=\"11d4e1c8\" data-element_type=\"section\">\n\t\t\t\t\t\t<div class=\"elementor-container elementor-column-gap-default\">\n\t\t\t\t\t<div class=\"elementor-column elementor-col-50 elementor-top-column elementor-element elementor-element-561aa894\" data-id=\"561aa894\" data-element_type=\"column\">\n\t\t\t<div class=\"elementor-widget-wrap elementor-element-populated\">\n\t\t\t\t\t\t<div class=\"elementor-element elementor-element-1f251c59 elementor-cta--layout-image-above elementor-cta--skin-classic elementor-animated-content elementor-bg-transform elementor-bg-transform-zoom-in elementor-widget elementor-widget-call-to-action\" data-id=\"1f251c59\" data-element_type=\"widget\" data-widget_type=\"call-to-action.default\">\n\t\t\t\t<div class=\"elementor-widget-container\">\n\t\t\t\t\t\t\t<a class=\"elementor-cta\" href=\"\/lv\/certification-for-organisations\/\">\n\t\t\t\t\t<div class=\"elementor-cta__bg-wrapper\">\n\t\t\t\t<div class=\"elementor-cta__bg elementor-bg\" style=\"background-image: url(https:\/\/educatehub.eu\/wp-content\/uploads\/2023\/06\/Educate-certificate_web-1024x724.png);\" role=\"img\" aria-label=\"Educate cert\u0131f\u0131cate_web\"><\/div>\n\t\t\t\t<div class=\"elementor-cta__bg-overlay\"><\/div>\n\t\t\t<\/div>\n\t\t\t\t\t\t\t<div class=\"elementor-cta__content\">\n\t\t\t\t\n\t\t\t\t\t\t\t\t\t<h2 class=\"elementor-cta__title elementor-cta__content-item elementor-content-item\">\n\t\t\t\t\t\tSertifik\u0101cija organiz\u0101cij\u0101m\t\t\t\t\t<\/h2>\n\t\t\t\t\n\t\t\t\t\n\t\t\t\t\t\t\t<\/div>\n\t\t\t\t\t\t<\/a>\n\t\t\t\t\t\t<\/div>\n\t\t\t\t<\/div>\n\t\t\t\t\t<\/div>\n\t\t<\/div>\n\t\t\t\t<div class=\"elementor-column elementor-col-50 elementor-top-column elementor-element elementor-element-4e0999e\" data-id=\"4e0999e\" data-element_type=\"column\">\n\t\t\t<div class=\"elementor-widget-wrap elementor-element-populated\">\n\t\t\t\t\t\t<div class=\"elementor-element elementor-element-6e80382a elementor-cta--skin-classic elementor-animated-content elementor-bg-transform elementor-bg-transform-zoom-in elementor-widget elementor-widget-call-to-action\" data-id=\"6e80382a\" data-element_type=\"widget\" data-widget_type=\"call-to-action.default\">\n\t\t\t\t<div class=\"elementor-widget-container\">\n\t\t\t\t\t\t\t<a class=\"elementor-cta\" href=\"\/lv\/certification-for-best-practices\/\">\n\t\t\t\t\t<div class=\"elementor-cta__bg-wrapper\">\n\t\t\t\t<div class=\"elementor-cta__bg elementor-bg\" style=\"background-image: url(https:\/\/educatehub.eu\/wp-content\/uploads\/2023\/06\/Educate_badge_BP-1024x724.png);\" role=\"img\" aria-label=\"Educate_badge_BP\"><\/div>\n\t\t\t\t<div class=\"elementor-cta__bg-overlay\"><\/div>\n\t\t\t<\/div>\n\t\t\t\t\t\t\t<div class=\"elementor-cta__content\">\n\t\t\t\t\n\t\t\t\t\t\t\t\t\t<h2 class=\"elementor-cta__title elementor-cta__content-item elementor-content-item\">\n\t\t\t\t\t\tLab\u0101k\u0101s prakses sertifik\u0101cija\t\t\t\t\t<\/h2>\n\t\t\t\t\n\t\t\t\t\n\t\t\t\t\t\t\t<\/div>\n\t\t\t\t\t\t<\/a>\n\t\t\t\t\t\t<\/div>\n\t\t\t\t<\/div>\n\t\t\t\t\t<\/div>\n\t\t<\/div>\n\t\t\t\t\t<\/div>\n\t\t<\/section>\n\t\t\t\t<\/div>","protected":false},"excerpt":{"rendered":"<p>The EDUCATE Interactive Hub had integrated a section dedicated to the certification of best practices and organisations in adult education, with special focus on the&hellip;<\/p>","protected":false},"author":1,"featured_media":0,"parent":0,"menu_order":0,"comment_status":"closed","ping_status":"closed","template":"","meta":{"footnotes":""},"class_list":["post-2157","page","type-page","status-publish","hentry"],"_links":{"self":[{"href":"https:\/\/educatehub.eu\/lv\/wp-json\/wp\/v2\/pages\/2157","targetHints":{"allow":["GET"]}}],"collection":[{"href":"https:\/\/educatehub.eu\/lv\/wp-json\/wp\/v2\/pages"}],"about":[{"href":"https:\/\/educatehub.eu\/lv\/wp-json\/wp\/v2\/types\/page"}],"author":[{"embeddable":true,"href":"https:\/\/educatehub.eu\/lv\/wp-json\/wp\/v2\/users\/1"}],"replies":[{"embeddable":true,"href":"https:\/\/educatehub.eu\/lv\/wp-json\/wp\/v2\/comments?post=2157"}],"version-history":[{"count":33,"href":"https:\/\/educatehub.eu\/lv\/wp-json\/wp\/v2\/pages\/2157\/revisions"}],"predecessor-version":[{"id":2756,"href":"https:\/\/educatehub.eu\/lv\/wp-json\/wp\/v2\/pages\/2157\/revisions\/2756"}],"wp:attachment":[{"href":"https:\/\/educatehub.eu\/lv\/wp-json\/wp\/v2\/media?parent=2157"}],"curies":[{"name":"wp","href":"https:\/\/api.w.org\/{rel}","templated":true}]}}