{"id":313,"date":"2022-10-21T11:32:44","date_gmt":"2022-10-21T11:32:44","guid":{"rendered":"https:\/\/educatehub.eu\/?page_id=313"},"modified":"2023-01-08T19:31:17","modified_gmt":"2023-01-08T19:31:17","slug":"how-to-use-this-site","status":"publish","type":"page","link":"https:\/\/educatehub.eu\/lv\/how-to-use-this-site\/","title":{"rendered":"K\u0101 izmantot \u0161o vietni?"},"content":{"rendered":"<div data-elementor-type=\"wp-page\" data-elementor-id=\"313\" class=\"elementor elementor-313\" data-elementor-post-type=\"page\">\n\t\t\t\t\t\t<section class=\"elementor-section elementor-top-section elementor-element elementor-element-645f42af elementor-section-boxed elementor-section-height-default elementor-section-height-default\" data-id=\"645f42af\" data-element_type=\"section\">\n\t\t\t\t\t\t<div class=\"elementor-container elementor-column-gap-default\">\n\t\t\t\t\t<div class=\"elementor-column elementor-col-50 elementor-top-column elementor-element elementor-element-5c3a2730\" data-id=\"5c3a2730\" data-element_type=\"column\">\n\t\t\t<div class=\"elementor-widget-wrap elementor-element-populated\">\n\t\t\t\t\t\t<div class=\"elementor-element elementor-element-5635484f elementor-widget elementor-widget-text-editor\" data-id=\"5635484f\" data-element_type=\"widget\" data-widget_type=\"text-editor.default\">\n\t\t\t\t<div class=\"elementor-widget-container\">\n\t\t\t\t\t<div class=\"bb-theme-elementor-wrap bb-elementor-custom-family\">\t\t\t\t<p class=\"translation-block\">J\u016bs atrodaties m\u016bsu starptautisk\u0101 tie\u0161saistes sadarb\u012bbas <em><strong>centra publiskaj\u0101<\/strong><\/em> sada\u013c\u0101. \u0160aj\u0101 sada\u013c\u0101 j\u016bs varat atrast jaunumus un inform\u0101ciju par projektu, partner\u012bbu un tie\u0161saistes kopienas platformu. <strong>Galven\u0101 lapa ir pieejama 7 valod\u0101s (ang\u013cu, grie\u0137u, it\u0101\u013cu, latvie\u0161u, lietuvie\u0161u, turku, ung\u0101ru).<\/strong><\/p>\t\t\t\t<\/div>\t\t\t\t<\/div>\n\t\t\t\t<\/div>\n\t\t\t\t<div class=\"elementor-element elementor-element-3264ebe0 elementor-widget elementor-widget-text-editor\" data-id=\"3264ebe0\" data-element_type=\"widget\" data-widget_type=\"text-editor.default\">\n\t\t\t\t<div class=\"elementor-widget-container\">\n\t\t\t\t\t<div class=\"bb-theme-elementor-wrap bb-elementor-custom-family\">\t\t\t\t<p class=\"translation-block\">Galven\u0101s lapas galvenaj\u0101 <em><strong>josl\u0101<\/strong><\/em> ir pieejamas 4 izv\u0113lnes:  zi\u0146as, lab\u0101s prakses zona, kontakti un k\u0101 izmantot \u0161o vietni.<\/p>\t\t\t\t<\/div>\t\t\t\t<\/div>\n\t\t\t\t<\/div>\n\t\t\t\t<div class=\"elementor-element elementor-element-1f684826 elementor-widget elementor-widget-text-editor\" data-id=\"1f684826\" data-element_type=\"widget\" data-widget_type=\"text-editor.default\">\n\t\t\t\t<div class=\"elementor-widget-container\">\n\t\t\t\t\t<div class=\"bb-theme-elementor-wrap bb-elementor-custom-family\">\t\t\t\t<p class=\"translation-block\">Lai piek\u013c\u016btu vis\u0101m tie\u0161saistes sadarb\u012bbas centra funkcij\u0101m, jums j\u0101pie <em><strong>re\u0123istr\u0113jas<\/strong><\/em>. Lai re\u0123istr\u0113tos, noklik\u0161\u0137iniet uz re\u0123istr\u0113\u0161an\u0101s pogas, galvas joslas aug\u0161\u0113j\u0101 labaj\u0101 st\u016br\u012b. Vair\u0101k par vietnes lieto\u0161anas noteikumiem varat las\u012bt noteikumu un nosac\u012bjumu dokument\u0101.<\/p>\t\t\t\t<\/div>\t\t\t\t<\/div>\n\t\t\t\t<\/div>\n\t\t\t\t<div class=\"elementor-element elementor-element-1bf8279a elementor-widget elementor-widget-text-editor\" data-id=\"1bf8279a\" data-element_type=\"widget\" data-widget_type=\"text-editor.default\">\n\t\t\t\t<div class=\"elementor-widget-container\">\n\t\t\t\t\t<div class=\"bb-theme-elementor-wrap bb-elementor-custom-family\">\t\t\t\t<p class=\"translation-block\">J\u016bs varat izmantot <em><strong>kontaktu<\/strong><\/em> izv\u0113ln\u0113 eso\u0161o kontaktformu, lai nos\u016bt\u012btu mums zi\u0146u, bet j\u016bs varat ar\u012b atrast tie\u0161o kontaktinform\u0101ciju partneriem, kas str\u0101d\u0101 projekt\u0101.<\/p>\t\t\t\t<\/div>\t\t\t\t<\/div>\n\t\t\t\t<\/div>\n\t\t\t\t<div class=\"elementor-element elementor-element-26bd9414 elementor-widget elementor-widget-text-editor\" data-id=\"26bd9414\" data-element_type=\"widget\" data-widget_type=\"text-editor.default\">\n\t\t\t\t<div class=\"elementor-widget-container\">\n\t\t\t\t\t<div class=\"bb-theme-elementor-wrap bb-elementor-custom-family\">\t\t\t\t<p class=\"translation-block\">Galven\u0101s lapas apak\u0161\u0101 varat <em><strong>abon\u0113t m\u016bsu<\/strong><\/em> bi\u013cetenu un sekot mums m\u016bsu <em><strong>soci\u0101lo mediju lap\u0101s<\/strong><\/em>.<\/p>\t\t\t\t<\/div>\t\t\t\t<\/div>\n\t\t\t\t<\/div>\n\t\t\t\t\t<\/div>\n\t\t<\/div>\n\t\t\t\t<div class=\"elementor-column elementor-col-50 elementor-top-column elementor-element elementor-element-78a182ff\" data-id=\"78a182ff\" data-element_type=\"column\">\n\t\t\t<div class=\"elementor-widget-wrap elementor-element-populated\">\n\t\t\t\t\t\t<div class=\"elementor-element elementor-element-23910f3c elementor-widget elementor-widget-image\" data-id=\"23910f3c\" data-element_type=\"widget\" data-widget_type=\"image.default\">\n\t\t\t\t<div class=\"elementor-widget-container\">\n\t\t\t\t\t\t\t\t\t\t\t\t\t\t\t<img fetchpriority=\"high\" decoding=\"async\" width=\"640\" height=\"640\" src=\"https:\/\/educatehub.eu\/wp-content\/uploads\/2022\/10\/1-1024x1024.png\" class=\"attachment-large size-large wp-image-510\" alt=\"\" srcset=\"https:\/\/educatehub.eu\/wp-content\/uploads\/2022\/10\/1-1024x1024.png 1024w, https:\/\/educatehub.eu\/wp-content\/uploads\/2022\/10\/1-300x300.png 300w, https:\/\/educatehub.eu\/wp-content\/uploads\/2022\/10\/1-150x150.png 150w, https:\/\/educatehub.eu\/wp-content\/uploads\/2022\/10\/1-768x768.png 768w, https:\/\/educatehub.eu\/wp-content\/uploads\/2022\/10\/1-624x624.png 624w, https:\/\/educatehub.eu\/wp-content\/uploads\/2022\/10\/1.png 1080w\" sizes=\"(max-width: 640px) 100vw, 640px\" \/>\t\t\t\t\t\t\t\t\t\t\t\t\t\t\t<\/div>\n\t\t\t\t<\/div>\n\t\t\t\t\t<\/div>\n\t\t<\/div>\n\t\t\t\t\t<\/div>\n\t\t<\/section>\n\t\t\t\t<section class=\"elementor-section elementor-top-section elementor-element elementor-element-207e4d7b elementor-section-boxed elementor-section-height-default elementor-section-height-default\" data-id=\"207e4d7b\" data-element_type=\"section\">\n\t\t\t\t\t\t<div class=\"elementor-container elementor-column-gap-default\">\n\t\t\t\t\t<div class=\"elementor-column elementor-col-33 elementor-top-column elementor-element elementor-element-331517a3\" data-id=\"331517a3\" data-element_type=\"column\">\n\t\t\t<div class=\"elementor-widget-wrap elementor-element-populated\">\n\t\t\t\t\t\t<div class=\"elementor-element elementor-element-622edac elementor-widget elementor-widget-image\" data-id=\"622edac\" data-element_type=\"widget\" data-widget_type=\"image.default\">\n\t\t\t\t<div class=\"elementor-widget-container\">\n\t\t\t\t\t\t\t\t\t\t\t\t\t\t\t<img decoding=\"async\" width=\"640\" height=\"640\" src=\"https:\/\/educatehub.eu\/wp-content\/uploads\/2022\/10\/2-1024x1024.png\" class=\"attachment-large size-large wp-image-511\" alt=\"\" srcset=\"https:\/\/educatehub.eu\/wp-content\/uploads\/2022\/10\/2-1024x1024.png 1024w, https:\/\/educatehub.eu\/wp-content\/uploads\/2022\/10\/2-300x300.png 300w, https:\/\/educatehub.eu\/wp-content\/uploads\/2022\/10\/2-150x150.png 150w, https:\/\/educatehub.eu\/wp-content\/uploads\/2022\/10\/2-768x768.png 768w, https:\/\/educatehub.eu\/wp-content\/uploads\/2022\/10\/2-624x624.png 624w, https:\/\/educatehub.eu\/wp-content\/uploads\/2022\/10\/2.png 1080w\" sizes=\"(max-width: 640px) 100vw, 640px\" \/>\t\t\t\t\t\t\t\t\t\t\t\t\t\t\t<\/div>\n\t\t\t\t<\/div>\n\t\t\t\t\t<\/div>\n\t\t<\/div>\n\t\t\t\t<div class=\"elementor-column elementor-col-66 elementor-top-column elementor-element elementor-element-59c0c76e\" data-id=\"59c0c76e\" data-element_type=\"column\">\n\t\t\t<div class=\"elementor-widget-wrap elementor-element-populated\">\n\t\t\t\t\t\t<div class=\"elementor-element elementor-element-4c51145f elementor-widget elementor-widget-text-editor\" data-id=\"4c51145f\" data-element_type=\"widget\" data-widget_type=\"text-editor.default\">\n\t\t\t\t<div class=\"elementor-widget-container\">\n\t\t\t\t\t\t\t\t\t<p class=\"translation-block\"><em><strong>Re\u0123istr\u0101cijas lap\u0101<\/strong><\/em> jums b\u016bs j\u0101aizpilda re\u0123istr\u0101cijas veidlapa ar nepiecie\u0161amajiem datiem.<\/p>\t\t\t\t\t\t\t\t<\/div>\n\t\t\t\t<\/div>\n\t\t\t\t<div class=\"elementor-element elementor-element-40c8fa9b elementor-widget elementor-widget-text-editor\" data-id=\"40c8fa9b\" data-element_type=\"widget\" data-widget_type=\"text-editor.default\">\n\t\t\t\t<div class=\"elementor-widget-container\">\n\t\t\t\t\t\t\t\t\t<p class=\"translation-block\">Kad veidlapa b\u016bs pareizi aizpild\u012bta un iesniegta, j\u016bs sa\u0146emsiet e-pastu uz nor\u0101d\u012bto e-pasta adresi. Noklik\u0161\u0137iniet uz zi\u0146ojum\u0101 eso\u0161\u0101s saites, lai <em><strong>aktiviz\u0113tu savu kontu.<\/strong><\/em><\/p>\t\t\t\t\t\t\t\t<\/div>\n\t\t\t\t<\/div>\n\t\t\t\t<div class=\"elementor-element elementor-element-77051986 elementor-widget elementor-widget-text-editor\" data-id=\"77051986\" data-element_type=\"widget\" data-widget_type=\"text-editor.default\">\n\t\t\t\t<div class=\"elementor-widget-container\">\n\t\t\t\t\t\t\t\t\t<p class=\"translation-block\">Kad tas ir veiksm\u012bgi aktiviz\u0113ts, varat pieteikties centr\u0101, noklik\u0161\u0137inot uz <em><strong>pierakst\u012b\u0161an\u0101s<\/strong><\/em> pogas galvas joslas labaj\u0101 pus\u0113.<\/p>\t\t\t\t\t\t\t\t<\/div>\n\t\t\t\t<\/div>\n\t\t\t\t\t<\/div>\n\t\t<\/div>\n\t\t\t\t\t<\/div>\n\t\t<\/section>\n\t\t\t\t<section class=\"elementor-section elementor-top-section elementor-element elementor-element-67eee848 elementor-section-boxed elementor-section-height-default elementor-section-height-default\" data-id=\"67eee848\" data-element_type=\"section\">\n\t\t\t\t\t\t<div class=\"elementor-container elementor-column-gap-default\">\n\t\t\t\t\t<div class=\"elementor-column elementor-col-50 elementor-top-column elementor-element elementor-element-24f30e27\" data-id=\"24f30e27\" data-element_type=\"column\">\n\t\t\t<div class=\"elementor-widget-wrap elementor-element-populated\">\n\t\t\t\t\t\t<div class=\"elementor-element elementor-element-564b5496 elementor-widget elementor-widget-text-editor\" data-id=\"564b5496\" data-element_type=\"widget\" data-widget_type=\"text-editor.default\">\n\t\t\t\t<div class=\"elementor-widget-container\">\n\t\t\t\t\t<div class=\"bb-theme-elementor-wrap bb-elementor-custom-family\">\t\t\t\t<p class=\"translation-block\">P\u0113c pieteik\u0161an\u0101s j\u016bs redz\u0113sit centra <em><strong>inform\u0101cijas paneli<\/strong><\/em>.No \u0161\u012bs centr\u0101l\u0101s da\u013cas visas funkcijas ir viegli pieejamas.<\/p>\t\t\t\t<\/div>\t\t\t\t<\/div>\n\t\t\t\t<\/div>\n\t\t\t\t<div class=\"elementor-element elementor-element-7c005a9b elementor-widget elementor-widget-text-editor\" data-id=\"7c005a9b\" data-element_type=\"widget\" data-widget_type=\"text-editor.default\">\n\t\t\t\t<div class=\"elementor-widget-container\">\n\t\t\t\t\t<div class=\"bb-theme-elementor-wrap bb-elementor-custom-family bb-elementor-custom-size\">\t\t\t\t<p class=\"translation-block\"><strong>T\u0101 k\u0101 m\u016bsu platformas galvenais m\u0113r\u0137is ir veicin\u0101t starptautisku sadarb\u012bbu starp pieaugu\u0161o izgl\u012btot\u0101jiem un pieaugu\u0161ajiem izgl\u012btojamajiem Eirop\u0101, l\u016bdzu, sazinieties ang\u013cu valod\u0101.<\/strong><\/p>\t\t\t\t<\/div>\t\t\t\t<\/div>\n\t\t\t\t<\/div>\n\t\t\t\t<div class=\"elementor-element elementor-element-7ed2d5d2 elementor-widget elementor-widget-text-editor\" data-id=\"7ed2d5d2\" data-element_type=\"widget\" data-widget_type=\"text-editor.default\">\n\t\t\t\t<div class=\"elementor-widget-container\">\n\t\t\t\t\t<div class=\"bb-theme-elementor-wrap bb-elementor-custom-family\">\t\t\t\t<p class=\"translation-block\">\u0160eit ir zi\u0146u <em><strong>pl\u016bsmas sada\u013ca<\/strong><\/em>, kur\u0101, t\u0101pat k\u0101 soci\u0101lo mediju vietn\u0113s, lietot\u0101ji var redz\u0113t jaun\u0101k\u0101s aktivit\u0101tes un dal\u012bties ar zi\u0146\u0101m, inform\u0101ciju un mediju saturu.<\/p>\t\t\t\t<\/div>\t\t\t\t<\/div>\n\t\t\t\t<\/div>\n\t\t\t\t<div class=\"elementor-element elementor-element-258a935b elementor-widget elementor-widget-text-editor\" data-id=\"258a935b\" data-element_type=\"widget\" data-widget_type=\"text-editor.default\">\n\t\t\t\t<div class=\"elementor-widget-container\">\n\t\t\t\t\t<div class=\"bb-theme-elementor-wrap bb-elementor-custom-family\">\t\t\t\t<p class=\"translation-block\"><strong>Profila<\/strong> sada\u013c\u0101 varat aug\u0161upiel\u0101d\u0113t savu profilu un att\u0113lu, redi\u0123\u0113t savu profilu un skat\u012bt citu dal\u012bbnieku profilus. Centr\u0101 dal\u012bbnieki var viens otru apskat\u012bt, sekot un draudz\u0113ties. Dal\u012bbnieki var mijiedarboties ar zi\u0146\u0101m, izmantojot funkcijas, tostarp @piemin\u0113jumus, att\u0113lus, gifus un daudz ko citu. Dal\u012bbnieki var ar\u012b nos\u016bt\u012bt priv\u0101tas zi\u0146as vienam dal\u012bbniekam vai dal\u012bbnieku grupai.<\/p>\t\t\t\t<\/div>\t\t\t\t<\/div>\n\t\t\t\t<\/div>\n\t\t\t\t\t<\/div>\n\t\t<\/div>\n\t\t\t\t<div class=\"elementor-column elementor-col-50 elementor-top-column elementor-element elementor-element-40220603\" data-id=\"40220603\" data-element_type=\"column\">\n\t\t\t<div class=\"elementor-widget-wrap elementor-element-populated\">\n\t\t\t\t\t\t<div class=\"elementor-element elementor-element-79105a62 elementor-widget elementor-widget-image\" data-id=\"79105a62\" data-element_type=\"widget\" data-widget_type=\"image.default\">\n\t\t\t\t<div class=\"elementor-widget-container\">\n\t\t\t\t\t\t\t\t\t\t\t\t\t\t\t<img decoding=\"async\" width=\"640\" height=\"427\" src=\"https:\/\/educatehub.eu\/wp-content\/uploads\/2022\/09\/EDUCATE_mockup_web2-1024x683.png\" class=\"attachment-large size-large wp-image-185\" alt=\"\" srcset=\"https:\/\/educatehub.eu\/wp-content\/uploads\/2022\/09\/EDUCATE_mockup_web2-1024x683.png 1024w, https:\/\/educatehub.eu\/wp-content\/uploads\/2022\/09\/EDUCATE_mockup_web2-300x200.png 300w, https:\/\/educatehub.eu\/wp-content\/uploads\/2022\/09\/EDUCATE_mockup_web2-768x512.png 768w, https:\/\/educatehub.eu\/wp-content\/uploads\/2022\/09\/EDUCATE_mockup_web2-1536x1024.png 1536w, https:\/\/educatehub.eu\/wp-content\/uploads\/2022\/09\/EDUCATE_mockup_web2-624x416.png 624w, https:\/\/educatehub.eu\/wp-content\/uploads\/2022\/09\/EDUCATE_mockup_web2.png 1920w\" sizes=\"(max-width: 640px) 100vw, 640px\" \/>\t\t\t\t\t\t\t\t\t\t\t\t\t\t\t<\/div>\n\t\t\t\t<\/div>\n\t\t\t\t<div class=\"elementor-element elementor-element-9b2fb59 elementor-align-center elementor-invisible elementor-widget elementor-widget-button\" data-id=\"9b2fb59\" data-element_type=\"widget\" data-settings=\"{&quot;_animation&quot;:&quot;tada&quot;}\" data-widget_type=\"button.default\">\n\t\t\t\t<div class=\"elementor-widget-container\">\n\t\t\t\t\t\t\t\t\t<div class=\"elementor-button-wrapper\">\n\t\t\t\t\t<a class=\"elementor-button elementor-button-link elementor-size-xl\" href=\"https:\/\/educatehub.eu\/lv\/register\/\">\n\t\t\t\t\t\t<span class=\"elementor-button-content-wrapper\">\n\t\t\t\t\t\t\t\t\t<span class=\"elementor-button-text\">SIGN UP NOW &amp; JOIN THE COMMUNITY<\/span>\n\t\t\t\t\t<\/span>\n\t\t\t\t\t<\/a>\n\t\t\t\t<\/div>\n\t\t\t\t\t\t\t\t<\/div>\n\t\t\t\t<\/div>\n\t\t\t\t<div class=\"elementor-element elementor-element-4a4f4aed elementor-widget elementor-widget-text-editor\" data-id=\"4a4f4aed\" data-element_type=\"widget\" data-widget_type=\"text-editor.default\">\n\t\t\t\t<div class=\"elementor-widget-container\">\n\t\t\t\t\t<div class=\"bb-theme-elementor-wrap bb-elementor-custom-family\">\t\t\t\t<p><em>\u0160is tie\u0161saistes centrs atbilst attiec\u012bgaj\u0101m datu aizsardz\u012bbas pras\u012bb\u0101m, par kur\u0101m vair\u0101k varat las\u012bt m\u016bsu priv\u0101tuma politik\u0101.<\/em><\/p>\t\t\t\t<\/div>\t\t\t\t<\/div>\n\t\t\t\t<\/div>\n\t\t\t\t\t<\/div>\n\t\t<\/div>\n\t\t\t\t\t<\/div>\n\t\t<\/section>\n\t\t\t\t<\/div>","protected":false},"excerpt":{"rendered":"<p>You are on the public section of our international online community hub. In this section you can find some news and information about the project,&hellip;<\/p>","protected":false},"author":1,"featured_media":0,"parent":0,"menu_order":0,"comment_status":"closed","ping_status":"closed","template":"","meta":{"footnotes":""},"class_list":["post-313","page","type-page","status-publish","hentry"],"_links":{"self":[{"href":"https:\/\/educatehub.eu\/lv\/wp-json\/wp\/v2\/pages\/313","targetHints":{"allow":["GET"]}}],"collection":[{"href":"https:\/\/educatehub.eu\/lv\/wp-json\/wp\/v2\/pages"}],"about":[{"href":"https:\/\/educatehub.eu\/lv\/wp-json\/wp\/v2\/types\/page"}],"author":[{"embeddable":true,"href":"https:\/\/educatehub.eu\/lv\/wp-json\/wp\/v2\/users\/1"}],"replies":[{"embeddable":true,"href":"https:\/\/educatehub.eu\/lv\/wp-json\/wp\/v2\/comments?post=313"}],"version-history":[{"count":40,"href":"https:\/\/educatehub.eu\/lv\/wp-json\/wp\/v2\/pages\/313\/revisions"}],"predecessor-version":[{"id":863,"href":"https:\/\/educatehub.eu\/lv\/wp-json\/wp\/v2\/pages\/313\/revisions\/863"}],"wp:attachment":[{"href":"https:\/\/educatehub.eu\/lv\/wp-json\/wp\/v2\/media?parent=313"}],"curies":[{"name":"wp","href":"https:\/\/api.w.org\/{rel}","templated":true}]}}