{"id":673,"date":"2023-01-07T22:04:22","date_gmt":"2023-01-07T22:04:22","guid":{"rendered":"https:\/\/educatehub.eu\/?page_id=673"},"modified":"2023-10-12T16:22:47","modified_gmt":"2023-10-12T14:22:47","slug":"best-practices-digital-literacy","status":"publish","type":"page","link":"https:\/\/educatehub.eu\/lv\/best-practices-digital-literacy\/","title":{"rendered":"Best Practices &#8211; Digital Literacy and Skills Development"},"content":{"rendered":"<div data-elementor-type=\"wp-page\" data-elementor-id=\"673\" class=\"elementor elementor-673\" data-elementor-post-type=\"page\">\n\t\t\t\t\t\t<section class=\"elementor-section elementor-top-section elementor-element elementor-element-18d0ed55 elementor-section-boxed elementor-section-height-default elementor-section-height-default\" data-id=\"18d0ed55\" data-element_type=\"section\">\n\t\t\t\t\t\t<div class=\"elementor-container elementor-column-gap-default\">\n\t\t\t\t\t<div class=\"elementor-column elementor-col-50 elementor-top-column elementor-element elementor-element-598a12a7\" data-id=\"598a12a7\" data-element_type=\"column\">\n\t\t\t<div class=\"elementor-widget-wrap elementor-element-populated\">\n\t\t\t\t\t\t<div class=\"elementor-element elementor-element-15560516 elementor-widget elementor-widget-text-editor\" data-id=\"15560516\" data-element_type=\"widget\" data-widget_type=\"text-editor.default\">\n\t\t\t\t<div class=\"elementor-widget-container\">\n\t\t\t\t\t<div class=\"bb-theme-elementor-wrap bb-elementor-custom-family\">\t\t\t\t<h3><strong>\u201cUzlabot pieaugu\u0161o digit\u0101lo kompetenci\u201d<\/strong><\/h3>\t\t\t\t<\/div>\t\t\t\t<\/div>\n\t\t\t\t<\/div>\n\t\t\t\t<div class=\"elementor-element elementor-element-6f9dc63c elementor-widget elementor-widget-text-editor\" data-id=\"6f9dc63c\" data-element_type=\"widget\" data-widget_type=\"text-editor.default\">\n\t\t\t\t<div class=\"elementor-widget-container\">\n\t\t\t\t\t<div class=\"bb-theme-elementor-wrap bb-elementor-custom-family\">\t\t\t\t<p>\u0160\u012b projekta visp\u0101r\u0113jais m\u0113r\u0137is ir uzlabot cilv\u0113ku sp\u0113ju izmantot tehnolo\u0123iskos resursus, lai efekt\u012bvi risin\u0101tu re\u0101l\u0101s probl\u0113mas, k\u0101 ar\u012b izv\u0113rt\u0113tu un atlas\u012btu jaunus inform\u0101cijas avotus, ar kritisku attieksmi, cie\u0146u pret paties\u012bbu un dro\u0161\u012bbu.<\/p>\t\t\t\t<\/div>\t\t\t\t<\/div>\n\t\t\t\t<\/div>\n\t\t\t\t<div class=\"elementor-element elementor-element-1158dacb elementor-widget elementor-widget-text-editor\" data-id=\"1158dacb\" data-element_type=\"widget\" data-widget_type=\"text-editor.default\">\n\t\t\t\t<div class=\"elementor-widget-container\">\n\t\t\t\t\t<div class=\"bb-theme-elementor-wrap bb-elementor-custom-family\">\t\t\t\t<p>Projekta galven\u0101s aktivit\u0101tes:<\/p><ul><li>Nov\u0113rt\u0113t digit\u0101l\u0101s prasmes pieaugu\u0161ajiem ar zemu izgl\u012bt\u012bbas l\u012bmeni, bezdarbniekiem, nodarbin\u0101tajiem, imigrantiem u.c.;<\/li><li>Izstr\u0101d\u0101t m\u0101c\u012bbas digit\u0101l\u0101s kompetences un matem\u0101tikas pamatprasmju uzlabo\u0161anai un zin\u0101tnes un tehnolo\u0123iju pamatkompetences un komunik\u0101cijas uzlabo\u0161anai dzimtaj\u0101 valod\u0101 saist\u012bb\u0101 ar digit\u0101laj\u0101m kompetenc\u0113m;<\/li><li>Pied\u0101v\u0101t r\u012bkus un resursus pieaugu\u0161iem, lai pal\u012bdz\u0113tu vi\u0146iem uzlabot savas zin\u0101\u0161anas;<\/li><li>Izveidot e-kr\u0101tuvi ar materi\u0101liem, r\u012bkiem un resursiem digit\u0101lo prasmju att\u012bst\u012b\u0161anai.<\/li><\/ul>\t\t\t\t<\/div>\t\t\t\t<\/div>\n\t\t\t\t<\/div>\n\t\t\t\t\t<\/div>\n\t\t<\/div>\n\t\t\t\t<div class=\"elementor-column elementor-col-50 elementor-top-column elementor-element elementor-element-10e68ccb\" data-id=\"10e68ccb\" data-element_type=\"column\">\n\t\t\t<div class=\"elementor-widget-wrap elementor-element-populated\">\n\t\t\t\t\t\t<div class=\"elementor-element elementor-element-761ae4c9 elementor-widget elementor-widget-image\" data-id=\"761ae4c9\" data-element_type=\"widget\" data-widget_type=\"image.default\">\n\t\t\t\t<div class=\"elementor-widget-container\">\n\t\t\t\t\t\t\t\t\t\t\t\t\t\t\t<img fetchpriority=\"high\" decoding=\"async\" width=\"640\" height=\"960\" src=\"https:\/\/educatehub.eu\/wp-content\/uploads\/2023\/01\/linkedin-sales-solutions-wS73LE0GnKs-unsplash-683x1024.jpg\" class=\"attachment-large size-large wp-image-773\" alt=\"\" srcset=\"https:\/\/educatehub.eu\/wp-content\/uploads\/2023\/01\/linkedin-sales-solutions-wS73LE0GnKs-unsplash-683x1024.jpg 683w, https:\/\/educatehub.eu\/wp-content\/uploads\/2023\/01\/linkedin-sales-solutions-wS73LE0GnKs-unsplash-200x300.jpg 200w, https:\/\/educatehub.eu\/wp-content\/uploads\/2023\/01\/linkedin-sales-solutions-wS73LE0GnKs-unsplash-768x1152.jpg 768w, https:\/\/educatehub.eu\/wp-content\/uploads\/2023\/01\/linkedin-sales-solutions-wS73LE0GnKs-unsplash-1024x1536.jpg 1024w, https:\/\/educatehub.eu\/wp-content\/uploads\/2023\/01\/linkedin-sales-solutions-wS73LE0GnKs-unsplash-1365x2048.jpg 1365w, https:\/\/educatehub.eu\/wp-content\/uploads\/2023\/01\/linkedin-sales-solutions-wS73LE0GnKs-unsplash-8x12.jpg 8w, https:\/\/educatehub.eu\/wp-content\/uploads\/2023\/01\/linkedin-sales-solutions-wS73LE0GnKs-unsplash-624x936.jpg 624w, https:\/\/educatehub.eu\/wp-content\/uploads\/2023\/01\/linkedin-sales-solutions-wS73LE0GnKs-unsplash-scaled.jpg 1707w\" sizes=\"(max-width: 640px) 100vw, 640px\" \/>\t\t\t\t\t\t\t\t\t\t\t\t\t\t\t<\/div>\n\t\t\t\t<\/div>\n\t\t\t\t\t<\/div>\n\t\t<\/div>\n\t\t\t\t\t<\/div>\n\t\t<\/section>\n\t\t\t\t<section class=\"elementor-section elementor-top-section elementor-element elementor-element-865cd78 elementor-section-boxed elementor-section-height-default elementor-section-height-default\" data-id=\"865cd78\" data-element_type=\"section\">\n\t\t\t\t\t\t<div class=\"elementor-container elementor-column-gap-default\">\n\t\t\t\t\t<div class=\"elementor-column elementor-col-100 elementor-top-column elementor-element elementor-element-127186f\" data-id=\"127186f\" data-element_type=\"column\">\n\t\t\t<div class=\"elementor-widget-wrap elementor-element-populated\">\n\t\t\t\t\t\t<div class=\"elementor-element elementor-element-e8833ca elementor-widget-divider--view-line elementor-widget elementor-widget-divider\" data-id=\"e8833ca\" data-element_type=\"widget\" data-widget_type=\"divider.default\">\n\t\t\t\t<div class=\"elementor-widget-container\">\n\t\t\t\t\t\t\t<div class=\"elementor-divider\">\n\t\t\t<span class=\"elementor-divider-separator\">\n\t\t\t\t\t\t<\/span>\n\t\t<\/div>\n\t\t\t\t\t\t<\/div>\n\t\t\t\t<\/div>\n\t\t\t\t\t<\/div>\n\t\t<\/div>\n\t\t\t\t\t<\/div>\n\t\t<\/section>\n\t\t\t\t<section class=\"elementor-section elementor-top-section elementor-element elementor-element-767851a1 elementor-section-boxed elementor-section-height-default elementor-section-height-default\" data-id=\"767851a1\" data-element_type=\"section\">\n\t\t\t\t\t\t<div class=\"elementor-container elementor-column-gap-default\">\n\t\t\t\t\t<div class=\"elementor-column elementor-col-50 elementor-top-column elementor-element elementor-element-30422441\" data-id=\"30422441\" data-element_type=\"column\">\n\t\t\t<div class=\"elementor-widget-wrap elementor-element-populated\">\n\t\t\t\t\t\t<div class=\"elementor-element elementor-element-2bf6b7d9 elementor-widget elementor-widget-image\" data-id=\"2bf6b7d9\" data-element_type=\"widget\" data-widget_type=\"image.default\">\n\t\t\t\t<div class=\"elementor-widget-container\">\n\t\t\t\t\t\t\t\t\t\t\t\t\t\t\t<img decoding=\"async\" width=\"640\" height=\"960\" src=\"https:\/\/educatehub.eu\/wp-content\/uploads\/2023\/01\/linkedin-sales-solutions-hrhjn6ZTgrM-unsplash-683x1024.jpg\" class=\"attachment-large size-large wp-image-850\" alt=\"\" srcset=\"https:\/\/educatehub.eu\/wp-content\/uploads\/2023\/01\/linkedin-sales-solutions-hrhjn6ZTgrM-unsplash-683x1024.jpg 683w, https:\/\/educatehub.eu\/wp-content\/uploads\/2023\/01\/linkedin-sales-solutions-hrhjn6ZTgrM-unsplash-200x300.jpg 200w, https:\/\/educatehub.eu\/wp-content\/uploads\/2023\/01\/linkedin-sales-solutions-hrhjn6ZTgrM-unsplash-768x1152.jpg 768w, https:\/\/educatehub.eu\/wp-content\/uploads\/2023\/01\/linkedin-sales-solutions-hrhjn6ZTgrM-unsplash-1024x1536.jpg 1024w, https:\/\/educatehub.eu\/wp-content\/uploads\/2023\/01\/linkedin-sales-solutions-hrhjn6ZTgrM-unsplash-1365x2048.jpg 1365w, https:\/\/educatehub.eu\/wp-content\/uploads\/2023\/01\/linkedin-sales-solutions-hrhjn6ZTgrM-unsplash-8x12.jpg 8w, https:\/\/educatehub.eu\/wp-content\/uploads\/2023\/01\/linkedin-sales-solutions-hrhjn6ZTgrM-unsplash-624x936.jpg 624w, https:\/\/educatehub.eu\/wp-content\/uploads\/2023\/01\/linkedin-sales-solutions-hrhjn6ZTgrM-unsplash-scaled.jpg 1707w\" sizes=\"(max-width: 640px) 100vw, 640px\" \/>\t\t\t\t\t\t\t\t\t\t\t\t\t\t\t<\/div>\n\t\t\t\t<\/div>\n\t\t\t\t\t<\/div>\n\t\t<\/div>\n\t\t\t\t<div class=\"elementor-column elementor-col-50 elementor-top-column elementor-element elementor-element-7422725b\" data-id=\"7422725b\" data-element_type=\"column\">\n\t\t\t<div class=\"elementor-widget-wrap elementor-element-populated\">\n\t\t\t\t\t\t<div class=\"elementor-element elementor-element-4b2a42ea elementor-widget elementor-widget-text-editor\" data-id=\"4b2a42ea\" data-element_type=\"widget\" data-widget_type=\"text-editor.default\">\n\t\t\t\t<div class=\"elementor-widget-container\">\n\t\t\t\t\t<div class=\"bb-theme-elementor-wrap bb-elementor-custom-family\">\t\t\t\t<h3><strong>IKT ikdienas dz\u012bv\u0113 un e-m\u0101c\u012bbas pieaugu\u0161o izgl\u012bt\u012bb\u0101.<\/strong><\/h3>\t\t\t\t<\/div>\t\t\t\t<\/div>\n\t\t\t\t<\/div>\n\t\t\t\t<div class=\"elementor-element elementor-element-6bab71e8 elementor-widget elementor-widget-text-editor\" data-id=\"6bab71e8\" data-element_type=\"widget\" data-widget_type=\"text-editor.default\">\n\t\t\t\t<div class=\"elementor-widget-container\">\n\t\t\t\t\t\t\t\t\t<p>Projekt\u0101 da\u017e\u0101da veida Eiropas Savien\u012bbas organiz\u0101cijas sadarboj\u0101s, lai c\u012bn\u012btos pret digit\u0101lo analfab\u0113tismu pieaugu\u0161o un jaunie\u0161u vid\u016b, kuri ikdien\u0101 nesp\u0113j lietot vai nep\u0101rzin IKT un kuri pieder pie neaizsarg\u0101t\u0101m soci\u0101laj\u0101m grup\u0101m, piem\u0113ram, skolu pametu\u0161ie, imigranti un sievietes, nodro\u0161inot vi\u0146us ar digit\u0101lo tehnolo\u0123iju lieto\u0161anai nepiecie\u0161amaj\u0101m prasm\u0113m.<\/p>\t\t\t\t\t\t\t\t<\/div>\n\t\t\t\t<\/div>\n\t\t\t\t\t<\/div>\n\t\t<\/div>\n\t\t\t\t\t<\/div>\n\t\t<\/section>\n\t\t\t\t<section class=\"elementor-section elementor-top-section elementor-element elementor-element-23101cf elementor-section-boxed elementor-section-height-default elementor-section-height-default\" data-id=\"23101cf\" data-element_type=\"section\">\n\t\t\t\t\t\t<div class=\"elementor-container elementor-column-gap-default\">\n\t\t\t\t\t<div class=\"elementor-column elementor-col-100 elementor-top-column elementor-element elementor-element-71a07e4\" data-id=\"71a07e4\" data-element_type=\"column\">\n\t\t\t<div class=\"elementor-widget-wrap elementor-element-populated\">\n\t\t\t\t\t\t<div class=\"elementor-element elementor-element-43f3ea2 elementor-widget-divider--view-line elementor-widget elementor-widget-divider\" data-id=\"43f3ea2\" data-element_type=\"widget\" data-widget_type=\"divider.default\">\n\t\t\t\t<div class=\"elementor-widget-container\">\n\t\t\t\t\t\t\t<div class=\"elementor-divider\">\n\t\t\t<span class=\"elementor-divider-separator\">\n\t\t\t\t\t\t<\/span>\n\t\t<\/div>\n\t\t\t\t\t\t<\/div>\n\t\t\t\t<\/div>\n\t\t\t\t\t<\/div>\n\t\t<\/div>\n\t\t\t\t\t<\/div>\n\t\t<\/section>\n\t\t\t\t<section class=\"elementor-section elementor-top-section elementor-element elementor-element-eed5d84 elementor-section-boxed elementor-section-height-default elementor-section-height-default\" data-id=\"eed5d84\" data-element_type=\"section\">\n\t\t\t\t\t\t<div class=\"elementor-container elementor-column-gap-default\">\n\t\t\t\t\t<div class=\"elementor-column elementor-col-50 elementor-top-column elementor-element elementor-element-951bedd\" data-id=\"951bedd\" data-element_type=\"column\">\n\t\t\t<div class=\"elementor-widget-wrap elementor-element-populated\">\n\t\t\t\t\t\t<div class=\"elementor-element elementor-element-aee873a elementor-widget elementor-widget-text-editor\" data-id=\"aee873a\" data-element_type=\"widget\" data-widget_type=\"text-editor.default\">\n\t\t\t\t<div class=\"elementor-widget-container\">\n\t\t\t\t\t<div class=\"bb-theme-elementor-wrap bb-elementor-custom-family\">\t\t\t\t<h3><strong>FLIP-IDEAL - apgriezt\u0101 m\u0101c\u012b\u0161an\u0101s pieaugu\u0161o izgl\u012bt\u012bb\u0101.<\/strong><\/h3>\t\t\t\t<\/div>\t\t\t\t<\/div>\n\t\t\t\t<\/div>\n\t\t\t\t<div class=\"elementor-element elementor-element-f358699 elementor-widget elementor-widget-text-editor\" data-id=\"f358699\" data-element_type=\"widget\" data-widget_type=\"text-editor.default\">\n\t\t\t\t<div class=\"elementor-widget-container\">\n\t\t\t\t\t<div class=\"bb-theme-elementor-wrap bb-elementor-custom-family\">\t\t\t\t<p>Apgrieztais klases modelis ir uz izgl\u012btojamajiem centr\u0113ts un \u013cauj vi\u0146iem apg\u016bt inform\u0101ciju sav\u0101 temp\u0101 un t\u0101d\u0113j\u0101di nodro\u0161ina diferenc\u0113tu m\u0101c\u012b\u0161an\u0101s pieeju. Studenti var p\u0101rskat\u012bt saturu, ko vi\u0146i nav piln\u012bb\u0101 sapratu\u0161i, un var praktiz\u0113t jaunu t\u0113mu klas\u0113, kur vi\u0146us atbalsta izgl\u012btot\u0101js un vi\u0146u klasesbiedri. Apgriezt\u0101 klases pieeja atvieglo kooperat\u012bvu m\u0101c\u012b\u0161anos un \u013cauj vair\u0101k laika velt\u012bt sadarb\u012bbai, probl\u0113mu risin\u0101\u0161anai, komandas darbam un zin\u0101\u0161anu nostiprin\u0101\u0161anai.<\/p><p>Viens no aspektiem, kas pieaugu\u0161o pamatizgl\u012bt\u012bbas programm\u0101s bie\u017ei tiek ignor\u0113ts, ir prasmju kopums, kas nepiecie\u0161ams, lai m\u0101c\u012btos tie\u0161saist\u0113 un pielietotu digit\u0101l\u0101s prasmes praktiski m\u0101coties. \u0160\u012bs prasmes var apg\u016bt, izmantojot apgriezt\u0101s klases pieeju. Tie\u0161saistes un digit\u0101l\u0101 elementa ievie\u0161ana kurs\u0101 sniedz izgl\u012btojamajiem iesp\u0113ju att\u012bst\u012bt digit\u0101l\u0101s prasmes.<\/p><p>\u0160\u012b prakse, kas apvieno inovat\u012bvas m\u0101c\u012bbu metodes un digit\u0101los r\u012bkus, ir viens no virzieniem, kas j\u0101ievie\u0161 pieaugu\u0161o izgl\u012bt\u012bb\u0101 saska\u0146\u0101 ar It\u0101lijas Nacion\u0101lo izgl\u012bt\u012bbas digitaliz\u0101cijas pl\u0101nu.<\/p>\t\t\t\t<\/div>\t\t\t\t<\/div>\n\t\t\t\t<\/div>\n\t\t\t\t\t<\/div>\n\t\t<\/div>\n\t\t\t\t<div class=\"elementor-column elementor-col-50 elementor-top-column elementor-element elementor-element-b1b15fd\" data-id=\"b1b15fd\" data-element_type=\"column\">\n\t\t\t<div class=\"elementor-widget-wrap elementor-element-populated\">\n\t\t\t\t\t\t<div class=\"elementor-element elementor-element-9c68f9b elementor-widget elementor-widget-image\" data-id=\"9c68f9b\" data-element_type=\"widget\" data-widget_type=\"image.default\">\n\t\t\t\t<div class=\"elementor-widget-container\">\n\t\t\t\t\t\t\t\t\t\t\t\t\t\t\t<img decoding=\"async\" width=\"640\" height=\"960\" src=\"https:\/\/educatehub.eu\/wp-content\/uploads\/2023\/01\/ben-moreland-GkWP64truqg-unsplash-683x1024.jpg\" class=\"attachment-large size-large wp-image-697\" alt=\"\" srcset=\"https:\/\/educatehub.eu\/wp-content\/uploads\/2023\/01\/ben-moreland-GkWP64truqg-unsplash-683x1024.jpg 683w, https:\/\/educatehub.eu\/wp-content\/uploads\/2023\/01\/ben-moreland-GkWP64truqg-unsplash-200x300.jpg 200w, https:\/\/educatehub.eu\/wp-content\/uploads\/2023\/01\/ben-moreland-GkWP64truqg-unsplash-768x1152.jpg 768w, https:\/\/educatehub.eu\/wp-content\/uploads\/2023\/01\/ben-moreland-GkWP64truqg-unsplash-1024x1536.jpg 1024w, https:\/\/educatehub.eu\/wp-content\/uploads\/2023\/01\/ben-moreland-GkWP64truqg-unsplash-1365x2048.jpg 1365w, https:\/\/educatehub.eu\/wp-content\/uploads\/2023\/01\/ben-moreland-GkWP64truqg-unsplash-8x12.jpg 8w, https:\/\/educatehub.eu\/wp-content\/uploads\/2023\/01\/ben-moreland-GkWP64truqg-unsplash-624x936.jpg 624w, https:\/\/educatehub.eu\/wp-content\/uploads\/2023\/01\/ben-moreland-GkWP64truqg-unsplash-scaled.jpg 1707w\" sizes=\"(max-width: 640px) 100vw, 640px\" \/>\t\t\t\t\t\t\t\t\t\t\t\t\t\t\t<\/div>\n\t\t\t\t<\/div>\n\t\t\t\t\t<\/div>\n\t\t<\/div>\n\t\t\t\t\t<\/div>\n\t\t<\/section>\n\t\t\t\t<section class=\"elementor-section elementor-top-section elementor-element elementor-element-a851006 elementor-section-boxed elementor-section-height-default elementor-section-height-default\" data-id=\"a851006\" data-element_type=\"section\">\n\t\t\t\t\t\t<div class=\"elementor-container elementor-column-gap-default\">\n\t\t\t\t\t<div class=\"elementor-column elementor-col-100 elementor-top-column elementor-element elementor-element-54c767a\" data-id=\"54c767a\" data-element_type=\"column\">\n\t\t\t<div class=\"elementor-widget-wrap\">\n\t\t\t\t\t\t\t<\/div>\n\t\t<\/div>\n\t\t\t\t\t<\/div>\n\t\t<\/section>\n\t\t\t\t<section class=\"elementor-section elementor-top-section elementor-element elementor-element-53484e14 elementor-section-boxed elementor-section-height-default elementor-section-height-default\" data-id=\"53484e14\" data-element_type=\"section\" data-settings=\"{&quot;background_background&quot;:&quot;classic&quot;}\">\n\t\t\t\t\t\t<div class=\"elementor-container elementor-column-gap-default\">\n\t\t\t\t\t<div class=\"elementor-column elementor-col-100 elementor-top-column elementor-element elementor-element-215b6955\" data-id=\"215b6955\" data-element_type=\"column\" data-settings=\"{&quot;background_background&quot;:&quot;classic&quot;}\">\n\t\t\t<div class=\"elementor-widget-wrap elementor-element-populated\">\n\t\t\t\t\t\t<section class=\"elementor-section elementor-inner-section elementor-element elementor-element-78ad5945 elementor-section-content-middle elementor-section-boxed elementor-section-height-default elementor-section-height-default\" data-id=\"78ad5945\" data-element_type=\"section\">\n\t\t\t\t\t\t<div class=\"elementor-container elementor-column-gap-default\">\n\t\t\t\t\t<div class=\"elementor-column elementor-col-50 elementor-inner-column elementor-element elementor-element-fa4d62b\" data-id=\"fa4d62b\" data-element_type=\"column\">\n\t\t\t<div class=\"elementor-widget-wrap elementor-element-populated\">\n\t\t\t\t\t\t<div class=\"elementor-element elementor-element-31256953 elementor-widget elementor-widget-heading\" data-id=\"31256953\" data-element_type=\"widget\" data-widget_type=\"heading.default\">\n\t\t\t\t<div class=\"elementor-widget-container\">\n\t\t\t\t\t<h3 class=\"elementor-heading-title elementor-size-default\">Vai j\u016bs interes\u0113 vair\u0101k?<\/h3>\t\t\t\t<\/div>\n\t\t\t\t<\/div>\n\t\t\t\t<div class=\"elementor-element elementor-element-8904f6c elementor-widget elementor-widget-text-editor\" data-id=\"8904f6c\" data-element_type=\"widget\" data-widget_type=\"text-editor.default\">\n\t\t\t\t<div class=\"elementor-widget-container\">\n\t\t\t\t\t\t\t\t\t<p>Re\u0123istr\u0113jieties BEZMAKSAS un izlasiet detaliz\u0113tus aprakstus par lab\u0101ko praksi no 6 valst\u012bm!\u00a0<\/p>\t\t\t\t\t\t\t\t<\/div>\n\t\t\t\t<\/div>\n\t\t\t\t\t<\/div>\n\t\t<\/div>\n\t\t\t\t<div class=\"elementor-column elementor-col-50 elementor-inner-column elementor-element elementor-element-43135700\" data-id=\"43135700\" data-element_type=\"column\">\n\t\t\t<div class=\"elementor-widget-wrap elementor-element-populated\">\n\t\t\t\t\t\t<div class=\"elementor-element elementor-element-700076e9 elementor-align-center elementor-tablet-align-center elementor-widget elementor-widget-button\" data-id=\"700076e9\" data-element_type=\"widget\" data-widget_type=\"button.default\">\n\t\t\t\t<div class=\"elementor-widget-container\">\n\t\t\t\t\t\t\t\t\t<div class=\"elementor-button-wrapper\">\n\t\t\t\t\t<a class=\"elementor-button elementor-button-link elementor-size-sm elementor-animation-float\" href=\"\/lv\/register\/\">\n\t\t\t\t\t\t<span class=\"elementor-button-content-wrapper\">\n\t\t\t\t\t\t\t\t\t<span class=\"elementor-button-text\">RE\u0122ISTR\u0112TIES<\/span>\n\t\t\t\t\t<\/span>\n\t\t\t\t\t<\/a>\n\t\t\t\t<\/div>\n\t\t\t\t\t\t\t\t<\/div>\n\t\t\t\t<\/div>\n\t\t\t\t\t<\/div>\n\t\t<\/div>\n\t\t\t\t\t<\/div>\n\t\t<\/section>\n\t\t\t\t\t<\/div>\n\t\t<\/div>\n\t\t\t\t\t<\/div>\n\t\t<\/section>\n\t\t\t\t<\/div>","protected":false},"excerpt":{"rendered":"<p>\u201cImprove Digital Competence in Adult people\u201d Overall objective of this project is that the person will be able to use technological resources in order to&hellip;<\/p>","protected":false},"author":1,"featured_media":0,"parent":0,"menu_order":0,"comment_status":"closed","ping_status":"closed","template":"","meta":{"footnotes":""},"class_list":["post-673","page","type-page","status-publish","hentry"],"_links":{"self":[{"href":"https:\/\/educatehub.eu\/lv\/wp-json\/wp\/v2\/pages\/673","targetHints":{"allow":["GET"]}}],"collection":[{"href":"https:\/\/educatehub.eu\/lv\/wp-json\/wp\/v2\/pages"}],"about":[{"href":"https:\/\/educatehub.eu\/lv\/wp-json\/wp\/v2\/types\/page"}],"author":[{"embeddable":true,"href":"https:\/\/educatehub.eu\/lv\/wp-json\/wp\/v2\/users\/1"}],"replies":[{"embeddable":true,"href":"https:\/\/educatehub.eu\/lv\/wp-json\/wp\/v2\/comments?post=673"}],"version-history":[{"count":38,"href":"https:\/\/educatehub.eu\/lv\/wp-json\/wp\/v2\/pages\/673\/revisions"}],"predecessor-version":[{"id":2413,"href":"https:\/\/educatehub.eu\/lv\/wp-json\/wp\/v2\/pages\/673\/revisions\/2413"}],"wp:attachment":[{"href":"https:\/\/educatehub.eu\/lv\/wp-json\/wp\/v2\/media?parent=673"}],"curies":[{"name":"wp","href":"https:\/\/api.w.org\/{rel}","templated":true}]}}