{"id":715,"date":"2023-01-08T15:48:36","date_gmt":"2023-01-08T15:48:36","guid":{"rendered":"https:\/\/educatehub.eu\/?page_id=715"},"modified":"2023-10-12T16:14:17","modified_gmt":"2023-10-12T14:14:17","slug":"best-practices-inclusive-educational-technology","status":"publish","type":"page","link":"https:\/\/educatehub.eu\/lv\/best-practices-inclusive-educational-technology\/","title":{"rendered":"Best Practices &#8211; Inclusive Educational Technology"},"content":{"rendered":"<div data-elementor-type=\"wp-page\" data-elementor-id=\"715\" class=\"elementor elementor-715\" data-elementor-post-type=\"page\">\n\t\t\t\t\t\t<section class=\"elementor-section elementor-top-section elementor-element elementor-element-616b88f elementor-section-boxed elementor-section-height-default elementor-section-height-default\" data-id=\"616b88f\" data-element_type=\"section\">\n\t\t\t\t\t\t<div class=\"elementor-container elementor-column-gap-default\">\n\t\t\t\t\t<div class=\"elementor-column elementor-col-50 elementor-top-column elementor-element elementor-element-21efb499\" data-id=\"21efb499\" data-element_type=\"column\">\n\t\t\t<div class=\"elementor-widget-wrap elementor-element-populated\">\n\t\t\t\t\t\t<div class=\"elementor-element elementor-element-64eef3b3 elementor-widget elementor-widget-text-editor\" data-id=\"64eef3b3\" data-element_type=\"widget\" data-widget_type=\"text-editor.default\">\n\t\t\t\t<div class=\"elementor-widget-container\">\n\t\t\t\t\t<div class=\"bb-theme-elementor-wrap bb-elementor-custom-family\">\t\t\t\t<h3><strong>Projekts \"Digit\u0101lo st\u0101stu st\u0101st\u012b\u0161ana izgl\u012btojamo ar intelektu\u0101l\u0101s att\u012bst\u012bbas trauc\u0113jumiem kvalifik\u0101cijas cel\u0161anai un pilnvaro\u0161anai\"<\/strong><\/h3>\t\t\t\t<\/div>\t\t\t\t<\/div>\n\t\t\t\t<\/div>\n\t\t\t\t<div class=\"elementor-element elementor-element-44edf956 elementor-widget elementor-widget-text-editor\" data-id=\"44edf956\" data-element_type=\"widget\" data-widget_type=\"text-editor.default\">\n\t\t\t\t<div class=\"elementor-widget-container\">\n\t\t\t\t\t<div class=\"bb-theme-elementor-wrap bb-elementor-custom-family\">\t\t\t\t<p>Projekta m\u0113r\u0137is ir izstr\u0101d\u0101t inovat\u012bvu m\u0101c\u012bbu pieeju - digit\u0101lo st\u0101stu st\u0101st\u012b\u0161anu, kas piel\u0101gota cilv\u0113kiem ar intelektu\u0101l\u0101s att\u012bst\u012bbas trauc\u0113jumiem, lai rad\u012btu inovat\u012bvu, sp\u0113cino\u0161u un jautru r\u012bku skolot\u0101jiem\/pasniedz\u0113jiem, kas str\u0101d\u0101 ar cilv\u0113kiem ar intelektu\u0101l\u0101s att\u012bst\u012bbas trauc\u0113jumiem, kas pal\u012bdz\u0113s vi\u0146iem uzlabot prasmes, izprast un pilnveidot intelektu\u0101l\u0101s att\u012bst\u012bbas trauc\u0113jumus.<\/p><p>Projekta \u012bpa\u0161ie m\u0113r\u0137i:<\/p><ul><li>apm\u0101c\u012bt pasniedz\u0113jus\/skolot\u0101jus, kas str\u0101d\u0101 ar cilv\u0113kiem ar intelektu\u0101l\u0101s att\u012bst\u012bbas trauc\u0113jumiem, izmantot digit\u0101lo st\u0101stu st\u0101st\u012b\u0161anas metodi, kas piel\u0101gota cilv\u0113kiem ar intelektu\u0101l\u0101s att\u012bst\u012bbas trauc\u0113jumiem, un t\u0101d\u0113j\u0101di veicin\u0101t cilv\u0113ku ar intelektu\u0101l\u0101s att\u012bst\u012bbas trauc\u0113jumiem da\u017e\u0101du dz\u012bves prasmju apguvi: las\u012bt un rakst\u012btprasmi, digit\u0101l\u0101s prasmes, soci\u0101l\u0101s prasmes u. c.<\/li><li>palielin\u0101t izgl\u012bt\u012bbas iesp\u0113jas person\u0101m ar intelektu\u0101l\u0101s att\u012bst\u012bbas trauc\u0113jumiem, lai t\u0101s var\u0113tu pilnv\u0113rt\u012bgi piedal\u012bties sabiedr\u012bbas dz\u012bv\u0113 un veiksm\u012bgi p\u0101riet darba tirg\u016b<\/li><li>uzlabot cilv\u0113ku ar intelektu\u0101l\u0101s att\u012bst\u012bbas trauc\u0113jumiem pamatprasmes (las\u012btprasmi un digit\u0101l\u0101s prasmes), nodro\u0161in\u0101t vi\u0146u l\u012bdzdal\u012bbu sabiedr\u012bb\u0101 un t\u0101d\u0113j\u0101di palielin\u0101t vi\u0146u soci\u0101lo iek\u013cau\u0161anu<\/li><\/ul>\t\t\t\t<\/div>\t\t\t\t<\/div>\n\t\t\t\t<\/div>\n\t\t\t\t\t<\/div>\n\t\t<\/div>\n\t\t\t\t<div class=\"elementor-column elementor-col-50 elementor-top-column elementor-element elementor-element-79945cfc\" data-id=\"79945cfc\" data-element_type=\"column\">\n\t\t\t<div class=\"elementor-widget-wrap elementor-element-populated\">\n\t\t\t\t\t\t<div class=\"elementor-element elementor-element-57db3f98 elementor-widget elementor-widget-image\" data-id=\"57db3f98\" data-element_type=\"widget\" data-widget_type=\"image.default\">\n\t\t\t\t<div class=\"elementor-widget-container\">\n\t\t\t\t\t\t\t\t\t\t\t\t\t\t\t<img fetchpriority=\"high\" decoding=\"async\" width=\"640\" height=\"960\" src=\"https:\/\/educatehub.eu\/wp-content\/uploads\/2023\/01\/linkedin-sales-solutions-0QvTyp0gH3A-unsplash-683x1024.jpg\" class=\"attachment-large size-large wp-image-731\" alt=\"\" srcset=\"https:\/\/educatehub.eu\/wp-content\/uploads\/2023\/01\/linkedin-sales-solutions-0QvTyp0gH3A-unsplash-683x1024.jpg 683w, https:\/\/educatehub.eu\/wp-content\/uploads\/2023\/01\/linkedin-sales-solutions-0QvTyp0gH3A-unsplash-200x300.jpg 200w, https:\/\/educatehub.eu\/wp-content\/uploads\/2023\/01\/linkedin-sales-solutions-0QvTyp0gH3A-unsplash-768x1152.jpg 768w, https:\/\/educatehub.eu\/wp-content\/uploads\/2023\/01\/linkedin-sales-solutions-0QvTyp0gH3A-unsplash-1024x1536.jpg 1024w, https:\/\/educatehub.eu\/wp-content\/uploads\/2023\/01\/linkedin-sales-solutions-0QvTyp0gH3A-unsplash-1365x2048.jpg 1365w, https:\/\/educatehub.eu\/wp-content\/uploads\/2023\/01\/linkedin-sales-solutions-0QvTyp0gH3A-unsplash-8x12.jpg 8w, https:\/\/educatehub.eu\/wp-content\/uploads\/2023\/01\/linkedin-sales-solutions-0QvTyp0gH3A-unsplash-624x936.jpg 624w, https:\/\/educatehub.eu\/wp-content\/uploads\/2023\/01\/linkedin-sales-solutions-0QvTyp0gH3A-unsplash-scaled.jpg 1707w\" sizes=\"(max-width: 640px) 100vw, 640px\" \/>\t\t\t\t\t\t\t\t\t\t\t\t\t\t\t<\/div>\n\t\t\t\t<\/div>\n\t\t\t\t\t<\/div>\n\t\t<\/div>\n\t\t\t\t\t<\/div>\n\t\t<\/section>\n\t\t\t\t<section class=\"elementor-section elementor-top-section elementor-element elementor-element-19d7d992 elementor-section-boxed elementor-section-height-default elementor-section-height-default\" data-id=\"19d7d992\" data-element_type=\"section\">\n\t\t\t\t\t\t<div class=\"elementor-container elementor-column-gap-default\">\n\t\t\t\t\t<div class=\"elementor-column elementor-col-100 elementor-top-column elementor-element elementor-element-6ced8262\" data-id=\"6ced8262\" data-element_type=\"column\">\n\t\t\t<div class=\"elementor-widget-wrap elementor-element-populated\">\n\t\t\t\t\t\t<div class=\"elementor-element elementor-element-1fadd596 elementor-widget-divider--view-line elementor-widget elementor-widget-divider\" data-id=\"1fadd596\" data-element_type=\"widget\" data-widget_type=\"divider.default\">\n\t\t\t\t<div class=\"elementor-widget-container\">\n\t\t\t\t\t\t\t<div class=\"elementor-divider\">\n\t\t\t<span class=\"elementor-divider-separator\">\n\t\t\t\t\t\t<\/span>\n\t\t<\/div>\n\t\t\t\t\t\t<\/div>\n\t\t\t\t<\/div>\n\t\t\t\t\t<\/div>\n\t\t<\/div>\n\t\t\t\t\t<\/div>\n\t\t<\/section>\n\t\t\t\t<section class=\"elementor-section elementor-top-section elementor-element elementor-element-4265844c elementor-section-boxed elementor-section-height-default elementor-section-height-default\" data-id=\"4265844c\" data-element_type=\"section\">\n\t\t\t\t\t\t<div class=\"elementor-container elementor-column-gap-default\">\n\t\t\t\t\t<div class=\"elementor-column elementor-col-50 elementor-top-column elementor-element elementor-element-3350934f\" data-id=\"3350934f\" data-element_type=\"column\">\n\t\t\t<div class=\"elementor-widget-wrap elementor-element-populated\">\n\t\t\t\t\t\t<div class=\"elementor-element elementor-element-25d86ade elementor-widget elementor-widget-image\" data-id=\"25d86ade\" data-element_type=\"widget\" data-widget_type=\"image.default\">\n\t\t\t\t<div class=\"elementor-widget-container\">\n\t\t\t\t\t\t\t\t\t\t\t\t\t\t\t<img decoding=\"async\" width=\"640\" height=\"960\" src=\"https:\/\/educatehub.eu\/wp-content\/uploads\/2023\/01\/kajetan-sumila-1RWaxoDoASo-unsplash-683x1024.jpg\" class=\"attachment-large size-large wp-image-751\" alt=\"\" srcset=\"https:\/\/educatehub.eu\/wp-content\/uploads\/2023\/01\/kajetan-sumila-1RWaxoDoASo-unsplash-683x1024.jpg 683w, https:\/\/educatehub.eu\/wp-content\/uploads\/2023\/01\/kajetan-sumila-1RWaxoDoASo-unsplash-200x300.jpg 200w, https:\/\/educatehub.eu\/wp-content\/uploads\/2023\/01\/kajetan-sumila-1RWaxoDoASo-unsplash-768x1152.jpg 768w, https:\/\/educatehub.eu\/wp-content\/uploads\/2023\/01\/kajetan-sumila-1RWaxoDoASo-unsplash-1024x1536.jpg 1024w, https:\/\/educatehub.eu\/wp-content\/uploads\/2023\/01\/kajetan-sumila-1RWaxoDoASo-unsplash-1365x2048.jpg 1365w, https:\/\/educatehub.eu\/wp-content\/uploads\/2023\/01\/kajetan-sumila-1RWaxoDoASo-unsplash-8x12.jpg 8w, https:\/\/educatehub.eu\/wp-content\/uploads\/2023\/01\/kajetan-sumila-1RWaxoDoASo-unsplash-624x936.jpg 624w, https:\/\/educatehub.eu\/wp-content\/uploads\/2023\/01\/kajetan-sumila-1RWaxoDoASo-unsplash-scaled.jpg 1707w\" sizes=\"(max-width: 640px) 100vw, 640px\" \/>\t\t\t\t\t\t\t\t\t\t\t\t\t\t\t<\/div>\n\t\t\t\t<\/div>\n\t\t\t\t\t<\/div>\n\t\t<\/div>\n\t\t\t\t<div class=\"elementor-column elementor-col-50 elementor-top-column elementor-element elementor-element-749aefc7\" data-id=\"749aefc7\" data-element_type=\"column\">\n\t\t\t<div class=\"elementor-widget-wrap elementor-element-populated\">\n\t\t\t\t\t\t<div class=\"elementor-element elementor-element-730d5e7d elementor-widget elementor-widget-text-editor\" data-id=\"730d5e7d\" data-element_type=\"widget\" data-widget_type=\"text-editor.default\">\n\t\t\t\t<div class=\"elementor-widget-container\">\n\t\t\t\t\t<div class=\"bb-theme-elementor-wrap bb-elementor-custom-family\">\t\t\t\t<h3><strong>Microsoft Immersive Reader<\/strong><\/h3>\t\t\t\t<\/div>\t\t\t\t<\/div>\n\t\t\t\t<\/div>\n\t\t\t\t<div class=\"elementor-element elementor-element-4222373a elementor-widget elementor-widget-text-editor\" data-id=\"4222373a\" data-element_type=\"widget\" data-widget_type=\"text-editor.default\">\n\t\t\t\t<div class=\"elementor-widget-container\">\n\t\t\t\t\t\t\t\t\t<p>Microsoft Immersive Reader ir bezmaksas r\u012bks, kas pal\u012bdz las\u012bt un saprast tekstu. Tas nodro\u0161ina pilnekr\u0101na las\u012b\u0161anas pieredzi un uzlabo koncentr\u0113\u0161anos uz tekstu, mainot fonta lielumu un stilu, teksta un rindu atstarpi un fona kr\u0101su. Tas ir izstr\u0101d\u0101ts, lai uzlabotu teksta las\u0101m\u012bbu Microsoft lietojumprogramm\u0101s, izmantojot pal\u012bgtehnolo\u0123iju piel\u0101gojumus cilv\u0113kiem ar drukas trauc\u0113jumiem, piem\u0113ram, disleksiju, disgr\u0101fiju un redzes trauc\u0113jumiem. Tas ir interakt\u012bvs las\u012b\u0161anas r\u012bks, kas paredz\u0113ts, lai pal\u012bdz\u0113tu skol\u0113niem uzlabot las\u012b\u0161anas, izpratnes un gramatikas prasmes. Tas ar\u012b padara tekstus pieejam\u0101kus jebkura l\u012bme\u0146a skol\u0113niem. Programmu Immersive Reader var izmantot kop\u0101 ar pieejam\u012bbas p\u0101rbaudes programmu, lai uzlabotu dokumentu izk\u0101rtojumu, vai ar\u012b to var izmantot, lai padar\u012btu dokumentu pieejam\u0101ku bez papildu redi\u0123\u0113\u0161anas.<\/p>\t\t\t\t\t\t\t\t<\/div>\n\t\t\t\t<\/div>\n\t\t\t\t<div class=\"elementor-element elementor-element-2335375b elementor-widget elementor-widget-text-editor\" data-id=\"2335375b\" data-element_type=\"widget\" data-widget_type=\"text-editor.default\">\n\t\t\t\t<div class=\"elementor-widget-container\">\n\t\t\t\t\t<div class=\"bb-theme-elementor-wrap bb-elementor-custom-family\">\t\t\t\t<p>Iedvesmojo\u0161a las\u012b\u0161anas darb\u012bba: t\u0101 lasa tekstus skol\u0113niem ska\u013ci, vienlaikus izce\u013cot las\u0101mo v\u0101rdu. T\u0101d\u0113j\u0101di teksts k\u013c\u016bst pieejams da\u017e\u0101da vecuma un sp\u0113ju skol\u0113niem un pal\u012bdz jaunajiem las\u012bt\u0101jiem iem\u0101c\u012bties atpaz\u012bt jaunus v\u0101rdus. Whit ir iesp\u0113jams izv\u0113l\u0113ties da\u017e\u0101dus st\u0101st\u012b\u0161anas \u0101trumus un balsis. Lietot\u0101ji var ar\u012b piel\u0101got atstarpes starp v\u0101rdiem un fonta lielumu; izcelt konkr\u0113tas runas da\u013cas, piem\u0113ram, lietv\u0101rdus, darb\u012bbas v\u0101rdus, \u012bpa\u0161\u012bbas v\u0101rdus un apst\u0101k\u013ca v\u0101rdus; sadal\u012bt v\u0101rdu tekstu zilb\u0113s; klaus\u012bties da\u017e\u0101d\u0101s valod\u0101s run\u0101tu v\u0101rdu audioierakstus; tulkot tekstu un skat\u012bt v\u0101rdus, kas att\u0113loti k\u0101 att\u0113li.<\/p>\t\t\t\t<\/div>\t\t\t\t<\/div>\n\t\t\t\t<\/div>\n\t\t\t\t\t<\/div>\n\t\t<\/div>\n\t\t\t\t\t<\/div>\n\t\t<\/section>\n\t\t\t\t<section class=\"elementor-section elementor-top-section elementor-element elementor-element-1aab1dd8 elementor-section-boxed elementor-section-height-default elementor-section-height-default\" data-id=\"1aab1dd8\" data-element_type=\"section\">\n\t\t\t\t\t\t<div class=\"elementor-container elementor-column-gap-default\">\n\t\t\t\t\t<div class=\"elementor-column elementor-col-100 elementor-top-column elementor-element elementor-element-49dadf59\" data-id=\"49dadf59\" data-element_type=\"column\">\n\t\t\t<div class=\"elementor-widget-wrap\">\n\t\t\t\t\t\t\t<\/div>\n\t\t<\/div>\n\t\t\t\t\t<\/div>\n\t\t<\/section>\n\t\t\t\t<section class=\"elementor-section elementor-top-section elementor-element elementor-element-4c703911 elementor-section-boxed elementor-section-height-default elementor-section-height-default\" data-id=\"4c703911\" data-element_type=\"section\" data-settings=\"{&quot;background_background&quot;:&quot;classic&quot;}\">\n\t\t\t\t\t\t<div class=\"elementor-container elementor-column-gap-default\">\n\t\t\t\t\t<div class=\"elementor-column elementor-col-100 elementor-top-column elementor-element elementor-element-64befee9\" data-id=\"64befee9\" data-element_type=\"column\" data-settings=\"{&quot;background_background&quot;:&quot;classic&quot;}\">\n\t\t\t<div class=\"elementor-widget-wrap elementor-element-populated\">\n\t\t\t\t\t\t<section class=\"elementor-section elementor-inner-section elementor-element elementor-element-4213aa0d elementor-section-content-middle elementor-section-boxed elementor-section-height-default elementor-section-height-default\" data-id=\"4213aa0d\" data-element_type=\"section\">\n\t\t\t\t\t\t<div class=\"elementor-container elementor-column-gap-default\">\n\t\t\t\t\t<div class=\"elementor-column elementor-col-50 elementor-inner-column elementor-element elementor-element-6aa59664\" data-id=\"6aa59664\" data-element_type=\"column\">\n\t\t\t<div class=\"elementor-widget-wrap elementor-element-populated\">\n\t\t\t\t\t\t<div class=\"elementor-element elementor-element-13dd3704 elementor-widget elementor-widget-heading\" data-id=\"13dd3704\" data-element_type=\"widget\" data-widget_type=\"heading.default\">\n\t\t\t\t<div class=\"elementor-widget-container\">\n\t\t\t\t\t<h3 class=\"elementor-heading-title elementor-size-default\">Vai j\u016bs interes\u0113 vair\u0101k?<\/h3>\t\t\t\t<\/div>\n\t\t\t\t<\/div>\n\t\t\t\t<div class=\"elementor-element elementor-element-7875c90e elementor-widget elementor-widget-text-editor\" data-id=\"7875c90e\" data-element_type=\"widget\" data-widget_type=\"text-editor.default\">\n\t\t\t\t<div class=\"elementor-widget-container\">\n\t\t\t\t\t\t\t\t\t<p>Re\u0123istr\u0113jieties BEZMAKSAS un izlasiet detaliz\u0113tus aprakstus par lab\u0101ko praksi no 6 valst\u012bm!\u00a0<\/p>\t\t\t\t\t\t\t\t<\/div>\n\t\t\t\t<\/div>\n\t\t\t\t\t<\/div>\n\t\t<\/div>\n\t\t\t\t<div class=\"elementor-column elementor-col-50 elementor-inner-column elementor-element elementor-element-14a6965e\" data-id=\"14a6965e\" data-element_type=\"column\">\n\t\t\t<div class=\"elementor-widget-wrap elementor-element-populated\">\n\t\t\t\t\t\t<div class=\"elementor-element elementor-element-2aa6a8ba elementor-align-center elementor-tablet-align-center elementor-widget elementor-widget-button\" data-id=\"2aa6a8ba\" data-element_type=\"widget\" data-widget_type=\"button.default\">\n\t\t\t\t<div class=\"elementor-widget-container\">\n\t\t\t\t\t\t\t\t\t<div class=\"elementor-button-wrapper\">\n\t\t\t\t\t<a class=\"elementor-button elementor-button-link elementor-size-sm elementor-animation-float\" href=\"\/lv\/register\/\">\n\t\t\t\t\t\t<span class=\"elementor-button-content-wrapper\">\n\t\t\t\t\t\t\t\t\t<span class=\"elementor-button-text\">RE\u0122ISTR\u0112TIES<\/span>\n\t\t\t\t\t<\/span>\n\t\t\t\t\t<\/a>\n\t\t\t\t<\/div>\n\t\t\t\t\t\t\t\t<\/div>\n\t\t\t\t<\/div>\n\t\t\t\t\t<\/div>\n\t\t<\/div>\n\t\t\t\t\t<\/div>\n\t\t<\/section>\n\t\t\t\t\t<\/div>\n\t\t<\/div>\n\t\t\t\t\t<\/div>\n\t\t<\/section>\n\t\t\t\t<\/div>","protected":false},"excerpt":{"rendered":"<p>The project \u201cDigital Storytelling for up-skilling and empowerment of learners with intellectual disabilities\u201d The aim of the project is to develop an innovative learning approach&hellip;<\/p>","protected":false},"author":1,"featured_media":0,"parent":0,"menu_order":0,"comment_status":"closed","ping_status":"closed","template":"","meta":{"footnotes":""},"class_list":["post-715","page","type-page","status-publish","hentry"],"_links":{"self":[{"href":"https:\/\/educatehub.eu\/lv\/wp-json\/wp\/v2\/pages\/715","targetHints":{"allow":["GET"]}}],"collection":[{"href":"https:\/\/educatehub.eu\/lv\/wp-json\/wp\/v2\/pages"}],"about":[{"href":"https:\/\/educatehub.eu\/lv\/wp-json\/wp\/v2\/types\/page"}],"author":[{"embeddable":true,"href":"https:\/\/educatehub.eu\/lv\/wp-json\/wp\/v2\/users\/1"}],"replies":[{"embeddable":true,"href":"https:\/\/educatehub.eu\/lv\/wp-json\/wp\/v2\/comments?post=715"}],"version-history":[{"count":23,"href":"https:\/\/educatehub.eu\/lv\/wp-json\/wp\/v2\/pages\/715\/revisions"}],"predecessor-version":[{"id":2391,"href":"https:\/\/educatehub.eu\/lv\/wp-json\/wp\/v2\/pages\/715\/revisions\/2391"}],"wp:attachment":[{"href":"https:\/\/educatehub.eu\/lv\/wp-json\/wp\/v2\/media?parent=715"}],"curies":[{"name":"wp","href":"https:\/\/api.w.org\/{rel}","templated":true}]}}