{"id":741,"date":"2023-01-08T18:17:40","date_gmt":"2023-01-08T18:17:40","guid":{"rendered":"https:\/\/educatehub.eu\/?page_id=741"},"modified":"2023-10-12T16:33:10","modified_gmt":"2023-10-12T14:33:10","slug":"best-practices-educators","status":"publish","type":"page","link":"https:\/\/educatehub.eu\/lv\/best-practices-educators\/","title":{"rendered":"Best Practices &#8211; Professional Development For Educators"},"content":{"rendered":"<div data-elementor-type=\"wp-page\" data-elementor-id=\"741\" class=\"elementor elementor-741\" data-elementor-post-type=\"page\">\n\t\t\t\t\t\t<section class=\"elementor-section elementor-top-section elementor-element elementor-element-76ee3949 elementor-section-boxed elementor-section-height-default elementor-section-height-default\" data-id=\"76ee3949\" data-element_type=\"section\">\n\t\t\t\t\t\t<div class=\"elementor-container elementor-column-gap-default\">\n\t\t\t\t\t<div class=\"elementor-column elementor-col-50 elementor-top-column elementor-element elementor-element-2f57c6dd\" data-id=\"2f57c6dd\" data-element_type=\"column\">\n\t\t\t<div class=\"elementor-widget-wrap elementor-element-populated\">\n\t\t\t\t\t\t<div class=\"elementor-element elementor-element-795903e2 elementor-widget elementor-widget-image\" data-id=\"795903e2\" data-element_type=\"widget\" data-widget_type=\"image.default\">\n\t\t\t\t<div class=\"elementor-widget-container\">\n\t\t\t\t\t\t\t\t\t\t\t\t\t\t\t<img fetchpriority=\"high\" decoding=\"async\" width=\"640\" height=\"960\" src=\"https:\/\/educatehub.eu\/wp-content\/uploads\/2023\/01\/artem-maltsev-0CvHQ62gwY8-unsplash-683x1024.jpg\" class=\"attachment-large size-large wp-image-726\" alt=\"\" srcset=\"https:\/\/educatehub.eu\/wp-content\/uploads\/2023\/01\/artem-maltsev-0CvHQ62gwY8-unsplash-683x1024.jpg 683w, https:\/\/educatehub.eu\/wp-content\/uploads\/2023\/01\/artem-maltsev-0CvHQ62gwY8-unsplash-200x300.jpg 200w, https:\/\/educatehub.eu\/wp-content\/uploads\/2023\/01\/artem-maltsev-0CvHQ62gwY8-unsplash-768x1152.jpg 768w, https:\/\/educatehub.eu\/wp-content\/uploads\/2023\/01\/artem-maltsev-0CvHQ62gwY8-unsplash-1024x1536.jpg 1024w, https:\/\/educatehub.eu\/wp-content\/uploads\/2023\/01\/artem-maltsev-0CvHQ62gwY8-unsplash-1365x2048.jpg 1365w, https:\/\/educatehub.eu\/wp-content\/uploads\/2023\/01\/artem-maltsev-0CvHQ62gwY8-unsplash-8x12.jpg 8w, https:\/\/educatehub.eu\/wp-content\/uploads\/2023\/01\/artem-maltsev-0CvHQ62gwY8-unsplash-624x936.jpg 624w, https:\/\/educatehub.eu\/wp-content\/uploads\/2023\/01\/artem-maltsev-0CvHQ62gwY8-unsplash-scaled.jpg 1707w\" sizes=\"(max-width: 640px) 100vw, 640px\" \/>\t\t\t\t\t\t\t\t\t\t\t\t\t\t\t<\/div>\n\t\t\t\t<\/div>\n\t\t\t\t\t<\/div>\n\t\t<\/div>\n\t\t\t\t<div class=\"elementor-column elementor-col-50 elementor-top-column elementor-element elementor-element-3e30b707\" data-id=\"3e30b707\" data-element_type=\"column\">\n\t\t\t<div class=\"elementor-widget-wrap elementor-element-populated\">\n\t\t\t\t\t\t<div class=\"elementor-element elementor-element-37772a3d elementor-widget elementor-widget-text-editor\" data-id=\"37772a3d\" data-element_type=\"widget\" data-widget_type=\"text-editor.default\">\n\t\t\t\t<div class=\"elementor-widget-container\">\n\t\t\t\t\t<div class=\"bb-theme-elementor-wrap bb-elementor-custom-family\">\t\t\t\t<h3><strong>Projekts \u201cPieaugu\u0161o izgl\u012btot\u0101ja misija: dot izgl\u012btojamajam sp\u0101rnus\u201d<\/strong><\/h3>\t\t\t\t<\/div>\t\t\t\t<\/div>\n\t\t\t\t<\/div>\n\t\t\t\t<div class=\"elementor-element elementor-element-47f348eb elementor-widget elementor-widget-text-editor\" data-id=\"47f348eb\" data-element_type=\"widget\" data-widget_type=\"text-editor.default\">\n\t\t\t\t<div class=\"elementor-widget-container\">\n\t\t\t\t\t\t\t\t\t<p>Projektu \u201cPieaugu\u0161o izgl\u012btot\u0101ja misija: dot izgl\u012btojamajam sp\u0101rnus\u201d izstr\u0101d\u0101ja piecu pieaugu\u0161o izgl\u012bt\u012bbas iest\u0101\u017eu konsorcijs: Lietuvas Pieaugu\u0161o izgl\u012bt\u012bbas asoci\u0101cija (LS\u0160A), Kau\u0146as re\u0123iona izgl\u012bt\u012bbas centrs, Pa\u0146eve\u017eas rajona izgl\u012bt\u012bbas centrs, Dz\u012bves un tic\u012bbas instit\u016bts un Rasei\u0146u rajona Izgl\u012bt\u012bbas pal\u012bdz\u012bbas dienests.<\/p>\t\t\t\t\t\t\t\t<\/div>\n\t\t\t\t<\/div>\n\t\t\t\t<div class=\"elementor-element elementor-element-61a81052 elementor-widget elementor-widget-text-editor\" data-id=\"61a81052\" data-element_type=\"widget\" data-widget_type=\"text-editor.default\">\n\t\t\t\t<div class=\"elementor-widget-container\">\n\t\t\t\t\t<div class=\"bb-theme-elementor-wrap bb-elementor-custom-family\">\t\t\t\t<p>Projekts izstr\u0101d\u0101ts, atbildot uz m\u016bsdienu pieaugu\u0161o izgl\u012btot\u0101jam (andragogam) izvirz\u012btaj\u0101m pras\u012bb\u0101m, kas aprakst\u012btas ES un Lietuvas strat\u0113\u0123iskajos izgl\u012bt\u012bbas politiku dokumentos. <\/p>\t\t\t\t<\/div>\t\t\t\t<\/div>\n\t\t\t\t<\/div>\n\t\t\t\t<div class=\"elementor-element elementor-element-727e4d5d elementor-widget elementor-widget-text-editor\" data-id=\"727e4d5d\" data-element_type=\"widget\" data-widget_type=\"text-editor.default\">\n\t\t\t\t<div class=\"elementor-widget-container\">\n\t\t\t\t\t<div class=\"bb-theme-elementor-wrap bb-elementor-custom-family\">\t\t\t\t<p>Konsorcija nodro\u0161in\u0101t\u0101s mobilit\u0101tes m\u0113r\u0137is ir paaugstin\u0101t pieaugu\u0161o izgl\u012btojamo m\u0101c\u012b\u0161an\u0101s kvalit\u0101ti, paaugstinot Konsorcija organiz\u0101ciju person\u0101la kompetenci tr\u012bs jom\u0101s:<\/p><ul><li>Pieaugu\u0161o izgl\u012btojamo iesp\u0113ju un vi\u0146u pa\u0161m\u0101c\u012bbas sp\u0113ju palielin\u0101\u0161ana;<\/li><li>M\u0101c\u012bbu metodes un formas pieaugu\u0161o izgl\u012btojamiem ar da\u017e\u0101d\u0101m m\u0101c\u012bbu vajadz\u012bb\u0101m, da\u017e\u0101du motiv\u0101ciju un iepriek\u0161\u0113jo m\u0101c\u012bbu pieredzi;<\/li><li>Konsult\u0101cijas par karjeru att\u012bst\u012bbu, dz\u012bvi, t\u0101l\u0101kizgl\u012bt\u012bbu un profesion\u0101las pal\u012bdz\u012bbas snieg\u0161anu.<\/li><\/ul><p>Projekta ideja, \u012bsteno\u0161ana un rezult\u0101ts ir izplat\u012bts LS\u0160A un LS\u0160A Facebook m\u0101jas lap\u0101, Konsorcija partneru t\u012bmek\u013ca vietn\u0113s un Facebook, k\u0101 ar\u012b viet\u0113jos, re\u0123ion\u0101lajos un nacion\u0101lajos medijos u n EPALE.<\/p>\t\t\t\t<\/div>\t\t\t\t<\/div>\n\t\t\t\t<\/div>\n\t\t\t\t\t<\/div>\n\t\t<\/div>\n\t\t\t\t\t<\/div>\n\t\t<\/section>\n\t\t\t\t<section class=\"elementor-section elementor-top-section elementor-element elementor-element-62183769 elementor-section-boxed elementor-section-height-default elementor-section-height-default\" data-id=\"62183769\" data-element_type=\"section\">\n\t\t\t\t\t\t<div class=\"elementor-container elementor-column-gap-default\">\n\t\t\t\t\t<div class=\"elementor-column elementor-col-100 elementor-top-column elementor-element elementor-element-7c6a0626\" data-id=\"7c6a0626\" data-element_type=\"column\">\n\t\t\t<div class=\"elementor-widget-wrap elementor-element-populated\">\n\t\t\t\t\t\t<div class=\"elementor-element elementor-element-89e048a elementor-widget-divider--view-line elementor-widget elementor-widget-divider\" data-id=\"89e048a\" data-element_type=\"widget\" data-widget_type=\"divider.default\">\n\t\t\t\t<div class=\"elementor-widget-container\">\n\t\t\t\t\t\t\t<div class=\"elementor-divider\">\n\t\t\t<span class=\"elementor-divider-separator\">\n\t\t\t\t\t\t<\/span>\n\t\t<\/div>\n\t\t\t\t\t\t<\/div>\n\t\t\t\t<\/div>\n\t\t\t\t\t<\/div>\n\t\t<\/div>\n\t\t\t\t\t<\/div>\n\t\t<\/section>\n\t\t\t\t<section class=\"elementor-section elementor-top-section elementor-element elementor-element-11bf499c elementor-section-boxed elementor-section-height-default elementor-section-height-default\" data-id=\"11bf499c\" data-element_type=\"section\">\n\t\t\t\t\t\t<div class=\"elementor-container elementor-column-gap-default\">\n\t\t\t\t\t<div class=\"elementor-column elementor-col-50 elementor-top-column elementor-element elementor-element-dcd45b7\" data-id=\"dcd45b7\" data-element_type=\"column\">\n\t\t\t<div class=\"elementor-widget-wrap elementor-element-populated\">\n\t\t\t\t\t\t<div class=\"elementor-element elementor-element-249f79cc elementor-widget elementor-widget-text-editor\" data-id=\"249f79cc\" data-element_type=\"widget\" data-widget_type=\"text-editor.default\">\n\t\t\t\t<div class=\"elementor-widget-container\">\n\t\t\t\t\t<div class=\"bb-theme-elementor-wrap bb-elementor-custom-family\">\t\t\t\t<h3><strong>Izgl\u012btoti pasniedz\u0113ji, sp\u0113c\u012bg\u0101kas kooperat\u012bvas strat\u0113\u0123isk\u0101s partner\u012bbas<\/strong><\/h3>\t\t\t\t<\/div>\t\t\t\t<\/div>\n\t\t\t\t<\/div>\n\t\t\t\t<div class=\"elementor-element elementor-element-1f19b63e elementor-widget elementor-widget-text-editor\" data-id=\"1f19b63e\" data-element_type=\"widget\" data-widget_type=\"text-editor.default\">\n\t\t\t\t<div class=\"elementor-widget-container\">\n\t\t\t\t\t<div class=\"bb-theme-elementor-wrap bb-elementor-custom-family\">\t\t\t\t<p>Projekts ir pieaugu\u0161o izgl\u012bt\u012bbas lab\u0101s prakses piem\u0113rs, kur kop\u0101 str\u0101d\u0101ja valsts un nevalstisk\u0101s organiz\u0101cijas. Projekta m\u0113r\u0137is  un rezult\u0101ti ir v\u0113rsti uz pieaugu\u0161o izgl\u012bt\u012bbu.<\/p>\t\t\t\t<\/div>\t\t\t\t<\/div>\n\t\t\t\t<\/div>\n\t\t\t\t\t<\/div>\n\t\t<\/div>\n\t\t\t\t<div class=\"elementor-column elementor-col-50 elementor-top-column elementor-element elementor-element-3d924050\" data-id=\"3d924050\" data-element_type=\"column\">\n\t\t\t<div class=\"elementor-widget-wrap elementor-element-populated\">\n\t\t\t\t\t\t<div class=\"elementor-element elementor-element-63f091d8 elementor-widget elementor-widget-image\" data-id=\"63f091d8\" data-element_type=\"widget\" data-widget_type=\"image.default\">\n\t\t\t\t<div class=\"elementor-widget-container\">\n\t\t\t\t\t\t\t\t\t\t\t\t\t\t\t<img decoding=\"async\" width=\"640\" height=\"480\" src=\"https:\/\/educatehub.eu\/wp-content\/uploads\/2023\/01\/sebastien-bonneval-UIpFY1Umamw-unsplash-1024x768.jpg\" class=\"attachment-large size-large wp-image-838\" alt=\"\" srcset=\"https:\/\/educatehub.eu\/wp-content\/uploads\/2023\/01\/sebastien-bonneval-UIpFY1Umamw-unsplash-1024x768.jpg 1024w, https:\/\/educatehub.eu\/wp-content\/uploads\/2023\/01\/sebastien-bonneval-UIpFY1Umamw-unsplash-300x225.jpg 300w, https:\/\/educatehub.eu\/wp-content\/uploads\/2023\/01\/sebastien-bonneval-UIpFY1Umamw-unsplash-768x576.jpg 768w, https:\/\/educatehub.eu\/wp-content\/uploads\/2023\/01\/sebastien-bonneval-UIpFY1Umamw-unsplash-1536x1152.jpg 1536w, https:\/\/educatehub.eu\/wp-content\/uploads\/2023\/01\/sebastien-bonneval-UIpFY1Umamw-unsplash-16x12.jpg 16w, https:\/\/educatehub.eu\/wp-content\/uploads\/2023\/01\/sebastien-bonneval-UIpFY1Umamw-unsplash-624x468.jpg 624w, https:\/\/educatehub.eu\/wp-content\/uploads\/2023\/01\/sebastien-bonneval-UIpFY1Umamw-unsplash.jpg 1920w\" sizes=\"(max-width: 640px) 100vw, 640px\" \/>\t\t\t\t\t\t\t\t\t\t\t\t\t\t\t<\/div>\n\t\t\t\t<\/div>\n\t\t\t\t\t<\/div>\n\t\t<\/div>\n\t\t\t\t\t<\/div>\n\t\t<\/section>\n\t\t\t\t<section class=\"elementor-section elementor-top-section elementor-element elementor-element-16aa61f3 elementor-section-boxed elementor-section-height-default elementor-section-height-default\" data-id=\"16aa61f3\" data-element_type=\"section\">\n\t\t\t\t\t\t<div class=\"elementor-container elementor-column-gap-default\">\n\t\t\t\t\t<div class=\"elementor-column elementor-col-100 elementor-top-column elementor-element elementor-element-1c109caf\" data-id=\"1c109caf\" data-element_type=\"column\">\n\t\t\t<div class=\"elementor-widget-wrap elementor-element-populated\">\n\t\t\t\t\t\t<div class=\"elementor-element elementor-element-73904ca9 elementor-widget-divider--view-line elementor-widget elementor-widget-divider\" data-id=\"73904ca9\" data-element_type=\"widget\" data-widget_type=\"divider.default\">\n\t\t\t\t<div class=\"elementor-widget-container\">\n\t\t\t\t\t\t\t<div class=\"elementor-divider\">\n\t\t\t<span class=\"elementor-divider-separator\">\n\t\t\t\t\t\t<\/span>\n\t\t<\/div>\n\t\t\t\t\t\t<\/div>\n\t\t\t\t<\/div>\n\t\t\t\t\t<\/div>\n\t\t<\/div>\n\t\t\t\t\t<\/div>\n\t\t<\/section>\n\t\t\t\t<section class=\"elementor-section elementor-top-section elementor-element elementor-element-43993832 elementor-section-boxed elementor-section-height-default elementor-section-height-default\" data-id=\"43993832\" data-element_type=\"section\">\n\t\t\t\t\t\t<div class=\"elementor-container elementor-column-gap-default\">\n\t\t\t\t\t<div class=\"elementor-column elementor-col-50 elementor-top-column elementor-element elementor-element-1820ec4d\" data-id=\"1820ec4d\" data-element_type=\"column\">\n\t\t\t<div class=\"elementor-widget-wrap elementor-element-populated\">\n\t\t\t\t\t\t<div class=\"elementor-element elementor-element-2ac42278 elementor-widget elementor-widget-image\" data-id=\"2ac42278\" data-element_type=\"widget\" data-widget_type=\"image.default\">\n\t\t\t\t<div class=\"elementor-widget-container\">\n\t\t\t\t\t\t\t\t\t\t\t\t\t\t\t<img decoding=\"async\" width=\"640\" height=\"960\" src=\"https:\/\/educatehub.eu\/wp-content\/uploads\/2023\/01\/kelly-sikkema-K5dAn1gOFEc-unsplash-683x1024.jpg\" class=\"attachment-large size-large wp-image-724\" alt=\"\" srcset=\"https:\/\/educatehub.eu\/wp-content\/uploads\/2023\/01\/kelly-sikkema-K5dAn1gOFEc-unsplash-683x1024.jpg 683w, https:\/\/educatehub.eu\/wp-content\/uploads\/2023\/01\/kelly-sikkema-K5dAn1gOFEc-unsplash-200x300.jpg 200w, https:\/\/educatehub.eu\/wp-content\/uploads\/2023\/01\/kelly-sikkema-K5dAn1gOFEc-unsplash-768x1152.jpg 768w, https:\/\/educatehub.eu\/wp-content\/uploads\/2023\/01\/kelly-sikkema-K5dAn1gOFEc-unsplash-1024x1536.jpg 1024w, https:\/\/educatehub.eu\/wp-content\/uploads\/2023\/01\/kelly-sikkema-K5dAn1gOFEc-unsplash-1365x2048.jpg 1365w, https:\/\/educatehub.eu\/wp-content\/uploads\/2023\/01\/kelly-sikkema-K5dAn1gOFEc-unsplash-8x12.jpg 8w, https:\/\/educatehub.eu\/wp-content\/uploads\/2023\/01\/kelly-sikkema-K5dAn1gOFEc-unsplash-624x936.jpg 624w, https:\/\/educatehub.eu\/wp-content\/uploads\/2023\/01\/kelly-sikkema-K5dAn1gOFEc-unsplash-scaled.jpg 1707w\" sizes=\"(max-width: 640px) 100vw, 640px\" \/>\t\t\t\t\t\t\t\t\t\t\t\t\t\t\t<\/div>\n\t\t\t\t<\/div>\n\t\t\t\t\t<\/div>\n\t\t<\/div>\n\t\t\t\t<div class=\"elementor-column elementor-col-50 elementor-top-column elementor-element elementor-element-2b2bc700\" data-id=\"2b2bc700\" data-element_type=\"column\">\n\t\t\t<div class=\"elementor-widget-wrap elementor-element-populated\">\n\t\t\t\t\t\t<div class=\"elementor-element elementor-element-29b4b024 elementor-widget elementor-widget-text-editor\" data-id=\"29b4b024\" data-element_type=\"widget\" data-widget_type=\"text-editor.default\">\n\t\t\t\t<div class=\"elementor-widget-container\">\n\t\t\t\t\t<div class=\"bb-theme-elementor-wrap bb-elementor-custom-family\">\t\t\t\t<h3><strong>Projekts \u201cKvalit\u0101tes nodro\u0161in\u0101\u0161ana pieaugu\u0161o izgl\u012bt\u012bb\u0101\u201d<\/strong><\/h3><p>\u0160\u012b Nordplus projekta m\u0113r\u0137is ir pilnveidot un att\u012bst\u012bt kvalit\u0101tes akredit\u0101cijas sist\u0113mu (EQM - Eiropas kvalit\u0101tes z\u012bmi) pieaugu\u0161o neform\u0101l\u0101s izgl\u012bt\u012bbas nodro\u0161in\u0101t\u0101jiem. M\u0113s ar\u012b pl\u0101nojam p\u0101rskat\u012bt un uzlabot standartus, krit\u0113rijus un akredit\u0101cijas procesu, lai EQM kopum\u0101 b\u016btu atjaunin\u0101ta ar jaunu ieteikumu sist\u0113mu par pieaugu\u0161o izgl\u012bt\u012bbas kvalit\u0101ti, ko 2013. gada oktobr\u012b ar ES Komisijas pilnvarojumu uzs\u0101ka tematisk\u0101 darba grupa, lai uzlabotu kvalit\u0101ti pieaugu\u0161o izgl\u012bt\u012bb\u0101.<\/p>\t\t\t\t<\/div>\t\t\t\t<\/div>\n\t\t\t\t<\/div>\n\t\t\t\t<div class=\"elementor-element elementor-element-35164d04 elementor-widget elementor-widget-text-editor\" data-id=\"35164d04\" data-element_type=\"widget\" data-widget_type=\"text-editor.default\">\n\t\t\t\t<div class=\"elementor-widget-container\">\n\t\t\t\t\t<div class=\"bb-theme-elementor-wrap bb-elementor-custom-family\">\t\t\t\t<p>Da\u013ca no uzlabojumiem b\u016bs m\u0101c\u012bbu kursa izveide \u0101r\u0113jiem v\u0113rt\u0113t\u0101jiem\/instruktoriem, jo vi\u0146u uzdevums ir ne tikai nov\u0113rt\u0113t m\u0101c\u012bbu atbilst\u012bbu EQM standartiem un krit\u0113rijiem, bet ar\u012b atbalst\u012bt m\u0101c\u012bbu pied\u0101v\u0101t\u0101ju darba kvalit\u0101tes uzlabo\u0161anu un veidot ilgtsp\u0113j\u012bgu kvalit\u0101tes kult\u016bru m\u0101c\u012bbu nodro\u0161in\u0101t\u0101ja organiz\u0101cij\u0101.<\/p>\t\t\t\t<\/div>\t\t\t\t<\/div>\n\t\t\t\t<\/div>\n\t\t\t\t\t<\/div>\n\t\t<\/div>\n\t\t\t\t\t<\/div>\n\t\t<\/section>\n\t\t\t\t<section class=\"elementor-section elementor-top-section elementor-element elementor-element-20cf5f6e elementor-section-boxed elementor-section-height-default elementor-section-height-default\" data-id=\"20cf5f6e\" data-element_type=\"section\">\n\t\t\t\t\t\t<div class=\"elementor-container elementor-column-gap-default\">\n\t\t\t\t\t<div class=\"elementor-column elementor-col-100 elementor-top-column elementor-element elementor-element-58777ffc\" data-id=\"58777ffc\" data-element_type=\"column\">\n\t\t\t<div class=\"elementor-widget-wrap\">\n\t\t\t\t\t\t\t<\/div>\n\t\t<\/div>\n\t\t\t\t\t<\/div>\n\t\t<\/section>\n\t\t\t\t<section class=\"elementor-section elementor-top-section elementor-element elementor-element-594ff4d7 elementor-section-boxed elementor-section-height-default elementor-section-height-default\" data-id=\"594ff4d7\" data-element_type=\"section\" data-settings=\"{&quot;background_background&quot;:&quot;classic&quot;}\">\n\t\t\t\t\t\t<div class=\"elementor-container elementor-column-gap-default\">\n\t\t\t\t\t<div class=\"elementor-column elementor-col-100 elementor-top-column elementor-element elementor-element-25668fe8\" data-id=\"25668fe8\" data-element_type=\"column\" data-settings=\"{&quot;background_background&quot;:&quot;classic&quot;}\">\n\t\t\t<div class=\"elementor-widget-wrap elementor-element-populated\">\n\t\t\t\t\t\t<section class=\"elementor-section elementor-inner-section elementor-element elementor-element-5900f228 elementor-section-content-middle elementor-section-boxed elementor-section-height-default elementor-section-height-default\" data-id=\"5900f228\" data-element_type=\"section\">\n\t\t\t\t\t\t<div class=\"elementor-container elementor-column-gap-default\">\n\t\t\t\t\t<div class=\"elementor-column elementor-col-50 elementor-inner-column elementor-element elementor-element-557ac0b9\" data-id=\"557ac0b9\" data-element_type=\"column\">\n\t\t\t<div class=\"elementor-widget-wrap elementor-element-populated\">\n\t\t\t\t\t\t<div class=\"elementor-element elementor-element-210cb97e elementor-widget elementor-widget-heading\" data-id=\"210cb97e\" data-element_type=\"widget\" data-widget_type=\"heading.default\">\n\t\t\t\t<div class=\"elementor-widget-container\">\n\t\t\t\t\t<h3 class=\"elementor-heading-title elementor-size-default\">Vai j\u016bs interes\u0113 vair\u0101k?<\/h3>\t\t\t\t<\/div>\n\t\t\t\t<\/div>\n\t\t\t\t<div class=\"elementor-element elementor-element-2db7215d elementor-widget elementor-widget-text-editor\" data-id=\"2db7215d\" data-element_type=\"widget\" data-widget_type=\"text-editor.default\">\n\t\t\t\t<div class=\"elementor-widget-container\">\n\t\t\t\t\t\t\t\t\t<p>Re\u0123istr\u0113jieties BEZMAKSAS un izlasiet detaliz\u0113tus aprakstus par lab\u0101ko praksi no 6 valst\u012bm!\u00a0<\/p>\t\t\t\t\t\t\t\t<\/div>\n\t\t\t\t<\/div>\n\t\t\t\t\t<\/div>\n\t\t<\/div>\n\t\t\t\t<div class=\"elementor-column elementor-col-50 elementor-inner-column elementor-element elementor-element-711bb2eb\" data-id=\"711bb2eb\" data-element_type=\"column\">\n\t\t\t<div class=\"elementor-widget-wrap elementor-element-populated\">\n\t\t\t\t\t\t<div class=\"elementor-element elementor-element-62a356c elementor-align-center elementor-tablet-align-center elementor-widget elementor-widget-button\" data-id=\"62a356c\" data-element_type=\"widget\" data-widget_type=\"button.default\">\n\t\t\t\t<div class=\"elementor-widget-container\">\n\t\t\t\t\t\t\t\t\t<div class=\"elementor-button-wrapper\">\n\t\t\t\t\t<a class=\"elementor-button elementor-button-link elementor-size-sm elementor-animation-float\" href=\"\/lv\/register\/\">\n\t\t\t\t\t\t<span class=\"elementor-button-content-wrapper\">\n\t\t\t\t\t\t\t\t\t<span class=\"elementor-button-text\">RE\u0122ISTR\u0112TIES<\/span>\n\t\t\t\t\t<\/span>\n\t\t\t\t\t<\/a>\n\t\t\t\t<\/div>\n\t\t\t\t\t\t\t\t<\/div>\n\t\t\t\t<\/div>\n\t\t\t\t\t<\/div>\n\t\t<\/div>\n\t\t\t\t\t<\/div>\n\t\t<\/section>\n\t\t\t\t\t<\/div>\n\t\t<\/div>\n\t\t\t\t\t<\/div>\n\t\t<\/section>\n\t\t\t\t<\/div>","protected":false},"excerpt":{"rendered":"<p>The project \u201cAdult educator\u2019s mission: give the learner wings\u201d The project \u201cAdult educator\u2019s mission: give the learner wings\u201d is prepared by the consortium of five&hellip;<\/p>","protected":false},"author":1,"featured_media":0,"parent":0,"menu_order":0,"comment_status":"closed","ping_status":"closed","template":"","meta":{"footnotes":""},"class_list":["post-741","page","type-page","status-publish","hentry"],"_links":{"self":[{"href":"https:\/\/educatehub.eu\/lv\/wp-json\/wp\/v2\/pages\/741","targetHints":{"allow":["GET"]}}],"collection":[{"href":"https:\/\/educatehub.eu\/lv\/wp-json\/wp\/v2\/pages"}],"about":[{"href":"https:\/\/educatehub.eu\/lv\/wp-json\/wp\/v2\/types\/page"}],"author":[{"embeddable":true,"href":"https:\/\/educatehub.eu\/lv\/wp-json\/wp\/v2\/users\/1"}],"replies":[{"embeddable":true,"href":"https:\/\/educatehub.eu\/lv\/wp-json\/wp\/v2\/comments?post=741"}],"version-history":[{"count":26,"href":"https:\/\/educatehub.eu\/lv\/wp-json\/wp\/v2\/pages\/741\/revisions"}],"predecessor-version":[{"id":2432,"href":"https:\/\/educatehub.eu\/lv\/wp-json\/wp\/v2\/pages\/741\/revisions\/2432"}],"wp:attachment":[{"href":"https:\/\/educatehub.eu\/lv\/wp-json\/wp\/v2\/media?parent=741"}],"curies":[{"name":"wp","href":"https:\/\/api.w.org\/{rel}","templated":true}]}}