{"id":770,"date":"2023-01-08T18:37:21","date_gmt":"2023-01-08T18:37:21","guid":{"rendered":"https:\/\/educatehub.eu\/?page_id=770"},"modified":"2023-10-12T16:21:58","modified_gmt":"2023-10-12T14:21:58","slug":"best-practices-entrepreneurship","status":"publish","type":"page","link":"https:\/\/educatehub.eu\/lv\/best-practices-entrepreneurship\/","title":{"rendered":"Best Practices &#8211; Entrepreneurship and Employment Skills"},"content":{"rendered":"<div data-elementor-type=\"wp-page\" data-elementor-id=\"770\" class=\"elementor elementor-770\" data-elementor-post-type=\"page\">\n\t\t\t\t\t\t<section class=\"elementor-section elementor-top-section elementor-element elementor-element-249a9b6 elementor-section-boxed elementor-section-height-default elementor-section-height-default\" data-id=\"249a9b6\" data-element_type=\"section\">\n\t\t\t\t\t\t<div class=\"elementor-container elementor-column-gap-default\">\n\t\t\t\t\t<div class=\"elementor-column elementor-col-50 elementor-top-column elementor-element elementor-element-597c969f\" data-id=\"597c969f\" data-element_type=\"column\">\n\t\t\t<div class=\"elementor-widget-wrap elementor-element-populated\">\n\t\t\t\t\t\t<div class=\"elementor-element elementor-element-3a1c0e86 elementor-widget elementor-widget-text-editor\" data-id=\"3a1c0e86\" data-element_type=\"widget\" data-widget_type=\"text-editor.default\">\n\t\t\t\t<div class=\"elementor-widget-container\">\n\t\t\t\t\t<div class=\"bb-theme-elementor-wrap bb-elementor-custom-family\">\t\t\t\t<h3><strong>Uz\u0146\u0113m\u0113jdarb\u012bbas stiprin\u0101\u0161ana pieaugu\u0161ajiem (REAL)<\/strong><\/h3>\t\t\t\t<\/div>\t\t\t\t<\/div>\n\t\t\t\t<\/div>\n\t\t\t\t<div class=\"elementor-element elementor-element-1bfa7cb8 elementor-widget elementor-widget-text-editor\" data-id=\"1bfa7cb8\" data-element_type=\"widget\" data-widget_type=\"text-editor.default\">\n\t\t\t\t<div class=\"elementor-widget-container\">\n\t\t\t\t\t<div class=\"bb-theme-elementor-wrap bb-elementor-custom-family\">\t\t\t\t<p>REAL projekta m\u0113r\u0137is ir veicin\u0101t absolventu bezdarbnieku integr\u0101ciju darba tirg\u016b, paaugstinot vi\u0146u uz\u0146\u0113m\u0113jdarb\u012bbas prasmes un kompetences.<\/p>\t\t\t\t<\/div>\t\t\t\t<\/div>\n\t\t\t\t<\/div>\n\t\t\t\t\t<\/div>\n\t\t<\/div>\n\t\t\t\t<div class=\"elementor-column elementor-col-50 elementor-top-column elementor-element elementor-element-4bcd342c\" data-id=\"4bcd342c\" data-element_type=\"column\">\n\t\t\t<div class=\"elementor-widget-wrap elementor-element-populated\">\n\t\t\t\t\t\t<div class=\"elementor-element elementor-element-4dccc32b elementor-widget elementor-widget-image\" data-id=\"4dccc32b\" data-element_type=\"widget\" data-widget_type=\"image.default\">\n\t\t\t\t<div class=\"elementor-widget-container\">\n\t\t\t\t\t\t\t\t\t\t\t\t\t\t\t<img fetchpriority=\"high\" decoding=\"async\" width=\"640\" height=\"427\" src=\"https:\/\/educatehub.eu\/wp-content\/uploads\/2023\/01\/microsoft-365-MFK0JpFU13U-unsplash-1024x683.jpg\" class=\"attachment-large size-large wp-image-846\" alt=\"\" srcset=\"https:\/\/educatehub.eu\/wp-content\/uploads\/2023\/01\/microsoft-365-MFK0JpFU13U-unsplash-1024x683.jpg 1024w, https:\/\/educatehub.eu\/wp-content\/uploads\/2023\/01\/microsoft-365-MFK0JpFU13U-unsplash-300x200.jpg 300w, https:\/\/educatehub.eu\/wp-content\/uploads\/2023\/01\/microsoft-365-MFK0JpFU13U-unsplash-768x512.jpg 768w, https:\/\/educatehub.eu\/wp-content\/uploads\/2023\/01\/microsoft-365-MFK0JpFU13U-unsplash-1536x1024.jpg 1536w, https:\/\/educatehub.eu\/wp-content\/uploads\/2023\/01\/microsoft-365-MFK0JpFU13U-unsplash-18x12.jpg 18w, https:\/\/educatehub.eu\/wp-content\/uploads\/2023\/01\/microsoft-365-MFK0JpFU13U-unsplash-624x416.jpg 624w, https:\/\/educatehub.eu\/wp-content\/uploads\/2023\/01\/microsoft-365-MFK0JpFU13U-unsplash.jpg 1920w\" sizes=\"(max-width: 640px) 100vw, 640px\" \/>\t\t\t\t\t\t\t\t\t\t\t\t\t\t\t<\/div>\n\t\t\t\t<\/div>\n\t\t\t\t\t<\/div>\n\t\t<\/div>\n\t\t\t\t\t<\/div>\n\t\t<\/section>\n\t\t\t\t<section class=\"elementor-section elementor-top-section elementor-element elementor-element-7be05876 elementor-section-boxed elementor-section-height-default elementor-section-height-default\" data-id=\"7be05876\" data-element_type=\"section\">\n\t\t\t\t\t\t<div class=\"elementor-container elementor-column-gap-default\">\n\t\t\t\t\t<div class=\"elementor-column elementor-col-100 elementor-top-column elementor-element elementor-element-67435258\" data-id=\"67435258\" data-element_type=\"column\">\n\t\t\t<div class=\"elementor-widget-wrap elementor-element-populated\">\n\t\t\t\t\t\t<div class=\"elementor-element elementor-element-7b326aec elementor-widget-divider--view-line elementor-widget elementor-widget-divider\" data-id=\"7b326aec\" data-element_type=\"widget\" data-widget_type=\"divider.default\">\n\t\t\t\t<div class=\"elementor-widget-container\">\n\t\t\t\t\t\t\t<div class=\"elementor-divider\">\n\t\t\t<span class=\"elementor-divider-separator\">\n\t\t\t\t\t\t<\/span>\n\t\t<\/div>\n\t\t\t\t\t\t<\/div>\n\t\t\t\t<\/div>\n\t\t\t\t\t<\/div>\n\t\t<\/div>\n\t\t\t\t\t<\/div>\n\t\t<\/section>\n\t\t\t\t<section class=\"elementor-section elementor-top-section elementor-element elementor-element-90dda6c elementor-section-boxed elementor-section-height-default elementor-section-height-default\" data-id=\"90dda6c\" data-element_type=\"section\">\n\t\t\t\t\t\t<div class=\"elementor-container elementor-column-gap-default\">\n\t\t\t\t\t<div class=\"elementor-column elementor-col-50 elementor-top-column elementor-element elementor-element-5f221366\" data-id=\"5f221366\" data-element_type=\"column\">\n\t\t\t<div class=\"elementor-widget-wrap elementor-element-populated\">\n\t\t\t\t\t\t<div class=\"elementor-element elementor-element-37ba4c98 elementor-widget elementor-widget-image\" data-id=\"37ba4c98\" data-element_type=\"widget\" data-widget_type=\"image.default\">\n\t\t\t\t<div class=\"elementor-widget-container\">\n\t\t\t\t\t\t\t\t\t\t\t\t\t\t\t<img decoding=\"async\" width=\"640\" height=\"429\" src=\"https:\/\/educatehub.eu\/wp-content\/uploads\/2023\/01\/119631574_100462831816019_4097346100368233575_o-1024x687.jpg\" class=\"attachment-large size-large wp-image-826\" alt=\"\" srcset=\"https:\/\/educatehub.eu\/wp-content\/uploads\/2023\/01\/119631574_100462831816019_4097346100368233575_o-1024x687.jpg 1024w, https:\/\/educatehub.eu\/wp-content\/uploads\/2023\/01\/119631574_100462831816019_4097346100368233575_o-300x201.jpg 300w, https:\/\/educatehub.eu\/wp-content\/uploads\/2023\/01\/119631574_100462831816019_4097346100368233575_o-768x515.jpg 768w, https:\/\/educatehub.eu\/wp-content\/uploads\/2023\/01\/119631574_100462831816019_4097346100368233575_o-1536x1031.jpg 1536w, https:\/\/educatehub.eu\/wp-content\/uploads\/2023\/01\/119631574_100462831816019_4097346100368233575_o-18x12.jpg 18w, https:\/\/educatehub.eu\/wp-content\/uploads\/2023\/01\/119631574_100462831816019_4097346100368233575_o-624x419.jpg 624w, https:\/\/educatehub.eu\/wp-content\/uploads\/2023\/01\/119631574_100462831816019_4097346100368233575_o.jpg 2048w\" sizes=\"(max-width: 640px) 100vw, 640px\" \/>\t\t\t\t\t\t\t\t\t\t\t\t\t\t\t<\/div>\n\t\t\t\t<\/div>\n\t\t\t\t\t<\/div>\n\t\t<\/div>\n\t\t\t\t<div class=\"elementor-column elementor-col-50 elementor-top-column elementor-element elementor-element-6a8fcd36\" data-id=\"6a8fcd36\" data-element_type=\"column\">\n\t\t\t<div class=\"elementor-widget-wrap elementor-element-populated\">\n\t\t\t\t\t\t<div class=\"elementor-element elementor-element-5bd6c3f3 elementor-widget elementor-widget-text-editor\" data-id=\"5bd6c3f3\" data-element_type=\"widget\" data-widget_type=\"text-editor.default\">\n\t\t\t\t<div class=\"elementor-widget-container\">\n\t\t\t\t\t<div class=\"bb-theme-elementor-wrap bb-elementor-custom-family\">\t\t\t\t<h3><strong>eDigiStars<\/strong><\/h3>\t\t\t\t<\/div>\t\t\t\t<\/div>\n\t\t\t\t<\/div>\n\t\t\t\t<div class=\"elementor-element elementor-element-5672200d elementor-widget elementor-widget-text-editor\" data-id=\"5672200d\" data-element_type=\"widget\" data-widget_type=\"text-editor.default\">\n\t\t\t\t<div class=\"elementor-widget-container\">\n\t\t\t\t\t\t\t\t\t<p>Projekta m\u0113r\u0137is ir att\u012bst\u012bt ilgtsp\u0113j\u012bgas ekosist\u0113mas, kas sekm\u012bgi p\u0101rv\u0113r\u0161 vec\u0101kus darbiniekus par digit\u0101lajiem pa\u0161nodarbin\u0101tajiem uz\u0146\u0113m\u0113jiem. Tas var notikt ar eDigiStars inovat\u012bv\u0101s sist\u0113mas izstr\u0101di, izm\u0113\u0123in\u0101\u0161anu un ilgtsp\u0113j\u012bbas nodro\u0161in\u0101\u0161anu. Sist\u0113ma sast\u0101v no 3 modu\u013ciem \u2013 POWERYOU, lai dotu iesp\u0113ju vec\u0101ka gadag\u0101juma cilv\u0113kiem b\u016bt digit\u0101li pa\u0161nodarbin\u0101tiem, CAMPUS, lai piel\u0101gotu atbilsto\u0161us kursus \u012bpa\u0161\u0101m vec\u0101ka gadag\u0101juma cilv\u0113ku vajadz\u012bb\u0101m un LABEL, lai sertific\u0113tu gados vec\u0101kus cilv\u0113kus, kuri demonstr\u0113 pietiekami daudz digit\u0101lo prasmju.<\/p>\t\t\t\t\t\t\t\t<\/div>\n\t\t\t\t<\/div>\n\t\t\t\t\t<\/div>\n\t\t<\/div>\n\t\t\t\t\t<\/div>\n\t\t<\/section>\n\t\t\t\t<section class=\"elementor-section elementor-top-section elementor-element elementor-element-26ab1e5b elementor-section-boxed elementor-section-height-default elementor-section-height-default\" data-id=\"26ab1e5b\" data-element_type=\"section\">\n\t\t\t\t\t\t<div class=\"elementor-container elementor-column-gap-default\">\n\t\t\t\t\t<div class=\"elementor-column elementor-col-100 elementor-top-column elementor-element elementor-element-2b79d737\" data-id=\"2b79d737\" data-element_type=\"column\">\n\t\t\t<div class=\"elementor-widget-wrap elementor-element-populated\">\n\t\t\t\t\t\t<div class=\"elementor-element elementor-element-5260c769 elementor-widget-divider--view-line elementor-widget elementor-widget-divider\" data-id=\"5260c769\" data-element_type=\"widget\" data-widget_type=\"divider.default\">\n\t\t\t\t<div class=\"elementor-widget-container\">\n\t\t\t\t\t\t\t<div class=\"elementor-divider\">\n\t\t\t<span class=\"elementor-divider-separator\">\n\t\t\t\t\t\t<\/span>\n\t\t<\/div>\n\t\t\t\t\t\t<\/div>\n\t\t\t\t<\/div>\n\t\t\t\t\t<\/div>\n\t\t<\/div>\n\t\t\t\t\t<\/div>\n\t\t<\/section>\n\t\t\t\t<section class=\"elementor-section elementor-top-section elementor-element elementor-element-160a3fa3 elementor-section-boxed elementor-section-height-default elementor-section-height-default\" data-id=\"160a3fa3\" data-element_type=\"section\">\n\t\t\t\t\t\t<div class=\"elementor-container elementor-column-gap-default\">\n\t\t\t\t\t<div class=\"elementor-column elementor-col-50 elementor-top-column elementor-element elementor-element-29eb51bd\" data-id=\"29eb51bd\" data-element_type=\"column\">\n\t\t\t<div class=\"elementor-widget-wrap elementor-element-populated\">\n\t\t\t\t\t\t<div class=\"elementor-element elementor-element-d814818 elementor-widget elementor-widget-text-editor\" data-id=\"d814818\" data-element_type=\"widget\" data-widget_type=\"text-editor.default\">\n\t\t\t\t<div class=\"elementor-widget-container\">\n\t\t\t\t\t<div class=\"bb-theme-elementor-wrap bb-elementor-custom-family\">\t\t\t\t<h3><strong>InnoSchool<\/strong><\/h3>\t\t\t\t<\/div>\t\t\t\t<\/div>\n\t\t\t\t<\/div>\n\t\t\t\t<div class=\"elementor-element elementor-element-82f3c3d elementor-widget elementor-widget-text-editor\" data-id=\"82f3c3d\" data-element_type=\"widget\" data-widget_type=\"text-editor.default\">\n\t\t\t\t<div class=\"elementor-widget-container\">\n\t\t\t\t\t<div class=\"bb-theme-elementor-wrap bb-elementor-custom-family\">\t\t\t\t<p>Novatoriskas m\u0101c\u012bbu sist\u0113mas izstr\u0101de ar iek\u013caujo\u0161u dizainu un att\u012bst\u012bbu, lai palielin\u0101tu jaunie\u0161u un izgl\u012btojamo, kas vec\u0101ki par 16 gadiem, soci\u0101l\u0101s uz\u0146\u0113m\u0113jdarb\u012bbas prasmes. Galvenais m\u0101c\u012bbu sist\u0113mas elements ir tie\u0161saistes p\u0101rl\u016bkprogrammas lomu sp\u0113le.<\/p>\t\t\t\t<\/div>\t\t\t\t<\/div>\n\t\t\t\t<\/div>\n\t\t\t\t\t<\/div>\n\t\t<\/div>\n\t\t\t\t<div class=\"elementor-column elementor-col-50 elementor-top-column elementor-element elementor-element-29e1bd9f\" data-id=\"29e1bd9f\" data-element_type=\"column\">\n\t\t\t<div class=\"elementor-widget-wrap elementor-element-populated\">\n\t\t\t\t\t\t<div class=\"elementor-element elementor-element-a102099 elementor-widget elementor-widget-image\" data-id=\"a102099\" data-element_type=\"widget\" data-widget_type=\"image.default\">\n\t\t\t\t<div class=\"elementor-widget-container\">\n\t\t\t\t\t\t\t\t\t\t\t\t\t\t\t<img decoding=\"async\" width=\"640\" height=\"299\" src=\"https:\/\/educatehub.eu\/wp-content\/uploads\/2023\/01\/InnoSchool2.0_printscreen_3-1024x479.jpg\" class=\"attachment-large size-large wp-image-825\" alt=\"\" srcset=\"https:\/\/educatehub.eu\/wp-content\/uploads\/2023\/01\/InnoSchool2.0_printscreen_3-1024x479.jpg 1024w, https:\/\/educatehub.eu\/wp-content\/uploads\/2023\/01\/InnoSchool2.0_printscreen_3-300x140.jpg 300w, https:\/\/educatehub.eu\/wp-content\/uploads\/2023\/01\/InnoSchool2.0_printscreen_3-768x360.jpg 768w, https:\/\/educatehub.eu\/wp-content\/uploads\/2023\/01\/InnoSchool2.0_printscreen_3-1536x719.jpg 1536w, https:\/\/educatehub.eu\/wp-content\/uploads\/2023\/01\/InnoSchool2.0_printscreen_3-18x8.jpg 18w, https:\/\/educatehub.eu\/wp-content\/uploads\/2023\/01\/InnoSchool2.0_printscreen_3-624x292.jpg 624w, https:\/\/educatehub.eu\/wp-content\/uploads\/2023\/01\/InnoSchool2.0_printscreen_3.jpg 1920w\" sizes=\"(max-width: 640px) 100vw, 640px\" \/>\t\t\t\t\t\t\t\t\t\t\t\t\t\t\t<\/div>\n\t\t\t\t<\/div>\n\t\t\t\t\t<\/div>\n\t\t<\/div>\n\t\t\t\t\t<\/div>\n\t\t<\/section>\n\t\t\t\t<section class=\"elementor-section elementor-top-section elementor-element elementor-element-3bd296e elementor-section-boxed elementor-section-height-default elementor-section-height-default\" data-id=\"3bd296e\" data-element_type=\"section\">\n\t\t\t\t\t\t<div class=\"elementor-container elementor-column-gap-default\">\n\t\t\t\t\t<div class=\"elementor-column elementor-col-100 elementor-top-column elementor-element elementor-element-104572e6\" data-id=\"104572e6\" data-element_type=\"column\">\n\t\t\t<div class=\"elementor-widget-wrap\">\n\t\t\t\t\t\t\t<\/div>\n\t\t<\/div>\n\t\t\t\t\t<\/div>\n\t\t<\/section>\n\t\t\t\t<section class=\"elementor-section elementor-top-section elementor-element elementor-element-b511c5e elementor-section-boxed elementor-section-height-default elementor-section-height-default\" data-id=\"b511c5e\" data-element_type=\"section\" data-settings=\"{&quot;background_background&quot;:&quot;classic&quot;}\">\n\t\t\t\t\t\t<div class=\"elementor-container elementor-column-gap-default\">\n\t\t\t\t\t<div class=\"elementor-column elementor-col-100 elementor-top-column elementor-element elementor-element-530db6e\" data-id=\"530db6e\" data-element_type=\"column\" data-settings=\"{&quot;background_background&quot;:&quot;classic&quot;}\">\n\t\t\t<div class=\"elementor-widget-wrap elementor-element-populated\">\n\t\t\t\t\t\t<section class=\"elementor-section elementor-inner-section elementor-element elementor-element-1a1bf7e5 elementor-section-content-middle elementor-section-boxed elementor-section-height-default elementor-section-height-default\" data-id=\"1a1bf7e5\" data-element_type=\"section\">\n\t\t\t\t\t\t<div class=\"elementor-container elementor-column-gap-default\">\n\t\t\t\t\t<div class=\"elementor-column elementor-col-50 elementor-inner-column elementor-element elementor-element-7c73c057\" data-id=\"7c73c057\" data-element_type=\"column\">\n\t\t\t<div class=\"elementor-widget-wrap elementor-element-populated\">\n\t\t\t\t\t\t<div class=\"elementor-element elementor-element-4bc64581 elementor-widget elementor-widget-heading\" data-id=\"4bc64581\" data-element_type=\"widget\" data-widget_type=\"heading.default\">\n\t\t\t\t<div class=\"elementor-widget-container\">\n\t\t\t\t\t<h3 class=\"elementor-heading-title elementor-size-default\">Vai j\u016bs interes\u0113 vair\u0101k?<\/h3>\t\t\t\t<\/div>\n\t\t\t\t<\/div>\n\t\t\t\t<div class=\"elementor-element elementor-element-6ec15dbb elementor-widget elementor-widget-text-editor\" data-id=\"6ec15dbb\" data-element_type=\"widget\" data-widget_type=\"text-editor.default\">\n\t\t\t\t<div class=\"elementor-widget-container\">\n\t\t\t\t\t\t\t\t\t<p>Re\u0123istr\u0113jieties BEZMAKSAS un izlasiet detaliz\u0113tus aprakstus par lab\u0101ko praksi no 6 valst\u012bm!\u00a0<\/p>\t\t\t\t\t\t\t\t<\/div>\n\t\t\t\t<\/div>\n\t\t\t\t\t<\/div>\n\t\t<\/div>\n\t\t\t\t<div class=\"elementor-column elementor-col-50 elementor-inner-column elementor-element elementor-element-19ff4dcb\" data-id=\"19ff4dcb\" data-element_type=\"column\">\n\t\t\t<div class=\"elementor-widget-wrap elementor-element-populated\">\n\t\t\t\t\t\t<div class=\"elementor-element elementor-element-14d53e97 elementor-align-center elementor-tablet-align-center elementor-widget elementor-widget-button\" data-id=\"14d53e97\" data-element_type=\"widget\" data-widget_type=\"button.default\">\n\t\t\t\t<div class=\"elementor-widget-container\">\n\t\t\t\t\t\t\t\t\t<div class=\"elementor-button-wrapper\">\n\t\t\t\t\t<a class=\"elementor-button elementor-button-link elementor-size-sm elementor-animation-float\" href=\"\/lv\/register\/\">\n\t\t\t\t\t\t<span class=\"elementor-button-content-wrapper\">\n\t\t\t\t\t\t\t\t\t<span class=\"elementor-button-text\">RE\u0122ISTR\u0112TIES<\/span>\n\t\t\t\t\t<\/span>\n\t\t\t\t\t<\/a>\n\t\t\t\t<\/div>\n\t\t\t\t\t\t\t\t<\/div>\n\t\t\t\t<\/div>\n\t\t\t\t\t<\/div>\n\t\t<\/div>\n\t\t\t\t\t<\/div>\n\t\t<\/section>\n\t\t\t\t\t<\/div>\n\t\t<\/div>\n\t\t\t\t\t<\/div>\n\t\t<\/section>\n\t\t\t\t<\/div>","protected":false},"excerpt":{"rendered":"<p>Reinforcing entrepreneurship in adults The goal of the REAL project is to contribute to the integration of unemployed graduates into the labor market by enhancing&hellip;<\/p>","protected":false},"author":1,"featured_media":0,"parent":0,"menu_order":0,"comment_status":"closed","ping_status":"closed","template":"","meta":{"footnotes":""},"class_list":["post-770","page","type-page","status-publish","hentry"],"_links":{"self":[{"href":"https:\/\/educatehub.eu\/lv\/wp-json\/wp\/v2\/pages\/770","targetHints":{"allow":["GET"]}}],"collection":[{"href":"https:\/\/educatehub.eu\/lv\/wp-json\/wp\/v2\/pages"}],"about":[{"href":"https:\/\/educatehub.eu\/lv\/wp-json\/wp\/v2\/types\/page"}],"author":[{"embeddable":true,"href":"https:\/\/educatehub.eu\/lv\/wp-json\/wp\/v2\/users\/1"}],"replies":[{"embeddable":true,"href":"https:\/\/educatehub.eu\/lv\/wp-json\/wp\/v2\/comments?post=770"}],"version-history":[{"count":29,"href":"https:\/\/educatehub.eu\/lv\/wp-json\/wp\/v2\/pages\/770\/revisions"}],"predecessor-version":[{"id":2407,"href":"https:\/\/educatehub.eu\/lv\/wp-json\/wp\/v2\/pages\/770\/revisions\/2407"}],"wp:attachment":[{"href":"https:\/\/educatehub.eu\/lv\/wp-json\/wp\/v2\/media?parent=770"}],"curies":[{"name":"wp","href":"https:\/\/api.w.org\/{rel}","templated":true}]}}