{"id":822,"date":"2023-01-08T18:53:44","date_gmt":"2023-01-08T18:53:44","guid":{"rendered":"https:\/\/educatehub.eu\/?page_id=822"},"modified":"2023-10-12T16:24:55","modified_gmt":"2023-10-12T14:24:55","slug":"best-practices-community","status":"publish","type":"page","link":"https:\/\/educatehub.eu\/lv\/best-practices-community\/","title":{"rendered":"Best Practices &#8211; Community Engagement and Economic Development"},"content":{"rendered":"<div data-elementor-type=\"wp-page\" data-elementor-id=\"822\" class=\"elementor elementor-822\" data-elementor-post-type=\"page\">\n\t\t\t\t\t\t<section class=\"elementor-section elementor-top-section elementor-element elementor-element-2b381a4b elementor-section-boxed elementor-section-height-default elementor-section-height-default\" data-id=\"2b381a4b\" data-element_type=\"section\">\n\t\t\t\t\t\t<div class=\"elementor-container elementor-column-gap-default\">\n\t\t\t\t\t<div class=\"elementor-column elementor-col-50 elementor-top-column elementor-element elementor-element-1c2d3993\" data-id=\"1c2d3993\" data-element_type=\"column\">\n\t\t\t<div class=\"elementor-widget-wrap elementor-element-populated\">\n\t\t\t\t\t\t<div class=\"elementor-element elementor-element-37aa20be elementor-widget elementor-widget-image\" data-id=\"37aa20be\" data-element_type=\"widget\" data-widget_type=\"image.default\">\n\t\t\t\t<div class=\"elementor-widget-container\">\n\t\t\t\t\t\t\t\t\t\t\t\t\t\t\t<img fetchpriority=\"high\" decoding=\"async\" width=\"640\" height=\"960\" src=\"https:\/\/educatehub.eu\/wp-content\/uploads\/2023\/01\/annie-spratt-MChSQHxGZrQ-unsplash-683x1024.jpg\" class=\"attachment-large size-large wp-image-783\" alt=\"\" srcset=\"https:\/\/educatehub.eu\/wp-content\/uploads\/2023\/01\/annie-spratt-MChSQHxGZrQ-unsplash-683x1024.jpg 683w, https:\/\/educatehub.eu\/wp-content\/uploads\/2023\/01\/annie-spratt-MChSQHxGZrQ-unsplash-200x300.jpg 200w, https:\/\/educatehub.eu\/wp-content\/uploads\/2023\/01\/annie-spratt-MChSQHxGZrQ-unsplash-768x1152.jpg 768w, https:\/\/educatehub.eu\/wp-content\/uploads\/2023\/01\/annie-spratt-MChSQHxGZrQ-unsplash-1024x1536.jpg 1024w, https:\/\/educatehub.eu\/wp-content\/uploads\/2023\/01\/annie-spratt-MChSQHxGZrQ-unsplash-1366x2048.jpg 1366w, https:\/\/educatehub.eu\/wp-content\/uploads\/2023\/01\/annie-spratt-MChSQHxGZrQ-unsplash-8x12.jpg 8w, https:\/\/educatehub.eu\/wp-content\/uploads\/2023\/01\/annie-spratt-MChSQHxGZrQ-unsplash-624x936.jpg 624w, https:\/\/educatehub.eu\/wp-content\/uploads\/2023\/01\/annie-spratt-MChSQHxGZrQ-unsplash-scaled.jpg 1707w\" sizes=\"(max-width: 640px) 100vw, 640px\" \/>\t\t\t\t\t\t\t\t\t\t\t\t\t\t\t<\/div>\n\t\t\t\t<\/div>\n\t\t\t\t<div class=\"elementor-element elementor-element-270afc1d elementor-widget elementor-widget-text-editor\" data-id=\"270afc1d\" data-element_type=\"widget\" data-widget_type=\"text-editor.default\">\n\t\t\t\t<div class=\"elementor-widget-container\">\n\t\t\t\t\t<div class=\"bb-theme-elementor-wrap bb-elementor-custom-family\">\t\t\t\t<p>Ir izstr\u0101d\u0101ti un m\u0113r\u0137grupai tika nodro\u0161in\u0101ti vair\u0101k nek\u0101 50 m\u0101c\u012bbu kursi, saist\u012bti ar \u0161\u0101d\u0101m t\u0113m\u0101m: datu apstr\u0101de, datu anal\u012bze, personas datu aizsardz\u012bba, grafiskie r\u012bki att\u0113lu redi\u0123\u0113\u0161anai, facebook iesp\u0113jas uz\u0146\u0113m\u0113jdarb\u012bbas veicin\u0101\u0161anai, IKT risin\u0101jumi uz\u0146\u0113muma finan\u0161u vad\u012bb\u0101, m\u0101jas lapu izstr\u0101de, m\u0101rketinga kampa\u0146as, soci\u0101lo t\u012bklu m\u0101rketings, IKT dro\u0161\u012bba, datoriz\u0113t\u0101 gr\u0101matved\u012bba, m\u0101ko\u0146a risin\u0101jumi, e-komercija, multimediju r\u012bki, tirgus anal\u012bze, projektu vad\u012bba un citi.<\/p>\t\t\t\t<\/div>\t\t\t\t<\/div>\n\t\t\t\t<\/div>\n\t\t\t\t\t<\/div>\n\t\t<\/div>\n\t\t\t\t<div class=\"elementor-column elementor-col-50 elementor-top-column elementor-element elementor-element-1a527e0d\" data-id=\"1a527e0d\" data-element_type=\"column\">\n\t\t\t<div class=\"elementor-widget-wrap elementor-element-populated\">\n\t\t\t\t\t\t<div class=\"elementor-element elementor-element-7c1b921a elementor-widget elementor-widget-text-editor\" data-id=\"7c1b921a\" data-element_type=\"widget\" data-widget_type=\"text-editor.default\">\n\t\t\t\t<div class=\"elementor-widget-container\">\n\t\t\t\t\t<div class=\"bb-theme-elementor-wrap bb-elementor-custom-family\">\t\t\t\t<h3><strong>\u201cMazo un mikrouz\u0146\u0113mumu m\u0101c\u012bbas inov\u0101cij\u0101m un digit\u0101lo tehnolo\u0123iju att\u012bst\u012bbai Latvij\u0101\u201d<\/strong><\/h3>\t\t\t\t<\/div>\t\t\t\t<\/div>\n\t\t\t\t<\/div>\n\t\t\t\t<div class=\"elementor-element elementor-element-24dd7651 elementor-widget elementor-widget-text-editor\" data-id=\"24dd7651\" data-element_type=\"widget\" data-widget_type=\"text-editor.default\">\n\t\t\t\t<div class=\"elementor-widget-container\">\n\t\t\t\t\t\t\t\t\t<p>Projekta galven\u0101s aktivit\u0101tes, t\u0101tad ar\u012b metodolo\u0123ija, ietver \u0161\u0101dus so\u013cus:<\/p><ul><li>M\u0113r\u0137grupas m\u0101c\u012bbu vajadz\u012bbu anal\u012bze, sadarb\u012bb\u0101 ar LIKTA (Inform\u0101cijas un komunik\u0101ciju tehnolo\u0123iju asoci\u0101cija) un IKT nozares ieinteres\u0113taj\u0101m pus\u0113m, lai nodro\u0161in\u0101tu atbilsto\u0161u m\u0101c\u012bbu programmu, konkr\u0113tus m\u0101c\u012bbu ce\u013cus un noteiktus m\u0101c\u012bbu rezult\u0101tus;<\/li><li>M\u0101c\u012bbu programmu izstr\u0101de par IKT, inovat\u012bv\u0101m tehnolo\u0123ij\u0101m un uz\u0146\u0113m\u0113jdarb\u012bbas att\u012bst\u012bbas t\u0113m\u0101m;<\/li><li>Kompetences nov\u0113rt\u0113\u0161anas testu izstr\u0101de;<\/li><li>M\u0101c\u012bbu nodro\u0161in\u0101\u0161ana mazo un mikro uz\u0146\u0113mumu darbiniekiem un pa\u0161nodarbin\u0101tajiem;<\/li><li>M\u0101c\u012bbu nov\u0113rt\u0113jums, ieskaitot izgl\u012btojamo anketu nov\u0113rt\u0113jumu (nov\u0113rt\u0113jot m\u0101c\u012bbu organiz\u0101ciju, norisi, atbilst\u012bbu, lektoru kompetenci) un m\u0101c\u012bbu rezult\u0101tu m\u0113r\u012b\u0161anu un nov\u0113rt\u0113\u0161anu ar datoriz\u0113tu, uz scen\u0101riju balst\u012btu kompeten\u010du nov\u0113rt\u0113\u0161anas testu.<\/li><\/ul>\t\t\t\t\t\t\t\t<\/div>\n\t\t\t\t<\/div>\n\t\t\t\t<div class=\"elementor-element elementor-element-5cf069ae elementor-widget elementor-widget-text-editor\" data-id=\"5cf069ae\" data-element_type=\"widget\" data-widget_type=\"text-editor.default\">\n\t\t\t\t<div class=\"elementor-widget-container\">\n\t\t\t\t\t<div class=\"bb-theme-elementor-wrap bb-elementor-custom-family\">\t\t\t\t<p>Visi m\u0101c\u012bbu kursi ir saist\u012bti ar digit\u0101laj\u0101m tehnolo\u0123ij\u0101m, r\u012bkiem, IKT risin\u0101jumiem un digitaliz\u0101cijas procesiem, lai efekt\u012bvi veiktu uzdevumus vai organiz\u0113tu un vad\u012btu procesus, kas saist\u012bti ar iepriek\u0161 (un daudziem citiem) min\u0113taj\u0101m t\u0113m\u0101m. M\u0101c\u012bbas notiek kl\u0101tien\u0113 vai att\u0101lin\u0101ti, izmantojot MS Teams, k\u0101 ar\u012b tiek nodro\u0161in\u0101ta piek\u013cuve m\u0101c\u012bbu vad\u012bbas sist\u0113mai, lai piek\u013c\u016btu papildu e-m\u0101c\u012bbu materi\u0101liem.<\/p>\t\t\t\t<\/div>\t\t\t\t<\/div>\n\t\t\t\t<\/div>\n\t\t\t\t\t<\/div>\n\t\t<\/div>\n\t\t\t\t\t<\/div>\n\t\t<\/section>\n\t\t\t\t<section class=\"elementor-section elementor-top-section elementor-element elementor-element-3f4ce0b3 elementor-section-boxed elementor-section-height-default elementor-section-height-default\" data-id=\"3f4ce0b3\" data-element_type=\"section\">\n\t\t\t\t\t\t<div class=\"elementor-container elementor-column-gap-default\">\n\t\t\t\t\t<div class=\"elementor-column elementor-col-100 elementor-top-column elementor-element elementor-element-48395fc9\" data-id=\"48395fc9\" data-element_type=\"column\">\n\t\t\t<div class=\"elementor-widget-wrap elementor-element-populated\">\n\t\t\t\t\t\t<div class=\"elementor-element elementor-element-7f2c2d1a elementor-widget-divider--view-line elementor-widget elementor-widget-divider\" data-id=\"7f2c2d1a\" data-element_type=\"widget\" data-widget_type=\"divider.default\">\n\t\t\t\t<div class=\"elementor-widget-container\">\n\t\t\t\t\t\t\t<div class=\"elementor-divider\">\n\t\t\t<span class=\"elementor-divider-separator\">\n\t\t\t\t\t\t<\/span>\n\t\t<\/div>\n\t\t\t\t\t\t<\/div>\n\t\t\t\t<\/div>\n\t\t\t\t\t<\/div>\n\t\t<\/div>\n\t\t\t\t\t<\/div>\n\t\t<\/section>\n\t\t\t\t<section class=\"elementor-section elementor-top-section elementor-element elementor-element-1ed2edd2 elementor-section-boxed elementor-section-height-default elementor-section-height-default\" data-id=\"1ed2edd2\" data-element_type=\"section\">\n\t\t\t\t\t\t<div class=\"elementor-container elementor-column-gap-default\">\n\t\t\t\t\t<div class=\"elementor-column elementor-col-50 elementor-top-column elementor-element elementor-element-23cdee19\" data-id=\"23cdee19\" data-element_type=\"column\">\n\t\t\t<div class=\"elementor-widget-wrap elementor-element-populated\">\n\t\t\t\t\t\t<div class=\"elementor-element elementor-element-39793db1 elementor-widget elementor-widget-text-editor\" data-id=\"39793db1\" data-element_type=\"widget\" data-widget_type=\"text-editor.default\">\n\t\t\t\t<div class=\"elementor-widget-container\">\n\t\t\t\t\t<div class=\"bb-theme-elementor-wrap bb-elementor-custom-family\">\t\t\t\t<h3><strong>EW4RD - Zino\u0161a sieviete lauku att\u012bst\u012bbai<\/strong><\/h3>\t\t\t\t<\/div>\t\t\t\t<\/div>\n\t\t\t\t<\/div>\n\t\t\t\t<div class=\"elementor-element elementor-element-5c759fc elementor-widget elementor-widget-text-editor\" data-id=\"5c759fc\" data-element_type=\"widget\" data-widget_type=\"text-editor.default\">\n\t\t\t\t<div class=\"elementor-widget-container\">\n\t\t\t\t\t<div class=\"bb-theme-elementor-wrap bb-elementor-custom-family\">\t\t\t\t<p>\u0160\u012b projekta m\u0113r\u0137is ir nodro\u0161in\u0101t pedagogus un vad\u012bt\u0101jus izol\u0113tos lauku apvidos ar prasm\u0113m un zin\u0101\u0161an\u0101m un iepaz\u012bstin\u0101t ar partnervalstu labo praksi, lai veicin\u0101tu ekonomisko aktivit\u0101ti \u0161ajos apgabalos un padar\u012btu to ilgtsp\u0113j\u012bgu ekolo\u0123ijas, finan\u0161u un citu resursu zi\u0146\u0101. Tas tika pan\u0101kts, izgl\u012btojot m\u0113r\u0137a grupu m\u0101c\u012bbu kursu un m\u0101c\u012bbu viz\u012b\u0161u laik\u0101, k\u0101 ar\u012b starptautiskaj\u0101s san\u0101ksm\u0113s. \u0160is m\u0101c\u012bbu form\u0101ts pieejams izdruk\u0101t\u0101 bro\u0161\u016br\u0101.<\/p>\t\t\t\t<\/div>\t\t\t\t<\/div>\n\t\t\t\t<\/div>\n\t\t\t\t\t<\/div>\n\t\t<\/div>\n\t\t\t\t<div class=\"elementor-column elementor-col-50 elementor-top-column elementor-element elementor-element-5d260a99\" data-id=\"5d260a99\" data-element_type=\"column\">\n\t\t\t<div class=\"elementor-widget-wrap elementor-element-populated\">\n\t\t\t\t\t\t<div class=\"elementor-element elementor-element-135efa21 elementor-widget elementor-widget-image\" data-id=\"135efa21\" data-element_type=\"widget\" data-widget_type=\"image.default\">\n\t\t\t\t<div class=\"elementor-widget-container\">\n\t\t\t\t\t\t\t\t\t\t\t\t\t\t\t<img decoding=\"async\" width=\"640\" height=\"427\" src=\"https:\/\/educatehub.eu\/wp-content\/uploads\/2023\/01\/priscilla-du-preez-gYdjZzXNWlg-unsplash_small-1024x683.jpg\" class=\"attachment-large size-large wp-image-831\" alt=\"\" srcset=\"https:\/\/educatehub.eu\/wp-content\/uploads\/2023\/01\/priscilla-du-preez-gYdjZzXNWlg-unsplash_small-1024x683.jpg 1024w, https:\/\/educatehub.eu\/wp-content\/uploads\/2023\/01\/priscilla-du-preez-gYdjZzXNWlg-unsplash_small-300x200.jpg 300w, https:\/\/educatehub.eu\/wp-content\/uploads\/2023\/01\/priscilla-du-preez-gYdjZzXNWlg-unsplash_small-768x512.jpg 768w, https:\/\/educatehub.eu\/wp-content\/uploads\/2023\/01\/priscilla-du-preez-gYdjZzXNWlg-unsplash_small-18x12.jpg 18w, https:\/\/educatehub.eu\/wp-content\/uploads\/2023\/01\/priscilla-du-preez-gYdjZzXNWlg-unsplash_small-624x416.jpg 624w, https:\/\/educatehub.eu\/wp-content\/uploads\/2023\/01\/priscilla-du-preez-gYdjZzXNWlg-unsplash_small.jpg 1200w\" sizes=\"(max-width: 640px) 100vw, 640px\" \/>\t\t\t\t\t\t\t\t\t\t\t\t\t\t\t<\/div>\n\t\t\t\t<\/div>\n\t\t\t\t\t<\/div>\n\t\t<\/div>\n\t\t\t\t\t<\/div>\n\t\t<\/section>\n\t\t\t\t<section class=\"elementor-section elementor-top-section elementor-element elementor-element-762b79eb elementor-section-boxed elementor-section-height-default elementor-section-height-default\" data-id=\"762b79eb\" data-element_type=\"section\">\n\t\t\t\t\t\t<div class=\"elementor-container elementor-column-gap-default\">\n\t\t\t\t\t<div class=\"elementor-column elementor-col-100 elementor-top-column elementor-element elementor-element-55d8e13c\" data-id=\"55d8e13c\" data-element_type=\"column\">\n\t\t\t<div class=\"elementor-widget-wrap\">\n\t\t\t\t\t\t\t<\/div>\n\t\t<\/div>\n\t\t\t\t\t<\/div>\n\t\t<\/section>\n\t\t\t\t<section class=\"elementor-section elementor-top-section elementor-element elementor-element-45bff3c2 elementor-section-boxed elementor-section-height-default elementor-section-height-default\" data-id=\"45bff3c2\" data-element_type=\"section\" data-settings=\"{&quot;background_background&quot;:&quot;classic&quot;}\">\n\t\t\t\t\t\t<div class=\"elementor-container elementor-column-gap-default\">\n\t\t\t\t\t<div class=\"elementor-column elementor-col-100 elementor-top-column elementor-element elementor-element-17e9ba29\" data-id=\"17e9ba29\" data-element_type=\"column\" data-settings=\"{&quot;background_background&quot;:&quot;classic&quot;}\">\n\t\t\t<div class=\"elementor-widget-wrap elementor-element-populated\">\n\t\t\t\t\t\t<section class=\"elementor-section elementor-inner-section elementor-element elementor-element-11401930 elementor-section-content-middle elementor-section-boxed elementor-section-height-default elementor-section-height-default\" data-id=\"11401930\" data-element_type=\"section\">\n\t\t\t\t\t\t<div class=\"elementor-container elementor-column-gap-default\">\n\t\t\t\t\t<div class=\"elementor-column elementor-col-50 elementor-inner-column elementor-element elementor-element-24b51132\" data-id=\"24b51132\" data-element_type=\"column\">\n\t\t\t<div class=\"elementor-widget-wrap elementor-element-populated\">\n\t\t\t\t\t\t<div class=\"elementor-element elementor-element-737b61ff elementor-widget elementor-widget-heading\" data-id=\"737b61ff\" data-element_type=\"widget\" data-widget_type=\"heading.default\">\n\t\t\t\t<div class=\"elementor-widget-container\">\n\t\t\t\t\t<h3 class=\"elementor-heading-title elementor-size-default\">Vai j\u016bs interes\u0113 vair\u0101k?<\/h3>\t\t\t\t<\/div>\n\t\t\t\t<\/div>\n\t\t\t\t<div class=\"elementor-element elementor-element-127ee991 elementor-widget elementor-widget-text-editor\" data-id=\"127ee991\" data-element_type=\"widget\" data-widget_type=\"text-editor.default\">\n\t\t\t\t<div class=\"elementor-widget-container\">\n\t\t\t\t\t\t\t\t\t<p>Re\u0123istr\u0113jieties BEZMAKSAS un izlasiet detaliz\u0113tus aprakstus par lab\u0101ko praksi no 6 valst\u012bm!\u00a0<\/p>\t\t\t\t\t\t\t\t<\/div>\n\t\t\t\t<\/div>\n\t\t\t\t\t<\/div>\n\t\t<\/div>\n\t\t\t\t<div class=\"elementor-column elementor-col-50 elementor-inner-column elementor-element elementor-element-587844ab\" data-id=\"587844ab\" data-element_type=\"column\">\n\t\t\t<div class=\"elementor-widget-wrap elementor-element-populated\">\n\t\t\t\t\t\t<div class=\"elementor-element elementor-element-503126c4 elementor-align-center elementor-tablet-align-center elementor-widget elementor-widget-button\" data-id=\"503126c4\" data-element_type=\"widget\" data-widget_type=\"button.default\">\n\t\t\t\t<div class=\"elementor-widget-container\">\n\t\t\t\t\t\t\t\t\t<div class=\"elementor-button-wrapper\">\n\t\t\t\t\t<a class=\"elementor-button elementor-button-link elementor-size-sm elementor-animation-float\" href=\"\/lv\/register\/\">\n\t\t\t\t\t\t<span class=\"elementor-button-content-wrapper\">\n\t\t\t\t\t\t\t\t\t<span class=\"elementor-button-text\">RE\u0122ISTR\u0112TIES<\/span>\n\t\t\t\t\t<\/span>\n\t\t\t\t\t<\/a>\n\t\t\t\t<\/div>\n\t\t\t\t\t\t\t\t<\/div>\n\t\t\t\t<\/div>\n\t\t\t\t\t<\/div>\n\t\t<\/div>\n\t\t\t\t\t<\/div>\n\t\t<\/section>\n\t\t\t\t\t<\/div>\n\t\t<\/div>\n\t\t\t\t\t<\/div>\n\t\t<\/section>\n\t\t\t\t<\/div>","protected":false},"excerpt":{"rendered":"<p>More than 50 training courses have been developed and provided to the target group, the aforementioned courses are connected with such subjects: data processing, data&hellip;<\/p>","protected":false},"author":1,"featured_media":0,"parent":0,"menu_order":0,"comment_status":"closed","ping_status":"closed","template":"","meta":{"footnotes":""},"class_list":["post-822","page","type-page","status-publish","hentry"],"_links":{"self":[{"href":"https:\/\/educatehub.eu\/lv\/wp-json\/wp\/v2\/pages\/822","targetHints":{"allow":["GET"]}}],"collection":[{"href":"https:\/\/educatehub.eu\/lv\/wp-json\/wp\/v2\/pages"}],"about":[{"href":"https:\/\/educatehub.eu\/lv\/wp-json\/wp\/v2\/types\/page"}],"author":[{"embeddable":true,"href":"https:\/\/educatehub.eu\/lv\/wp-json\/wp\/v2\/users\/1"}],"replies":[{"embeddable":true,"href":"https:\/\/educatehub.eu\/lv\/wp-json\/wp\/v2\/comments?post=822"}],"version-history":[{"count":14,"href":"https:\/\/educatehub.eu\/lv\/wp-json\/wp\/v2\/pages\/822\/revisions"}],"predecessor-version":[{"id":2418,"href":"https:\/\/educatehub.eu\/lv\/wp-json\/wp\/v2\/pages\/822\/revisions\/2418"}],"wp:attachment":[{"href":"https:\/\/educatehub.eu\/lv\/wp-json\/wp\/v2\/media?parent=822"}],"curies":[{"name":"wp","href":"https:\/\/api.w.org\/{rel}","templated":true}]}}