{"id":2157,"date":"2023-04-06T09:15:09","date_gmt":"2023-04-06T09:15:09","guid":{"rendered":"https:\/\/educatehub.eu\/?page_id=2157"},"modified":"2023-11-11T17:42:06","modified_gmt":"2023-11-11T16:42:06","slug":"certification","status":"publish","type":"page","link":"https:\/\/educatehub.eu\/tr\/certification\/","title":{"rendered":"EDUCATE Kalite Sertifikas\u0131"},"content":{"rendered":"<div data-elementor-type=\"wp-page\" data-elementor-id=\"2157\" class=\"elementor elementor-2157\" data-elementor-post-type=\"page\">\n\t\t\t\t\t\t<section class=\"elementor-section elementor-top-section elementor-element elementor-element-1176b2f0 elementor-section-boxed elementor-section-height-default elementor-section-height-default\" data-id=\"1176b2f0\" data-element_type=\"section\" data-settings=\"{&quot;background_background&quot;:&quot;classic&quot;}\">\n\t\t\t\t\t\t<div class=\"elementor-container elementor-column-gap-default\">\n\t\t\t\t\t<div class=\"elementor-column elementor-col-100 elementor-top-column elementor-element elementor-element-6e54f680\" data-id=\"6e54f680\" data-element_type=\"column\" data-settings=\"{&quot;background_background&quot;:&quot;classic&quot;}\">\n\t\t\t<div class=\"elementor-widget-wrap elementor-element-populated\">\n\t\t\t\t\t\t<section class=\"elementor-section elementor-inner-section elementor-element elementor-element-57713767 elementor-section-content-middle elementor-section-boxed elementor-section-height-default elementor-section-height-default\" data-id=\"57713767\" data-element_type=\"section\">\n\t\t\t\t\t\t<div class=\"elementor-container elementor-column-gap-default\">\n\t\t\t\t\t<div class=\"elementor-column elementor-col-100 elementor-inner-column elementor-element elementor-element-5586aa4e\" data-id=\"5586aa4e\" data-element_type=\"column\">\n\t\t\t<div class=\"elementor-widget-wrap elementor-element-populated\">\n\t\t\t\t\t\t<div class=\"elementor-element elementor-element-6c6cf44a elementor-widget elementor-widget-text-editor\" data-id=\"6c6cf44a\" data-element_type=\"widget\" data-widget_type=\"text-editor.default\">\n\t\t\t\t<div class=\"elementor-widget-container\">\n\t\t\t\t\t\t\t\t\t<p>EDUCATE \u0130nteraktif Merkezi, \u00f6zellikle dijitalle\u015fme ve kapsay\u0131c\u0131l\u0131k alanlar\u0131na odaklanarak, yeti\u015fkin e\u011fitimindeki en iyi uygulamalar\u0131n ve kurulu\u015flar\u0131n sertifikaland\u0131r\u0131lmas\u0131na adanm\u0131\u015f bir b\u00f6l\u00fcm\u00fc entegre etmi\u015ftir. Proje, yeti\u015fkin \u00f6\u011freniciler i\u00e7in dijital yetkinliklerin e\u011fitiminde yer alan kurulu\u015flar\u0131n metodolojilerini ve en iyi \u00e7al\u0131\u015fma uygulamalar\u0131n\u0131 tan\u0131yan ve \u00f6d\u00fcllendiren bir EDUCATE Kalite Sertifikas\u0131 olu\u015fturdu. Bu tan\u0131nma, kurulu\u015flara daha geni\u015f bir platform ve uygulamalar\u0131n\u0131n \u00e7o\u011falt\u0131lmas\u0131 ve \u00e7o\u011falt\u0131lmas\u0131 f\u0131rsat\u0131 sundu.<\/p>\n<p>EDUCATE Sertifikasyonu, kurulu\u015flar\u0131n sertifikasyon i\u00e7in kar\u015f\u0131lamas\u0131 gereken kriterleri geli\u015ftirdi ve ortaklar taraf\u0131ndan en iyi uygulamalar\u0131 de\u011ferlendirmek i\u00e7in kullan\u0131lan bir sertifikasyon metodolojisi olu\u015fturdu. Sertifikasyon s\u00fcrecinin sonu\u00e7lar\u0131 ve k\u0131lavuzu EDUCATE Interactive Hub \u00fczerinden kurulu\u015flar\u0131n eri\u015fimine a\u00e7\u0131k olacak ve s\u00fcrecin \u015feffafl\u0131\u011f\u0131na katk\u0131da bulunacakt\u0131r.<\/p>\n<p>EDUCATE Sertifikasyonu, yeti\u015fkin e\u011fitimindeki en iyi uygulamalar\u0131 belgelendirmek i\u00e7in \u015feffaf ve kolay eri\u015filebilir bir ara\u00e7 sa\u011flar. Sistemin uygulanmas\u0131yla, kurulu\u015flar kendi uygulamalar\u0131n\u0131 iyile\u015ftirmek veya faaliyetlerini geni\u015fletmek i\u00e7in kan\u0131tlanm\u0131\u015f y\u00f6ntemlere eri\u015fim kazanmaktad\u0131r. Bu sistem, e\u011fitim sekt\u00f6r\u00fcndeki en iyi uygulamalar\u0131n daha geni\u015f bir kitleye ula\u015fmas\u0131n\u0131 sa\u011flayarak i\u015fbirli\u011fi ve b\u00fcy\u00fcme i\u00e7in ortak bir zemin olu\u015fturmaktad\u0131r.<\/p>\n<p>\u015eimdi, kurumunuzu bu s\u00fcrekli iyile\u015ftirme s\u00fcrecine kat\u0131lmaya davet ediyoruz. Bir \u00f6z de\u011ferlendirme ba\u015flat\u0131n, uygulamalar\u0131n\u0131z\u0131 geli\u015ftirdi\u011fimiz kriterlere g\u00f6re de\u011ferlendirin ve yeti\u015fkin e\u011fitiminde dijital yetkinlik i\u00e7in standartlar\u0131 belirleyen e\u011fitim sa\u011flay\u0131c\u0131lar\u0131 toplulu\u011funa kat\u0131l\u0131n.&nbsp;<\/p>\n<p><b>Kendinizi geli\u015ftirme, payla\u015fma ve en iyilerden \u00f6\u011frenme f\u0131rsat\u0131n\u0131 ka\u00e7\u0131rmay\u0131n - EDUCATE toplulu\u011funa hemen kat\u0131l\u0131n!<\/b><\/p>\t\t\t\t\t\t\t\t<\/div>\n\t\t\t\t<\/div>\n\t\t\t\t<div class=\"elementor-element elementor-element-a22510a elementor-widget elementor-widget-heading\" data-id=\"a22510a\" data-element_type=\"widget\" data-widget_type=\"heading.default\">\n\t\t\t\t<div class=\"elementor-widget-container\">\n\t\t\t\t\t<h2 class=\"elementor-heading-title elementor-size-default\"><a href=\"https:\/\/educatehub.eu\/wp-content\/uploads\/2023\/10\/IO2_Methodology_Updated_TURKISH.pdf\" target=\"_blank\">Methodology &amp; Criteria for Organisations<\/a><\/h2>\t\t\t\t<\/div>\n\t\t\t\t<\/div>\n\t\t\t\t<div class=\"elementor-element elementor-element-2d8588d elementor-widget elementor-widget-heading\" data-id=\"2d8588d\" data-element_type=\"widget\" data-widget_type=\"heading.default\">\n\t\t\t\t<div class=\"elementor-widget-container\">\n\t\t\t\t\t<h2 class=\"elementor-heading-title elementor-size-default\"><a href=\"https:\/\/educatehub.eu\/wp-content\/uploads\/2023\/10\/IO2_Methodology_Updated-Annex-I-TR.pdf\" target=\"_blank\">Ek I.<\/a><\/h2>\t\t\t\t<\/div>\n\t\t\t\t<\/div>\n\t\t\t\t<div class=\"elementor-element elementor-element-8b9f0da elementor-widget elementor-widget-heading\" data-id=\"8b9f0da\" data-element_type=\"widget\" data-widget_type=\"heading.default\">\n\t\t\t\t<div class=\"elementor-widget-container\">\n\t\t\t\t\t<h2 class=\"elementor-heading-title elementor-size-default\"><a href=\"https:\/\/educatehub.eu\/wp-content\/uploads\/2023\/10\/IO2_Methodology_Updated-Annex-II-TR.pdf\" target=\"_blank\">Ek II.<\/a><\/h2>\t\t\t\t<\/div>\n\t\t\t\t<\/div>\n\t\t\t\t\t<\/div>\n\t\t<\/div>\n\t\t\t\t\t<\/div>\n\t\t<\/section>\n\t\t\t\t\t<\/div>\n\t\t<\/div>\n\t\t\t\t\t<\/div>\n\t\t<\/section>\n\t\t\t\t<section class=\"elementor-section elementor-top-section elementor-element elementor-element-5d17541 elementor-section-boxed elementor-section-height-default elementor-section-height-default\" data-id=\"5d17541\" data-element_type=\"section\">\n\t\t\t\t\t\t<div class=\"elementor-container elementor-column-gap-default\">\n\t\t\t\t\t<div class=\"elementor-column elementor-col-25 elementor-top-column elementor-element elementor-element-7b68cd2\" data-id=\"7b68cd2\" data-element_type=\"column\">\n\t\t\t<div class=\"elementor-widget-wrap\">\n\t\t\t\t\t\t\t<\/div>\n\t\t<\/div>\n\t\t\t\t<div class=\"elementor-column elementor-col-25 elementor-top-column elementor-element elementor-element-960ffc3\" data-id=\"960ffc3\" data-element_type=\"column\">\n\t\t\t<div class=\"elementor-widget-wrap elementor-element-populated\">\n\t\t\t\t\t\t<div class=\"elementor-element elementor-element-b05bc4b elementor-widget__width-initial elementor-widget elementor-widget-image\" data-id=\"b05bc4b\" data-element_type=\"widget\" data-widget_type=\"image.default\">\n\t\t\t\t<div class=\"elementor-widget-container\">\n\t\t\t\t\t\t\t\t\t\t\t\t\t\t\t<img fetchpriority=\"high\" decoding=\"async\" width=\"800\" height=\"2000\" src=\"https:\/\/educatehub.eu\/wp-content\/uploads\/2023\/11\/1.png\" class=\"attachment-full size-full wp-image-2752\" alt=\"\" srcset=\"https:\/\/educatehub.eu\/wp-content\/uploads\/2023\/11\/1.png 800w, https:\/\/educatehub.eu\/wp-content\/uploads\/2023\/11\/1-120x300.png 120w, https:\/\/educatehub.eu\/wp-content\/uploads\/2023\/11\/1-410x1024.png 410w, https:\/\/educatehub.eu\/wp-content\/uploads\/2023\/11\/1-768x1920.png 768w, https:\/\/educatehub.eu\/wp-content\/uploads\/2023\/11\/1-614x1536.png 614w, https:\/\/educatehub.eu\/wp-content\/uploads\/2023\/11\/1-5x12.png 5w, https:\/\/educatehub.eu\/wp-content\/uploads\/2023\/11\/1-624x1560.png 624w\" sizes=\"(max-width: 800px) 100vw, 800px\" \/>\t\t\t\t\t\t\t\t\t\t\t\t\t\t\t<\/div>\n\t\t\t\t<\/div>\n\t\t\t\t\t<\/div>\n\t\t<\/div>\n\t\t\t\t<div class=\"elementor-column elementor-col-25 elementor-top-column elementor-element elementor-element-8cdaf60\" data-id=\"8cdaf60\" data-element_type=\"column\">\n\t\t\t<div class=\"elementor-widget-wrap elementor-element-populated\">\n\t\t\t\t\t\t<div class=\"elementor-element elementor-element-b00f914 elementor-widget elementor-widget-image\" data-id=\"b00f914\" data-element_type=\"widget\" data-widget_type=\"image.default\">\n\t\t\t\t<div class=\"elementor-widget-container\">\n\t\t\t\t\t\t\t\t\t\t\t\t\t\t\t<img decoding=\"async\" width=\"800\" height=\"2000\" src=\"https:\/\/educatehub.eu\/wp-content\/uploads\/2023\/11\/2.png\" class=\"attachment-full size-full wp-image-2753\" alt=\"\" srcset=\"https:\/\/educatehub.eu\/wp-content\/uploads\/2023\/11\/2.png 800w, https:\/\/educatehub.eu\/wp-content\/uploads\/2023\/11\/2-120x300.png 120w, https:\/\/educatehub.eu\/wp-content\/uploads\/2023\/11\/2-410x1024.png 410w, https:\/\/educatehub.eu\/wp-content\/uploads\/2023\/11\/2-768x1920.png 768w, https:\/\/educatehub.eu\/wp-content\/uploads\/2023\/11\/2-614x1536.png 614w, https:\/\/educatehub.eu\/wp-content\/uploads\/2023\/11\/2-5x12.png 5w, https:\/\/educatehub.eu\/wp-content\/uploads\/2023\/11\/2-624x1560.png 624w\" sizes=\"(max-width: 800px) 100vw, 800px\" \/>\t\t\t\t\t\t\t\t\t\t\t\t\t\t\t<\/div>\n\t\t\t\t<\/div>\n\t\t\t\t\t<\/div>\n\t\t<\/div>\n\t\t\t\t<div class=\"elementor-column elementor-col-25 elementor-top-column elementor-element elementor-element-e39d444\" data-id=\"e39d444\" data-element_type=\"column\">\n\t\t\t<div class=\"elementor-widget-wrap\">\n\t\t\t\t\t\t\t<\/div>\n\t\t<\/div>\n\t\t\t\t\t<\/div>\n\t\t<\/section>\n\t\t\t\t<section class=\"elementor-section elementor-top-section elementor-element elementor-element-11d4e1c8 elementor-section-boxed elementor-section-height-default elementor-section-height-default\" data-id=\"11d4e1c8\" data-element_type=\"section\">\n\t\t\t\t\t\t<div class=\"elementor-container elementor-column-gap-default\">\n\t\t\t\t\t<div class=\"elementor-column elementor-col-50 elementor-top-column elementor-element elementor-element-561aa894\" data-id=\"561aa894\" data-element_type=\"column\">\n\t\t\t<div class=\"elementor-widget-wrap elementor-element-populated\">\n\t\t\t\t\t\t<div class=\"elementor-element elementor-element-1f251c59 elementor-cta--layout-image-above elementor-cta--skin-classic elementor-animated-content elementor-bg-transform elementor-bg-transform-zoom-in elementor-widget elementor-widget-call-to-action\" data-id=\"1f251c59\" data-element_type=\"widget\" data-widget_type=\"call-to-action.default\">\n\t\t\t\t<div class=\"elementor-widget-container\">\n\t\t\t\t\t\t\t<a class=\"elementor-cta\" href=\"\/tr\/certification-for-organisations\/\">\n\t\t\t\t\t<div class=\"elementor-cta__bg-wrapper\">\n\t\t\t\t<div class=\"elementor-cta__bg elementor-bg\" style=\"background-image: url(https:\/\/educatehub.eu\/wp-content\/uploads\/2023\/06\/Educate-certificate_web-1024x724.png);\" role=\"img\" aria-label=\"Educate cert\u0131f\u0131cate_web\"><\/div>\n\t\t\t\t<div class=\"elementor-cta__bg-overlay\"><\/div>\n\t\t\t<\/div>\n\t\t\t\t\t\t\t<div class=\"elementor-cta__content\">\n\t\t\t\t\n\t\t\t\t\t\t\t\t\t<h2 class=\"elementor-cta__title elementor-cta__content-item elementor-content-item\">\n\t\t\t\t\t\tKurulu\u015flar i\u00e7in Sertifikasyon\t\t\t\t\t<\/h2>\n\t\t\t\t\n\t\t\t\t\n\t\t\t\t\t\t\t<\/div>\n\t\t\t\t\t\t<\/a>\n\t\t\t\t\t\t<\/div>\n\t\t\t\t<\/div>\n\t\t\t\t\t<\/div>\n\t\t<\/div>\n\t\t\t\t<div class=\"elementor-column elementor-col-50 elementor-top-column elementor-element elementor-element-4e0999e\" data-id=\"4e0999e\" data-element_type=\"column\">\n\t\t\t<div class=\"elementor-widget-wrap elementor-element-populated\">\n\t\t\t\t\t\t<div class=\"elementor-element elementor-element-6e80382a elementor-cta--skin-classic elementor-animated-content elementor-bg-transform elementor-bg-transform-zoom-in elementor-widget elementor-widget-call-to-action\" data-id=\"6e80382a\" data-element_type=\"widget\" data-widget_type=\"call-to-action.default\">\n\t\t\t\t<div class=\"elementor-widget-container\">\n\t\t\t\t\t\t\t<a class=\"elementor-cta\" href=\"\/tr\/certification-for-best-practices\/\">\n\t\t\t\t\t<div class=\"elementor-cta__bg-wrapper\">\n\t\t\t\t<div class=\"elementor-cta__bg elementor-bg\" style=\"background-image: url(https:\/\/educatehub.eu\/wp-content\/uploads\/2023\/06\/Educate_badge_BP-1024x724.png);\" role=\"img\" aria-label=\"Educate_badge_BP\"><\/div>\n\t\t\t\t<div class=\"elementor-cta__bg-overlay\"><\/div>\n\t\t\t<\/div>\n\t\t\t\t\t\t\t<div class=\"elementor-cta__content\">\n\t\t\t\t\n\t\t\t\t\t\t\t\t\t<h2 class=\"elementor-cta__title elementor-cta__content-item elementor-content-item\">\n\t\t\t\t\t\tEn \u0130yi Uygulamalar i\u00e7in Sertifikasyon\t\t\t\t\t<\/h2>\n\t\t\t\t\n\t\t\t\t\n\t\t\t\t\t\t\t<\/div>\n\t\t\t\t\t\t<\/a>\n\t\t\t\t\t\t<\/div>\n\t\t\t\t<\/div>\n\t\t\t\t\t<\/div>\n\t\t<\/div>\n\t\t\t\t\t<\/div>\n\t\t<\/section>\n\t\t\t\t<\/div>","protected":false},"excerpt":{"rendered":"<p>The EDUCATE Interactive Hub had integrated a section dedicated to the certification of best practices and organisations in adult education, with special focus on the&hellip;<\/p>","protected":false},"author":1,"featured_media":0,"parent":0,"menu_order":0,"comment_status":"closed","ping_status":"closed","template":"","meta":{"footnotes":""},"class_list":["post-2157","page","type-page","status-publish","hentry"],"_links":{"self":[{"href":"https:\/\/educatehub.eu\/tr\/wp-json\/wp\/v2\/pages\/2157","targetHints":{"allow":["GET"]}}],"collection":[{"href":"https:\/\/educatehub.eu\/tr\/wp-json\/wp\/v2\/pages"}],"about":[{"href":"https:\/\/educatehub.eu\/tr\/wp-json\/wp\/v2\/types\/page"}],"author":[{"embeddable":true,"href":"https:\/\/educatehub.eu\/tr\/wp-json\/wp\/v2\/users\/1"}],"replies":[{"embeddable":true,"href":"https:\/\/educatehub.eu\/tr\/wp-json\/wp\/v2\/comments?post=2157"}],"version-history":[{"count":33,"href":"https:\/\/educatehub.eu\/tr\/wp-json\/wp\/v2\/pages\/2157\/revisions"}],"predecessor-version":[{"id":2756,"href":"https:\/\/educatehub.eu\/tr\/wp-json\/wp\/v2\/pages\/2157\/revisions\/2756"}],"wp:attachment":[{"href":"https:\/\/educatehub.eu\/tr\/wp-json\/wp\/v2\/media?parent=2157"}],"curies":[{"name":"wp","href":"https:\/\/api.w.org\/{rel}","templated":true}]}}