{"id":313,"date":"2022-10-21T11:32:44","date_gmt":"2022-10-21T11:32:44","guid":{"rendered":"https:\/\/educatehub.eu\/?page_id=313"},"modified":"2023-01-08T19:31:17","modified_gmt":"2023-01-08T19:31:17","slug":"how-to-use-this-site","status":"publish","type":"page","link":"https:\/\/educatehub.eu\/tr\/how-to-use-this-site\/","title":{"rendered":"Bu siteyi nas\u0131l kullan\u0131r\u0131m?"},"content":{"rendered":"<div data-elementor-type=\"wp-page\" data-elementor-id=\"313\" class=\"elementor elementor-313\" data-elementor-post-type=\"page\">\n\t\t\t\t\t\t<section class=\"elementor-section elementor-top-section elementor-element elementor-element-645f42af elementor-section-boxed elementor-section-height-default elementor-section-height-default\" data-id=\"645f42af\" data-element_type=\"section\">\n\t\t\t\t\t\t<div class=\"elementor-container elementor-column-gap-default\">\n\t\t\t\t\t<div class=\"elementor-column elementor-col-50 elementor-top-column elementor-element elementor-element-5c3a2730\" data-id=\"5c3a2730\" data-element_type=\"column\">\n\t\t\t<div class=\"elementor-widget-wrap elementor-element-populated\">\n\t\t\t\t\t\t<div class=\"elementor-element elementor-element-5635484f elementor-widget elementor-widget-text-editor\" data-id=\"5635484f\" data-element_type=\"widget\" data-widget_type=\"text-editor.default\">\n\t\t\t\t<div class=\"elementor-widget-container\">\n\t\t\t\t\t<div class=\"bb-theme-elementor-wrap bb-elementor-custom-family\">\t\t\t\t<p class=\"translation-block\">Uluslararas\u0131 \u00e7evrimi\u00e7i topluluk merkezimizin halka <em><strong>a\u00e7\u0131k b\u00f6l\u00fcm\u00fcndesiniz<\/strong><\/em>. Bu b\u00f6l\u00fcmde proje, ortakl\u0131k ve \u00e7evrimi\u00e7i topluluk platformu hakk\u0131nda baz\u0131 haber ve bilgileri bulabilirsiniz. <strong>A\u00e7\u0131l\u0131\u015f sayfas\u0131 7 dilde (\u0130ngilizce, Yunanca, \u0130talyanca, Letonca, Litvanyaca, T\u00fcrk\u00e7e, Macarca) d\u00fczenlenmi\u015ftir.<\/strong><\/p>\t\t\t\t<\/div>\t\t\t\t<\/div>\n\t\t\t\t<\/div>\n\t\t\t\t<div class=\"elementor-element elementor-element-3264ebe0 elementor-widget elementor-widget-text-editor\" data-id=\"3264ebe0\" data-element_type=\"widget\" data-widget_type=\"text-editor.default\">\n\t\t\t\t<div class=\"elementor-widget-container\">\n\t\t\t\t\t<div class=\"bb-theme-elementor-wrap bb-elementor-custom-family\">\t\t\t\t<p class=\"translation-block\">A\u00e7\u0131l\u0131\u015f sayfas\u0131 <em><strong>\u00fcst \u00e7ubu\u011funda<\/strong><\/em> se\u00e7ilebilecek haberler, en iyi uygulama alan\u0131, ileti\u015fim ve bu sitenin nas\u0131l kullan\u0131laca\u011f\u0131 olmak \u00fczere 4 men\u00fc se\u00e7ene\u011fi bulunmaktad\u0131r.<\/p>\t\t\t\t<\/div>\t\t\t\t<\/div>\n\t\t\t\t<\/div>\n\t\t\t\t<div class=\"elementor-element elementor-element-1f684826 elementor-widget elementor-widget-text-editor\" data-id=\"1f684826\" data-element_type=\"widget\" data-widget_type=\"text-editor.default\">\n\t\t\t\t<div class=\"elementor-widget-container\">\n\t\t\t\t\t<div class=\"bb-theme-elementor-wrap bb-elementor-custom-family\">\t\t\t\t<p class=\"translation-block\">Merkezin t\u00fcm \u00f6zelliklerine eri\u015fmek <em><strong>i\u00e7in kay\u0131t<\/strong><\/em> olman\u0131z gerekmektedir. Kay\u0131t olmak i\u00e7in ba\u015fl\u0131k \u00e7ubu\u011funun sa\u011f \u00fcst k\u00f6\u015fesindeki kaydol d\u00fc\u011fmesine t\u0131klay\u0131n. Sitenin kullan\u0131m ko\u015fullar\u0131 hakk\u0131nda daha fazla bilgiyi \u015fartlar ve ko\u015fullar belgesinde okuyabilirsiniz.<\/p>\t\t\t\t<\/div>\t\t\t\t<\/div>\n\t\t\t\t<\/div>\n\t\t\t\t<div class=\"elementor-element elementor-element-1bf8279a elementor-widget elementor-widget-text-editor\" data-id=\"1bf8279a\" data-element_type=\"widget\" data-widget_type=\"text-editor.default\">\n\t\t\t\t<div class=\"elementor-widget-container\">\n\t\t\t\t\t<div class=\"bb-theme-elementor-wrap bb-elementor-custom-family\">\t\t\t\t<p class=\"translation-block\">Bize mesaj g\u00f6ndermek i\u00e7in <em><strong>ileti\u015fim<\/strong><\/em> men\u00fcs\u00fcndeki ileti\u015fim formunu kullanabilirsiniz ya da projeyi geli\u015ftiren ortakl\u0131\u011f\u0131n do\u011frudan ileti\u015fim bilgilerine de ula\u015fabilirsiniz.<\/p>\t\t\t\t<\/div>\t\t\t\t<\/div>\n\t\t\t\t<\/div>\n\t\t\t\t<div class=\"elementor-element elementor-element-26bd9414 elementor-widget elementor-widget-text-editor\" data-id=\"26bd9414\" data-element_type=\"widget\" data-widget_type=\"text-editor.default\">\n\t\t\t\t<div class=\"elementor-widget-container\">\n\t\t\t\t\t<div class=\"bb-theme-elementor-wrap bb-elementor-custom-family\">\t\t\t\t<p class=\"translation-block\">Ana sayfan\u0131n alt k\u0131sm\u0131nda <em><strong>b\u00fcltenimize abone<\/strong><\/em> olabilir ve bizi <em><strong>sosyal medya sayfalar\u0131m\u0131zdan<\/strong><\/em> takip edebilirsiniz.<\/p>\t\t\t\t<\/div>\t\t\t\t<\/div>\n\t\t\t\t<\/div>\n\t\t\t\t\t<\/div>\n\t\t<\/div>\n\t\t\t\t<div class=\"elementor-column elementor-col-50 elementor-top-column elementor-element elementor-element-78a182ff\" data-id=\"78a182ff\" data-element_type=\"column\">\n\t\t\t<div class=\"elementor-widget-wrap elementor-element-populated\">\n\t\t\t\t\t\t<div class=\"elementor-element elementor-element-23910f3c elementor-widget elementor-widget-image\" data-id=\"23910f3c\" data-element_type=\"widget\" data-widget_type=\"image.default\">\n\t\t\t\t<div class=\"elementor-widget-container\">\n\t\t\t\t\t\t\t\t\t\t\t\t\t\t\t<img fetchpriority=\"high\" decoding=\"async\" width=\"640\" height=\"640\" src=\"https:\/\/educatehub.eu\/wp-content\/uploads\/2022\/10\/1-1024x1024.png\" class=\"attachment-large size-large wp-image-510\" alt=\"\" srcset=\"https:\/\/educatehub.eu\/wp-content\/uploads\/2022\/10\/1-1024x1024.png 1024w, https:\/\/educatehub.eu\/wp-content\/uploads\/2022\/10\/1-300x300.png 300w, https:\/\/educatehub.eu\/wp-content\/uploads\/2022\/10\/1-150x150.png 150w, https:\/\/educatehub.eu\/wp-content\/uploads\/2022\/10\/1-768x768.png 768w, https:\/\/educatehub.eu\/wp-content\/uploads\/2022\/10\/1-624x624.png 624w, https:\/\/educatehub.eu\/wp-content\/uploads\/2022\/10\/1.png 1080w\" sizes=\"(max-width: 640px) 100vw, 640px\" \/>\t\t\t\t\t\t\t\t\t\t\t\t\t\t\t<\/div>\n\t\t\t\t<\/div>\n\t\t\t\t\t<\/div>\n\t\t<\/div>\n\t\t\t\t\t<\/div>\n\t\t<\/section>\n\t\t\t\t<section class=\"elementor-section elementor-top-section elementor-element elementor-element-207e4d7b elementor-section-boxed elementor-section-height-default elementor-section-height-default\" data-id=\"207e4d7b\" data-element_type=\"section\">\n\t\t\t\t\t\t<div class=\"elementor-container elementor-column-gap-default\">\n\t\t\t\t\t<div class=\"elementor-column elementor-col-33 elementor-top-column elementor-element elementor-element-331517a3\" data-id=\"331517a3\" data-element_type=\"column\">\n\t\t\t<div class=\"elementor-widget-wrap elementor-element-populated\">\n\t\t\t\t\t\t<div class=\"elementor-element elementor-element-622edac elementor-widget elementor-widget-image\" data-id=\"622edac\" data-element_type=\"widget\" data-widget_type=\"image.default\">\n\t\t\t\t<div class=\"elementor-widget-container\">\n\t\t\t\t\t\t\t\t\t\t\t\t\t\t\t<img decoding=\"async\" width=\"640\" height=\"640\" src=\"https:\/\/educatehub.eu\/wp-content\/uploads\/2022\/10\/2-1024x1024.png\" class=\"attachment-large size-large wp-image-511\" alt=\"\" srcset=\"https:\/\/educatehub.eu\/wp-content\/uploads\/2022\/10\/2-1024x1024.png 1024w, https:\/\/educatehub.eu\/wp-content\/uploads\/2022\/10\/2-300x300.png 300w, https:\/\/educatehub.eu\/wp-content\/uploads\/2022\/10\/2-150x150.png 150w, https:\/\/educatehub.eu\/wp-content\/uploads\/2022\/10\/2-768x768.png 768w, https:\/\/educatehub.eu\/wp-content\/uploads\/2022\/10\/2-624x624.png 624w, https:\/\/educatehub.eu\/wp-content\/uploads\/2022\/10\/2.png 1080w\" sizes=\"(max-width: 640px) 100vw, 640px\" \/>\t\t\t\t\t\t\t\t\t\t\t\t\t\t\t<\/div>\n\t\t\t\t<\/div>\n\t\t\t\t\t<\/div>\n\t\t<\/div>\n\t\t\t\t<div class=\"elementor-column elementor-col-66 elementor-top-column elementor-element elementor-element-59c0c76e\" data-id=\"59c0c76e\" data-element_type=\"column\">\n\t\t\t<div class=\"elementor-widget-wrap elementor-element-populated\">\n\t\t\t\t\t\t<div class=\"elementor-element elementor-element-4c51145f elementor-widget elementor-widget-text-editor\" data-id=\"4c51145f\" data-element_type=\"widget\" data-widget_type=\"text-editor.default\">\n\t\t\t\t<div class=\"elementor-widget-container\">\n\t\t\t\t\t\t\t\t\t<p class=\"translation-block\"><em><strong>Kay\u0131t sayfas\u0131ndaki<\/strong><\/em> kay\u0131t formuna gerekli verileri sa\u011flaman\u0131z gerekmektetir.<\/p>\t\t\t\t\t\t\t\t<\/div>\n\t\t\t\t<\/div>\n\t\t\t\t<div class=\"elementor-element elementor-element-40c8fa9b elementor-widget elementor-widget-text-editor\" data-id=\"40c8fa9b\" data-element_type=\"widget\" data-widget_type=\"text-editor.default\">\n\t\t\t\t<div class=\"elementor-widget-container\">\n\t\t\t\t\t\t\t\t\t<p class=\"translation-block\">Ba\u015far\u0131l\u0131 bir \u015fekilde etkinle\u015ftirildikten sonra, ba\u015fl\u0131k \u00e7ubu\u011funun sa\u011f taraf\u0131ndaki oturum a\u00e7ma d\u00fc\u011fmesine t\u0131klayarak <em><strong>giri\u015f yapabilirsiniz<\/strong><\/em>.<\/p>\t\t\t\t\t\t\t\t<\/div>\n\t\t\t\t<\/div>\n\t\t\t\t<div class=\"elementor-element elementor-element-77051986 elementor-widget elementor-widget-text-editor\" data-id=\"77051986\" data-element_type=\"widget\" data-widget_type=\"text-editor.default\">\n\t\t\t\t<div class=\"elementor-widget-container\">\n\t\t\t\t\t\t\t\t\t<p class=\"translation-block\">Ba\u015far\u0131l\u0131 bir \u015fekilde etkinle\u015ftirildikten sonra, ba\u015fl\u0131k \u00e7ubu\u011funun sa\u011f taraf\u0131ndaki oturum a\u00e7ma d\u00fc\u011fmesine t\u0131klayarak <em><strong>giri\u015f yapabilirsiniz<\/strong><\/em>.<\/p>\t\t\t\t\t\t\t\t<\/div>\n\t\t\t\t<\/div>\n\t\t\t\t\t<\/div>\n\t\t<\/div>\n\t\t\t\t\t<\/div>\n\t\t<\/section>\n\t\t\t\t<section class=\"elementor-section elementor-top-section elementor-element elementor-element-67eee848 elementor-section-boxed elementor-section-height-default elementor-section-height-default\" data-id=\"67eee848\" data-element_type=\"section\">\n\t\t\t\t\t\t<div class=\"elementor-container elementor-column-gap-default\">\n\t\t\t\t\t<div class=\"elementor-column elementor-col-50 elementor-top-column elementor-element elementor-element-24f30e27\" data-id=\"24f30e27\" data-element_type=\"column\">\n\t\t\t<div class=\"elementor-widget-wrap elementor-element-populated\">\n\t\t\t\t\t\t<div class=\"elementor-element elementor-element-564b5496 elementor-widget elementor-widget-text-editor\" data-id=\"564b5496\" data-element_type=\"widget\" data-widget_type=\"text-editor.default\">\n\t\t\t\t<div class=\"elementor-widget-container\">\n\t\t\t\t\t<div class=\"bb-theme-elementor-wrap bb-elementor-custom-family\">\t\t\t\t<p class=\"translation-block\">Giri\u015f yapt\u0131ktan sonra <em><strong>kontrol panelini<\/strong><\/em> g\u00f6receksiniz. Bu, t\u00fcm i\u015flevlere kolayca eri\u015filebilen platformun merkezi k\u0131sm\u0131d\u0131r.<\/p>\t\t\t\t<\/div>\t\t\t\t<\/div>\n\t\t\t\t<\/div>\n\t\t\t\t<div class=\"elementor-element elementor-element-7c005a9b elementor-widget elementor-widget-text-editor\" data-id=\"7c005a9b\" data-element_type=\"widget\" data-widget_type=\"text-editor.default\">\n\t\t\t\t<div class=\"elementor-widget-container\">\n\t\t\t\t\t<div class=\"bb-theme-elementor-wrap bb-elementor-custom-family bb-elementor-custom-size\">\t\t\t\t<p class=\"translation-block\"><strong>Platformumuzun temel amac\u0131 Avrupa'daki yeti\u015fkin e\u011fitimcileri ve yeti\u015fkin \u00f6\u011frenenleri aras\u0131nda uluslararas\u0131 i\u015fbirli\u011fini kolayla\u015ft\u0131rmak oldu\u011fundan, l\u00fctfen merkezle \u0130ngilizce ileti\u015fimi tercih edin!<\/strong><\/p>\t\t\t\t<\/div>\t\t\t\t<\/div>\n\t\t\t\t<\/div>\n\t\t\t\t<div class=\"elementor-element elementor-element-7ed2d5d2 elementor-widget elementor-widget-text-editor\" data-id=\"7ed2d5d2\" data-element_type=\"widget\" data-widget_type=\"text-editor.default\">\n\t\t\t\t<div class=\"elementor-widget-container\">\n\t\t\t\t\t<div class=\"bb-theme-elementor-wrap bb-elementor-custom-family\">\t\t\t\t<p class=\"translation-block\">Burada sosyal medya sitelerinde oldu\u011fu gibi, kullan\u0131c\u0131lar\u0131n en son etkinlikleri g\u00f6rebilecekleri ve haber, bilgi ve medya i\u00e7eri\u011fi payla\u015fabilecekleri bir haber <em><strong>ak\u0131\u015f\u0131 b\u00f6l\u00fcm\u00fc<\/strong><\/em> bulunmaktad\u0131r.<\/p>\t\t\t\t<\/div>\t\t\t\t<\/div>\n\t\t\t\t<\/div>\n\t\t\t\t<div class=\"elementor-element elementor-element-258a935b elementor-widget elementor-widget-text-editor\" data-id=\"258a935b\" data-element_type=\"widget\" data-widget_type=\"text-editor.default\">\n\t\t\t\t<div class=\"elementor-widget-container\">\n\t\t\t\t\t<div class=\"bb-theme-elementor-wrap bb-elementor-custom-family\">\t\t\t\t<p class=\"translation-block\"><strong>Profil<\/strong> b\u00f6l\u00fcm\u00fcnde profilinizi ve kapak resminizi y\u00fckleyebilir, profilinizi d\u00fczenleyebilir ve di\u011fer \u00fcyelerin profillerini g\u00f6r\u00fcnt\u00fcleyebilirsiniz. Hub \u00fczerinde \u00fcyeler birbirlerini g\u00f6r\u00fcnt\u00fcleyebilir, takip edebilir ve arkada\u015f olabilirler. \u00dcyeler, @bahsedilenler, resimler, hareketli g\u00f6rseller ve daha fazlas\u0131n\u0131 i\u00e7eren \u00f6zelliklerle birbirlerinin g\u00f6nderileriyle etkile\u015fime ge\u00e7ebilirler. Ayr\u0131ca \u00fcyeler bir \u00fcyeye veya bir grup \u00fcyeye \u00f6zel mesaj g\u00f6nderebilir.<\/p>\t\t\t\t<\/div>\t\t\t\t<\/div>\n\t\t\t\t<\/div>\n\t\t\t\t\t<\/div>\n\t\t<\/div>\n\t\t\t\t<div class=\"elementor-column elementor-col-50 elementor-top-column elementor-element elementor-element-40220603\" data-id=\"40220603\" data-element_type=\"column\">\n\t\t\t<div class=\"elementor-widget-wrap elementor-element-populated\">\n\t\t\t\t\t\t<div class=\"elementor-element elementor-element-79105a62 elementor-widget elementor-widget-image\" data-id=\"79105a62\" data-element_type=\"widget\" data-widget_type=\"image.default\">\n\t\t\t\t<div class=\"elementor-widget-container\">\n\t\t\t\t\t\t\t\t\t\t\t\t\t\t\t<img decoding=\"async\" width=\"640\" height=\"427\" src=\"https:\/\/educatehub.eu\/wp-content\/uploads\/2022\/09\/EDUCATE_mockup_web2-1024x683.png\" class=\"attachment-large size-large wp-image-185\" alt=\"\" srcset=\"https:\/\/educatehub.eu\/wp-content\/uploads\/2022\/09\/EDUCATE_mockup_web2-1024x683.png 1024w, https:\/\/educatehub.eu\/wp-content\/uploads\/2022\/09\/EDUCATE_mockup_web2-300x200.png 300w, https:\/\/educatehub.eu\/wp-content\/uploads\/2022\/09\/EDUCATE_mockup_web2-768x512.png 768w, https:\/\/educatehub.eu\/wp-content\/uploads\/2022\/09\/EDUCATE_mockup_web2-1536x1024.png 1536w, https:\/\/educatehub.eu\/wp-content\/uploads\/2022\/09\/EDUCATE_mockup_web2-624x416.png 624w, https:\/\/educatehub.eu\/wp-content\/uploads\/2022\/09\/EDUCATE_mockup_web2.png 1920w\" sizes=\"(max-width: 640px) 100vw, 640px\" \/>\t\t\t\t\t\t\t\t\t\t\t\t\t\t\t<\/div>\n\t\t\t\t<\/div>\n\t\t\t\t<div class=\"elementor-element elementor-element-9b2fb59 elementor-align-center elementor-invisible elementor-widget elementor-widget-button\" data-id=\"9b2fb59\" data-element_type=\"widget\" data-settings=\"{&quot;_animation&quot;:&quot;tada&quot;}\" data-widget_type=\"button.default\">\n\t\t\t\t<div class=\"elementor-widget-container\">\n\t\t\t\t\t\t\t\t\t<div class=\"elementor-button-wrapper\">\n\t\t\t\t\t<a class=\"elementor-button elementor-button-link elementor-size-xl\" href=\"https:\/\/educatehub.eu\/tr\/register\/\">\n\t\t\t\t\t\t<span class=\"elementor-button-content-wrapper\">\n\t\t\t\t\t\t\t\t\t<span class=\"elementor-button-text\">SIGN UP NOW &amp; JOIN THE COMMUNITY<\/span>\n\t\t\t\t\t<\/span>\n\t\t\t\t\t<\/a>\n\t\t\t\t<\/div>\n\t\t\t\t\t\t\t\t<\/div>\n\t\t\t\t<\/div>\n\t\t\t\t<div class=\"elementor-element elementor-element-4a4f4aed elementor-widget elementor-widget-text-editor\" data-id=\"4a4f4aed\" data-element_type=\"widget\" data-widget_type=\"text-editor.default\">\n\t\t\t\t<div class=\"elementor-widget-container\">\n\t\t\t\t\t<div class=\"bb-theme-elementor-wrap bb-elementor-custom-family\">\t\t\t\t<p><em>Bu \u00e7evrimi\u00e7i hub, gizlilik politikam\u0131zda daha fazla bilgi edinebilece\u011finiz ilgili veri koruma gerekliliklerine uyacak \u015fekilde tasarlanm\u0131\u015ft\u0131r.<\/em><\/p>\t\t\t\t<\/div>\t\t\t\t<\/div>\n\t\t\t\t<\/div>\n\t\t\t\t\t<\/div>\n\t\t<\/div>\n\t\t\t\t\t<\/div>\n\t\t<\/section>\n\t\t\t\t<\/div>","protected":false},"excerpt":{"rendered":"<p>You are on the public section of our international online community hub. In this section you can find some news and information about the project,&hellip;<\/p>","protected":false},"author":1,"featured_media":0,"parent":0,"menu_order":0,"comment_status":"closed","ping_status":"closed","template":"","meta":{"footnotes":""},"class_list":["post-313","page","type-page","status-publish","hentry"],"_links":{"self":[{"href":"https:\/\/educatehub.eu\/tr\/wp-json\/wp\/v2\/pages\/313","targetHints":{"allow":["GET"]}}],"collection":[{"href":"https:\/\/educatehub.eu\/tr\/wp-json\/wp\/v2\/pages"}],"about":[{"href":"https:\/\/educatehub.eu\/tr\/wp-json\/wp\/v2\/types\/page"}],"author":[{"embeddable":true,"href":"https:\/\/educatehub.eu\/tr\/wp-json\/wp\/v2\/users\/1"}],"replies":[{"embeddable":true,"href":"https:\/\/educatehub.eu\/tr\/wp-json\/wp\/v2\/comments?post=313"}],"version-history":[{"count":40,"href":"https:\/\/educatehub.eu\/tr\/wp-json\/wp\/v2\/pages\/313\/revisions"}],"predecessor-version":[{"id":863,"href":"https:\/\/educatehub.eu\/tr\/wp-json\/wp\/v2\/pages\/313\/revisions\/863"}],"wp:attachment":[{"href":"https:\/\/educatehub.eu\/tr\/wp-json\/wp\/v2\/media?parent=313"}],"curies":[{"name":"wp","href":"https:\/\/api.w.org\/{rel}","templated":true}]}}