{"id":673,"date":"2023-01-07T22:04:22","date_gmt":"2023-01-07T22:04:22","guid":{"rendered":"https:\/\/educatehub.eu\/?page_id=673"},"modified":"2023-10-12T16:22:47","modified_gmt":"2023-10-12T14:22:47","slug":"best-practices-digital-literacy","status":"publish","type":"page","link":"https:\/\/educatehub.eu\/tr\/best-practices-digital-literacy\/","title":{"rendered":"Best Practices &#8211; Digital Literacy and Skills Development"},"content":{"rendered":"<div data-elementor-type=\"wp-page\" data-elementor-id=\"673\" class=\"elementor elementor-673\" data-elementor-post-type=\"page\">\n\t\t\t\t\t\t<section class=\"elementor-section elementor-top-section elementor-element elementor-element-18d0ed55 elementor-section-boxed elementor-section-height-default elementor-section-height-default\" data-id=\"18d0ed55\" data-element_type=\"section\">\n\t\t\t\t\t\t<div class=\"elementor-container elementor-column-gap-default\">\n\t\t\t\t\t<div class=\"elementor-column elementor-col-50 elementor-top-column elementor-element elementor-element-598a12a7\" data-id=\"598a12a7\" data-element_type=\"column\">\n\t\t\t<div class=\"elementor-widget-wrap elementor-element-populated\">\n\t\t\t\t\t\t<div class=\"elementor-element elementor-element-15560516 elementor-widget elementor-widget-text-editor\" data-id=\"15560516\" data-element_type=\"widget\" data-widget_type=\"text-editor.default\">\n\t\t\t\t<div class=\"elementor-widget-container\">\n\t\t\t\t\t<div class=\"bb-theme-elementor-wrap bb-elementor-custom-family\">\t\t\t\t<h3><strong>\"Yeti\u015fkinlerde Dijital Yetkinli\u011fi Geli\u015ftirmek\"<\/strong><\/h3>\t\t\t\t<\/div>\t\t\t\t<\/div>\n\t\t\t\t<\/div>\n\t\t\t\t<div class=\"elementor-element elementor-element-6f9dc63c elementor-widget elementor-widget-text-editor\" data-id=\"6f9dc63c\" data-element_type=\"widget\" data-widget_type=\"text-editor.default\">\n\t\t\t\t<div class=\"elementor-widget-container\">\n\t\t\t\t\t<div class=\"bb-theme-elementor-wrap bb-elementor-custom-family\">\t\t\t\t<p>Bu projenin genel amac\u0131, ki\u015finin ger\u00e7ek problemleri verimli bir \u015fekilde \u00e7\u00f6zmek i\u00e7in teknolojik kaynaklar\u0131 kullanabilmesinin yan\u0131 s\u0131ra, ele\u015ftirel bir tutumla, ger\u00e7e\u011fe ve g\u00fcvenli\u011fe sayg\u0131 duyarak yeni bilgi kaynaklar\u0131n\u0131 de\u011ferlendirebilmesi ve se\u00e7ebilmesidir.<\/p>\t\t\t\t<\/div>\t\t\t\t<\/div>\n\t\t\t\t<\/div>\n\t\t\t\t<div class=\"elementor-element elementor-element-1158dacb elementor-widget elementor-widget-text-editor\" data-id=\"1158dacb\" data-element_type=\"widget\" data-widget_type=\"text-editor.default\">\n\t\t\t\t<div class=\"elementor-widget-container\">\n\t\t\t\t\t<div class=\"bb-theme-elementor-wrap bb-elementor-custom-family\">\t\t\t\t<p>Projenin ana faaliyetleri:<\/p><ul><li>D\u00fc\u015f\u00fck e\u011fitim seviyesine sahip, i\u015fsiz, \u00e7al\u0131\u015fan, g\u00f6\u00e7men vb. yeti\u015fkinlerin dijital becerilerini de\u011ferlendirmek.<\/li><li>Dijital Yetkinli\u011fin temel becerileri ve Matematiksel yetkinlik ve bilim ve teknolojideki temel yetkinlikler ve Dijital Yetkinlikle ilgili olarak ana dilde ileti\u015fim hakk\u0131nda e\u011fitim haplar\u0131 geli\u015ftirmek.<\/li><li>Bilgilerini geli\u015ftirmelerine yard\u0131mc\u0131 olmak amac\u0131yla yeti\u015fkinlere ara\u00e7lar ve kaynaklar sa\u011flamak.<\/li><li>Dijital becerileri geli\u015ftirmek i\u00e7in materyaller, ara\u00e7lar ve kaynaklar i\u00e7eren bir e-depo olu\u015fturmak.<\/li><\/ul>\t\t\t\t<\/div>\t\t\t\t<\/div>\n\t\t\t\t<\/div>\n\t\t\t\t\t<\/div>\n\t\t<\/div>\n\t\t\t\t<div class=\"elementor-column elementor-col-50 elementor-top-column elementor-element elementor-element-10e68ccb\" data-id=\"10e68ccb\" data-element_type=\"column\">\n\t\t\t<div class=\"elementor-widget-wrap elementor-element-populated\">\n\t\t\t\t\t\t<div class=\"elementor-element elementor-element-761ae4c9 elementor-widget elementor-widget-image\" data-id=\"761ae4c9\" data-element_type=\"widget\" data-widget_type=\"image.default\">\n\t\t\t\t<div class=\"elementor-widget-container\">\n\t\t\t\t\t\t\t\t\t\t\t\t\t\t\t<img fetchpriority=\"high\" decoding=\"async\" width=\"640\" height=\"960\" src=\"https:\/\/educatehub.eu\/wp-content\/uploads\/2023\/01\/linkedin-sales-solutions-wS73LE0GnKs-unsplash-683x1024.jpg\" class=\"attachment-large size-large wp-image-773\" alt=\"\" srcset=\"https:\/\/educatehub.eu\/wp-content\/uploads\/2023\/01\/linkedin-sales-solutions-wS73LE0GnKs-unsplash-683x1024.jpg 683w, https:\/\/educatehub.eu\/wp-content\/uploads\/2023\/01\/linkedin-sales-solutions-wS73LE0GnKs-unsplash-200x300.jpg 200w, https:\/\/educatehub.eu\/wp-content\/uploads\/2023\/01\/linkedin-sales-solutions-wS73LE0GnKs-unsplash-768x1152.jpg 768w, https:\/\/educatehub.eu\/wp-content\/uploads\/2023\/01\/linkedin-sales-solutions-wS73LE0GnKs-unsplash-1024x1536.jpg 1024w, https:\/\/educatehub.eu\/wp-content\/uploads\/2023\/01\/linkedin-sales-solutions-wS73LE0GnKs-unsplash-1365x2048.jpg 1365w, https:\/\/educatehub.eu\/wp-content\/uploads\/2023\/01\/linkedin-sales-solutions-wS73LE0GnKs-unsplash-8x12.jpg 8w, https:\/\/educatehub.eu\/wp-content\/uploads\/2023\/01\/linkedin-sales-solutions-wS73LE0GnKs-unsplash-624x936.jpg 624w, https:\/\/educatehub.eu\/wp-content\/uploads\/2023\/01\/linkedin-sales-solutions-wS73LE0GnKs-unsplash-scaled.jpg 1707w\" sizes=\"(max-width: 640px) 100vw, 640px\" \/>\t\t\t\t\t\t\t\t\t\t\t\t\t\t\t<\/div>\n\t\t\t\t<\/div>\n\t\t\t\t\t<\/div>\n\t\t<\/div>\n\t\t\t\t\t<\/div>\n\t\t<\/section>\n\t\t\t\t<section class=\"elementor-section elementor-top-section elementor-element elementor-element-865cd78 elementor-section-boxed elementor-section-height-default elementor-section-height-default\" data-id=\"865cd78\" data-element_type=\"section\">\n\t\t\t\t\t\t<div class=\"elementor-container elementor-column-gap-default\">\n\t\t\t\t\t<div class=\"elementor-column elementor-col-100 elementor-top-column elementor-element elementor-element-127186f\" data-id=\"127186f\" data-element_type=\"column\">\n\t\t\t<div class=\"elementor-widget-wrap elementor-element-populated\">\n\t\t\t\t\t\t<div class=\"elementor-element elementor-element-e8833ca elementor-widget-divider--view-line elementor-widget elementor-widget-divider\" data-id=\"e8833ca\" data-element_type=\"widget\" data-widget_type=\"divider.default\">\n\t\t\t\t<div class=\"elementor-widget-container\">\n\t\t\t\t\t\t\t<div class=\"elementor-divider\">\n\t\t\t<span class=\"elementor-divider-separator\">\n\t\t\t\t\t\t<\/span>\n\t\t<\/div>\n\t\t\t\t\t\t<\/div>\n\t\t\t\t<\/div>\n\t\t\t\t\t<\/div>\n\t\t<\/div>\n\t\t\t\t\t<\/div>\n\t\t<\/section>\n\t\t\t\t<section class=\"elementor-section elementor-top-section elementor-element elementor-element-767851a1 elementor-section-boxed elementor-section-height-default elementor-section-height-default\" data-id=\"767851a1\" data-element_type=\"section\">\n\t\t\t\t\t\t<div class=\"elementor-container elementor-column-gap-default\">\n\t\t\t\t\t<div class=\"elementor-column elementor-col-50 elementor-top-column elementor-element elementor-element-30422441\" data-id=\"30422441\" data-element_type=\"column\">\n\t\t\t<div class=\"elementor-widget-wrap elementor-element-populated\">\n\t\t\t\t\t\t<div class=\"elementor-element elementor-element-2bf6b7d9 elementor-widget elementor-widget-image\" data-id=\"2bf6b7d9\" data-element_type=\"widget\" data-widget_type=\"image.default\">\n\t\t\t\t<div class=\"elementor-widget-container\">\n\t\t\t\t\t\t\t\t\t\t\t\t\t\t\t<img decoding=\"async\" width=\"640\" height=\"960\" src=\"https:\/\/educatehub.eu\/wp-content\/uploads\/2023\/01\/linkedin-sales-solutions-hrhjn6ZTgrM-unsplash-683x1024.jpg\" class=\"attachment-large size-large wp-image-850\" alt=\"\" srcset=\"https:\/\/educatehub.eu\/wp-content\/uploads\/2023\/01\/linkedin-sales-solutions-hrhjn6ZTgrM-unsplash-683x1024.jpg 683w, https:\/\/educatehub.eu\/wp-content\/uploads\/2023\/01\/linkedin-sales-solutions-hrhjn6ZTgrM-unsplash-200x300.jpg 200w, https:\/\/educatehub.eu\/wp-content\/uploads\/2023\/01\/linkedin-sales-solutions-hrhjn6ZTgrM-unsplash-768x1152.jpg 768w, https:\/\/educatehub.eu\/wp-content\/uploads\/2023\/01\/linkedin-sales-solutions-hrhjn6ZTgrM-unsplash-1024x1536.jpg 1024w, https:\/\/educatehub.eu\/wp-content\/uploads\/2023\/01\/linkedin-sales-solutions-hrhjn6ZTgrM-unsplash-1365x2048.jpg 1365w, https:\/\/educatehub.eu\/wp-content\/uploads\/2023\/01\/linkedin-sales-solutions-hrhjn6ZTgrM-unsplash-8x12.jpg 8w, https:\/\/educatehub.eu\/wp-content\/uploads\/2023\/01\/linkedin-sales-solutions-hrhjn6ZTgrM-unsplash-624x936.jpg 624w, https:\/\/educatehub.eu\/wp-content\/uploads\/2023\/01\/linkedin-sales-solutions-hrhjn6ZTgrM-unsplash-scaled.jpg 1707w\" sizes=\"(max-width: 640px) 100vw, 640px\" \/>\t\t\t\t\t\t\t\t\t\t\t\t\t\t\t<\/div>\n\t\t\t\t<\/div>\n\t\t\t\t\t<\/div>\n\t\t<\/div>\n\t\t\t\t<div class=\"elementor-column elementor-col-50 elementor-top-column elementor-element elementor-element-7422725b\" data-id=\"7422725b\" data-element_type=\"column\">\n\t\t\t<div class=\"elementor-widget-wrap elementor-element-populated\">\n\t\t\t\t\t\t<div class=\"elementor-element elementor-element-4b2a42ea elementor-widget elementor-widget-text-editor\" data-id=\"4b2a42ea\" data-element_type=\"widget\" data-widget_type=\"text-editor.default\">\n\t\t\t\t<div class=\"elementor-widget-container\">\n\t\t\t\t\t<div class=\"bb-theme-elementor-wrap bb-elementor-custom-family\">\t\t\t\t<h3><strong>G\u00fcnl\u00fck Ya\u015famda B\u0130T ve Yeti\u015fkin E\u011fitiminde E-\u00d6\u011frenme<\/strong><\/h3>\t\t\t\t<\/div>\t\t\t\t<\/div>\n\t\t\t\t<\/div>\n\t\t\t\t<div class=\"elementor-element elementor-element-6bab71e8 elementor-widget elementor-widget-text-editor\" data-id=\"6bab71e8\" data-element_type=\"widget\" data-widget_type=\"text-editor.default\">\n\t\t\t\t<div class=\"elementor-widget-container\">\n\t\t\t\t\t\t\t\t\t<p>Projede, Avrupa Birli\u011fi'ndeki farkl\u0131 t\u00fcrden kurulu\u015flar, g\u00fcnl\u00fck ya\u015famda B\u0130T'i (Bilgi ve \u0130leti\u015fim Teknolojileri) kullanamayan veya fark\u0131nda olmayan ve okulu b\u0131rakanlar, g\u00f6\u00e7menler ve kad\u0131nlar gibi hassas sosyal gruplara mensup yeti\u015fkinler ve gen\u00e7ler aras\u0131nda dijital teknolojiyi kullanmak i\u00e7in gereken becerilerle donatmak amac\u0131yla dijital cehaletle m\u00fccadele etmek i\u00e7in i\u015fbirli\u011fi yapt\u0131.<\/p>\t\t\t\t\t\t\t\t<\/div>\n\t\t\t\t<\/div>\n\t\t\t\t\t<\/div>\n\t\t<\/div>\n\t\t\t\t\t<\/div>\n\t\t<\/section>\n\t\t\t\t<section class=\"elementor-section elementor-top-section elementor-element elementor-element-23101cf elementor-section-boxed elementor-section-height-default elementor-section-height-default\" data-id=\"23101cf\" data-element_type=\"section\">\n\t\t\t\t\t\t<div class=\"elementor-container elementor-column-gap-default\">\n\t\t\t\t\t<div class=\"elementor-column elementor-col-100 elementor-top-column elementor-element elementor-element-71a07e4\" data-id=\"71a07e4\" data-element_type=\"column\">\n\t\t\t<div class=\"elementor-widget-wrap elementor-element-populated\">\n\t\t\t\t\t\t<div class=\"elementor-element elementor-element-43f3ea2 elementor-widget-divider--view-line elementor-widget elementor-widget-divider\" data-id=\"43f3ea2\" data-element_type=\"widget\" data-widget_type=\"divider.default\">\n\t\t\t\t<div class=\"elementor-widget-container\">\n\t\t\t\t\t\t\t<div class=\"elementor-divider\">\n\t\t\t<span class=\"elementor-divider-separator\">\n\t\t\t\t\t\t<\/span>\n\t\t<\/div>\n\t\t\t\t\t\t<\/div>\n\t\t\t\t<\/div>\n\t\t\t\t\t<\/div>\n\t\t<\/div>\n\t\t\t\t\t<\/div>\n\t\t<\/section>\n\t\t\t\t<section class=\"elementor-section elementor-top-section elementor-element elementor-element-eed5d84 elementor-section-boxed elementor-section-height-default elementor-section-height-default\" data-id=\"eed5d84\" data-element_type=\"section\">\n\t\t\t\t\t\t<div class=\"elementor-container elementor-column-gap-default\">\n\t\t\t\t\t<div class=\"elementor-column elementor-col-50 elementor-top-column elementor-element elementor-element-951bedd\" data-id=\"951bedd\" data-element_type=\"column\">\n\t\t\t<div class=\"elementor-widget-wrap elementor-element-populated\">\n\t\t\t\t\t\t<div class=\"elementor-element elementor-element-aee873a elementor-widget elementor-widget-text-editor\" data-id=\"aee873a\" data-element_type=\"widget\" data-widget_type=\"text-editor.default\">\n\t\t\t\t<div class=\"elementor-widget-container\">\n\t\t\t\t\t<div class=\"bb-theme-elementor-wrap bb-elementor-custom-family\">\t\t\t\t<h3><strong>FLIP-IDEAL - Yeti\u015fkin E\u011fitiminde Ters Y\u00fcz \u00d6\u011frenme<\/strong><\/h3>\t\t\t\t<\/div>\t\t\t\t<\/div>\n\t\t\t\t<\/div>\n\t\t\t\t<div class=\"elementor-element elementor-element-f358699 elementor-widget elementor-widget-text-editor\" data-id=\"f358699\" data-element_type=\"widget\" data-widget_type=\"text-editor.default\">\n\t\t\t\t<div class=\"elementor-widget-container\">\n\t\t\t\t\t<div class=\"bb-theme-elementor-wrap bb-elementor-custom-family\">\t\t\t\t<p>Ters y\u00fcz edilmi\u015f s\u0131n\u0131f modeli \u00f6\u011frenci merkezlidir ve \u00f6\u011frenenlerin bilgiyi kendi h\u0131zlar\u0131nda i\u015flemelerine olanak tan\u0131r. B\u00f6ylelikle \u00f6\u011frenenler, farkl\u0131la\u015ft\u0131r\u0131lm\u0131\u015f \u00f6\u011frenmeyi deneyimler. \u00d6\u011frenciler kaybettikleri veya tam olarak anlamad\u0131klar\u0131 i\u00e7eri\u011fi g\u00f6zden ge\u00e7irebilir, \u00f6\u011fretmen ve s\u0131n\u0131f arkada\u015flar\u0131 taraf\u0131ndan destekledikleri s\u0131n\u0131fta yeni bir konuyu uygulayabilirler. Ters y\u00fcz s\u0131n\u0131f yakla\u015f\u0131m\u0131, i\u015fbirli\u011fine dayal\u0131 \u00f6\u011frenmeyi kolayla\u015ft\u0131r\u0131r ve i\u015fbirli\u011fi, problem \u00e7\u00f6zme, ekip \u00e7al\u0131\u015fmas\u0131 ve bilgiyi peki\u015ftirmeye daha fazla zaman ay\u0131rman\u0131z\u0131 sa\u011flar.<\/p><p>Temel yeti\u015fkin e\u011fitimi programlar\u0131nda genellikle g\u00f6z ard\u0131 edilen bir husus, \u00e7evrimi\u00e7i \u00f6\u011frenme ve dijital becerileri uygulama i\u00e7in gereken beceri setidir. Bu beceriler ters y\u00fcz edilmi\u015f s\u0131n\u0131f yakla\u015f\u0131m\u0131 kullan\u0131larak edinilebilir. Bir kursa \u00e7evrimi\u00e7i ve dijital unsurlar\u0131n eklenmesi, \u00f6\u011frencilere dijital becerilerini geli\u015ftirme f\u0131rsat\u0131 verir.<\/p><p>Yenilik\u00e7i \u00f6\u011frenme y\u00f6ntemlerini ve dijital ara\u00e7lar\u0131 bir araya getiren bu uygulama, Ulusal (\u0130talyan) Dijital E\u011fitim Plan\u0131na g\u00f6re Yeti\u015fkin E\u011fitiminde uygulanmas\u0131 gereken alanlardan birini temsil etmektedir.<\/p>\t\t\t\t<\/div>\t\t\t\t<\/div>\n\t\t\t\t<\/div>\n\t\t\t\t\t<\/div>\n\t\t<\/div>\n\t\t\t\t<div class=\"elementor-column elementor-col-50 elementor-top-column elementor-element elementor-element-b1b15fd\" data-id=\"b1b15fd\" data-element_type=\"column\">\n\t\t\t<div class=\"elementor-widget-wrap elementor-element-populated\">\n\t\t\t\t\t\t<div class=\"elementor-element elementor-element-9c68f9b elementor-widget elementor-widget-image\" data-id=\"9c68f9b\" data-element_type=\"widget\" data-widget_type=\"image.default\">\n\t\t\t\t<div class=\"elementor-widget-container\">\n\t\t\t\t\t\t\t\t\t\t\t\t\t\t\t<img decoding=\"async\" width=\"640\" height=\"960\" src=\"https:\/\/educatehub.eu\/wp-content\/uploads\/2023\/01\/ben-moreland-GkWP64truqg-unsplash-683x1024.jpg\" class=\"attachment-large size-large wp-image-697\" alt=\"\" srcset=\"https:\/\/educatehub.eu\/wp-content\/uploads\/2023\/01\/ben-moreland-GkWP64truqg-unsplash-683x1024.jpg 683w, https:\/\/educatehub.eu\/wp-content\/uploads\/2023\/01\/ben-moreland-GkWP64truqg-unsplash-200x300.jpg 200w, https:\/\/educatehub.eu\/wp-content\/uploads\/2023\/01\/ben-moreland-GkWP64truqg-unsplash-768x1152.jpg 768w, https:\/\/educatehub.eu\/wp-content\/uploads\/2023\/01\/ben-moreland-GkWP64truqg-unsplash-1024x1536.jpg 1024w, https:\/\/educatehub.eu\/wp-content\/uploads\/2023\/01\/ben-moreland-GkWP64truqg-unsplash-1365x2048.jpg 1365w, https:\/\/educatehub.eu\/wp-content\/uploads\/2023\/01\/ben-moreland-GkWP64truqg-unsplash-8x12.jpg 8w, https:\/\/educatehub.eu\/wp-content\/uploads\/2023\/01\/ben-moreland-GkWP64truqg-unsplash-624x936.jpg 624w, https:\/\/educatehub.eu\/wp-content\/uploads\/2023\/01\/ben-moreland-GkWP64truqg-unsplash-scaled.jpg 1707w\" sizes=\"(max-width: 640px) 100vw, 640px\" \/>\t\t\t\t\t\t\t\t\t\t\t\t\t\t\t<\/div>\n\t\t\t\t<\/div>\n\t\t\t\t\t<\/div>\n\t\t<\/div>\n\t\t\t\t\t<\/div>\n\t\t<\/section>\n\t\t\t\t<section class=\"elementor-section elementor-top-section elementor-element elementor-element-a851006 elementor-section-boxed elementor-section-height-default elementor-section-height-default\" data-id=\"a851006\" data-element_type=\"section\">\n\t\t\t\t\t\t<div class=\"elementor-container elementor-column-gap-default\">\n\t\t\t\t\t<div class=\"elementor-column elementor-col-100 elementor-top-column elementor-element elementor-element-54c767a\" data-id=\"54c767a\" data-element_type=\"column\">\n\t\t\t<div class=\"elementor-widget-wrap\">\n\t\t\t\t\t\t\t<\/div>\n\t\t<\/div>\n\t\t\t\t\t<\/div>\n\t\t<\/section>\n\t\t\t\t<section class=\"elementor-section elementor-top-section elementor-element elementor-element-53484e14 elementor-section-boxed elementor-section-height-default elementor-section-height-default\" data-id=\"53484e14\" data-element_type=\"section\" data-settings=\"{&quot;background_background&quot;:&quot;classic&quot;}\">\n\t\t\t\t\t\t<div class=\"elementor-container elementor-column-gap-default\">\n\t\t\t\t\t<div class=\"elementor-column elementor-col-100 elementor-top-column elementor-element elementor-element-215b6955\" data-id=\"215b6955\" data-element_type=\"column\" data-settings=\"{&quot;background_background&quot;:&quot;classic&quot;}\">\n\t\t\t<div class=\"elementor-widget-wrap elementor-element-populated\">\n\t\t\t\t\t\t<section class=\"elementor-section elementor-inner-section elementor-element elementor-element-78ad5945 elementor-section-content-middle elementor-section-boxed elementor-section-height-default elementor-section-height-default\" data-id=\"78ad5945\" data-element_type=\"section\">\n\t\t\t\t\t\t<div class=\"elementor-container elementor-column-gap-default\">\n\t\t\t\t\t<div class=\"elementor-column elementor-col-50 elementor-inner-column elementor-element elementor-element-fa4d62b\" data-id=\"fa4d62b\" data-element_type=\"column\">\n\t\t\t<div class=\"elementor-widget-wrap elementor-element-populated\">\n\t\t\t\t\t\t<div class=\"elementor-element elementor-element-31256953 elementor-widget elementor-widget-heading\" data-id=\"31256953\" data-element_type=\"widget\" data-widget_type=\"heading.default\">\n\t\t\t\t<div class=\"elementor-widget-container\">\n\t\t\t\t\t<h3 class=\"elementor-heading-title elementor-size-default\">Daha fazlas\u0131yla ilgileniyor musunuz?<\/h3>\t\t\t\t<\/div>\n\t\t\t\t<\/div>\n\t\t\t\t<div class=\"elementor-element elementor-element-8904f6c elementor-widget elementor-widget-text-editor\" data-id=\"8904f6c\" data-element_type=\"widget\" data-widget_type=\"text-editor.default\">\n\t\t\t\t<div class=\"elementor-widget-container\">\n\t\t\t\t\t\t\t\t\t<p>\u00dcCRETS\u0130Z kaydolun ve 6 \u00fclkeden en iyi uygulamalar\u0131n ayr\u0131nt\u0131l\u0131 a\u00e7\u0131klamalar\u0131n\u0131 okuyun!\u00a0<\/p>\t\t\t\t\t\t\t\t<\/div>\n\t\t\t\t<\/div>\n\t\t\t\t\t<\/div>\n\t\t<\/div>\n\t\t\t\t<div class=\"elementor-column elementor-col-50 elementor-inner-column elementor-element elementor-element-43135700\" data-id=\"43135700\" data-element_type=\"column\">\n\t\t\t<div class=\"elementor-widget-wrap elementor-element-populated\">\n\t\t\t\t\t\t<div class=\"elementor-element elementor-element-700076e9 elementor-align-center elementor-tablet-align-center elementor-widget elementor-widget-button\" data-id=\"700076e9\" data-element_type=\"widget\" data-widget_type=\"button.default\">\n\t\t\t\t<div class=\"elementor-widget-container\">\n\t\t\t\t\t\t\t\t\t<div class=\"elementor-button-wrapper\">\n\t\t\t\t\t<a class=\"elementor-button elementor-button-link elementor-size-sm elementor-animation-float\" href=\"\/tr\/register\/\">\n\t\t\t\t\t\t<span class=\"elementor-button-content-wrapper\">\n\t\t\t\t\t\t\t\t\t<span class=\"elementor-button-text\">KAYIT<\/span>\n\t\t\t\t\t<\/span>\n\t\t\t\t\t<\/a>\n\t\t\t\t<\/div>\n\t\t\t\t\t\t\t\t<\/div>\n\t\t\t\t<\/div>\n\t\t\t\t\t<\/div>\n\t\t<\/div>\n\t\t\t\t\t<\/div>\n\t\t<\/section>\n\t\t\t\t\t<\/div>\n\t\t<\/div>\n\t\t\t\t\t<\/div>\n\t\t<\/section>\n\t\t\t\t<\/div>","protected":false},"excerpt":{"rendered":"<p>\u201cImprove Digital Competence in Adult people\u201d Overall objective of this project is that the person will be able to use technological resources in order to&hellip;<\/p>","protected":false},"author":1,"featured_media":0,"parent":0,"menu_order":0,"comment_status":"closed","ping_status":"closed","template":"","meta":{"footnotes":""},"class_list":["post-673","page","type-page","status-publish","hentry"],"_links":{"self":[{"href":"https:\/\/educatehub.eu\/tr\/wp-json\/wp\/v2\/pages\/673","targetHints":{"allow":["GET"]}}],"collection":[{"href":"https:\/\/educatehub.eu\/tr\/wp-json\/wp\/v2\/pages"}],"about":[{"href":"https:\/\/educatehub.eu\/tr\/wp-json\/wp\/v2\/types\/page"}],"author":[{"embeddable":true,"href":"https:\/\/educatehub.eu\/tr\/wp-json\/wp\/v2\/users\/1"}],"replies":[{"embeddable":true,"href":"https:\/\/educatehub.eu\/tr\/wp-json\/wp\/v2\/comments?post=673"}],"version-history":[{"count":38,"href":"https:\/\/educatehub.eu\/tr\/wp-json\/wp\/v2\/pages\/673\/revisions"}],"predecessor-version":[{"id":2413,"href":"https:\/\/educatehub.eu\/tr\/wp-json\/wp\/v2\/pages\/673\/revisions\/2413"}],"wp:attachment":[{"href":"https:\/\/educatehub.eu\/tr\/wp-json\/wp\/v2\/media?parent=673"}],"curies":[{"name":"wp","href":"https:\/\/api.w.org\/{rel}","templated":true}]}}