{"id":715,"date":"2023-01-08T15:48:36","date_gmt":"2023-01-08T15:48:36","guid":{"rendered":"https:\/\/educatehub.eu\/?page_id=715"},"modified":"2023-10-12T16:14:17","modified_gmt":"2023-10-12T14:14:17","slug":"best-practices-inclusive-educational-technology","status":"publish","type":"page","link":"https:\/\/educatehub.eu\/tr\/best-practices-inclusive-educational-technology\/","title":{"rendered":"Best Practices &#8211; Inclusive Educational Technology"},"content":{"rendered":"<div data-elementor-type=\"wp-page\" data-elementor-id=\"715\" class=\"elementor elementor-715\" data-elementor-post-type=\"page\">\n\t\t\t\t\t\t<section class=\"elementor-section elementor-top-section elementor-element elementor-element-616b88f elementor-section-boxed elementor-section-height-default elementor-section-height-default\" data-id=\"616b88f\" data-element_type=\"section\">\n\t\t\t\t\t\t<div class=\"elementor-container elementor-column-gap-default\">\n\t\t\t\t\t<div class=\"elementor-column elementor-col-50 elementor-top-column elementor-element elementor-element-21efb499\" data-id=\"21efb499\" data-element_type=\"column\">\n\t\t\t<div class=\"elementor-widget-wrap elementor-element-populated\">\n\t\t\t\t\t\t<div class=\"elementor-element elementor-element-64eef3b3 elementor-widget elementor-widget-text-editor\" data-id=\"64eef3b3\" data-element_type=\"widget\" data-widget_type=\"text-editor.default\">\n\t\t\t\t<div class=\"elementor-widget-container\">\n\t\t\t\t\t<div class=\"bb-theme-elementor-wrap bb-elementor-custom-family\">\t\t\t\t<h3><strong>\"Zihinsel engelli \u00f6\u011frencilerin beceri kazanmas\u0131 ve g\u00fc\u00e7lendirilmesi i\u00e7in Dijital Hikaye Anlat\u0131m\u0131\" Projesi<\/strong><\/h3>\t\t\t\t<\/div>\t\t\t\t<\/div>\n\t\t\t\t<\/div>\n\t\t\t\t<div class=\"elementor-element elementor-element-44edf956 elementor-widget elementor-widget-text-editor\" data-id=\"44edf956\" data-element_type=\"widget\" data-widget_type=\"text-editor.default\">\n\t\t\t\t<div class=\"elementor-widget-container\">\n\t\t\t\t\t<div class=\"bb-theme-elementor-wrap bb-elementor-custom-family\">\t\t\t\t<p>Projenin amac\u0131, zihinsel engellilerle \u00e7al\u0131\u015fan \u00f6\u011fretmenler\/kolayla\u015ft\u0131r\u0131c\u0131lar i\u00e7in yenilik\u00e7i, g\u00fc\u00e7lendirici ve e\u011flenceli bir ara\u00e7 sunmak amac\u0131yla zihinsel engelli bireylere uyarlanm\u0131\u015f yenilik\u00e7i bir \u00f6\u011frenme yakla\u015f\u0131m\u0131 - dijital hikaye anlat\u0131m\u0131 geli\u015ftirmektir.<\/p><p>Projeye \u00f6zel hedefler:<\/p><ul><li>Zihinsel engellilerle \u00e7al\u0131\u015fan kolayla\u015ft\u0131r\u0131c\u0131lar\u0131\/\u00f6\u011fretmenleri, zihinsel engellilere uyarlanm\u0131\u015f dijital hikaye anlat\u0131m\u0131 y\u00f6ntemini kullanmalar\u0131 i\u00e7in e\u011fitmek ve b\u00f6ylece ID'li (zihinsel engelli) ki\u015filerin farkl\u0131 ya\u015fam becerileri edinmelerini art\u0131rmak: okuryazarl\u0131k, dijital beceriler, sosyal beceriler vb.<\/li><li>Zihinsel engellilerin topluma tam olarak kat\u0131labilmeleri ve i\u015fg\u00fcc\u00fc piyasas\u0131ndaki ge\u00e7i\u015fleri ba\u015far\u0131yla y\u00f6netebilmeleri i\u00e7in e\u011fitim f\u0131rsatlar\u0131n\u0131 art\u0131rmak<\/li><li>Zihinsel engelli bireylerin temel becerilerini (okuryazarl\u0131k ve dijital beceriler) geli\u015ftirmek, topluma kat\u0131l\u0131mlar\u0131n\u0131 sa\u011flamak ve b\u00f6ylece sosyal i\u00e7ermelerini art\u0131rmak<\/li><\/ul>\t\t\t\t<\/div>\t\t\t\t<\/div>\n\t\t\t\t<\/div>\n\t\t\t\t\t<\/div>\n\t\t<\/div>\n\t\t\t\t<div class=\"elementor-column elementor-col-50 elementor-top-column elementor-element elementor-element-79945cfc\" data-id=\"79945cfc\" data-element_type=\"column\">\n\t\t\t<div class=\"elementor-widget-wrap elementor-element-populated\">\n\t\t\t\t\t\t<div class=\"elementor-element elementor-element-57db3f98 elementor-widget elementor-widget-image\" data-id=\"57db3f98\" data-element_type=\"widget\" data-widget_type=\"image.default\">\n\t\t\t\t<div class=\"elementor-widget-container\">\n\t\t\t\t\t\t\t\t\t\t\t\t\t\t\t<img fetchpriority=\"high\" decoding=\"async\" width=\"640\" height=\"960\" src=\"https:\/\/educatehub.eu\/wp-content\/uploads\/2023\/01\/linkedin-sales-solutions-0QvTyp0gH3A-unsplash-683x1024.jpg\" class=\"attachment-large size-large wp-image-731\" alt=\"\" srcset=\"https:\/\/educatehub.eu\/wp-content\/uploads\/2023\/01\/linkedin-sales-solutions-0QvTyp0gH3A-unsplash-683x1024.jpg 683w, https:\/\/educatehub.eu\/wp-content\/uploads\/2023\/01\/linkedin-sales-solutions-0QvTyp0gH3A-unsplash-200x300.jpg 200w, https:\/\/educatehub.eu\/wp-content\/uploads\/2023\/01\/linkedin-sales-solutions-0QvTyp0gH3A-unsplash-768x1152.jpg 768w, https:\/\/educatehub.eu\/wp-content\/uploads\/2023\/01\/linkedin-sales-solutions-0QvTyp0gH3A-unsplash-1024x1536.jpg 1024w, https:\/\/educatehub.eu\/wp-content\/uploads\/2023\/01\/linkedin-sales-solutions-0QvTyp0gH3A-unsplash-1365x2048.jpg 1365w, https:\/\/educatehub.eu\/wp-content\/uploads\/2023\/01\/linkedin-sales-solutions-0QvTyp0gH3A-unsplash-8x12.jpg 8w, https:\/\/educatehub.eu\/wp-content\/uploads\/2023\/01\/linkedin-sales-solutions-0QvTyp0gH3A-unsplash-624x936.jpg 624w, https:\/\/educatehub.eu\/wp-content\/uploads\/2023\/01\/linkedin-sales-solutions-0QvTyp0gH3A-unsplash-scaled.jpg 1707w\" sizes=\"(max-width: 640px) 100vw, 640px\" \/>\t\t\t\t\t\t\t\t\t\t\t\t\t\t\t<\/div>\n\t\t\t\t<\/div>\n\t\t\t\t\t<\/div>\n\t\t<\/div>\n\t\t\t\t\t<\/div>\n\t\t<\/section>\n\t\t\t\t<section class=\"elementor-section elementor-top-section elementor-element elementor-element-19d7d992 elementor-section-boxed elementor-section-height-default elementor-section-height-default\" data-id=\"19d7d992\" data-element_type=\"section\">\n\t\t\t\t\t\t<div class=\"elementor-container elementor-column-gap-default\">\n\t\t\t\t\t<div class=\"elementor-column elementor-col-100 elementor-top-column elementor-element elementor-element-6ced8262\" data-id=\"6ced8262\" data-element_type=\"column\">\n\t\t\t<div class=\"elementor-widget-wrap elementor-element-populated\">\n\t\t\t\t\t\t<div class=\"elementor-element elementor-element-1fadd596 elementor-widget-divider--view-line elementor-widget elementor-widget-divider\" data-id=\"1fadd596\" data-element_type=\"widget\" data-widget_type=\"divider.default\">\n\t\t\t\t<div class=\"elementor-widget-container\">\n\t\t\t\t\t\t\t<div class=\"elementor-divider\">\n\t\t\t<span class=\"elementor-divider-separator\">\n\t\t\t\t\t\t<\/span>\n\t\t<\/div>\n\t\t\t\t\t\t<\/div>\n\t\t\t\t<\/div>\n\t\t\t\t\t<\/div>\n\t\t<\/div>\n\t\t\t\t\t<\/div>\n\t\t<\/section>\n\t\t\t\t<section class=\"elementor-section elementor-top-section elementor-element elementor-element-4265844c elementor-section-boxed elementor-section-height-default elementor-section-height-default\" data-id=\"4265844c\" data-element_type=\"section\">\n\t\t\t\t\t\t<div class=\"elementor-container elementor-column-gap-default\">\n\t\t\t\t\t<div class=\"elementor-column elementor-col-50 elementor-top-column elementor-element elementor-element-3350934f\" data-id=\"3350934f\" data-element_type=\"column\">\n\t\t\t<div class=\"elementor-widget-wrap elementor-element-populated\">\n\t\t\t\t\t\t<div class=\"elementor-element elementor-element-25d86ade elementor-widget elementor-widget-image\" data-id=\"25d86ade\" data-element_type=\"widget\" data-widget_type=\"image.default\">\n\t\t\t\t<div class=\"elementor-widget-container\">\n\t\t\t\t\t\t\t\t\t\t\t\t\t\t\t<img decoding=\"async\" width=\"640\" height=\"960\" src=\"https:\/\/educatehub.eu\/wp-content\/uploads\/2023\/01\/kajetan-sumila-1RWaxoDoASo-unsplash-683x1024.jpg\" class=\"attachment-large size-large wp-image-751\" alt=\"\" srcset=\"https:\/\/educatehub.eu\/wp-content\/uploads\/2023\/01\/kajetan-sumila-1RWaxoDoASo-unsplash-683x1024.jpg 683w, https:\/\/educatehub.eu\/wp-content\/uploads\/2023\/01\/kajetan-sumila-1RWaxoDoASo-unsplash-200x300.jpg 200w, https:\/\/educatehub.eu\/wp-content\/uploads\/2023\/01\/kajetan-sumila-1RWaxoDoASo-unsplash-768x1152.jpg 768w, https:\/\/educatehub.eu\/wp-content\/uploads\/2023\/01\/kajetan-sumila-1RWaxoDoASo-unsplash-1024x1536.jpg 1024w, https:\/\/educatehub.eu\/wp-content\/uploads\/2023\/01\/kajetan-sumila-1RWaxoDoASo-unsplash-1365x2048.jpg 1365w, https:\/\/educatehub.eu\/wp-content\/uploads\/2023\/01\/kajetan-sumila-1RWaxoDoASo-unsplash-8x12.jpg 8w, https:\/\/educatehub.eu\/wp-content\/uploads\/2023\/01\/kajetan-sumila-1RWaxoDoASo-unsplash-624x936.jpg 624w, https:\/\/educatehub.eu\/wp-content\/uploads\/2023\/01\/kajetan-sumila-1RWaxoDoASo-unsplash-scaled.jpg 1707w\" sizes=\"(max-width: 640px) 100vw, 640px\" \/>\t\t\t\t\t\t\t\t\t\t\t\t\t\t\t<\/div>\n\t\t\t\t<\/div>\n\t\t\t\t\t<\/div>\n\t\t<\/div>\n\t\t\t\t<div class=\"elementor-column elementor-col-50 elementor-top-column elementor-element elementor-element-749aefc7\" data-id=\"749aefc7\" data-element_type=\"column\">\n\t\t\t<div class=\"elementor-widget-wrap elementor-element-populated\">\n\t\t\t\t\t\t<div class=\"elementor-element elementor-element-730d5e7d elementor-widget elementor-widget-text-editor\" data-id=\"730d5e7d\" data-element_type=\"widget\" data-widget_type=\"text-editor.default\">\n\t\t\t\t<div class=\"elementor-widget-container\">\n\t\t\t\t\t<div class=\"bb-theme-elementor-wrap bb-elementor-custom-family\">\t\t\t\t<h3><strong>Microsoft Immersive Reader<\/strong><\/h3>\t\t\t\t<\/div>\t\t\t\t<\/div>\n\t\t\t\t<\/div>\n\t\t\t\t<div class=\"elementor-element elementor-element-4222373a elementor-widget elementor-widget-text-editor\" data-id=\"4222373a\" data-element_type=\"widget\" data-widget_type=\"text-editor.default\">\n\t\t\t\t<div class=\"elementor-widget-container\">\n\t\t\t\t\t\t\t\t\t<p>Microsoft'un Immersive Reader'\u0131 okuma ve anlamaya yard\u0131mc\u0131 olan \u00fccretsiz bir ara\u00e7t\u0131r. Tam ekran okuma deneyimi sa\u011flar ve yaz\u0131 tipi boyutunu ve stilini, metin ve sat\u0131r aral\u0131\u011f\u0131n\u0131 ve arka plan rengini de\u011fi\u015ftirerek metne odaklanmay\u0131 geli\u015ftirir. Disleksi, disgrafi ve g\u00f6rme bozuklu\u011fu gibi bask\u0131 engelleri olan ki\u015filer i\u00e7in yard\u0131mc\u0131 teknoloji d\u00fczenlemeleri kullanarak Microsoft uygulamalar\u0131ndaki metnin okunabilirli\u011fini art\u0131rmak i\u00e7in tasarlanm\u0131\u015ft\u0131r. \u00d6\u011frencilerin okuma, anlama ve dilbilgisi becerilerini geli\u015ftirmelerine yard\u0131mc\u0131 olmak i\u00e7in tasarlanm\u0131\u015f etkile\u015fimli bir okuma arac\u0131d\u0131r. Ayr\u0131ca metinleri her seviyedeki \u00f6\u011frenciler i\u00e7in daha eri\u015filebilir hale getirir. Immersive Reader, belgelerin d\u00fczenini iyile\u015ftirmek i\u00e7in Eri\u015filebilirlik Denetleyicisi ile birlikte kullan\u0131labilir veya belgeyi daha fazla d\u00fczenlemeden bir belgeyi daha eri\u015filebilir hale getirmek i\u00e7in kullan\u0131labilir.<\/p>\t\t\t\t\t\t\t\t<\/div>\n\t\t\t\t<\/div>\n\t\t\t\t<div class=\"elementor-element elementor-element-2335375b elementor-widget elementor-widget-text-editor\" data-id=\"2335375b\" data-element_type=\"widget\" data-widget_type=\"text-editor.default\">\n\t\t\t\t<div class=\"elementor-widget-container\">\n\t\t\t\t\t<div class=\"bb-theme-elementor-wrap bb-elementor-custom-family\">\t\t\t\t<p>S\u00fcr\u00fckleyici Okuma i\u015flemi: \u00d6\u011frencilere metinleri y\u00fcksek sesle okurken ayn\u0131 anda okunan kelimeyi vurgular. Bu, metnin farkl\u0131 ya\u015f ve yeteneklerdeki \u00f6\u011frenciler i\u00e7in eri\u015filebilir olmas\u0131n\u0131 sa\u011flar ve geli\u015fmekte olan okuyucular\u0131n yeni kelimeleri tan\u0131may\u0131 \u00f6\u011frenmelerine yard\u0131mc\u0131 olur. Whit farkl\u0131 anlat\u0131m h\u0131zlar\u0131 ve sesleri se\u00e7mek m\u00fcmk\u00fcnd\u00fcr. Kullan\u0131c\u0131lar ayr\u0131ca kelimeler aras\u0131ndaki bo\u015flu\u011fu ve yaz\u0131 tipi boyutunu ayarlayabilir; isimler, fiiller, s\u0131fatlar ve zarflar gibi belirli konu\u015fma b\u00f6l\u00fcmlerini vurgulayabilir; kelimelerin metnini hecelere ay\u0131rabilir; farkl\u0131 dillerde konu\u015fulan kelimelerin ses kay\u0131tlar\u0131n\u0131 dinleyebilir; metni \u00e7evirebilir ve kelimelerin resim olarak temsil edildi\u011fini g\u00f6rebilir.<\/p>\t\t\t\t<\/div>\t\t\t\t<\/div>\n\t\t\t\t<\/div>\n\t\t\t\t\t<\/div>\n\t\t<\/div>\n\t\t\t\t\t<\/div>\n\t\t<\/section>\n\t\t\t\t<section class=\"elementor-section elementor-top-section elementor-element elementor-element-1aab1dd8 elementor-section-boxed elementor-section-height-default elementor-section-height-default\" data-id=\"1aab1dd8\" data-element_type=\"section\">\n\t\t\t\t\t\t<div class=\"elementor-container elementor-column-gap-default\">\n\t\t\t\t\t<div class=\"elementor-column elementor-col-100 elementor-top-column elementor-element elementor-element-49dadf59\" data-id=\"49dadf59\" data-element_type=\"column\">\n\t\t\t<div class=\"elementor-widget-wrap\">\n\t\t\t\t\t\t\t<\/div>\n\t\t<\/div>\n\t\t\t\t\t<\/div>\n\t\t<\/section>\n\t\t\t\t<section class=\"elementor-section elementor-top-section elementor-element elementor-element-4c703911 elementor-section-boxed elementor-section-height-default elementor-section-height-default\" data-id=\"4c703911\" data-element_type=\"section\" data-settings=\"{&quot;background_background&quot;:&quot;classic&quot;}\">\n\t\t\t\t\t\t<div class=\"elementor-container elementor-column-gap-default\">\n\t\t\t\t\t<div class=\"elementor-column elementor-col-100 elementor-top-column elementor-element elementor-element-64befee9\" data-id=\"64befee9\" data-element_type=\"column\" data-settings=\"{&quot;background_background&quot;:&quot;classic&quot;}\">\n\t\t\t<div class=\"elementor-widget-wrap elementor-element-populated\">\n\t\t\t\t\t\t<section class=\"elementor-section elementor-inner-section elementor-element elementor-element-4213aa0d elementor-section-content-middle elementor-section-boxed elementor-section-height-default elementor-section-height-default\" data-id=\"4213aa0d\" data-element_type=\"section\">\n\t\t\t\t\t\t<div class=\"elementor-container elementor-column-gap-default\">\n\t\t\t\t\t<div class=\"elementor-column elementor-col-50 elementor-inner-column elementor-element elementor-element-6aa59664\" data-id=\"6aa59664\" data-element_type=\"column\">\n\t\t\t<div class=\"elementor-widget-wrap elementor-element-populated\">\n\t\t\t\t\t\t<div class=\"elementor-element elementor-element-13dd3704 elementor-widget elementor-widget-heading\" data-id=\"13dd3704\" data-element_type=\"widget\" data-widget_type=\"heading.default\">\n\t\t\t\t<div class=\"elementor-widget-container\">\n\t\t\t\t\t<h3 class=\"elementor-heading-title elementor-size-default\">Daha fazlas\u0131yla ilgileniyor musunuz?<\/h3>\t\t\t\t<\/div>\n\t\t\t\t<\/div>\n\t\t\t\t<div class=\"elementor-element elementor-element-7875c90e elementor-widget elementor-widget-text-editor\" data-id=\"7875c90e\" data-element_type=\"widget\" data-widget_type=\"text-editor.default\">\n\t\t\t\t<div class=\"elementor-widget-container\">\n\t\t\t\t\t\t\t\t\t<p>\u00dcCRETS\u0130Z kaydolun ve 6 \u00fclkeden en iyi uygulamalar\u0131n ayr\u0131nt\u0131l\u0131 a\u00e7\u0131klamalar\u0131n\u0131 okuyun!\u00a0<\/p>\t\t\t\t\t\t\t\t<\/div>\n\t\t\t\t<\/div>\n\t\t\t\t\t<\/div>\n\t\t<\/div>\n\t\t\t\t<div class=\"elementor-column elementor-col-50 elementor-inner-column elementor-element elementor-element-14a6965e\" data-id=\"14a6965e\" data-element_type=\"column\">\n\t\t\t<div class=\"elementor-widget-wrap elementor-element-populated\">\n\t\t\t\t\t\t<div class=\"elementor-element elementor-element-2aa6a8ba elementor-align-center elementor-tablet-align-center elementor-widget elementor-widget-button\" data-id=\"2aa6a8ba\" data-element_type=\"widget\" data-widget_type=\"button.default\">\n\t\t\t\t<div class=\"elementor-widget-container\">\n\t\t\t\t\t\t\t\t\t<div class=\"elementor-button-wrapper\">\n\t\t\t\t\t<a class=\"elementor-button elementor-button-link elementor-size-sm elementor-animation-float\" href=\"\/tr\/register\/\">\n\t\t\t\t\t\t<span class=\"elementor-button-content-wrapper\">\n\t\t\t\t\t\t\t\t\t<span class=\"elementor-button-text\">KAYIT<\/span>\n\t\t\t\t\t<\/span>\n\t\t\t\t\t<\/a>\n\t\t\t\t<\/div>\n\t\t\t\t\t\t\t\t<\/div>\n\t\t\t\t<\/div>\n\t\t\t\t\t<\/div>\n\t\t<\/div>\n\t\t\t\t\t<\/div>\n\t\t<\/section>\n\t\t\t\t\t<\/div>\n\t\t<\/div>\n\t\t\t\t\t<\/div>\n\t\t<\/section>\n\t\t\t\t<\/div>","protected":false},"excerpt":{"rendered":"<p>The project \u201cDigital Storytelling for up-skilling and empowerment of learners with intellectual disabilities\u201d The aim of the project is to develop an innovative learning approach&hellip;<\/p>","protected":false},"author":1,"featured_media":0,"parent":0,"menu_order":0,"comment_status":"closed","ping_status":"closed","template":"","meta":{"footnotes":""},"class_list":["post-715","page","type-page","status-publish","hentry"],"_links":{"self":[{"href":"https:\/\/educatehub.eu\/tr\/wp-json\/wp\/v2\/pages\/715","targetHints":{"allow":["GET"]}}],"collection":[{"href":"https:\/\/educatehub.eu\/tr\/wp-json\/wp\/v2\/pages"}],"about":[{"href":"https:\/\/educatehub.eu\/tr\/wp-json\/wp\/v2\/types\/page"}],"author":[{"embeddable":true,"href":"https:\/\/educatehub.eu\/tr\/wp-json\/wp\/v2\/users\/1"}],"replies":[{"embeddable":true,"href":"https:\/\/educatehub.eu\/tr\/wp-json\/wp\/v2\/comments?post=715"}],"version-history":[{"count":23,"href":"https:\/\/educatehub.eu\/tr\/wp-json\/wp\/v2\/pages\/715\/revisions"}],"predecessor-version":[{"id":2391,"href":"https:\/\/educatehub.eu\/tr\/wp-json\/wp\/v2\/pages\/715\/revisions\/2391"}],"wp:attachment":[{"href":"https:\/\/educatehub.eu\/tr\/wp-json\/wp\/v2\/media?parent=715"}],"curies":[{"name":"wp","href":"https:\/\/api.w.org\/{rel}","templated":true}]}}