{"id":741,"date":"2023-01-08T18:17:40","date_gmt":"2023-01-08T18:17:40","guid":{"rendered":"https:\/\/educatehub.eu\/?page_id=741"},"modified":"2023-10-12T16:33:10","modified_gmt":"2023-10-12T14:33:10","slug":"best-practices-educators","status":"publish","type":"page","link":"https:\/\/educatehub.eu\/tr\/best-practices-educators\/","title":{"rendered":"Best Practices &#8211; Professional Development For Educators"},"content":{"rendered":"<div data-elementor-type=\"wp-page\" data-elementor-id=\"741\" class=\"elementor elementor-741\" data-elementor-post-type=\"page\">\n\t\t\t\t\t\t<section class=\"elementor-section elementor-top-section elementor-element elementor-element-76ee3949 elementor-section-boxed elementor-section-height-default elementor-section-height-default\" data-id=\"76ee3949\" data-element_type=\"section\">\n\t\t\t\t\t\t<div class=\"elementor-container elementor-column-gap-default\">\n\t\t\t\t\t<div class=\"elementor-column elementor-col-50 elementor-top-column elementor-element elementor-element-2f57c6dd\" data-id=\"2f57c6dd\" data-element_type=\"column\">\n\t\t\t<div class=\"elementor-widget-wrap elementor-element-populated\">\n\t\t\t\t\t\t<div class=\"elementor-element elementor-element-795903e2 elementor-widget elementor-widget-image\" data-id=\"795903e2\" data-element_type=\"widget\" data-widget_type=\"image.default\">\n\t\t\t\t<div class=\"elementor-widget-container\">\n\t\t\t\t\t\t\t\t\t\t\t\t\t\t\t<img fetchpriority=\"high\" decoding=\"async\" width=\"640\" height=\"960\" src=\"https:\/\/educatehub.eu\/wp-content\/uploads\/2023\/01\/artem-maltsev-0CvHQ62gwY8-unsplash-683x1024.jpg\" class=\"attachment-large size-large wp-image-726\" alt=\"\" srcset=\"https:\/\/educatehub.eu\/wp-content\/uploads\/2023\/01\/artem-maltsev-0CvHQ62gwY8-unsplash-683x1024.jpg 683w, https:\/\/educatehub.eu\/wp-content\/uploads\/2023\/01\/artem-maltsev-0CvHQ62gwY8-unsplash-200x300.jpg 200w, https:\/\/educatehub.eu\/wp-content\/uploads\/2023\/01\/artem-maltsev-0CvHQ62gwY8-unsplash-768x1152.jpg 768w, https:\/\/educatehub.eu\/wp-content\/uploads\/2023\/01\/artem-maltsev-0CvHQ62gwY8-unsplash-1024x1536.jpg 1024w, https:\/\/educatehub.eu\/wp-content\/uploads\/2023\/01\/artem-maltsev-0CvHQ62gwY8-unsplash-1365x2048.jpg 1365w, https:\/\/educatehub.eu\/wp-content\/uploads\/2023\/01\/artem-maltsev-0CvHQ62gwY8-unsplash-8x12.jpg 8w, https:\/\/educatehub.eu\/wp-content\/uploads\/2023\/01\/artem-maltsev-0CvHQ62gwY8-unsplash-624x936.jpg 624w, https:\/\/educatehub.eu\/wp-content\/uploads\/2023\/01\/artem-maltsev-0CvHQ62gwY8-unsplash-scaled.jpg 1707w\" sizes=\"(max-width: 640px) 100vw, 640px\" \/>\t\t\t\t\t\t\t\t\t\t\t\t\t\t\t<\/div>\n\t\t\t\t<\/div>\n\t\t\t\t\t<\/div>\n\t\t<\/div>\n\t\t\t\t<div class=\"elementor-column elementor-col-50 elementor-top-column elementor-element elementor-element-3e30b707\" data-id=\"3e30b707\" data-element_type=\"column\">\n\t\t\t<div class=\"elementor-widget-wrap elementor-element-populated\">\n\t\t\t\t\t\t<div class=\"elementor-element elementor-element-37772a3d elementor-widget elementor-widget-text-editor\" data-id=\"37772a3d\" data-element_type=\"widget\" data-widget_type=\"text-editor.default\">\n\t\t\t\t<div class=\"elementor-widget-container\">\n\t\t\t\t\t<div class=\"bb-theme-elementor-wrap bb-elementor-custom-family\">\t\t\t\t<h3><strong>\"Yeti\u015fkin e\u011fitimcisinin misyonu: \u00f6\u011frenciye kanat verme\" Projesi<\/strong><\/h3>\t\t\t\t<\/div>\t\t\t\t<\/div>\n\t\t\t\t<\/div>\n\t\t\t\t<div class=\"elementor-element elementor-element-47f348eb elementor-widget elementor-widget-text-editor\" data-id=\"47f348eb\" data-element_type=\"widget\" data-widget_type=\"text-editor.default\">\n\t\t\t\t<div class=\"elementor-widget-container\">\n\t\t\t\t\t\t\t\t\t<p>\"Yeti\u015fkin e\u011fitimcisinin misyonu: \u00f6\u011frenciye kanat verme\" projesi be\u015f yeti\u015fkin e\u011fitim kurumundan olu\u015fan bir konsorsiyum taraf\u0131ndan haz\u0131rlanm\u0131\u015ft\u0131r: Litvanya Yeti\u015fkin E\u011fitimi Derne\u011fi (LS\u0160A), Kaunas B\u00f6lgesi E\u011fitim Merkezi, Panevezys B\u00f6lgesi E\u011fitim Merkezi, Ya\u015fam ve \u0130nan\u00e7 Enstit\u00fcs\u00fc ve Raseiniai B\u00f6lgesi E\u011fitim Yard\u0131m Masas\u0131.<\/p>\t\t\t\t\t\t\t\t<\/div>\n\t\t\t\t<\/div>\n\t\t\t\t<div class=\"elementor-element elementor-element-61a81052 elementor-widget elementor-widget-text-editor\" data-id=\"61a81052\" data-element_type=\"widget\" data-widget_type=\"text-editor.default\">\n\t\t\t\t<div class=\"elementor-widget-container\">\n\t\t\t\t\t<div class=\"bb-theme-elementor-wrap bb-elementor-custom-family\">\t\t\t\t<p>Proje, AB ve Litvanya'n\u0131n e\u011fitim politikas\u0131na ili\u015fkin stratejik belgelerinde tan\u0131mlanan \u00e7a\u011fda\u015f yeti\u015fkin e\u011fitimcisinin (andragog) gereksinimlerine cevap verecek \u015fekilde haz\u0131rlanm\u0131\u015ft\u0131r. <\/p>\t\t\t\t<\/div>\t\t\t\t<\/div>\n\t\t\t\t<\/div>\n\t\t\t\t<div class=\"elementor-element elementor-element-727e4d5d elementor-widget elementor-widget-text-editor\" data-id=\"727e4d5d\" data-element_type=\"widget\" data-widget_type=\"text-editor.default\">\n\t\t\t\t<div class=\"elementor-widget-container\">\n\t\t\t\t\t<div class=\"bb-theme-elementor-wrap bb-elementor-custom-family\">\t\t\t\t<p>Konsorsiyum taraf\u0131ndan sa\u011flanan hareketlili\u011fin amac\u0131, Konsorsiyum \u00fcyelerinin personelinin \u00fc\u00e7 alandaki yeterliliklerini art\u0131rarak yeti\u015fkin \u00f6\u011frencilerin \u00f6\u011fretim ve \u00f6\u011frenim kalitesini art\u0131rmakt\u0131r:<\/p><ul><li>Yeti\u015fkin \u00f6\u011frencilerin g\u00fc\u00e7lendirilmesi ve kendi kendine \u00f6\u011frenme becerilerinin artt\u0131r\u0131lmas\u0131<\/li><li>Yeti\u015fkin \u00f6\u011frencilerin g\u00fc\u00e7lendirilmesi ve kendi kendine \u00f6\u011frenme becerilerinin artt\u0131r\u0131lmas\u0131<\/li><li>Kariyer geli\u015fimi, ya\u015fam, ileri e\u011fitim ve profesyonel yard\u0131m sa\u011flama konular\u0131nda dan\u0131\u015fmanl\u0131k.<\/li><\/ul><p>Proje fikri, uygulamas\u0131 ve sonu\u00e7lar\u0131 LS\u0160A web sitesi ve LS\u0160A Facebook arac\u0131l\u0131\u011f\u0131yla, Konsorsiyum ortaklar\u0131n\u0131n web siteleri ve Facebook'lar\u0131 arac\u0131l\u0131\u011f\u0131yla ve yerel, b\u00f6lgesel ve Ulusal medyada ve EPALE'de yayg\u0131nla\u015ft\u0131r\u0131lacakt\u0131r.<\/p>\t\t\t\t<\/div>\t\t\t\t<\/div>\n\t\t\t\t<\/div>\n\t\t\t\t\t<\/div>\n\t\t<\/div>\n\t\t\t\t\t<\/div>\n\t\t<\/section>\n\t\t\t\t<section class=\"elementor-section elementor-top-section elementor-element elementor-element-62183769 elementor-section-boxed elementor-section-height-default elementor-section-height-default\" data-id=\"62183769\" data-element_type=\"section\">\n\t\t\t\t\t\t<div class=\"elementor-container elementor-column-gap-default\">\n\t\t\t\t\t<div class=\"elementor-column elementor-col-100 elementor-top-column elementor-element elementor-element-7c6a0626\" data-id=\"7c6a0626\" data-element_type=\"column\">\n\t\t\t<div class=\"elementor-widget-wrap elementor-element-populated\">\n\t\t\t\t\t\t<div class=\"elementor-element elementor-element-89e048a elementor-widget-divider--view-line elementor-widget elementor-widget-divider\" data-id=\"89e048a\" data-element_type=\"widget\" data-widget_type=\"divider.default\">\n\t\t\t\t<div class=\"elementor-widget-container\">\n\t\t\t\t\t\t\t<div class=\"elementor-divider\">\n\t\t\t<span class=\"elementor-divider-separator\">\n\t\t\t\t\t\t<\/span>\n\t\t<\/div>\n\t\t\t\t\t\t<\/div>\n\t\t\t\t<\/div>\n\t\t\t\t\t<\/div>\n\t\t<\/div>\n\t\t\t\t\t<\/div>\n\t\t<\/section>\n\t\t\t\t<section class=\"elementor-section elementor-top-section elementor-element elementor-element-11bf499c elementor-section-boxed elementor-section-height-default elementor-section-height-default\" data-id=\"11bf499c\" data-element_type=\"section\">\n\t\t\t\t\t\t<div class=\"elementor-container elementor-column-gap-default\">\n\t\t\t\t\t<div class=\"elementor-column elementor-col-50 elementor-top-column elementor-element elementor-element-dcd45b7\" data-id=\"dcd45b7\" data-element_type=\"column\">\n\t\t\t<div class=\"elementor-widget-wrap elementor-element-populated\">\n\t\t\t\t\t\t<div class=\"elementor-element elementor-element-249f79cc elementor-widget elementor-widget-text-editor\" data-id=\"249f79cc\" data-element_type=\"widget\" data-widget_type=\"text-editor.default\">\n\t\t\t\t<div class=\"elementor-widget-container\">\n\t\t\t\t\t<div class=\"bb-theme-elementor-wrap bb-elementor-custom-family\">\t\t\t\t<h3><strong>E\u011fitimli E\u011fitmenler, Daha G\u00fc\u00e7l\u00fc Kooperatifler Stratejik Ortakl\u0131klar<\/strong><\/h3>\t\t\t\t<\/div>\t\t\t\t<\/div>\n\t\t\t\t<\/div>\n\t\t\t\t<div class=\"elementor-element elementor-element-1f19b63e elementor-widget elementor-widget-text-editor\" data-id=\"1f19b63e\" data-element_type=\"widget\" data-widget_type=\"text-editor.default\">\n\t\t\t\t<div class=\"elementor-widget-container\">\n\t\t\t\t\t<div class=\"bb-theme-elementor-wrap bb-elementor-custom-family\">\t\t\t\t<p>Proje, t\u00fcm kapsam\u0131yla yeti\u015fkin e\u011fitiminin iyi bir \u00f6rne\u011fidir. Her \u015feyden \u00f6nce kamu ve bir\u00e7ok dernek dahil edilmi\u015ftir. \u0130kinci olarak, projenin ana amac\u0131 yeti\u015fkin e\u011fitimi ile ba\u011flant\u0131l\u0131d\u0131r. Ayr\u0131ca, projenin \u00e7\u0131kt\u0131lar\u0131 da yeti\u015fkin e\u011fitimi ile ilgilidir.<\/p>\t\t\t\t<\/div>\t\t\t\t<\/div>\n\t\t\t\t<\/div>\n\t\t\t\t\t<\/div>\n\t\t<\/div>\n\t\t\t\t<div class=\"elementor-column elementor-col-50 elementor-top-column elementor-element elementor-element-3d924050\" data-id=\"3d924050\" data-element_type=\"column\">\n\t\t\t<div class=\"elementor-widget-wrap elementor-element-populated\">\n\t\t\t\t\t\t<div class=\"elementor-element elementor-element-63f091d8 elementor-widget elementor-widget-image\" data-id=\"63f091d8\" data-element_type=\"widget\" data-widget_type=\"image.default\">\n\t\t\t\t<div class=\"elementor-widget-container\">\n\t\t\t\t\t\t\t\t\t\t\t\t\t\t\t<img decoding=\"async\" width=\"640\" height=\"480\" src=\"https:\/\/educatehub.eu\/wp-content\/uploads\/2023\/01\/sebastien-bonneval-UIpFY1Umamw-unsplash-1024x768.jpg\" class=\"attachment-large size-large wp-image-838\" alt=\"\" srcset=\"https:\/\/educatehub.eu\/wp-content\/uploads\/2023\/01\/sebastien-bonneval-UIpFY1Umamw-unsplash-1024x768.jpg 1024w, https:\/\/educatehub.eu\/wp-content\/uploads\/2023\/01\/sebastien-bonneval-UIpFY1Umamw-unsplash-300x225.jpg 300w, https:\/\/educatehub.eu\/wp-content\/uploads\/2023\/01\/sebastien-bonneval-UIpFY1Umamw-unsplash-768x576.jpg 768w, https:\/\/educatehub.eu\/wp-content\/uploads\/2023\/01\/sebastien-bonneval-UIpFY1Umamw-unsplash-1536x1152.jpg 1536w, https:\/\/educatehub.eu\/wp-content\/uploads\/2023\/01\/sebastien-bonneval-UIpFY1Umamw-unsplash-16x12.jpg 16w, https:\/\/educatehub.eu\/wp-content\/uploads\/2023\/01\/sebastien-bonneval-UIpFY1Umamw-unsplash-624x468.jpg 624w, https:\/\/educatehub.eu\/wp-content\/uploads\/2023\/01\/sebastien-bonneval-UIpFY1Umamw-unsplash.jpg 1920w\" sizes=\"(max-width: 640px) 100vw, 640px\" \/>\t\t\t\t\t\t\t\t\t\t\t\t\t\t\t<\/div>\n\t\t\t\t<\/div>\n\t\t\t\t\t<\/div>\n\t\t<\/div>\n\t\t\t\t\t<\/div>\n\t\t<\/section>\n\t\t\t\t<section class=\"elementor-section elementor-top-section elementor-element elementor-element-16aa61f3 elementor-section-boxed elementor-section-height-default elementor-section-height-default\" data-id=\"16aa61f3\" data-element_type=\"section\">\n\t\t\t\t\t\t<div class=\"elementor-container elementor-column-gap-default\">\n\t\t\t\t\t<div class=\"elementor-column elementor-col-100 elementor-top-column elementor-element elementor-element-1c109caf\" data-id=\"1c109caf\" data-element_type=\"column\">\n\t\t\t<div class=\"elementor-widget-wrap elementor-element-populated\">\n\t\t\t\t\t\t<div class=\"elementor-element elementor-element-73904ca9 elementor-widget-divider--view-line elementor-widget elementor-widget-divider\" data-id=\"73904ca9\" data-element_type=\"widget\" data-widget_type=\"divider.default\">\n\t\t\t\t<div class=\"elementor-widget-container\">\n\t\t\t\t\t\t\t<div class=\"elementor-divider\">\n\t\t\t<span class=\"elementor-divider-separator\">\n\t\t\t\t\t\t<\/span>\n\t\t<\/div>\n\t\t\t\t\t\t<\/div>\n\t\t\t\t<\/div>\n\t\t\t\t\t<\/div>\n\t\t<\/div>\n\t\t\t\t\t<\/div>\n\t\t<\/section>\n\t\t\t\t<section class=\"elementor-section elementor-top-section elementor-element elementor-element-43993832 elementor-section-boxed elementor-section-height-default elementor-section-height-default\" data-id=\"43993832\" data-element_type=\"section\">\n\t\t\t\t\t\t<div class=\"elementor-container elementor-column-gap-default\">\n\t\t\t\t\t<div class=\"elementor-column elementor-col-50 elementor-top-column elementor-element elementor-element-1820ec4d\" data-id=\"1820ec4d\" data-element_type=\"column\">\n\t\t\t<div class=\"elementor-widget-wrap elementor-element-populated\">\n\t\t\t\t\t\t<div class=\"elementor-element elementor-element-2ac42278 elementor-widget elementor-widget-image\" data-id=\"2ac42278\" data-element_type=\"widget\" data-widget_type=\"image.default\">\n\t\t\t\t<div class=\"elementor-widget-container\">\n\t\t\t\t\t\t\t\t\t\t\t\t\t\t\t<img decoding=\"async\" width=\"640\" height=\"960\" src=\"https:\/\/educatehub.eu\/wp-content\/uploads\/2023\/01\/kelly-sikkema-K5dAn1gOFEc-unsplash-683x1024.jpg\" class=\"attachment-large size-large wp-image-724\" alt=\"\" srcset=\"https:\/\/educatehub.eu\/wp-content\/uploads\/2023\/01\/kelly-sikkema-K5dAn1gOFEc-unsplash-683x1024.jpg 683w, https:\/\/educatehub.eu\/wp-content\/uploads\/2023\/01\/kelly-sikkema-K5dAn1gOFEc-unsplash-200x300.jpg 200w, https:\/\/educatehub.eu\/wp-content\/uploads\/2023\/01\/kelly-sikkema-K5dAn1gOFEc-unsplash-768x1152.jpg 768w, https:\/\/educatehub.eu\/wp-content\/uploads\/2023\/01\/kelly-sikkema-K5dAn1gOFEc-unsplash-1024x1536.jpg 1024w, https:\/\/educatehub.eu\/wp-content\/uploads\/2023\/01\/kelly-sikkema-K5dAn1gOFEc-unsplash-1365x2048.jpg 1365w, https:\/\/educatehub.eu\/wp-content\/uploads\/2023\/01\/kelly-sikkema-K5dAn1gOFEc-unsplash-8x12.jpg 8w, https:\/\/educatehub.eu\/wp-content\/uploads\/2023\/01\/kelly-sikkema-K5dAn1gOFEc-unsplash-624x936.jpg 624w, https:\/\/educatehub.eu\/wp-content\/uploads\/2023\/01\/kelly-sikkema-K5dAn1gOFEc-unsplash-scaled.jpg 1707w\" sizes=\"(max-width: 640px) 100vw, 640px\" \/>\t\t\t\t\t\t\t\t\t\t\t\t\t\t\t<\/div>\n\t\t\t\t<\/div>\n\t\t\t\t\t<\/div>\n\t\t<\/div>\n\t\t\t\t<div class=\"elementor-column elementor-col-50 elementor-top-column elementor-element elementor-element-2b2bc700\" data-id=\"2b2bc700\" data-element_type=\"column\">\n\t\t\t<div class=\"elementor-widget-wrap elementor-element-populated\">\n\t\t\t\t\t\t<div class=\"elementor-element elementor-element-29b4b024 elementor-widget elementor-widget-text-editor\" data-id=\"29b4b024\" data-element_type=\"widget\" data-widget_type=\"text-editor.default\">\n\t\t\t\t<div class=\"elementor-widget-container\">\n\t\t\t\t\t<div class=\"bb-theme-elementor-wrap bb-elementor-custom-family\">\t\t\t\t<h3><strong>\"Yeti\u015fkin E\u011fitiminde Kalite G\u00fcvencesi\" projesi<\/strong><\/h3><p>Nordplus projesinin amac\u0131, yayg\u0131n yeti\u015fkin e\u011fitimi sa\u011flay\u0131c\u0131lar\u0131 i\u00e7in kalite akreditasyon sistemi EQM'yi (Avrupa Kalite Markas\u0131) iyile\u015ftirmek ve geli\u015ftirmektir. Ayr\u0131ca standartlar\u0131, kriterleri ve akreditasyon s\u00fcrecini g\u00f6zden ge\u00e7irip geli\u015ftirerek EQM'nin bir b\u00fct\u00fcn olarak Ekim 2013'te AB Komisyonu'nun g\u00f6revlendirmesiyle \u00e7al\u0131\u015fan Yeti\u015fkin \u00d6\u011freniminde Kalite Tematik \u00c7al\u0131\u015fma Grubu taraf\u0131ndan ba\u015flat\u0131lan yeti\u015fkin \u00f6\u011freniminde kaliteye ili\u015fkin yeni tavsiye \u00e7er\u00e7evesiyle g\u00fcncel olmas\u0131n\u0131 sa\u011flamay\u0131 ama\u00e7l\u0131yoruz.<\/p>\t\t\t\t<\/div>\t\t\t\t<\/div>\n\t\t\t\t<\/div>\n\t\t\t\t<div class=\"elementor-element elementor-element-35164d04 elementor-widget elementor-widget-text-editor\" data-id=\"35164d04\" data-element_type=\"widget\" data-widget_type=\"text-editor.default\">\n\t\t\t\t<div class=\"elementor-widget-container\">\n\t\t\t\t\t<div class=\"bb-theme-elementor-wrap bb-elementor-custom-family\">\t\t\t\t<p>\u0130yile\u015ftirmenin bir par\u00e7as\u0131 da harici de\u011ferlendiriciler\/e\u011fitmenler i\u00e7in bir e\u011fitim kursu olu\u015fturmak olacakt\u0131r, \u00e7\u00fcnk\u00fc onlar\u0131n rol\u00fc sadece \u00f6\u011frenim tedarikini EQM standartlar\u0131 ve kriterlerine g\u00f6re de\u011ferlendirmek de\u011fil, ayn\u0131 zamanda \u00f6\u011frenim sa\u011flay\u0131c\u0131s\u0131n\u0131 \u00e7al\u0131\u015fmalar\u0131n\u0131n kalitesini iyile\u015ftirme ve \u00f6\u011frenim sa\u011flay\u0131c\u0131s\u0131n\u0131n organizasyonu i\u00e7inde s\u00fcrd\u00fcr\u00fclebilir bir kalite k\u00fclt\u00fcr\u00fc olu\u015fturma konusunda desteklemektir.<\/p>\t\t\t\t<\/div>\t\t\t\t<\/div>\n\t\t\t\t<\/div>\n\t\t\t\t\t<\/div>\n\t\t<\/div>\n\t\t\t\t\t<\/div>\n\t\t<\/section>\n\t\t\t\t<section class=\"elementor-section elementor-top-section elementor-element elementor-element-20cf5f6e elementor-section-boxed elementor-section-height-default elementor-section-height-default\" data-id=\"20cf5f6e\" data-element_type=\"section\">\n\t\t\t\t\t\t<div class=\"elementor-container elementor-column-gap-default\">\n\t\t\t\t\t<div class=\"elementor-column elementor-col-100 elementor-top-column elementor-element elementor-element-58777ffc\" data-id=\"58777ffc\" data-element_type=\"column\">\n\t\t\t<div class=\"elementor-widget-wrap\">\n\t\t\t\t\t\t\t<\/div>\n\t\t<\/div>\n\t\t\t\t\t<\/div>\n\t\t<\/section>\n\t\t\t\t<section class=\"elementor-section elementor-top-section elementor-element elementor-element-594ff4d7 elementor-section-boxed elementor-section-height-default elementor-section-height-default\" data-id=\"594ff4d7\" data-element_type=\"section\" data-settings=\"{&quot;background_background&quot;:&quot;classic&quot;}\">\n\t\t\t\t\t\t<div class=\"elementor-container elementor-column-gap-default\">\n\t\t\t\t\t<div class=\"elementor-column elementor-col-100 elementor-top-column elementor-element elementor-element-25668fe8\" data-id=\"25668fe8\" data-element_type=\"column\" data-settings=\"{&quot;background_background&quot;:&quot;classic&quot;}\">\n\t\t\t<div class=\"elementor-widget-wrap elementor-element-populated\">\n\t\t\t\t\t\t<section class=\"elementor-section elementor-inner-section elementor-element elementor-element-5900f228 elementor-section-content-middle elementor-section-boxed elementor-section-height-default elementor-section-height-default\" data-id=\"5900f228\" data-element_type=\"section\">\n\t\t\t\t\t\t<div class=\"elementor-container elementor-column-gap-default\">\n\t\t\t\t\t<div class=\"elementor-column elementor-col-50 elementor-inner-column elementor-element elementor-element-557ac0b9\" data-id=\"557ac0b9\" data-element_type=\"column\">\n\t\t\t<div class=\"elementor-widget-wrap elementor-element-populated\">\n\t\t\t\t\t\t<div class=\"elementor-element elementor-element-210cb97e elementor-widget elementor-widget-heading\" data-id=\"210cb97e\" data-element_type=\"widget\" data-widget_type=\"heading.default\">\n\t\t\t\t<div class=\"elementor-widget-container\">\n\t\t\t\t\t<h3 class=\"elementor-heading-title elementor-size-default\">Daha fazlas\u0131yla ilgileniyor musunuz?<\/h3>\t\t\t\t<\/div>\n\t\t\t\t<\/div>\n\t\t\t\t<div class=\"elementor-element elementor-element-2db7215d elementor-widget elementor-widget-text-editor\" data-id=\"2db7215d\" data-element_type=\"widget\" data-widget_type=\"text-editor.default\">\n\t\t\t\t<div class=\"elementor-widget-container\">\n\t\t\t\t\t\t\t\t\t<p>\u00dcCRETS\u0130Z kaydolun ve 6 \u00fclkeden en iyi uygulamalar\u0131n ayr\u0131nt\u0131l\u0131 a\u00e7\u0131klamalar\u0131n\u0131 okuyun!\u00a0<\/p>\t\t\t\t\t\t\t\t<\/div>\n\t\t\t\t<\/div>\n\t\t\t\t\t<\/div>\n\t\t<\/div>\n\t\t\t\t<div class=\"elementor-column elementor-col-50 elementor-inner-column elementor-element elementor-element-711bb2eb\" data-id=\"711bb2eb\" data-element_type=\"column\">\n\t\t\t<div class=\"elementor-widget-wrap elementor-element-populated\">\n\t\t\t\t\t\t<div class=\"elementor-element elementor-element-62a356c elementor-align-center elementor-tablet-align-center elementor-widget elementor-widget-button\" data-id=\"62a356c\" data-element_type=\"widget\" data-widget_type=\"button.default\">\n\t\t\t\t<div class=\"elementor-widget-container\">\n\t\t\t\t\t\t\t\t\t<div class=\"elementor-button-wrapper\">\n\t\t\t\t\t<a class=\"elementor-button elementor-button-link elementor-size-sm elementor-animation-float\" href=\"\/tr\/register\/\">\n\t\t\t\t\t\t<span class=\"elementor-button-content-wrapper\">\n\t\t\t\t\t\t\t\t\t<span class=\"elementor-button-text\">KAYIT<\/span>\n\t\t\t\t\t<\/span>\n\t\t\t\t\t<\/a>\n\t\t\t\t<\/div>\n\t\t\t\t\t\t\t\t<\/div>\n\t\t\t\t<\/div>\n\t\t\t\t\t<\/div>\n\t\t<\/div>\n\t\t\t\t\t<\/div>\n\t\t<\/section>\n\t\t\t\t\t<\/div>\n\t\t<\/div>\n\t\t\t\t\t<\/div>\n\t\t<\/section>\n\t\t\t\t<\/div>","protected":false},"excerpt":{"rendered":"<p>The project \u201cAdult educator\u2019s mission: give the learner wings\u201d The project \u201cAdult educator\u2019s mission: give the learner wings\u201d is prepared by the consortium of five&hellip;<\/p>","protected":false},"author":1,"featured_media":0,"parent":0,"menu_order":0,"comment_status":"closed","ping_status":"closed","template":"","meta":{"footnotes":""},"class_list":["post-741","page","type-page","status-publish","hentry"],"_links":{"self":[{"href":"https:\/\/educatehub.eu\/tr\/wp-json\/wp\/v2\/pages\/741","targetHints":{"allow":["GET"]}}],"collection":[{"href":"https:\/\/educatehub.eu\/tr\/wp-json\/wp\/v2\/pages"}],"about":[{"href":"https:\/\/educatehub.eu\/tr\/wp-json\/wp\/v2\/types\/page"}],"author":[{"embeddable":true,"href":"https:\/\/educatehub.eu\/tr\/wp-json\/wp\/v2\/users\/1"}],"replies":[{"embeddable":true,"href":"https:\/\/educatehub.eu\/tr\/wp-json\/wp\/v2\/comments?post=741"}],"version-history":[{"count":26,"href":"https:\/\/educatehub.eu\/tr\/wp-json\/wp\/v2\/pages\/741\/revisions"}],"predecessor-version":[{"id":2432,"href":"https:\/\/educatehub.eu\/tr\/wp-json\/wp\/v2\/pages\/741\/revisions\/2432"}],"wp:attachment":[{"href":"https:\/\/educatehub.eu\/tr\/wp-json\/wp\/v2\/media?parent=741"}],"curies":[{"name":"wp","href":"https:\/\/api.w.org\/{rel}","templated":true}]}}