{"id":770,"date":"2023-01-08T18:37:21","date_gmt":"2023-01-08T18:37:21","guid":{"rendered":"https:\/\/educatehub.eu\/?page_id=770"},"modified":"2023-10-12T16:21:58","modified_gmt":"2023-10-12T14:21:58","slug":"best-practices-entrepreneurship","status":"publish","type":"page","link":"https:\/\/educatehub.eu\/tr\/best-practices-entrepreneurship\/","title":{"rendered":"Best Practices &#8211; Entrepreneurship and Employment Skills"},"content":{"rendered":"<div data-elementor-type=\"wp-page\" data-elementor-id=\"770\" class=\"elementor elementor-770\" data-elementor-post-type=\"page\">\n\t\t\t\t\t\t<section class=\"elementor-section elementor-top-section elementor-element elementor-element-249a9b6 elementor-section-boxed elementor-section-height-default elementor-section-height-default\" data-id=\"249a9b6\" data-element_type=\"section\">\n\t\t\t\t\t\t<div class=\"elementor-container elementor-column-gap-default\">\n\t\t\t\t\t<div class=\"elementor-column elementor-col-50 elementor-top-column elementor-element elementor-element-597c969f\" data-id=\"597c969f\" data-element_type=\"column\">\n\t\t\t<div class=\"elementor-widget-wrap elementor-element-populated\">\n\t\t\t\t\t\t<div class=\"elementor-element elementor-element-3a1c0e86 elementor-widget elementor-widget-text-editor\" data-id=\"3a1c0e86\" data-element_type=\"widget\" data-widget_type=\"text-editor.default\">\n\t\t\t\t<div class=\"elementor-widget-container\">\n\t\t\t\t\t<div class=\"bb-theme-elementor-wrap bb-elementor-custom-family\">\t\t\t\t<h3><strong>Yeti\u015fkinlerde giri\u015fimcili\u011fin g\u00fc\u00e7lendirilmesi<\/strong><\/h3>\t\t\t\t<\/div>\t\t\t\t<\/div>\n\t\t\t\t<\/div>\n\t\t\t\t<div class=\"elementor-element elementor-element-1bfa7cb8 elementor-widget elementor-widget-text-editor\" data-id=\"1bfa7cb8\" data-element_type=\"widget\" data-widget_type=\"text-editor.default\">\n\t\t\t\t<div class=\"elementor-widget-container\">\n\t\t\t\t\t<div class=\"bb-theme-elementor-wrap bb-elementor-custom-family\">\t\t\t\t<p>REAL projesinin amac\u0131, giri\u015fimcilik becerilerini ve yetkinliklerini geli\u015ftirerek i\u015fsiz mezunlar\u0131n i\u015fg\u00fcc\u00fc piyasas\u0131na entegrasyonuna katk\u0131da bulunmakt\u0131r.<\/p>\t\t\t\t<\/div>\t\t\t\t<\/div>\n\t\t\t\t<\/div>\n\t\t\t\t\t<\/div>\n\t\t<\/div>\n\t\t\t\t<div class=\"elementor-column elementor-col-50 elementor-top-column elementor-element elementor-element-4bcd342c\" data-id=\"4bcd342c\" data-element_type=\"column\">\n\t\t\t<div class=\"elementor-widget-wrap elementor-element-populated\">\n\t\t\t\t\t\t<div class=\"elementor-element elementor-element-4dccc32b elementor-widget elementor-widget-image\" data-id=\"4dccc32b\" data-element_type=\"widget\" data-widget_type=\"image.default\">\n\t\t\t\t<div class=\"elementor-widget-container\">\n\t\t\t\t\t\t\t\t\t\t\t\t\t\t\t<img fetchpriority=\"high\" decoding=\"async\" width=\"640\" height=\"427\" src=\"https:\/\/educatehub.eu\/wp-content\/uploads\/2023\/01\/microsoft-365-MFK0JpFU13U-unsplash-1024x683.jpg\" class=\"attachment-large size-large wp-image-846\" alt=\"\" srcset=\"https:\/\/educatehub.eu\/wp-content\/uploads\/2023\/01\/microsoft-365-MFK0JpFU13U-unsplash-1024x683.jpg 1024w, https:\/\/educatehub.eu\/wp-content\/uploads\/2023\/01\/microsoft-365-MFK0JpFU13U-unsplash-300x200.jpg 300w, https:\/\/educatehub.eu\/wp-content\/uploads\/2023\/01\/microsoft-365-MFK0JpFU13U-unsplash-768x512.jpg 768w, https:\/\/educatehub.eu\/wp-content\/uploads\/2023\/01\/microsoft-365-MFK0JpFU13U-unsplash-1536x1024.jpg 1536w, https:\/\/educatehub.eu\/wp-content\/uploads\/2023\/01\/microsoft-365-MFK0JpFU13U-unsplash-18x12.jpg 18w, https:\/\/educatehub.eu\/wp-content\/uploads\/2023\/01\/microsoft-365-MFK0JpFU13U-unsplash-624x416.jpg 624w, https:\/\/educatehub.eu\/wp-content\/uploads\/2023\/01\/microsoft-365-MFK0JpFU13U-unsplash.jpg 1920w\" sizes=\"(max-width: 640px) 100vw, 640px\" \/>\t\t\t\t\t\t\t\t\t\t\t\t\t\t\t<\/div>\n\t\t\t\t<\/div>\n\t\t\t\t\t<\/div>\n\t\t<\/div>\n\t\t\t\t\t<\/div>\n\t\t<\/section>\n\t\t\t\t<section class=\"elementor-section elementor-top-section elementor-element elementor-element-7be05876 elementor-section-boxed elementor-section-height-default elementor-section-height-default\" data-id=\"7be05876\" data-element_type=\"section\">\n\t\t\t\t\t\t<div class=\"elementor-container elementor-column-gap-default\">\n\t\t\t\t\t<div class=\"elementor-column elementor-col-100 elementor-top-column elementor-element elementor-element-67435258\" data-id=\"67435258\" data-element_type=\"column\">\n\t\t\t<div class=\"elementor-widget-wrap elementor-element-populated\">\n\t\t\t\t\t\t<div class=\"elementor-element elementor-element-7b326aec elementor-widget-divider--view-line elementor-widget elementor-widget-divider\" data-id=\"7b326aec\" data-element_type=\"widget\" data-widget_type=\"divider.default\">\n\t\t\t\t<div class=\"elementor-widget-container\">\n\t\t\t\t\t\t\t<div class=\"elementor-divider\">\n\t\t\t<span class=\"elementor-divider-separator\">\n\t\t\t\t\t\t<\/span>\n\t\t<\/div>\n\t\t\t\t\t\t<\/div>\n\t\t\t\t<\/div>\n\t\t\t\t\t<\/div>\n\t\t<\/div>\n\t\t\t\t\t<\/div>\n\t\t<\/section>\n\t\t\t\t<section class=\"elementor-section elementor-top-section elementor-element elementor-element-90dda6c elementor-section-boxed elementor-section-height-default elementor-section-height-default\" data-id=\"90dda6c\" data-element_type=\"section\">\n\t\t\t\t\t\t<div class=\"elementor-container elementor-column-gap-default\">\n\t\t\t\t\t<div class=\"elementor-column elementor-col-50 elementor-top-column elementor-element elementor-element-5f221366\" data-id=\"5f221366\" data-element_type=\"column\">\n\t\t\t<div class=\"elementor-widget-wrap elementor-element-populated\">\n\t\t\t\t\t\t<div class=\"elementor-element elementor-element-37ba4c98 elementor-widget elementor-widget-image\" data-id=\"37ba4c98\" data-element_type=\"widget\" data-widget_type=\"image.default\">\n\t\t\t\t<div class=\"elementor-widget-container\">\n\t\t\t\t\t\t\t\t\t\t\t\t\t\t\t<img decoding=\"async\" width=\"640\" height=\"429\" src=\"https:\/\/educatehub.eu\/wp-content\/uploads\/2023\/01\/119631574_100462831816019_4097346100368233575_o-1024x687.jpg\" class=\"attachment-large size-large wp-image-826\" alt=\"\" srcset=\"https:\/\/educatehub.eu\/wp-content\/uploads\/2023\/01\/119631574_100462831816019_4097346100368233575_o-1024x687.jpg 1024w, https:\/\/educatehub.eu\/wp-content\/uploads\/2023\/01\/119631574_100462831816019_4097346100368233575_o-300x201.jpg 300w, https:\/\/educatehub.eu\/wp-content\/uploads\/2023\/01\/119631574_100462831816019_4097346100368233575_o-768x515.jpg 768w, https:\/\/educatehub.eu\/wp-content\/uploads\/2023\/01\/119631574_100462831816019_4097346100368233575_o-1536x1031.jpg 1536w, https:\/\/educatehub.eu\/wp-content\/uploads\/2023\/01\/119631574_100462831816019_4097346100368233575_o-18x12.jpg 18w, https:\/\/educatehub.eu\/wp-content\/uploads\/2023\/01\/119631574_100462831816019_4097346100368233575_o-624x419.jpg 624w, https:\/\/educatehub.eu\/wp-content\/uploads\/2023\/01\/119631574_100462831816019_4097346100368233575_o.jpg 2048w\" sizes=\"(max-width: 640px) 100vw, 640px\" \/>\t\t\t\t\t\t\t\t\t\t\t\t\t\t\t<\/div>\n\t\t\t\t<\/div>\n\t\t\t\t\t<\/div>\n\t\t<\/div>\n\t\t\t\t<div class=\"elementor-column elementor-col-50 elementor-top-column elementor-element elementor-element-6a8fcd36\" data-id=\"6a8fcd36\" data-element_type=\"column\">\n\t\t\t<div class=\"elementor-widget-wrap elementor-element-populated\">\n\t\t\t\t\t\t<div class=\"elementor-element elementor-element-5bd6c3f3 elementor-widget elementor-widget-text-editor\" data-id=\"5bd6c3f3\" data-element_type=\"widget\" data-widget_type=\"text-editor.default\">\n\t\t\t\t<div class=\"elementor-widget-container\">\n\t\t\t\t\t<div class=\"bb-theme-elementor-wrap bb-elementor-custom-family\">\t\t\t\t<h3><strong>eDigiStars<\/strong><\/h3>\t\t\t\t<\/div>\t\t\t\t<\/div>\n\t\t\t\t<\/div>\n\t\t\t\t<div class=\"elementor-element elementor-element-5672200d elementor-widget elementor-widget-text-editor\" data-id=\"5672200d\" data-element_type=\"widget\" data-widget_type=\"text-editor.default\">\n\t\t\t\t<div class=\"elementor-widget-container\">\n\t\t\t\t\t\t\t\t\t<p>Projenin amac\u0131, ya\u015fl\u0131 \u00e7al\u0131\u015fanlar\u0131 ba\u015far\u0131l\u0131 bir \u015fekilde dijital serbest meslek sahibi giri\u015fimcilere d\u00f6n\u00fc\u015ft\u00fcren s\u00fcrd\u00fcr\u00fclebilir ekosistemler geli\u015ftirmektir. Bu, eDigiStars Yenilik\u00e7i sisteminin geli\u015ftirilmesi, pilot uygulamas\u0131 ve s\u00fcrd\u00fcr\u00fclebilirli\u011finin sa\u011flanmas\u0131 yoluyla ger\u00e7ekle\u015fecektir. Sistem - dijital serbest meslek i\u00e7in ya\u015fl\u0131lar\u0131 g\u00fc\u00e7lendirmek i\u00e7in POWERYOU, ilgili kurslar\u0131 ya\u015fl\u0131lar\u0131n \u00f6zel ihtiya\u00e7lar\u0131na g\u00f6re ayarlamak i\u00e7in CAMPUS ve yeterli dijital becerileri g\u00f6steren ya\u015fl\u0131lar\u0131 sertifikaland\u0131rmak i\u00e7in LABEL olmak \u00fczere 3 mod\u00fclden olu\u015fmaktad\u0131r.<\/p>\t\t\t\t\t\t\t\t<\/div>\n\t\t\t\t<\/div>\n\t\t\t\t\t<\/div>\n\t\t<\/div>\n\t\t\t\t\t<\/div>\n\t\t<\/section>\n\t\t\t\t<section class=\"elementor-section elementor-top-section elementor-element elementor-element-26ab1e5b elementor-section-boxed elementor-section-height-default elementor-section-height-default\" data-id=\"26ab1e5b\" data-element_type=\"section\">\n\t\t\t\t\t\t<div class=\"elementor-container elementor-column-gap-default\">\n\t\t\t\t\t<div class=\"elementor-column elementor-col-100 elementor-top-column elementor-element elementor-element-2b79d737\" data-id=\"2b79d737\" data-element_type=\"column\">\n\t\t\t<div class=\"elementor-widget-wrap elementor-element-populated\">\n\t\t\t\t\t\t<div class=\"elementor-element elementor-element-5260c769 elementor-widget-divider--view-line elementor-widget elementor-widget-divider\" data-id=\"5260c769\" data-element_type=\"widget\" data-widget_type=\"divider.default\">\n\t\t\t\t<div class=\"elementor-widget-container\">\n\t\t\t\t\t\t\t<div class=\"elementor-divider\">\n\t\t\t<span class=\"elementor-divider-separator\">\n\t\t\t\t\t\t<\/span>\n\t\t<\/div>\n\t\t\t\t\t\t<\/div>\n\t\t\t\t<\/div>\n\t\t\t\t\t<\/div>\n\t\t<\/div>\n\t\t\t\t\t<\/div>\n\t\t<\/section>\n\t\t\t\t<section class=\"elementor-section elementor-top-section elementor-element elementor-element-160a3fa3 elementor-section-boxed elementor-section-height-default elementor-section-height-default\" data-id=\"160a3fa3\" data-element_type=\"section\">\n\t\t\t\t\t\t<div class=\"elementor-container elementor-column-gap-default\">\n\t\t\t\t\t<div class=\"elementor-column elementor-col-50 elementor-top-column elementor-element elementor-element-29eb51bd\" data-id=\"29eb51bd\" data-element_type=\"column\">\n\t\t\t<div class=\"elementor-widget-wrap elementor-element-populated\">\n\t\t\t\t\t\t<div class=\"elementor-element elementor-element-d814818 elementor-widget elementor-widget-text-editor\" data-id=\"d814818\" data-element_type=\"widget\" data-widget_type=\"text-editor.default\">\n\t\t\t\t<div class=\"elementor-widget-container\">\n\t\t\t\t\t<div class=\"bb-theme-elementor-wrap bb-elementor-custom-family\">\t\t\t\t<h3><strong>InnoSchool<\/strong><\/h3>\t\t\t\t<\/div>\t\t\t\t<\/div>\n\t\t\t\t<\/div>\n\t\t\t\t<div class=\"elementor-element elementor-element-82f3c3d elementor-widget elementor-widget-text-editor\" data-id=\"82f3c3d\" data-element_type=\"widget\" data-widget_type=\"text-editor.default\">\n\t\t\t\t<div class=\"elementor-widget-container\">\n\t\t\t\t\t<div class=\"bb-theme-elementor-wrap bb-elementor-custom-family\">\t\t\t\t<p>16 ya\u015f\u0131ndan b\u00fcy\u00fck \u00f6\u011frencilerin ve gen\u00e7 yeti\u015fkinlerin sosyal giri\u015fimcilik becerilerini art\u0131rmak i\u00e7in kapsay\u0131c\u0131 tasar\u0131m ve geli\u015ftirme ile yenilik\u00e7i bir \u00f6\u011frenme sistemi geli\u015ftirmek. \u00d6\u011frenme sisteminin ana unsuru taray\u0131c\u0131 tabanl\u0131 \u00e7evrimi\u00e7i bir rol yapma oyunu olmas\u0131d\u0131r.<\/p>\t\t\t\t<\/div>\t\t\t\t<\/div>\n\t\t\t\t<\/div>\n\t\t\t\t\t<\/div>\n\t\t<\/div>\n\t\t\t\t<div class=\"elementor-column elementor-col-50 elementor-top-column elementor-element elementor-element-29e1bd9f\" data-id=\"29e1bd9f\" data-element_type=\"column\">\n\t\t\t<div class=\"elementor-widget-wrap elementor-element-populated\">\n\t\t\t\t\t\t<div class=\"elementor-element elementor-element-a102099 elementor-widget elementor-widget-image\" data-id=\"a102099\" data-element_type=\"widget\" data-widget_type=\"image.default\">\n\t\t\t\t<div class=\"elementor-widget-container\">\n\t\t\t\t\t\t\t\t\t\t\t\t\t\t\t<img decoding=\"async\" width=\"640\" height=\"299\" src=\"https:\/\/educatehub.eu\/wp-content\/uploads\/2023\/01\/InnoSchool2.0_printscreen_3-1024x479.jpg\" class=\"attachment-large size-large wp-image-825\" alt=\"\" srcset=\"https:\/\/educatehub.eu\/wp-content\/uploads\/2023\/01\/InnoSchool2.0_printscreen_3-1024x479.jpg 1024w, https:\/\/educatehub.eu\/wp-content\/uploads\/2023\/01\/InnoSchool2.0_printscreen_3-300x140.jpg 300w, https:\/\/educatehub.eu\/wp-content\/uploads\/2023\/01\/InnoSchool2.0_printscreen_3-768x360.jpg 768w, https:\/\/educatehub.eu\/wp-content\/uploads\/2023\/01\/InnoSchool2.0_printscreen_3-1536x719.jpg 1536w, https:\/\/educatehub.eu\/wp-content\/uploads\/2023\/01\/InnoSchool2.0_printscreen_3-18x8.jpg 18w, https:\/\/educatehub.eu\/wp-content\/uploads\/2023\/01\/InnoSchool2.0_printscreen_3-624x292.jpg 624w, https:\/\/educatehub.eu\/wp-content\/uploads\/2023\/01\/InnoSchool2.0_printscreen_3.jpg 1920w\" sizes=\"(max-width: 640px) 100vw, 640px\" \/>\t\t\t\t\t\t\t\t\t\t\t\t\t\t\t<\/div>\n\t\t\t\t<\/div>\n\t\t\t\t\t<\/div>\n\t\t<\/div>\n\t\t\t\t\t<\/div>\n\t\t<\/section>\n\t\t\t\t<section class=\"elementor-section elementor-top-section elementor-element elementor-element-3bd296e elementor-section-boxed elementor-section-height-default elementor-section-height-default\" data-id=\"3bd296e\" data-element_type=\"section\">\n\t\t\t\t\t\t<div class=\"elementor-container elementor-column-gap-default\">\n\t\t\t\t\t<div class=\"elementor-column elementor-col-100 elementor-top-column elementor-element elementor-element-104572e6\" data-id=\"104572e6\" data-element_type=\"column\">\n\t\t\t<div class=\"elementor-widget-wrap\">\n\t\t\t\t\t\t\t<\/div>\n\t\t<\/div>\n\t\t\t\t\t<\/div>\n\t\t<\/section>\n\t\t\t\t<section class=\"elementor-section elementor-top-section elementor-element elementor-element-b511c5e elementor-section-boxed elementor-section-height-default elementor-section-height-default\" data-id=\"b511c5e\" data-element_type=\"section\" data-settings=\"{&quot;background_background&quot;:&quot;classic&quot;}\">\n\t\t\t\t\t\t<div class=\"elementor-container elementor-column-gap-default\">\n\t\t\t\t\t<div class=\"elementor-column elementor-col-100 elementor-top-column elementor-element elementor-element-530db6e\" data-id=\"530db6e\" data-element_type=\"column\" data-settings=\"{&quot;background_background&quot;:&quot;classic&quot;}\">\n\t\t\t<div class=\"elementor-widget-wrap elementor-element-populated\">\n\t\t\t\t\t\t<section class=\"elementor-section elementor-inner-section elementor-element elementor-element-1a1bf7e5 elementor-section-content-middle elementor-section-boxed elementor-section-height-default elementor-section-height-default\" data-id=\"1a1bf7e5\" data-element_type=\"section\">\n\t\t\t\t\t\t<div class=\"elementor-container elementor-column-gap-default\">\n\t\t\t\t\t<div class=\"elementor-column elementor-col-50 elementor-inner-column elementor-element elementor-element-7c73c057\" data-id=\"7c73c057\" data-element_type=\"column\">\n\t\t\t<div class=\"elementor-widget-wrap elementor-element-populated\">\n\t\t\t\t\t\t<div class=\"elementor-element elementor-element-4bc64581 elementor-widget elementor-widget-heading\" data-id=\"4bc64581\" data-element_type=\"widget\" data-widget_type=\"heading.default\">\n\t\t\t\t<div class=\"elementor-widget-container\">\n\t\t\t\t\t<h3 class=\"elementor-heading-title elementor-size-default\">Daha fazlas\u0131yla ilgileniyor musunuz?<\/h3>\t\t\t\t<\/div>\n\t\t\t\t<\/div>\n\t\t\t\t<div class=\"elementor-element elementor-element-6ec15dbb elementor-widget elementor-widget-text-editor\" data-id=\"6ec15dbb\" data-element_type=\"widget\" data-widget_type=\"text-editor.default\">\n\t\t\t\t<div class=\"elementor-widget-container\">\n\t\t\t\t\t\t\t\t\t<p>\u00dcCRETS\u0130Z kaydolun ve 6 \u00fclkeden en iyi uygulamalar\u0131n ayr\u0131nt\u0131l\u0131 a\u00e7\u0131klamalar\u0131n\u0131 okuyun!\u00a0<\/p>\t\t\t\t\t\t\t\t<\/div>\n\t\t\t\t<\/div>\n\t\t\t\t\t<\/div>\n\t\t<\/div>\n\t\t\t\t<div class=\"elementor-column elementor-col-50 elementor-inner-column elementor-element elementor-element-19ff4dcb\" data-id=\"19ff4dcb\" data-element_type=\"column\">\n\t\t\t<div class=\"elementor-widget-wrap elementor-element-populated\">\n\t\t\t\t\t\t<div class=\"elementor-element elementor-element-14d53e97 elementor-align-center elementor-tablet-align-center elementor-widget elementor-widget-button\" data-id=\"14d53e97\" data-element_type=\"widget\" data-widget_type=\"button.default\">\n\t\t\t\t<div class=\"elementor-widget-container\">\n\t\t\t\t\t\t\t\t\t<div class=\"elementor-button-wrapper\">\n\t\t\t\t\t<a class=\"elementor-button elementor-button-link elementor-size-sm elementor-animation-float\" href=\"\/tr\/register\/\">\n\t\t\t\t\t\t<span class=\"elementor-button-content-wrapper\">\n\t\t\t\t\t\t\t\t\t<span class=\"elementor-button-text\">KAYIT<\/span>\n\t\t\t\t\t<\/span>\n\t\t\t\t\t<\/a>\n\t\t\t\t<\/div>\n\t\t\t\t\t\t\t\t<\/div>\n\t\t\t\t<\/div>\n\t\t\t\t\t<\/div>\n\t\t<\/div>\n\t\t\t\t\t<\/div>\n\t\t<\/section>\n\t\t\t\t\t<\/div>\n\t\t<\/div>\n\t\t\t\t\t<\/div>\n\t\t<\/section>\n\t\t\t\t<\/div>","protected":false},"excerpt":{"rendered":"<p>Reinforcing entrepreneurship in adults The goal of the REAL project is to contribute to the integration of unemployed graduates into the labor market by enhancing&hellip;<\/p>","protected":false},"author":1,"featured_media":0,"parent":0,"menu_order":0,"comment_status":"closed","ping_status":"closed","template":"","meta":{"footnotes":""},"class_list":["post-770","page","type-page","status-publish","hentry"],"_links":{"self":[{"href":"https:\/\/educatehub.eu\/tr\/wp-json\/wp\/v2\/pages\/770","targetHints":{"allow":["GET"]}}],"collection":[{"href":"https:\/\/educatehub.eu\/tr\/wp-json\/wp\/v2\/pages"}],"about":[{"href":"https:\/\/educatehub.eu\/tr\/wp-json\/wp\/v2\/types\/page"}],"author":[{"embeddable":true,"href":"https:\/\/educatehub.eu\/tr\/wp-json\/wp\/v2\/users\/1"}],"replies":[{"embeddable":true,"href":"https:\/\/educatehub.eu\/tr\/wp-json\/wp\/v2\/comments?post=770"}],"version-history":[{"count":29,"href":"https:\/\/educatehub.eu\/tr\/wp-json\/wp\/v2\/pages\/770\/revisions"}],"predecessor-version":[{"id":2407,"href":"https:\/\/educatehub.eu\/tr\/wp-json\/wp\/v2\/pages\/770\/revisions\/2407"}],"wp:attachment":[{"href":"https:\/\/educatehub.eu\/tr\/wp-json\/wp\/v2\/media?parent=770"}],"curies":[{"name":"wp","href":"https:\/\/api.w.org\/{rel}","templated":true}]}}