{"id":822,"date":"2023-01-08T18:53:44","date_gmt":"2023-01-08T18:53:44","guid":{"rendered":"https:\/\/educatehub.eu\/?page_id=822"},"modified":"2023-10-12T16:24:55","modified_gmt":"2023-10-12T14:24:55","slug":"best-practices-community","status":"publish","type":"page","link":"https:\/\/educatehub.eu\/tr\/best-practices-community\/","title":{"rendered":"Best Practices &#8211; Community Engagement and Economic Development"},"content":{"rendered":"<div data-elementor-type=\"wp-page\" data-elementor-id=\"822\" class=\"elementor elementor-822\" data-elementor-post-type=\"page\">\n\t\t\t\t\t\t<section class=\"elementor-section elementor-top-section elementor-element elementor-element-2b381a4b elementor-section-boxed elementor-section-height-default elementor-section-height-default\" data-id=\"2b381a4b\" data-element_type=\"section\">\n\t\t\t\t\t\t<div class=\"elementor-container elementor-column-gap-default\">\n\t\t\t\t\t<div class=\"elementor-column elementor-col-50 elementor-top-column elementor-element elementor-element-1c2d3993\" data-id=\"1c2d3993\" data-element_type=\"column\">\n\t\t\t<div class=\"elementor-widget-wrap elementor-element-populated\">\n\t\t\t\t\t\t<div class=\"elementor-element elementor-element-37aa20be elementor-widget elementor-widget-image\" data-id=\"37aa20be\" data-element_type=\"widget\" data-widget_type=\"image.default\">\n\t\t\t\t<div class=\"elementor-widget-container\">\n\t\t\t\t\t\t\t\t\t\t\t\t\t\t\t<img fetchpriority=\"high\" decoding=\"async\" width=\"640\" height=\"960\" src=\"https:\/\/educatehub.eu\/wp-content\/uploads\/2023\/01\/annie-spratt-MChSQHxGZrQ-unsplash-683x1024.jpg\" class=\"attachment-large size-large wp-image-783\" alt=\"\" srcset=\"https:\/\/educatehub.eu\/wp-content\/uploads\/2023\/01\/annie-spratt-MChSQHxGZrQ-unsplash-683x1024.jpg 683w, https:\/\/educatehub.eu\/wp-content\/uploads\/2023\/01\/annie-spratt-MChSQHxGZrQ-unsplash-200x300.jpg 200w, https:\/\/educatehub.eu\/wp-content\/uploads\/2023\/01\/annie-spratt-MChSQHxGZrQ-unsplash-768x1152.jpg 768w, https:\/\/educatehub.eu\/wp-content\/uploads\/2023\/01\/annie-spratt-MChSQHxGZrQ-unsplash-1024x1536.jpg 1024w, https:\/\/educatehub.eu\/wp-content\/uploads\/2023\/01\/annie-spratt-MChSQHxGZrQ-unsplash-1366x2048.jpg 1366w, https:\/\/educatehub.eu\/wp-content\/uploads\/2023\/01\/annie-spratt-MChSQHxGZrQ-unsplash-8x12.jpg 8w, https:\/\/educatehub.eu\/wp-content\/uploads\/2023\/01\/annie-spratt-MChSQHxGZrQ-unsplash-624x936.jpg 624w, https:\/\/educatehub.eu\/wp-content\/uploads\/2023\/01\/annie-spratt-MChSQHxGZrQ-unsplash-scaled.jpg 1707w\" sizes=\"(max-width: 640px) 100vw, 640px\" \/>\t\t\t\t\t\t\t\t\t\t\t\t\t\t\t<\/div>\n\t\t\t\t<\/div>\n\t\t\t\t<div class=\"elementor-element elementor-element-270afc1d elementor-widget elementor-widget-text-editor\" data-id=\"270afc1d\" data-element_type=\"widget\" data-widget_type=\"text-editor.default\">\n\t\t\t\t<div class=\"elementor-widget-container\">\n\t\t\t\t\t<div class=\"bb-theme-elementor-wrap bb-elementor-custom-family\">\t\t\t\t<p>50'den fazla e\u011fitim kursu geli\u015ftirilmi\u015f ve hedef gruba sunulmu\u015ftur, s\u00f6z konusu kurslar \u015fu konularla ba\u011flant\u0131l\u0131d\u0131r: veri i\u015fleme, veri analizi, ki\u015fisel verilerin korunmas\u0131, g\u00f6r\u00fcnt\u00fc d\u00fczenleme i\u00e7in grafik ara\u00e7lar, i\u015fi ilerletmek i\u00e7in facebook f\u0131rsatlar\u0131, bir i\u015fletmenin finansal y\u00f6netimi i\u00e7in B\u0130T \u00e7\u00f6z\u00fcmleri, web sayfas\u0131 geli\u015ftirme, pazarlama kampanyalar\u0131, sosyal a\u011f pazarlamas\u0131, B\u0130T g\u00fcvenli\u011fi, bilgisayarl\u0131 defter tutma, bulut \u00e7\u00f6z\u00fcmleri, e-ticaret, multimedya ara\u00e7lar\u0131, pazar analizi, proje y\u00f6netimi ve di\u011ferleri.<\/p>\t\t\t\t<\/div>\t\t\t\t<\/div>\n\t\t\t\t<\/div>\n\t\t\t\t\t<\/div>\n\t\t<\/div>\n\t\t\t\t<div class=\"elementor-column elementor-col-50 elementor-top-column elementor-element elementor-element-1a527e0d\" data-id=\"1a527e0d\" data-element_type=\"column\">\n\t\t\t<div class=\"elementor-widget-wrap elementor-element-populated\">\n\t\t\t\t\t\t<div class=\"elementor-element elementor-element-7c1b921a elementor-widget elementor-widget-text-editor\" data-id=\"7c1b921a\" data-element_type=\"widget\" data-widget_type=\"text-editor.default\">\n\t\t\t\t<div class=\"elementor-widget-container\">\n\t\t\t\t\t<div class=\"bb-theme-elementor-wrap bb-elementor-custom-family\">\t\t\t\t<h3><strong>\"Letonya'da inovasyon ve dijital teknoloji geli\u015fimi i\u00e7in k\u00fc\u00e7\u00fck ve mikro i\u015fletmelerin e\u011fitimi\"<\/strong><\/h3>\t\t\t\t<\/div>\t\t\t\t<\/div>\n\t\t\t\t<\/div>\n\t\t\t\t<div class=\"elementor-element elementor-element-24dd7651 elementor-widget elementor-widget-text-editor\" data-id=\"24dd7651\" data-element_type=\"widget\" data-widget_type=\"text-editor.default\">\n\t\t\t\t<div class=\"elementor-widget-container\">\n\t\t\t\t\t\t\t\t\t<p>Projenin ana faaliyetleri ve dolay\u0131s\u0131yla metodolojisi \u015fu ad\u0131mlar\u0131 i\u00e7ermektedir:<\/p><ul><li>E\u011fitim m\u00fcfredat\u0131n\u0131n  uygunlu\u011funu, \u00f6zel \u00f6\u011frenme yollar\u0131n\u0131 ve tan\u0131mlanm\u0131\u015f \u00f6\u011frenme \u00e7\u0131kt\u0131lar\u0131n\u0131 sa\u011flamak i\u00e7in LIKTA (Bilgi ve \u0130leti\u015fim Teknolojileri Derne\u011fi) ve B\u0130T sekt\u00f6r\u00fc payda\u015flar\u0131 ile i\u015fbirli\u011fi i\u00e7inde hedef grubun E\u011fitim \u0130htiya\u00e7 Analizi;<\/li><li>B\u0130T, yenilik\u00e7i teknolojiler ve i\u015f geli\u015ftirme konular\u0131nda e\u011fitim m\u00fcfredat\u0131 geli\u015ftirme;<\/li><li>Yetkinlik de\u011ferlendirme testi geli\u015ftirme;<\/li><li>K\u00fc\u00e7\u00fck ve mikro i\u015fletmelerin \u00e7al\u0131\u015fanlar\u0131na, kendilerine e\u011fitim verilmesi,<\/li><li>Kursiyer anketi (e\u011fitimin genel organizasyonu, e\u011fitim sunumu, e\u011fitimin uygunlu\u011fu, e\u011fitmenlerin yetkinli\u011finin de\u011ferlendirilmesi) ve senaryo tabanl\u0131 bilgisayarl\u0131 yetkinlik de\u011ferlendirme testi ile e\u011fitim sonu\u00e7lar\u0131n\u0131n \u00f6l\u00e7\u00fclmesi ve de\u011ferlendirilmesi dahil olmak \u00fczere e\u011fitimin de\u011ferlendirilmesi.<\/li><\/ul>\t\t\t\t\t\t\t\t<\/div>\n\t\t\t\t<\/div>\n\t\t\t\t<div class=\"elementor-element elementor-element-5cf069ae elementor-widget elementor-widget-text-editor\" data-id=\"5cf069ae\" data-element_type=\"widget\" data-widget_type=\"text-editor.default\">\n\t\t\t\t<div class=\"elementor-widget-container\">\n\t\t\t\t\t<div class=\"bb-theme-elementor-wrap bb-elementor-custom-family\">\t\t\t\t<p>T\u00fcm e\u011fitim kurslar\u0131 dijital teknolojiler, ara\u00e7lar ve di\u011fer ICT \u00e7\u00f6z\u00fcmleri, g\u00f6revleri etkin bir \u015fekilde yerine getirmek veya daha \u00f6nce bahsedilen konularla (ve di\u011ferleriyle) ba\u011flant\u0131l\u0131 s\u00fcre\u00e7leri d\u00fczenlemek ve y\u00f6netmek i\u00e7in dijitalle\u015ftirme s\u00fcre\u00e7leri ile ba\u011flant\u0131l\u0131d\u0131r. E\u011fitim, MS Teams arac\u0131l\u0131\u011f\u0131yla y\u00fcz y\u00fcze veya uzaktan verilir ve ayr\u0131ca ek e-\u00f6\u011frenme materyallerine eri\u015fmek i\u00e7in bir \u00f6\u011frenme y\u00f6netim sistemine eri\u015fim sa\u011flan\u0131r.<\/p>\t\t\t\t<\/div>\t\t\t\t<\/div>\n\t\t\t\t<\/div>\n\t\t\t\t\t<\/div>\n\t\t<\/div>\n\t\t\t\t\t<\/div>\n\t\t<\/section>\n\t\t\t\t<section class=\"elementor-section elementor-top-section elementor-element elementor-element-3f4ce0b3 elementor-section-boxed elementor-section-height-default elementor-section-height-default\" data-id=\"3f4ce0b3\" data-element_type=\"section\">\n\t\t\t\t\t\t<div class=\"elementor-container elementor-column-gap-default\">\n\t\t\t\t\t<div class=\"elementor-column elementor-col-100 elementor-top-column elementor-element elementor-element-48395fc9\" data-id=\"48395fc9\" data-element_type=\"column\">\n\t\t\t<div class=\"elementor-widget-wrap elementor-element-populated\">\n\t\t\t\t\t\t<div class=\"elementor-element elementor-element-7f2c2d1a elementor-widget-divider--view-line elementor-widget elementor-widget-divider\" data-id=\"7f2c2d1a\" data-element_type=\"widget\" data-widget_type=\"divider.default\">\n\t\t\t\t<div class=\"elementor-widget-container\">\n\t\t\t\t\t\t\t<div class=\"elementor-divider\">\n\t\t\t<span class=\"elementor-divider-separator\">\n\t\t\t\t\t\t<\/span>\n\t\t<\/div>\n\t\t\t\t\t\t<\/div>\n\t\t\t\t<\/div>\n\t\t\t\t\t<\/div>\n\t\t<\/div>\n\t\t\t\t\t<\/div>\n\t\t<\/section>\n\t\t\t\t<section class=\"elementor-section elementor-top-section elementor-element elementor-element-1ed2edd2 elementor-section-boxed elementor-section-height-default elementor-section-height-default\" data-id=\"1ed2edd2\" data-element_type=\"section\">\n\t\t\t\t\t\t<div class=\"elementor-container elementor-column-gap-default\">\n\t\t\t\t\t<div class=\"elementor-column elementor-col-50 elementor-top-column elementor-element elementor-element-23cdee19\" data-id=\"23cdee19\" data-element_type=\"column\">\n\t\t\t<div class=\"elementor-widget-wrap elementor-element-populated\">\n\t\t\t\t\t\t<div class=\"elementor-element elementor-element-39793db1 elementor-widget elementor-widget-text-editor\" data-id=\"39793db1\" data-element_type=\"widget\" data-widget_type=\"text-editor.default\">\n\t\t\t\t<div class=\"elementor-widget-container\">\n\t\t\t\t\t<div class=\"bb-theme-elementor-wrap bb-elementor-custom-family\">\t\t\t\t<h3><strong>EW4RD - K\u0131rsal Kalk\u0131nma i\u00e7in G\u00fc\u00e7lendirilmi\u015f Kad\u0131n<\/strong><\/h3>\t\t\t\t<\/div>\t\t\t\t<\/div>\n\t\t\t\t<\/div>\n\t\t\t\t<div class=\"elementor-element elementor-element-5c759fc elementor-widget elementor-widget-text-editor\" data-id=\"5c759fc\" data-element_type=\"widget\" data-widget_type=\"text-editor.default\">\n\t\t\t\t<div class=\"elementor-widget-container\">\n\t\t\t\t\t<div class=\"bb-theme-elementor-wrap bb-elementor-custom-family\">\t\t\t\t<p>Bu proje, izole ve k\u0131rsal b\u00f6lgelerdeki e\u011fitimcileri e\u011fitmeyi ve liderleri bu b\u00f6lgelerdeki d\u00fc\u015f\u00fck ekonomik ve kalk\u0131nma faaliyetlerini ele almak i\u00e7in beceri ve bilgi ile donatmay\u0131; ekonomik faaliyetlerin nas\u0131l geli\u015ftirilece\u011fini ve ekoloji, finans ve di\u011fer kaynaklar a\u00e7\u0131s\u0131ndan nas\u0131l s\u00fcrd\u00fcr\u00fclece\u011fini \u00f6\u011frenmek i\u00e7in ortak \u00fclkelerdeki iyi uygulamalar\u0131 sa\u011flamay\u0131 ama\u00e7lam\u0131\u015ft\u0131r. Bu, 2 e\u011fitim kursu (art\u0131 \u00e7al\u0131\u015fma ziyaretleri), ulus\u00f6tesi toplant\u0131lar ve bir bro\u015f\u00fcr format\u0131nda da\u011f\u0131t\u0131lacak olan e\u011fitim format\u0131n\u0131n olu\u015fturulmas\u0131 yoluyla ger\u00e7ekle\u015ftirilmi\u015ftir.<\/p>\t\t\t\t<\/div>\t\t\t\t<\/div>\n\t\t\t\t<\/div>\n\t\t\t\t\t<\/div>\n\t\t<\/div>\n\t\t\t\t<div class=\"elementor-column elementor-col-50 elementor-top-column elementor-element elementor-element-5d260a99\" data-id=\"5d260a99\" data-element_type=\"column\">\n\t\t\t<div class=\"elementor-widget-wrap elementor-element-populated\">\n\t\t\t\t\t\t<div class=\"elementor-element elementor-element-135efa21 elementor-widget elementor-widget-image\" data-id=\"135efa21\" data-element_type=\"widget\" data-widget_type=\"image.default\">\n\t\t\t\t<div class=\"elementor-widget-container\">\n\t\t\t\t\t\t\t\t\t\t\t\t\t\t\t<img decoding=\"async\" width=\"640\" height=\"427\" src=\"https:\/\/educatehub.eu\/wp-content\/uploads\/2023\/01\/priscilla-du-preez-gYdjZzXNWlg-unsplash_small-1024x683.jpg\" class=\"attachment-large size-large wp-image-831\" alt=\"\" srcset=\"https:\/\/educatehub.eu\/wp-content\/uploads\/2023\/01\/priscilla-du-preez-gYdjZzXNWlg-unsplash_small-1024x683.jpg 1024w, https:\/\/educatehub.eu\/wp-content\/uploads\/2023\/01\/priscilla-du-preez-gYdjZzXNWlg-unsplash_small-300x200.jpg 300w, https:\/\/educatehub.eu\/wp-content\/uploads\/2023\/01\/priscilla-du-preez-gYdjZzXNWlg-unsplash_small-768x512.jpg 768w, https:\/\/educatehub.eu\/wp-content\/uploads\/2023\/01\/priscilla-du-preez-gYdjZzXNWlg-unsplash_small-18x12.jpg 18w, https:\/\/educatehub.eu\/wp-content\/uploads\/2023\/01\/priscilla-du-preez-gYdjZzXNWlg-unsplash_small-624x416.jpg 624w, https:\/\/educatehub.eu\/wp-content\/uploads\/2023\/01\/priscilla-du-preez-gYdjZzXNWlg-unsplash_small.jpg 1200w\" sizes=\"(max-width: 640px) 100vw, 640px\" \/>\t\t\t\t\t\t\t\t\t\t\t\t\t\t\t<\/div>\n\t\t\t\t<\/div>\n\t\t\t\t\t<\/div>\n\t\t<\/div>\n\t\t\t\t\t<\/div>\n\t\t<\/section>\n\t\t\t\t<section class=\"elementor-section elementor-top-section elementor-element elementor-element-762b79eb elementor-section-boxed elementor-section-height-default elementor-section-height-default\" data-id=\"762b79eb\" data-element_type=\"section\">\n\t\t\t\t\t\t<div class=\"elementor-container elementor-column-gap-default\">\n\t\t\t\t\t<div class=\"elementor-column elementor-col-100 elementor-top-column elementor-element elementor-element-55d8e13c\" data-id=\"55d8e13c\" data-element_type=\"column\">\n\t\t\t<div class=\"elementor-widget-wrap\">\n\t\t\t\t\t\t\t<\/div>\n\t\t<\/div>\n\t\t\t\t\t<\/div>\n\t\t<\/section>\n\t\t\t\t<section class=\"elementor-section elementor-top-section elementor-element elementor-element-45bff3c2 elementor-section-boxed elementor-section-height-default elementor-section-height-default\" data-id=\"45bff3c2\" data-element_type=\"section\" data-settings=\"{&quot;background_background&quot;:&quot;classic&quot;}\">\n\t\t\t\t\t\t<div class=\"elementor-container elementor-column-gap-default\">\n\t\t\t\t\t<div class=\"elementor-column elementor-col-100 elementor-top-column elementor-element elementor-element-17e9ba29\" data-id=\"17e9ba29\" data-element_type=\"column\" data-settings=\"{&quot;background_background&quot;:&quot;classic&quot;}\">\n\t\t\t<div class=\"elementor-widget-wrap elementor-element-populated\">\n\t\t\t\t\t\t<section class=\"elementor-section elementor-inner-section elementor-element elementor-element-11401930 elementor-section-content-middle elementor-section-boxed elementor-section-height-default elementor-section-height-default\" data-id=\"11401930\" data-element_type=\"section\">\n\t\t\t\t\t\t<div class=\"elementor-container elementor-column-gap-default\">\n\t\t\t\t\t<div class=\"elementor-column elementor-col-50 elementor-inner-column elementor-element elementor-element-24b51132\" data-id=\"24b51132\" data-element_type=\"column\">\n\t\t\t<div class=\"elementor-widget-wrap elementor-element-populated\">\n\t\t\t\t\t\t<div class=\"elementor-element elementor-element-737b61ff elementor-widget elementor-widget-heading\" data-id=\"737b61ff\" data-element_type=\"widget\" data-widget_type=\"heading.default\">\n\t\t\t\t<div class=\"elementor-widget-container\">\n\t\t\t\t\t<h3 class=\"elementor-heading-title elementor-size-default\">Daha fazlas\u0131yla ilgileniyor musunuz?<\/h3>\t\t\t\t<\/div>\n\t\t\t\t<\/div>\n\t\t\t\t<div class=\"elementor-element elementor-element-127ee991 elementor-widget elementor-widget-text-editor\" data-id=\"127ee991\" data-element_type=\"widget\" data-widget_type=\"text-editor.default\">\n\t\t\t\t<div class=\"elementor-widget-container\">\n\t\t\t\t\t\t\t\t\t<p>\u00dcCRETS\u0130Z kaydolun ve 6 \u00fclkeden en iyi uygulamalar\u0131n ayr\u0131nt\u0131l\u0131 a\u00e7\u0131klamalar\u0131n\u0131 okuyun!\u00a0<\/p>\t\t\t\t\t\t\t\t<\/div>\n\t\t\t\t<\/div>\n\t\t\t\t\t<\/div>\n\t\t<\/div>\n\t\t\t\t<div class=\"elementor-column elementor-col-50 elementor-inner-column elementor-element elementor-element-587844ab\" data-id=\"587844ab\" data-element_type=\"column\">\n\t\t\t<div class=\"elementor-widget-wrap elementor-element-populated\">\n\t\t\t\t\t\t<div class=\"elementor-element elementor-element-503126c4 elementor-align-center elementor-tablet-align-center elementor-widget elementor-widget-button\" data-id=\"503126c4\" data-element_type=\"widget\" data-widget_type=\"button.default\">\n\t\t\t\t<div class=\"elementor-widget-container\">\n\t\t\t\t\t\t\t\t\t<div class=\"elementor-button-wrapper\">\n\t\t\t\t\t<a class=\"elementor-button elementor-button-link elementor-size-sm elementor-animation-float\" href=\"\/tr\/register\/\">\n\t\t\t\t\t\t<span class=\"elementor-button-content-wrapper\">\n\t\t\t\t\t\t\t\t\t<span class=\"elementor-button-text\">KAYIT<\/span>\n\t\t\t\t\t<\/span>\n\t\t\t\t\t<\/a>\n\t\t\t\t<\/div>\n\t\t\t\t\t\t\t\t<\/div>\n\t\t\t\t<\/div>\n\t\t\t\t\t<\/div>\n\t\t<\/div>\n\t\t\t\t\t<\/div>\n\t\t<\/section>\n\t\t\t\t\t<\/div>\n\t\t<\/div>\n\t\t\t\t\t<\/div>\n\t\t<\/section>\n\t\t\t\t<\/div>","protected":false},"excerpt":{"rendered":"<p>More than 50 training courses have been developed and provided to the target group, the aforementioned courses are connected with such subjects: data processing, data&hellip;<\/p>","protected":false},"author":1,"featured_media":0,"parent":0,"menu_order":0,"comment_status":"closed","ping_status":"closed","template":"","meta":{"footnotes":""},"class_list":["post-822","page","type-page","status-publish","hentry"],"_links":{"self":[{"href":"https:\/\/educatehub.eu\/tr\/wp-json\/wp\/v2\/pages\/822","targetHints":{"allow":["GET"]}}],"collection":[{"href":"https:\/\/educatehub.eu\/tr\/wp-json\/wp\/v2\/pages"}],"about":[{"href":"https:\/\/educatehub.eu\/tr\/wp-json\/wp\/v2\/types\/page"}],"author":[{"embeddable":true,"href":"https:\/\/educatehub.eu\/tr\/wp-json\/wp\/v2\/users\/1"}],"replies":[{"embeddable":true,"href":"https:\/\/educatehub.eu\/tr\/wp-json\/wp\/v2\/comments?post=822"}],"version-history":[{"count":14,"href":"https:\/\/educatehub.eu\/tr\/wp-json\/wp\/v2\/pages\/822\/revisions"}],"predecessor-version":[{"id":2418,"href":"https:\/\/educatehub.eu\/tr\/wp-json\/wp\/v2\/pages\/822\/revisions\/2418"}],"wp:attachment":[{"href":"https:\/\/educatehub.eu\/tr\/wp-json\/wp\/v2\/media?parent=822"}],"curies":[{"name":"wp","href":"https:\/\/api.w.org\/{rel}","templated":true}]}}